{"id":15686,"date":"2025-01-19T14:50:39","date_gmt":"2025-01-19T14:50:39","guid":{"rendered":"https:\/\/www.hydraulic-cylinders.net\/product\/bucket-cylinder-for-bobcat-small-excavator-e35\/"},"modified":"2025-01-19T14:50:41","modified_gmt":"2025-01-19T14:50:41","slug":"bucket-cylinder-for-bobcat-small-excavator-e35","status":"publish","type":"product","link":"https:\/\/www.hydraulic-cylinders.net\/da\/vare\/bucket-cylinder-for-bobcat-small-excavator-e35\/","title":{"rendered":"Skovlcylinder til Bobcat lille gravemaskine E35"},"content":{"rendered":"<p><!DOCTYPE html><br \/>\n<html><\/p>\n<p><head><br \/>\n  <title>Skovlcylinder til Bobcat lille gravemaskine E35<\/title><br \/>\n<\/head><\/p>\n<p><body><\/p>\n<h1>Skovlcylinder til Bobcat lille gravemaskine E35<\/h1>\n<h2>Indledning<\/h2>\n<p>En skovlcylinder er en specialdesignet hydraulisk cylinder, der bruges til at styre bev\u00e6gelsen af \u200b\u200bskovle i tunge maskiner s\u00e5som gravemaskiner, rendegravere og frontl\u00e6ssere. Dens hovedfunktion er at g\u00f8re det muligt for skovlen at l\u00f8fte, s\u00e6nke og vippe, hvilket letter forskellige materialeh\u00e5ndteringsopgaver. I et hydraulisk system opn\u00e5r skovlcylinderen pr\u00e6cis kontrol over skovlen ved at udnytte \u00e6ndringer i hydraulikolietrykket, hvilket giver operat\u00f8rer mulighed for effektivt at h\u00e5ndtere tunge l\u00e6s og tilpasse sig komplekse arbejdsmilj\u00f8er og forskellige driftskrav.<\/p>\n<p>  <img decoding=\"async\" src=\"https:\/\/www.hydraulic-cylinders.net\/wp-content\/uploads\/2025\/01\/songte-company-2.webp\" alt=\"Skovlcylinder til Bobcat lille gravemaskine E35\"><\/p>\n<h2>Funktioner<\/h2>\n<ul>\n<li>H\u00f8j styrke og holdbarhed: Typisk fremstillet af h\u00f8jstyrkest\u00e5l eller aluminium, i stand til at modst\u00e5 h\u00f8jt tryk og tunge belastninger, tilpasningsdygtig til barske arbejdsmilj\u00f8er, designet med hensyntagen til slidstyrke og korrosionsbestandighed for at forl\u00e6nge levetiden.<\/li>\n<li>Effektiv hydraulisk drift: Udnytter hydraulikolietrykket til at opn\u00e5 j\u00e6vne teleskopbev\u00e6gelser, er i stand til hurtig respons p\u00e5 styrekommandoer, giver kraftige skubbe- og tr\u00e6kkr\u00e6fter, er velegnede til h\u00e5ndtering af tunge belastninger og komplekse driftsopgaver.<\/li>\n<li>Alsidige typer: F\u00e5s som enkeltvirkende (hydraulisk tryk anvendes kun i \u00e9n retning) eller dobbeltvirkende (hydraulisk tryk anvendes i begge retninger) cylindre, hvilket giver mulighed for forskellige driftsbehov. Visse modeller er teleskopiske, hvilket muligg\u00f8r st\u00f8rre udtr\u00e6k uden at \u00f8ge de udvendige dimensioner, og er velegnede til applikationer med begr\u00e6nset plads.<\/li>\n<li>Perfekt udskiftning: Vores produkter kan perfekt erstatte disse hydrauliske cylindre.<\/li>\n<\/ul>\n<p>  <img decoding=\"async\" src=\"https:\/\/www.hydraulic-cylinders.net\/wp-content\/uploads\/2025\/01\/songte-cylinder-head-with-all-kinds-excavator-models.webp\" alt=\"Spancylindertyper\"><\/p>\n<h2>Applikationer<\/h2>\n<h3>Entrepren\u00f8rudstyr<\/h3>\n<p>I gravemaskiner er de afg\u00f8rende for at grave, l\u00e6sse og flytte jord eller affald. I rendegravere hj\u00e6lper skovlcylinderen med b\u00e5de grave- og l\u00f8fteoperationer.<\/p>\n<h3>Landbrugsmaskiner<\/h3>\n<p>Anvendes i frontl\u00e6ssere til at opgrave, l\u00f8fte og transportere jord, h\u00f8 og andre materialer.<\/p>\n<h3>Gravemaskiner<\/h3>\n<p>Skovlcylinderen muligg\u00f8r gravehandlinger ved at lade skovlen tr\u00e6nge ned i jorden.<\/p>\n<h3>L\u00e6ssere<\/h3>\n<p>I frontl\u00e6ssere hj\u00e6lper de med at l\u00f8fte og losse last effektivt.<\/p>\n<p>  <img decoding=\"async\" src=\"https:\/\/www.hydraulic-cylinders.net\/wp-content\/uploads\/2025\/01\/songte-bushings-with-all-kinds-of-excavator-models.webp\" alt=\"Anvendelser af spandcylinder\"><\/p>\n<h2>Designovervejelser og udv\u00e6lgelseskriterier<\/h2>\n<p>Ved design af skovlcylindre skal der tages h\u00f8jde for vigtige overvejelser som b\u00e6reevne, t\u00e6tning, holdbarhed, sikkerhed og vedligeholdelsesvenlighed.<\/p>\n<p>  <img decoding=\"async\" src=\"https:\/\/www.hydraulic-cylinders.net\/wp-content\/uploads\/2025\/01\/songte-oil-pipes-and-spare-parts.webp\" alt=\"Designovervejelser og udv\u00e6lgelseskriterier\"><\/p>\n<h2>T\u00e6tning og sm\u00f8ring<\/h2>\n<p>Der anvendes forskellige t\u00e6tninger, s\u00e5som stempelt\u00e6tninger og stangt\u00e6tninger. T\u00e6tningerne er lavet af slidst\u00e6rke materialer s\u00e5som polyurethan og nitrilgummi. Cylinderhuset og gevindenderne gennemg\u00e5r en finbehandling for at forbedre slidstyrken. Regelm\u00e6ssig sm\u00f8ring med den passende m\u00e6ngde hydraulikolie er p\u00e5kr\u00e6vet.<\/p>\n<h2>Regelm\u00e6ssig inspektion og forebyggende vedligeholdelsesforanstaltninger<\/h2>\n<p>Regelm\u00e6ssige inspektioner og forebyggende vedligeholdelsesforanstaltninger er n\u00f8dvendige for at sikre optimal ydeevne og levetid for skovlcylinderen.<\/p>\n<h2>Vejledning til korrekt produktinstallation<\/h2>\n<p>Korrekt installation er afg\u00f8rende for spandcylinderens ydeevne. Det er vigtigt at justere cylinderen korrekt under installationen. Det anbefales at bruge passende installationsbeslag til at fastg\u00f8re cylinderen.<\/p>\n<h2>Vedligeholdelsesopgaver<\/h2>\n<ul>\n<li>Regelm\u00e6ssig inspektion: Udf\u00f8r periodiske inspektioner for at identificere eventuelle problemer.<\/li>\n<li>Korrekt sm\u00f8ring: S\u00f8rg for, at skovlcylinderen er tilstr\u00e6kkeligt smurt.<\/li>\n<li>Udskiftning af pakninger og kalibreringskontroller: Udskift slidte pakninger, og udf\u00f8r kalibreringskontroller regelm\u00e6ssigt.<\/li>\n<\/ul>\n<p>  <img decoding=\"async\" src=\"https:\/\/www.hydraulic-cylinders.net\/wp-content\/uploads\/2025\/01\/songte-chushion-collar.webp\" alt=\"Vedligeholdelsesopgaver\"><\/p>\n<h2>Sikkerhedshensyn og milj\u00f8faktorer<\/h2>\n<p>Ved brug af skovlcylindre kan vigtigheden af \u200b\u200bsikkerhedsforanstaltninger ikke overvurderes.<\/p>\n<h2>Fejlfinding og almindelige problemer<\/h2>\n<p>Identificer og beskriv almindelige problemer og giv tips og l\u00f8sninger til fejlfinding.<\/p>\n<h2>Konklusion<\/h2>\n<p>Vores virksomhed er en f\u00f8rende producent og engrosdistribut\u00f8r af hydrauliske cylindre p\u00e5 det indenlandske og internationale marked. Vi tilbyder en bred vifte af produkter og str\u00e6ber efter fremragende kvalitet. Med vores avancerede produktionsfaciliteter, professionelle ekspertise og engagement i kundetilfredshed kan vi effektivt im\u00f8dekomme forskellige kundebehov.<\/p>\n<p>  <img decoding=\"async\" src=\"https:\/\/www.hydraulic-cylinders.net\/wp-content\/uploads\/2025\/01\/songte-company-3.webp\" alt=\"Om vores virksomhed\"><\/p>\n<p>Forfatter: lyl<\/p>\n<p><\/body><\/p>\n<p><\/html><\/p>","protected":false},"excerpt":{"rendered":"<p>Bucket Cylinder For Bobcat Small Excavator E35 Bucket Cylinder For Bobcat Small Excavator E35 Introduction A bucket cylinder is a specially designed hydraulic cylinder used to control the movement of buckets in heavy machinery such as excavators, backhoe loaders, and front-end loaders. Its main function is to enable the bucket to lift, lower, and tilt, [&hellip;]<\/p>","protected":false},"featured_media":14761,"comment_status":"open","ping_status":"closed","template":"","meta":{"_et_pb_use_builder":"","_et_pb_old_content":"","_et_gb_content_width":""},"product_brand":[],"product_cat":[1494],"product_tag":[1495,1496],"class_list":{"0":"post-15686","1":"product","2":"type-product","3":"status-publish","4":"has-post-thumbnail","6":"product_cat-bucket-cylinders","7":"product_tag-bucket-cylinders","8":"product_tag-hydraulic-cylinders","10":"first","11":"instock","12":"shipping-taxable","13":"product-type-simple"},"amp_enabled":true,"_links":{"self":[{"href":"https:\/\/www.hydraulic-cylinders.net\/da\/wp-json\/wp\/v2\/product\/15686","targetHints":{"allow":["GET"]}}],"collection":[{"href":"https:\/\/www.hydraulic-cylinders.net\/da\/wp-json\/wp\/v2\/product"}],"about":[{"href":"https:\/\/www.hydraulic-cylinders.net\/da\/wp-json\/wp\/v2\/types\/product"}],"replies":[{"embeddable":true,"href":"https:\/\/www.hydraulic-cylinders.net\/da\/wp-json\/wp\/v2\/comments?post=15686"}],"wp:featuredmedia":[{"embeddable":true,"href":"https:\/\/www.hydraulic-cylinders.net\/da\/wp-json\/wp\/v2\/media\/14761"}],"wp:attachment":[{"href":"https:\/\/www.hydraulic-cylinders.net\/da\/wp-json\/wp\/v2\/media?parent=15686"}],"wp:term":[{"taxonomy":"product_brand","embeddable":true,"href":"https:\/\/www.hydraulic-cylinders.net\/da\/wp-json\/wp\/v2\/product_brand?post=15686"},{"taxonomy":"product_cat","embeddable":true,"href":"https:\/\/www.hydraulic-cylinders.net\/da\/wp-json\/wp\/v2\/product_cat?post=15686"},{"taxonomy":"product_tag","embeddable":true,"href":"https:\/\/www.hydraulic-cylinders.net\/da\/wp-json\/wp\/v2\/product_tag?post=15686"}],"curies":[{"name":"wp","href":"https:\/\/api.w.org\/{rel}","templated":true}]}}