{"id":15690,"date":"2025-01-19T14:50:55","date_gmt":"2025-01-19T14:50:55","guid":{"rendered":"https:\/\/www.hydraulic-cylinders.net\/product\/bucket-cylinder-for-bobcat-small-excavator-e324\/"},"modified":"2025-01-19T14:50:57","modified_gmt":"2025-01-19T14:50:57","slug":"bucket-cylinder-for-bobcat-small-excavator-e324","status":"publish","type":"product","link":"https:\/\/www.hydraulic-cylinders.net\/da\/vare\/bucket-cylinder-for-bobcat-small-excavator-e324\/","title":{"rendered":"Skovlcylinder til Bobcat lille gravemaskine E324"},"content":{"rendered":"<h2>Skovlcylinder til Bobcat lille gravemaskine E324<\/h2>\n<p>\n    <img decoding=\"async\" src=\"https:\/\/www.hydraulic-cylinders.net\/wp-content\/uploads\/2025\/01\/songte-company-2.webp\" alt=\"Spandens cylinder\" \/>\n<\/p>\n<h3>Produktdefinition og forklaring<\/h3>\n<p>\n    Skovlcylinderen er en specialdesignet hydraulisk cylinder, der prim\u00e6rt bruges til at styre skovlens bev\u00e6gelse i tunge maskiner s\u00e5som gravemaskiner, rendegravere og frontl\u00e6ssere. Dens hovedfunktion er at muligg\u00f8re l\u00f8ft, s\u00e6nkning og vipning af skovlen, hvilket letter forskellige materialeh\u00e5ndteringsopgaver. I et hydraulisk system opn\u00e5r skovlcylinderen pr\u00e6cis kontrol over skovlen ved at udnytte \u00e6ndringer i hydraulikolietrykket, hvilket giver operat\u00f8rer mulighed for effektivt at h\u00e5ndtere tunge l\u00e6s og tilpasse sig komplekse arbejdsmilj\u00f8er og forskellige driftskrav.\n<\/p>\n<p>\n    <img decoding=\"async\" src=\"https:\/\/www.hydraulic-cylinders.net\/wp-content\/uploads\/2025\/01\/songte-cylinder-head-with-all-kinds-excavator-models.webp\" alt=\"Skovlcylindermodeller\" \/>\n<\/p>\n<h3>Produktfunktioner<\/h3>\n<ul>\n<li><strong>H\u00f8j styrke og holdbarhed:<\/strong> Skovlcylinderen, der typisk er lavet af h\u00f8jstyrkest\u00e5l eller aluminium, kan modst\u00e5 h\u00f8jt tryk og tunge belastninger og tilpasse sig barske arbejdsforhold. Dens design tager h\u00f8jde for slidstyrke og korrosionsbestandighed, hvilket forl\u00e6nger dens levetid.<\/li>\n<li><strong>Effektiv hydraulisk drift:<\/strong> Ved at udnytte hydraulikolietrykket opn\u00e5r skovlcylinderen j\u00e6vne ud- og indtr\u00e6ksbev\u00e6gelser, hvilket muligg\u00f8r hurtig reaktion p\u00e5 styrekommandoer og leverer kraftige skubbe- og tr\u00e6kkr\u00e6fter, der er egnede til h\u00e5ndtering af tunge belastninger og komplekse driftsopgaver.<\/li>\n<li><strong>Forskellige typer:<\/strong> Skovlcylinderen kan v\u00e6lges som enkeltvirkende (hydraulisk tryk anvendes kun i \u00e9n retning) eller dobbeltvirkende (hydraulisk tryk anvendes i begge retninger) cylindre baseret p\u00e5 specifikke driftskrav. Nogle modeller er teleskopiske, hvilket giver mulighed for st\u00f8rre udtr\u00e6k uden at \u00f8ge de udvendige dimensioner, hvilket g\u00f8r dem velegnede til applikationer med begr\u00e6nset plads.<\/li>\n<li><strong>Perfekt erstatning:<\/strong> Vores produkter kan perfekt erstatte eksisterende hydrauliske cylindre og tilbyder et p\u00e5lideligt alternativ til forskellige anvendelser.<\/li>\n<\/ul>\n<h3>Applikationsscenarier<\/h3>\n<p>\n    <strong>Entrepren\u00f8rudstyr:<\/strong> Skovlcylindre findes i gravemaskiner, hvor de er afg\u00f8rende for udgravning, l\u00e6sning og flytning af jord eller affald. I rendegravere hj\u00e6lper skovlcylinderen med b\u00e5de gravning og l\u00f8ft.\n<\/p>\n<p>\n    <strong>Landbrugsmaskiner:<\/strong> Skovlcylindere bruges i frontl\u00e6ssere til at udgrave, l\u00f8fte og transportere jord, h\u00f8 og andre materialer.\n<\/p>\n<p>\n    <strong>Gravemaskiner:<\/strong> Skovlcylindere letter gravearbejdet ved at lade skovlen tr\u00e6nge ned i jorden.\n<\/p>\n<p>\n    <strong>L\u00e6ssere:<\/strong> I frontl\u00e6ssere hj\u00e6lper skovlcylindre med at l\u00f8fte og vippe gods effektivt.\n<\/p>\n<h3>Designovervejelser og udv\u00e6lgelseskriterier<\/h3>\n<p>\n    N\u00e5r det kommer til designhensyn, spiller flere n\u00f8glefaktorer en afg\u00f8rende rolle i valget af den rigtige skovlcylinder:\n<\/p>\n<ul>\n<li><strong>B\u00e6reevne:<\/strong> Cylinderen skal kunne modst\u00e5 den maksimale belastning, den uds\u00e6ttes for under drift.<\/li>\n<li><strong>Forsegling:<\/strong> Der b\u00f8r anvendes passende t\u00e6tninger, s\u00e5som stempelt\u00e6tninger og stangt\u00e6tninger, fremstillet af slidst\u00e6rke materialer som polyurethan og nitrilgummi. Cylinderhuset og gevindenderne b\u00f8r bearbejdes pr\u00e6cist for at forbedre slidstyrken.<\/li>\n<li><strong>Holdbarhed:<\/strong> Skovlcylinderen skal v\u00e6re konstrueret til at modst\u00e5 det tilsigtede arbejdsmilj\u00f8 og eventuelle eksterne p\u00e5virkninger.<\/li>\n<li><strong>Sikkerhed:<\/strong> Sikkerhedsfunktioner s\u00e5som trykaflastningsventiler og kontraventiler b\u00f8r indarbejdes i designet for at sikre sikker drift.<\/li>\n<li><strong>Vedligeholdelsesevne:<\/strong> Der b\u00f8r tages hensyn til nem adgang til vedligeholdelse og reparation, hvilket muligg\u00f8r effektiv service af cylinderen.<\/li>\n<\/ul>\n<p>\n    <img decoding=\"async\" src=\"https:\/\/www.hydraulic-cylinders.net\/wp-content\/uploads\/2025\/01\/songte-oil-pipes-and-spare-parts.webp\" alt=\"Hydrauliske cylinderdele\" \/>\n<\/p>\n<h3>T\u00e6tning og sm\u00f8ring<\/h3>\n<p>\n    Skovlcylinderen anvender forskellige t\u00e6tningskomponenter, s\u00e5som stempelt\u00e6tninger og stangt\u00e6tninger, som er lavet af slidst\u00e6rke materialer som polyurethan og nitrilgummi. Cylinderhuset og gevindenderne gennemg\u00e5r en omhyggelig overfladebehandling for at forbedre slidstyrken. Regelm\u00e6ssig sm\u00f8ring er afg\u00f8rende, og cylinderen kr\u00e6ver periodisk tils\u00e6tning af den passende m\u00e6ngde hydraulikolie for at sikre korrekt sm\u00f8ring.\n<\/p>\n<h3>Regelm\u00e6ssig inspektion og forebyggende vedligeholdelse<\/h3>\n<p>\n    For at sikre optimal ydeevne og levetid for skovlcylinderen b\u00f8r der udf\u00f8res regelm\u00e6ssig inspektion og forebyggende vedligeholdelse. F\u00f8lgende foranstaltninger anbefales:\n<\/p>\n<ul>\n<li>Udf\u00f8r regelm\u00e6ssige inspektioner for at kontrollere for tegn p\u00e5 slid, l\u00e6kage eller skader.<\/li>\n<li>Sm\u00f8r alle bev\u00e6gelige dele korrekt i henhold til producentens anbefalinger.<\/li>\n<li>Udskift pakninger og t\u00e6tninger efter behov for at opretholde korrekt t\u00e6tning og forhindre l\u00e6kage.<\/li>\n<li>Udf\u00f8r periodiske kalibreringskontroller for at sikre n\u00f8jagtig drift.<\/li>\n<\/ul>\n<p>\n    <img decoding=\"async\" src=\"https:\/\/www.hydraulic-cylinders.net\/wp-content\/uploads\/2025\/01\/songte-chushion-collar.webp\" alt=\"Vedligeholdelse af hydrauliske cylindere\" \/>\n<\/p>\n<h3>Sikkerhedshensyn og milj\u00f8faktorer<\/h3>\n<p>\n    N\u00e5r man bruger spandcylinderen, er det vigtigt at prioritere sikkerhedsforanstaltninger. Der skal f\u00f8lges passende sikkerhedsforanstaltninger for at forhindre ulykker, skader eller beskadigelse af udstyr. Milj\u00f8faktorer, s\u00e5som temperatur og fugtighed, skal ogs\u00e5 tages i betragtning for at sikre cylinderens optimale ydeevne.\n<\/p>\n<h3>Fejldiagnose og almindelige problemer<\/h3>\n<p>\n    Fejlfinding og fejlfinding er afg\u00f8rende for at identificere og l\u00f8se almindelige problemer, der kan opst\u00e5 med skovlcylinderen. F\u00f8lgende tips og l\u00f8sninger kan hj\u00e6lpe l\u00e6serne med effektivt at diagnosticere og l\u00f8se problemer samt give forebyggende foranstaltninger for at minimere potentielle problemer.\n<\/p>\n<p>\n    <img decoding=\"async\" src=\"https:\/\/www.hydraulic-cylinders.net\/wp-content\/uploads\/2025\/01\/songte-bushings-with-all-kinds-of-excavator-models.webp\" alt=\"Hydrauliske cylinderb\u00f8sninger\" \/>\n<\/p>\n<h3>Konklusion<\/h3>\n<p>\n    Afslutningsvis er vores virksomhed en f\u00f8rende producent og engrosdistribut\u00f8r af hydrauliske cylindre p\u00e5 det indenlandske og internationale marked. Vi tilbyder et omfattende udvalg af produkter og overholder principperne om fremragende kvalitet, effektive fremstillingsprocesser og overlegen kundeservice. Vores virksomhed er forpligtet til at im\u00f8dekomme forskellige kunders behov med h\u00f8j effektivitet, pr\u00e6cision og kvalitet.\n<\/p>\n<p>\n    <img decoding=\"async\" src=\"https:\/\/www.hydraulic-cylinders.net\/wp-content\/uploads\/2025\/01\/songte-company-3.webp\" alt=\"Virksomhedsoversigt\" \/>\n<\/p>\n<h3>Virksomhedsoversigt<\/h3>\n<p>\n    Vores virksomhed er kendt for at producere hydrauliske udskiftningscylindre af h\u00f8j kvalitet. Vi er en f\u00f8rende producent og grossist p\u00e5 det indenlandske og internationale marked. Med fokus p\u00e5 fremragende kvalitet implementerer vores virksomhed industrialiserede produktionsstyringsstrategier i vores topmoderne produktionsv\u00e6rksted. Ved at ans\u00e6tte talentfulde fagfolk, avanceret digitalt produktionsudstyr og professionelle testsystemer forbedrer vi l\u00f8bende vores produktionsplatform og produktionslinjer af h\u00f8j produktkvalitet. Vores virksomhed besidder st\u00e6rke kreative evner, der sikrer h\u00f8j effektivitet, pr\u00e6cision og kvalitet for at im\u00f8dekomme forskellige kundebehov.\n<\/p>\n<p>\n    Fra professionalisme, internationale certificeringer, kundeservice, produktionsudstyr til eftersalgsservice, str\u00e6ber vi efter at levere omfattende l\u00f8sninger.\n<\/p>\n<p>\n    <img decoding=\"async\" src=\"https:\/\/hzpt.com\/wp-content\/uploads\/2024\/11\/songte-company-1.webp\" alt=\"Virksomhedens image\" \/>\n<\/p>\n<p>\n    <em>Forfatter: lyl<\/em><\/p>","protected":false},"excerpt":{"rendered":"<p>Bucket Cylinder For Bobcat Small Excavator E324 Product Definition and Explanation The bucket cylinder is a specially designed hydraulic cylinder primarily used for controlling the movement of the bucket in heavy machinery such as excavators, backhoe loaders, and front loaders. Its main function is to enable the lifting, lowering, and tilting of the bucket, facilitating [&hellip;]<\/p>","protected":false},"featured_media":14785,"comment_status":"open","ping_status":"closed","template":"","meta":{"_et_pb_use_builder":"","_et_pb_old_content":"","_et_gb_content_width":""},"product_brand":[],"product_cat":[1494],"product_tag":[1495,1496],"class_list":{"0":"post-15690","1":"product","2":"type-product","3":"status-publish","4":"has-post-thumbnail","6":"product_cat-bucket-cylinders","7":"product_tag-bucket-cylinders","8":"product_tag-hydraulic-cylinders","10":"first","11":"instock","12":"shipping-taxable","13":"product-type-simple"},"amp_enabled":true,"_links":{"self":[{"href":"https:\/\/www.hydraulic-cylinders.net\/da\/wp-json\/wp\/v2\/product\/15690","targetHints":{"allow":["GET"]}}],"collection":[{"href":"https:\/\/www.hydraulic-cylinders.net\/da\/wp-json\/wp\/v2\/product"}],"about":[{"href":"https:\/\/www.hydraulic-cylinders.net\/da\/wp-json\/wp\/v2\/types\/product"}],"replies":[{"embeddable":true,"href":"https:\/\/www.hydraulic-cylinders.net\/da\/wp-json\/wp\/v2\/comments?post=15690"}],"wp:featuredmedia":[{"embeddable":true,"href":"https:\/\/www.hydraulic-cylinders.net\/da\/wp-json\/wp\/v2\/media\/14785"}],"wp:attachment":[{"href":"https:\/\/www.hydraulic-cylinders.net\/da\/wp-json\/wp\/v2\/media?parent=15690"}],"wp:term":[{"taxonomy":"product_brand","embeddable":true,"href":"https:\/\/www.hydraulic-cylinders.net\/da\/wp-json\/wp\/v2\/product_brand?post=15690"},{"taxonomy":"product_cat","embeddable":true,"href":"https:\/\/www.hydraulic-cylinders.net\/da\/wp-json\/wp\/v2\/product_cat?post=15690"},{"taxonomy":"product_tag","embeddable":true,"href":"https:\/\/www.hydraulic-cylinders.net\/da\/wp-json\/wp\/v2\/product_tag?post=15690"}],"curies":[{"name":"wp","href":"https:\/\/api.w.org\/{rel}","templated":true}]}}