{"id":15693,"date":"2025-01-19T14:51:10","date_gmt":"2025-01-19T14:51:10","guid":{"rendered":"https:\/\/www.hydraulic-cylinders.net\/product\/bucket-cylinder-for-bobcat-small-excavator-e45\/"},"modified":"2025-01-19T14:51:14","modified_gmt":"2025-01-19T14:51:14","slug":"bucket-cylinder-for-bobcat-small-excavator-e45","status":"publish","type":"product","link":"https:\/\/www.hydraulic-cylinders.net\/da\/vare\/bucket-cylinder-for-bobcat-small-excavator-e45\/","title":{"rendered":"Skovlcylinder til Bobcat lille gravemaskine E45"},"content":{"rendered":"<h2>Indledning<\/h2>\n<h3>Skovlcylinder til Bobcat lille gravemaskine E45<\/h3>\n<p>En skovlcylinder er en specialiseret hydraulisk cylinder, der prim\u00e6rt bruges til at styre bev\u00e6gelsen af \u200b\u200bskovle i tunge maskiner s\u00e5som gravemaskiner, rendegravere og frontl\u00e6ssere. Dens hovedfunktion er at g\u00f8re det muligt at l\u00f8fte, s\u00e6nke og vippe skovlen, hvilket g\u00f8r materialeh\u00e5ndteringsopgaver lettere. I det hydrauliske system bruger skovlcylinderen tryk\u00e6ndringen i hydraulikolien til pr\u00e6cist at styre skovlen, hvilket giver operat\u00f8rerne mulighed for effektivt at h\u00e5ndtere tunge genstande og tilpasse sig komplekse arbejdsmilj\u00f8er og forskellige driftsbehov.<\/p>\n<p><img decoding=\"async\" src=\"https:\/\/www.hydraulic-cylinders.net\/wp-content\/uploads\/2025\/01\/songte-company-2.webp\"\/><\/p>\n<h2>Funktioner<\/h2>\n<ul>\n<li>H\u00f8j styrke og holdbarhed: Typisk lavet af h\u00f8jstyrkest\u00e5l eller aluminium, kan den modst\u00e5 h\u00f8jt tryk og tunge belastninger, tilpasse sig barske arbejdsmilj\u00f8er og er designet til slid- og korrosionsbestandighed for at forl\u00e6nge dens levetid.<\/li>\n<li>Effektiv hydraulisk betjening: J\u00e6vn ud- og tilbagetr\u00e6kningsbev\u00e6gelse opn\u00e5s ved at udnytte trykket fra hydraulikolien, hvilket muligg\u00f8r hurtig reaktion p\u00e5 styrekommandoer og giver en kraftig skubbe-\/tr\u00e6kkraft, der er egnet til h\u00e5ndtering af tunge genstande og komplekse driftsopgaver.<\/li>\n<li>Forskellige typer: Enkeltvirkende (hydraulisk anvendt i kun \u00e9n retning) eller dobbeltvirkende (hydraulisk anvendt i begge retninger) cylindre kan v\u00e6lges efter behov for at im\u00f8dekomme forskellige driftsm\u00e6ssige behov. Nogle modeller er teleskopiske, hvilket muligg\u00f8r st\u00f8rre udtr\u00e6k uden at \u00f8ge de udvendige dimensioner, og er velegnede til pladsbegr\u00e6nsede anvendelser.<\/li>\n<li>Direkte udskiftning: Vores produkt kan perfekt erstatte disse hydrauliske cylindre.<\/li>\n<\/ul>\n<p><img decoding=\"async\" src=\"https:\/\/www.hydraulic-cylinders.net\/wp-content\/uploads\/2025\/01\/songte-cylinder-head-with-all-kinds-excavator-models.webp\"\/><\/p>\n<h2>Applikationer<\/h2>\n<p>Skovlcylinderen anvendes hovedsageligt i f\u00f8lgende applikationer:<\/p>\n<ul>\n<li>Entrepren\u00f8rudstyr: I gravemaskiner er de afg\u00f8rende for at grave, l\u00e6sse og flytte jord eller affald. I rendegravere hj\u00e6lper skovlcylinderen b\u00e5de med gravning og l\u00f8ft. I frontl\u00e6ssere hj\u00e6lper de med effektivt at l\u00f8fte og vippe gods.<\/li>\n<li>Landbrugsmaskiner: Anvendes i frontl\u00e6ssere til at skovle, l\u00f8fte og transportere jord, h\u00f8 og andre materialer, gravemaskiner: Skovlcylinderen opn\u00e5r gravefunktion ved at lade skovlen tr\u00e6nge ned i jorden. <\/li>\n<\/ul>\n<p>Nedenfor er nogle specifikke eksempler p\u00e5, hvordan skovlcylindre anvendes i disse applikationer:<\/p>\n<ul>\n<li>Entrepren\u00f8rudstyr: En skovlcylinder bruges til at l\u00f8fte og vippe skovlen i gravemaskiner, hvilket giver bedre pr\u00e6cision og kontrol ved materialeh\u00e5ndtering. I rendegravere hj\u00e6lper skovlcylinderen med b\u00e5de gravning og l\u00f8ft. I frontl\u00e6ssere hj\u00e6lper skovlcylinderen med at l\u00f8fte og vippe gods effektivt.<\/li>\n<li>Landbrugsmaskiner: I frontl\u00e6ssere hj\u00e6lper skovlcylinderen med at udgrave, l\u00f8fte og transportere jord, h\u00f8 og andre materialer. I gravemaskiner opn\u00e5r skovlcylinderen gravefunktion ved at lade skovlen tr\u00e6nge ned i jorden.<\/li>\n<\/ul>\n<h2>Designovervejelser og udv\u00e6lgelseskriterier<\/h2>\n<p>N\u00e5r man v\u00e6lger skovlcylindre, er det vigtigt at v\u00e6re opm\u00e6rksom p\u00e5 f\u00f8lgende designhensyn og udv\u00e6lgelseskriterier:<\/p>\n<ul>\n<li>B\u00e6reevne: Cylinderen skal kunne modst\u00e5 de specificerede belastninger og kr\u00e6fter.<\/li>\n<li>T\u00e6tningsegenskaber: God t\u00e6tning er afg\u00f8rende for at forhindre oliel\u00e6kage og cylinderskader.<\/li>\n<li>Holdbarhed: Cylinderen skal kunne modst\u00e5 p\u00e5virkningerne fra h\u00e5rd brug og barske milj\u00f8er.<\/li>\n<li>Sikkerhed: Der skal v\u00e6re sikkerhedsforanstaltninger p\u00e5 plads for at forhindre ulykker eller skader under drift.<\/li>\n<li>Vedligeholdelsesvenlighed: Cylinderen skal v\u00e6re nem at vedligeholde og reparere for at minimere nedetid og reducere omkostninger.<\/li>\n<\/ul>\n<p><img decoding=\"async\" src=\"https:\/\/www.hydraulic-cylinders.net\/wp-content\/uploads\/2025\/01\/songte-oil-pipes-and-spare-parts.webp\"\/><\/p>\n<h2>T\u00e6tning og sm\u00f8ring<\/h2>\n<p>Skovlcylinderen bruger forskellige t\u00e6tninger, s\u00e5som stempelt\u00e6tninger og stangt\u00e6tninger, lavet af slidst\u00e6rke materialer som polyurethan og nitrilgummi, for at sikre god t\u00e6tning. Cylinderhuset og gevindoverfladen er fint forarbejdet for at forbedre slidstyrken. Regelm\u00e6ssig tils\u00e6tning af den passende m\u00e6ngde hydraulikolie til sm\u00f8ring af cylinderen kan medvirke til at forl\u00e6nge dens levetid.<\/p>\n<h2>Vedligeholdelse og fejlfinding<\/h2>\n<p>Regelm\u00e6ssig vedligeholdelse er afg\u00f8rende for at sikre korrekt funktion af skovlcylindre. Almindelige vedligeholdelsesopgaver omfatter regelm\u00e6ssige inspektioner, sm\u00f8ring, udskiftning af pakninger og kalibreringskontroller. Korrekt installation, sm\u00f8ring og justering er afg\u00f8rende for at sikre skovlcylinderens sikre og effektive drift. Det anbefales at bruge passende monteringsbeslag til at fastg\u00f8re cylinderen. Anbefalede procedurer for inspektion, reparation og udskiftning af komponenter gives ogs\u00e5 for at forbedre skovlcylinderens levetid. <\/p>\n<p><img decoding=\"async\" src=\"https:\/\/www.hydraulic-cylinders.net\/wp-content\/uploads\/2025\/01\/songte-chushion-collar.webp\"\/><\/p>\n<h2>Sikkerhedshensyn og milj\u00f8faktorer<\/h2>\n<p>N\u00e5r man bruger spandcylindre, er det afg\u00f8rende at f\u00f8lge sikkerhedsretningslinjerne for at forhindre ulykker og skader. Sikkerhedsfunktioner som f.eks. trykaflastningsventiler skal v\u00e6re p\u00e5 plads for at forhindre overbelastning og reducere risikoen for cylinderfejl. Milj\u00f8faktorer som temperatur og fugtighed skal ogs\u00e5 tages i betragtning, og der skal tr\u00e6ffes passende foranstaltninger for at sikre cylinderens sikre drift under disse forhold.<\/p>\n<p><img decoding=\"async\" src=\"https:\/\/hzpt.com\/wp-content\/uploads\/2024\/11\/songte-company-1.webp\"\/><\/p>\n<h2>Om os<\/h2>\n<p>Vi er en producent af hydrauliske udskiftningscylindre med et komplet udvalg af produkttyper. Vi er blevet en af \u200b\u200bde f\u00f8rende producenter og engrosdistribut\u00f8rer af hydrauliske cylindre p\u00e5 det indenlandske og internationale marked. Vores virksomhed overholder princippet om fremragende kvalitet og er afh\u00e6ngig af den industrialiserede produktionsstyringsstrategi fra et sofistikeret produktionsv\u00e6rksted. Vi forbedrer l\u00f8bende vores produktionsplatform ved hj\u00e6lp af tekniske talenter, digitalt avanceret produktionsudstyr og professionelle testsystemer for at forbedre vores produktionslinje af produktkvalitet. Vi har en st\u00e6rk produktionskapacitet til at im\u00f8dekomme forskellige kundebehov med principperne om h\u00f8j effektivitet, h\u00f8j pr\u00e6cision og h\u00f8j kvalitet.<\/p>\n<p>Vores virksomhed tilbyder professionelle tjenester, internationale certificeringer, skr\u00e6ddersyede produktionstjenester, avanceret produktionsudstyr og eftersalgsservice. <\/p>\n<p><img decoding=\"async\" src=\"https:\/\/www.hydraulic-cylinders.net\/wp-content\/uploads\/2025\/01\/songte-company-3.webp\"\/><\/p>\n<p>Forfatter: lyl.<\/p>","protected":false},"excerpt":{"rendered":"<p>Introduction Bucket Cylinder For Bobcat Small Excavator E45 A bucket cylinder is a specialized hydraulic cylinder primarily used to control the movement of buckets in heavy machinery such as excavators, backhoe excavators, and front loaders. Its main function is to enable the bucket to be lifted, lowered, and tilted, making material handling tasks easier. In [&hellip;]<\/p>","protected":false},"featured_media":14780,"comment_status":"open","ping_status":"closed","template":"","meta":{"_et_pb_use_builder":"","_et_pb_old_content":"","_et_gb_content_width":""},"product_brand":[],"product_cat":[1494],"product_tag":[1495,1496],"class_list":{"0":"post-15693","1":"product","2":"type-product","3":"status-publish","4":"has-post-thumbnail","6":"product_cat-bucket-cylinders","7":"product_tag-bucket-cylinders","8":"product_tag-hydraulic-cylinders","10":"first","11":"instock","12":"shipping-taxable","13":"product-type-simple"},"amp_enabled":true,"_links":{"self":[{"href":"https:\/\/www.hydraulic-cylinders.net\/da\/wp-json\/wp\/v2\/product\/15693","targetHints":{"allow":["GET"]}}],"collection":[{"href":"https:\/\/www.hydraulic-cylinders.net\/da\/wp-json\/wp\/v2\/product"}],"about":[{"href":"https:\/\/www.hydraulic-cylinders.net\/da\/wp-json\/wp\/v2\/types\/product"}],"replies":[{"embeddable":true,"href":"https:\/\/www.hydraulic-cylinders.net\/da\/wp-json\/wp\/v2\/comments?post=15693"}],"wp:featuredmedia":[{"embeddable":true,"href":"https:\/\/www.hydraulic-cylinders.net\/da\/wp-json\/wp\/v2\/media\/14780"}],"wp:attachment":[{"href":"https:\/\/www.hydraulic-cylinders.net\/da\/wp-json\/wp\/v2\/media?parent=15693"}],"wp:term":[{"taxonomy":"product_brand","embeddable":true,"href":"https:\/\/www.hydraulic-cylinders.net\/da\/wp-json\/wp\/v2\/product_brand?post=15693"},{"taxonomy":"product_cat","embeddable":true,"href":"https:\/\/www.hydraulic-cylinders.net\/da\/wp-json\/wp\/v2\/product_cat?post=15693"},{"taxonomy":"product_tag","embeddable":true,"href":"https:\/\/www.hydraulic-cylinders.net\/da\/wp-json\/wp\/v2\/product_tag?post=15693"}],"curies":[{"name":"wp","href":"https:\/\/api.w.org\/{rel}","templated":true}]}}