{"id":15696,"date":"2025-01-19T14:51:25","date_gmt":"2025-01-19T14:51:25","guid":{"rendered":"https:\/\/www.hydraulic-cylinders.net\/product\/bucket-cylinder-for-bobcat-small-excavator-e418\/"},"modified":"2025-01-19T14:51:27","modified_gmt":"2025-01-19T14:51:27","slug":"bucket-cylinder-for-bobcat-small-excavator-e418","status":"publish","type":"product","link":"https:\/\/www.hydraulic-cylinders.net\/da\/vare\/bucket-cylinder-for-bobcat-small-excavator-e418\/","title":{"rendered":"Skovlcylinder til Bobcat lille gravemaskine E418"},"content":{"rendered":"<h1>Skovlcylinder til Bobcat lille gravemaskine E418<\/h1>\n<h2>Indledning<\/h2>\n<p>Skovlcylinderen til Bobcat lille gravemaskine E418 er en specialdesignet hydraulisk cylinder, der prim\u00e6rt bruges til at styre skovlens bev\u00e6gelse i tunge maskiner s\u00e5som gravemaskiner, rendegravere og frontl\u00e6ssere. Dens hovedfunktion er at give skovlen mulighed for at l\u00f8fte, s\u00e6nke og vippe, hvilket g\u00f8r det lettere at h\u00e5ndtere en r\u00e6kke forskellige materialeh\u00e5ndteringsopgaver. I det hydrauliske system styrer skovlcylinderen skovlens pr\u00e6cise bev\u00e6gelse ved at \u00e6ndre trykket i hydraulikolien, hvilket g\u00f8r det muligt for operat\u00f8rer effektivt at h\u00e5ndtere tunge l\u00e6s og tilpasse sig komplekse arbejdsmilj\u00f8er og forskellige jobkrav.<\/p>\n<p><img decoding=\"async\" src=\"https:\/\/www.hydraulic-cylinders.net\/wp-content\/uploads\/2025\/01\/songte-company-2.webp\" alt=\"Spandens cylinder\" \/><\/p>\n<h2>Funktioner<\/h2>\n<ul>\n<li>H\u00f8j styrke og holdbarhed: Typisk lavet af h\u00f8jstyrkest\u00e5l eller aluminium, i stand til at modst\u00e5 h\u00f8jt tryk og tunge belastninger, og designet med hensyntagen til slidstyrke og korrosionsbestandighed, hvilket forl\u00e6nger levetiden.<\/li>\n<li>Effektiv hydraulisk drift: J\u00e6vne ekspansions- og sammentr\u00e6kningsbev\u00e6gelser opn\u00e5s ved at bruge trykket fra hydraulikolien, hvilket muligg\u00f8r hurtig reaktion p\u00e5 styrekommandoer, giver st\u00e6rke skubbe- og tr\u00e6kkr\u00e6fter og er ideel til h\u00e5ndtering af tunge belastninger og komplekse arbejdsopgaver.<\/li>\n<li>Forskellige typer: V\u00e6lg mellem enkeltvirkende (hydraulisk bruges kun i \u00e9n retning) eller dobbeltvirkende (hydraulisk bruges i begge retninger) cylindre, afh\u00e6ngigt af driftskravene. Nogle modeller er teleskopiske, hvilket muligg\u00f8r st\u00f8rre udtr\u00e6k uden at \u00f8ge de udvendige dimensioner, velegnede til applikationer, hvor pladsen er begr\u00e6nset.<\/li>\n<li>Kan tilpasses: Vores produkter kan skr\u00e6ddersys til at opfylde dine specifikke behov og kan erstatte lignende hydrauliske cylindre fra andre producenter.<\/li>\n<\/ul>\n<p><img decoding=\"async\" src=\"https:\/\/www.hydraulic-cylinders.net\/wp-content\/uploads\/2025\/01\/songte-cylinder-head-with-all-kinds-excavator-models.webp\" alt=\"Tilpasselig spandcylinder\" \/><\/p>\n<h2>Applikationer<\/h2>\n<p>Skovlcylinderen finder anvendelse i forskellige applikationer:<\/p>\n<ul>\n<li>Entrepren\u00f8rudstyr: I gravemaskiner er de afg\u00f8rende for at grave, l\u00e6sse og flytte jord eller affald. I rendegravere hj\u00e6lper skovlcylinderen med b\u00e5de at grave og l\u00f8fte. <\/li>\n<li>Landbrugsmaskiner: Bruges i frontl\u00e6ssere, hj\u00e6lper de med at l\u00f8fte og t\u00f8mme jord, h\u00f8 og andre materialer. I gravemaskiner muligg\u00f8r skovlcylinderen gravning ved at lade skovlen tr\u00e6nge ned i jorden. <\/li>\n<li>L\u00e6sser: Frontl\u00e6ssere hj\u00e6lper med effektiv l\u00f8ft og t\u00f8mning af varer.<\/li>\n<\/ul>\n<p>Hver applikation er beskrevet detaljeret nedenfor:<\/p>\n<h3>Entrepren\u00f8rudstyr<\/h3>\n<p>Skovlcylinderen spiller en afg\u00f8rende rolle for gravemaskiners problemfri funktion. Ved gravning hj\u00e6lper skovlcylinderen med nem jordindtr\u00e6ngning, l\u00f8ft og t\u00f8mning af jord og affald. I gravemaskiner hj\u00e6lper cylinderen med at grave og l\u00f8fte, hvilket g\u00f8r det nemt at l\u00e6sse og transportere materiale.<\/p>\n<h3>Landbrugsmaskiner<\/h3>\n<p>Skovlcylindre p\u00e5 frontl\u00e6ssere p\u00e5 landbrugsmaskiner hj\u00e6lper med effektiv l\u00f8ft og t\u00f8mning af materialer som jord, h\u00f8, foder og andre landbrugsprodukter. I gravemaskiner, der anvendes i landbruget, muligg\u00f8r skovlcylinderen gravning ved at lade skovlen tr\u00e6nge ned i jorden med lethed.<\/p>\n<h3>L\u00e6sser<\/h3>\n<p>Skovlcylinderen i frontl\u00e6ssere hj\u00e6lper med effektiv l\u00f8ft og t\u00f8mning af gods, hvilket g\u00f8r den ideel til l\u00e6sning og losning af tunge materialer.<\/p>\n<p><img decoding=\"async\" src=\"https:\/\/www.hydraulic-cylinders.net\/wp-content\/uploads\/2025\/01\/songte-bushings-with-all-kinds-of-excavator-models.webp\" alt=\"Spandcylinder i brug\" \/><\/p>\n<h2>Designovervejelser og udv\u00e6lgelseskriterier<\/h2>\n<p>N\u00e5r man v\u00e6lger en spandcylinder, skal der tages h\u00f8jde for flere faktorer, s\u00e5som cylinderens b\u00e6reevne, t\u00e6tning, holdbarhed, sikkerhed og vedligeholdelsesvenlighed. <\/p>\n<ul>\n<li>B\u00e6reevne: Skovlcylinderen skal kunne h\u00e5ndtere den forventede belastning uden at b\u00f8je eller kn\u00e6kke, afh\u00e6ngigt af anvendelsen.<\/li>\n<li>T\u00e6tning: Skovlcylinderen skal v\u00e6re tilstr\u00e6kkeligt t\u00e6tnet for at forhindre l\u00e6kage af hydraulikv\u00e6ske og forurening af milj\u00f8et.<\/li>\n<li>Holdbarhed: Skovlcylinderen skal v\u00e6re konstrueret af holdbare materialer for at modst\u00e5 det barske driftsmilj\u00f8, hvilket \u00f8ger levetiden.<\/li>\n<li>Sikkerhed: Skovlcylinderen skal v\u00e6re konstrueret til at sikre operat\u00f8rens og personer omkring udstyrets sikkerhed.<\/li>\n<li>Vedligeholdelse: Skovlcylinderen skal v\u00e6re konstrueret til nem vedligeholdelse, herunder udskiftning af pakninger, reng\u00f8ring og sm\u00f8ring.<\/li>\n<\/ul>\n<p><img decoding=\"async\" src=\"https:\/\/www.hydraulic-cylinders.net\/wp-content\/uploads\/2025\/01\/songte-oil-pipes-and-spare-parts.webp\" alt=\"Reservedele til spandcylinder\" \/><\/p>\n<h2>T\u00e6tning og sm\u00f8ring<\/h2>\n<p>Skovlcylinderen bruger forskellige t\u00e6tninger, s\u00e5som stempelt\u00e6tninger og stangt\u00e6tninger, lavet af slidst\u00e6rke materialer som polyurethan og nitrilgummi for at sikre korrekt t\u00e6tning og forhindre oliel\u00e6kager. Cylinderhuset og gevindfladerne er fint forarbejdet for at forbedre slidstyrken. Regelm\u00e6ssig indspr\u00f8jtning af hydraulikolie er n\u00f8dvendig for at sm\u00f8re og forhindre slid p\u00e5 cylinderv\u00e6ggen og stemplet.<\/p>\n<h2>Vedligeholdelse og reparation<\/h2>\n<p>Regelm\u00e6ssig inspektion og forebyggende vedligeholdelse af skovlcylinderen er afg\u00f8rende for at sikre cylinderens optimale ydeevne, samtidig med at man forhindrer dyr nedetid og reparationer. Regelm\u00e6ssig inspektion, passende sm\u00f8ring og kalibreringstjek er blandt de mest almindelige vedligeholdelsesopgaver. Korrekt installation, sm\u00f8ring og justering er afg\u00f8rende, og korrekt justering af cylinderen er afg\u00f8rende. Der b\u00f8r anvendes korrekte monteringsbeslag til at fastg\u00f8re cylinderen p\u00e5 plads. Der gives anbefalede inspektions-, reparations- og udskiftningsprocedurer for at forbedre skovlcylinderens levetid. <\/p>\n<p><img decoding=\"async\" src=\"https:\/\/www.hydraulic-cylinders.net\/wp-content\/uploads\/2025\/01\/songte-chushion-collar.webp\" alt=\"Vedligeholdelse og reparation af skovlcylinder\" \/><\/p>\n<h2>Sikkerhedshensyn og milj\u00f8faktorer<\/h2>\n<p>Det er afg\u00f8rende at overveje sikkerhedsforanstaltninger ved brug af skovlcylindre, s\u00e5som at forhindre, at arbejdere bliver ramt af skovlcylinderen under drift. Korrekt bortskaffelse af hydraulikolie og andre farlige materialer skal f\u00f8lges for at forhindre forurening af milj\u00f8et.<\/p>\n<h2>Fejldiagnose og fejlfinding<\/h2>\n<p>Almindelige problemer med skovlcylinderen kan omfatte oliel\u00e6kage, langsom drift eller reduceret effekt. Regelm\u00e6ssig inspektion, forebyggende vedligeholdelse og hurtig reparation er afg\u00f8rende for at undg\u00e5 disse problemer. Hvis der opst\u00e5r problemer, er det muligt at foretage fejlfinding ved at identificere den grundl\u00e6ggende \u00e5rsag til problemet og derefter reparere eller udskifte de defekte dele.<\/p>\n<p><img decoding=\"async\" src=\"https:\/\/hzpt.com\/wp-content\/uploads\/2024\/11\/songte-company-1.webp\" alt=\"Fejlfinding af spandcylinder\" \/><\/p>\n<h2>Om os<\/h2>\n<p>Vi er en producent af hydrauliske cylindre, der producerer et komplet produktsortiment og er blevet en af \u200b\u200bde f\u00f8rende producenter og engrosdistribut\u00f8rer af hydrauliske cylindre p\u00e5 det indenlandske og internationale marked. Vi f\u00f8lger en strategi for fremragende kvalitet og er afh\u00e6ngige af industriel produktionsstyring i fine produktionsv\u00e6rksteder. Vi forts\u00e6tter med at forbedre v\u00e6rkstedsplatformen, forbedre produktionslinjernes produktkvalitet og har st\u00e6rke produktionskapaciteter, der opfylder kundernes forskellige behov med principper for h\u00f8j effektivitet, h\u00f8j pr\u00e6cision og h\u00f8j kvalitet. <\/p>\n<p>Vores virksomhed tilbyder professionel ekspertise, international certificering, skr\u00e6ddersyede tjenester, produktionsudstyr og eftersalgsservice. <\/p>\n<p><img decoding=\"async\" src=\"https:\/\/www.hydraulic-cylinders.net\/wp-content\/uploads\/2025\/01\/songte-company-3.webp\" alt=\"Om os\" \/><\/p>\n<p>Forfatter: lyl<\/p>","protected":false},"excerpt":{"rendered":"<p>Bucket Cylinder For Bobcat Small Excavator E418 Introduction The bucket cylinder for Bobcat small excavator E418 is a specially designed hydraulic cylinder primarily used to control the movement of the bucket in heavy machinery such as excavators, backhoe excavators, and front-end loaders. Its main function is to allow the bucket to lift, lower, and tilt, [&hellip;]<\/p>","protected":false},"featured_media":14773,"comment_status":"open","ping_status":"closed","template":"","meta":{"_et_pb_use_builder":"","_et_pb_old_content":"","_et_gb_content_width":""},"product_brand":[],"product_cat":[1494],"product_tag":[1495,1496],"class_list":{"0":"post-15696","1":"product","2":"type-product","3":"status-publish","4":"has-post-thumbnail","6":"product_cat-bucket-cylinders","7":"product_tag-bucket-cylinders","8":"product_tag-hydraulic-cylinders","10":"first","11":"instock","12":"shipping-taxable","13":"product-type-simple"},"amp_enabled":true,"_links":{"self":[{"href":"https:\/\/www.hydraulic-cylinders.net\/da\/wp-json\/wp\/v2\/product\/15696","targetHints":{"allow":["GET"]}}],"collection":[{"href":"https:\/\/www.hydraulic-cylinders.net\/da\/wp-json\/wp\/v2\/product"}],"about":[{"href":"https:\/\/www.hydraulic-cylinders.net\/da\/wp-json\/wp\/v2\/types\/product"}],"replies":[{"embeddable":true,"href":"https:\/\/www.hydraulic-cylinders.net\/da\/wp-json\/wp\/v2\/comments?post=15696"}],"wp:featuredmedia":[{"embeddable":true,"href":"https:\/\/www.hydraulic-cylinders.net\/da\/wp-json\/wp\/v2\/media\/14773"}],"wp:attachment":[{"href":"https:\/\/www.hydraulic-cylinders.net\/da\/wp-json\/wp\/v2\/media?parent=15696"}],"wp:term":[{"taxonomy":"product_brand","embeddable":true,"href":"https:\/\/www.hydraulic-cylinders.net\/da\/wp-json\/wp\/v2\/product_brand?post=15696"},{"taxonomy":"product_cat","embeddable":true,"href":"https:\/\/www.hydraulic-cylinders.net\/da\/wp-json\/wp\/v2\/product_cat?post=15696"},{"taxonomy":"product_tag","embeddable":true,"href":"https:\/\/www.hydraulic-cylinders.net\/da\/wp-json\/wp\/v2\/product_tag?post=15696"}],"curies":[{"name":"wp","href":"https:\/\/api.w.org\/{rel}","templated":true}]}}