{"id":1570,"date":"2023-10-07T02:18:33","date_gmt":"2023-10-07T02:18:33","guid":{"rendered":"https:\/\/hydraulic-cylinders.net\/?post_type=product&#038;p=1570"},"modified":"2025-03-28T06:38:01","modified_gmt":"2025-03-28T06:38:01","slug":"crane-cylinder-for-mobile-crane-outrigger-expansion","status":"publish","type":"product","link":"https:\/\/www.hydraulic-cylinders.net\/da\/vare\/crane-cylinder-for-mobile-crane-outrigger-expansion\/","title":{"rendered":"Krancylinder til udvidelse af mobilkranudriggere"},"content":{"rendered":"<h1 style=\"text-align: center;\"><strong> Krancylinder til udvidelse af mobilkranudriggere<\/strong><\/h1>\n<p><img loading=\"lazy\" decoding=\"async\" class=\"aligncenter wp-image-1571\" src=\"https:\/\/hydraulic-cylinders.net\/wp-content\/uploads\/2023\/10\/outrigger-expansion-cylinder-1-300x300.webp\" alt=\"Krancylinder til mobilkranudriggerudvidelse-1\" width=\"400\" height=\"400\" \/><\/p>\n<p>De <strong>krancylinder til mobilkranudriggerudvidelse<\/strong> er en afg\u00f8rende komponent, der forbedrer stabiliteten og r\u00e6kkevidden af \u200b\u200bmobilkraner under l\u00f8fteoperationer. Denne hydrauliske cylinder er designet til at forl\u00e6nge og tr\u00e6kke udriggerbj\u00e6lkerne ind og spiller en afg\u00f8rende rolle i at skabe et solidt fundament og \u00f8ge driftskapaciteten.<\/p>\n<p>This indispensable crane cylinder significantly improves mobile cranes&#8217; stability, load-bearing capacity, and reach during lifting tasks. Its robust construction and precise hydraulic control ensure safe and efficient lifting across various construction and industrial settings. By following proper usage methods and adhering to recommended maintenance practices, operators can maximize the lifespan and reliability of the crane cylinder for mobile crane outrigger expansion, thereby ensuring successful lifting operations. Choose this essential hydraulic component to elevate your mobile crane system&#8217;s stability, reach, and productivity.<\/p>\n<p><strong>N\u00f8gleegenskaber ved krancylinderen til udvidelse af mobilkranudriggere:<\/strong><\/p>\n<p><strong>Robust konstruktion og holdbarhed:<\/strong> Krancylinderen til udvidelse af mobilkranudliggere er bygget af materialer af h\u00f8j kvalitet, hvilket sikrer enest\u00e5ende styrke og levetid. Den er konstrueret til at modst\u00e5 tunge belastninger, st\u00f8d og udfordrende milj\u00f8forhold og giver p\u00e5lidelig ydeevne i kr\u00e6vende arbejdsmilj\u00f8er.<\/p>\n<p><strong>Hydraulisk kontrol og pr\u00e6cision:<\/strong> Denne cylinder udnytter hydraulisk kraft til at forl\u00e6nge og tr\u00e6kke udriggerbj\u00e6lkerne ind. Det hydrauliske styresystem muligg\u00f8r pr\u00e6cise justeringer, s\u00e5 f\u00f8reren kan opn\u00e5 den \u00f8nskede udriggerl\u00e6ngde pr\u00e6cist.<\/p>\n<p><strong>Forbedret stabilitet og b\u00e6reevne:<\/strong> The crane cylinder for mobile crane outrigger expansion significantly improves the crane&#8217;s stability by extending the outrigger beams. It effectively distributes the load over a wider area, minimizing tip-over risk and ensuring safe lifting operations, even with heavy loads.<\/p>\n<p><strong>\u00d8get r\u00e6kkevidde og fleksibilitet:<\/strong> Denne cylinders udvidelseskapacitet for udriggere g\u00f8r det muligt for mobilkraner at n\u00e5 st\u00f8rre h\u00f8jder og udvide deres arbejdsomr\u00e5de. Denne funktion er is\u00e6r fordelagtig ved drift i trange rum eller n\u00e5r der er behov for yderligere vandret r\u00e6kkevidde.<\/p>\n<h1><strong>Krancylinder til udvidelse af mobilkranudriggere <\/strong><strong style=\"font-size: 26px;\">Parameter:<\/strong><\/h1>\n<table border=\"1\" cellspacing=\"0\" cellpadding=\"0\">\n<tbody>\n<tr>\n<td>Produktnavn<\/td>\n<td>Ekspansionscylinder til mobilkranudligger<\/td>\n<\/tr>\n<tr>\n<td>Funktioner:<\/td>\n<td>Forl\u00e6ng udriggercylinderen vandret<\/td>\n<\/tr>\n<tr>\n<td>Borediameter:<\/td>\n<td>50 mm ~ 75 mm<\/td>\n<\/tr>\n<tr>\n<td>Stangdiameter:<\/td>\n<td>25 mm ~ 55 mm<br \/>\nSlagl\u00e6ngde\u22642500 mm<\/td>\n<\/tr>\n<tr>\n<td>Tryk:<\/td>\n<td>Maksimum 35 MPa<\/td>\n<\/tr>\n<tr>\n<td>Teleskopiske cylinderapplikationer:<\/td>\n<td>Mobilkran<\/td>\n<\/tr>\n<\/tbody>\n<\/table>\n<h1><strong>Krancylinder til mobilkraner, udriggerudvidelse <\/strong><strong style=\"font-size: 26px;\">Identifikationsdiagram:<\/strong><\/h1>\n<p><img loading=\"lazy\" decoding=\"async\" class=\"alignnone wp-image-1551 size-full\" src=\"https:\/\/www.hydraulic-cylinders.net\/wp-content\/uploads\/2023\/09\/mobile-crane-cylinder-construction-1.webp\" alt=\"Krancylinder til mobilkranudriggerudvidelse-2\" width=\"1418\" height=\"946\" srcset=\"https:\/\/www.hydraulic-cylinders.net\/wp-content\/uploads\/2023\/09\/mobile-crane-cylinder-construction-1.webp 1418w, https:\/\/www.hydraulic-cylinders.net\/wp-content\/uploads\/2023\/09\/mobile-crane-cylinder-construction-1-1280x854.webp 1280w, https:\/\/www.hydraulic-cylinders.net\/wp-content\/uploads\/2023\/09\/mobile-crane-cylinder-construction-1-980x654.webp 980w, https:\/\/www.hydraulic-cylinders.net\/wp-content\/uploads\/2023\/09\/mobile-crane-cylinder-construction-1-480x320.webp 480w\" sizes=\"(min-width: 0px) and (max-width: 480px) 480px, (min-width: 481px) and (max-width: 980px) 980px, (min-width: 981px) and (max-width: 1280px) 1280px, (min-width: 1281px) 1418px, 100vw\" \/><\/p>\n<h2><strong>Brugsmetode for <\/strong><strong>Krancylinder til mobilkraner, udriggerudvidelse<\/strong><strong>:<\/strong><\/h2>\n<ol>\n<li><strong>G\u00f8r dig bekendt med kontroller og sikkerhedsretningslinjer:<\/strong><\/li>\n<\/ol>\n<ul>\n<li>F\u00f8r operat\u00f8ren betjener mobilkranens udrigger-ekspansionscylinder, skal vedkommende g\u00f8re sig bekendt med de betjeningselementer og sikkerhedsretningslinjer, der er specifikke for deres kranmodel.<\/li>\n<li>S\u00f8rg for, at alle sikkerhedsprocedurer, herunder korrekt udliggerudl\u00f8ser, f\u00f8lges for at forhindre ulykker.<\/li>\n<\/ul>\n<ol start=\"2\">\n<li><strong>Forl\u00e6ng st\u00f8ttebenene:<\/strong><\/li>\n<\/ol>\n<ul>\n<li>Aktiver de hydrauliske betjeningselementer for at forl\u00e6nge st\u00f8ttebenenes bj\u00e6lker.<\/li>\n<li>Forl\u00e6ng gradvist st\u00f8ttebenene til den \u00f8nskede l\u00e6ngde, mens du overv\u00e5ger forl\u00e6ngelsesprocessen.<\/li>\n<\/ul>\n<ol start=\"3\">\n<li><strong>Stabiliser kranen:<\/strong><\/li>\n<\/ol>\n<ul>\n<li>N\u00e5r udriggerne er helt udstrakt, stabiliseres kranen ved at justere udriggerpuderne for at skabe et plant og solidt fundament.<\/li>\n<li>S\u00f8rg for, at udriggerpuder er placeret p\u00e5 et stabilt underlag eller passende st\u00f8tteflader.<\/li>\n<\/ul>\n<ol start=\"4\">\n<li><strong>Tr\u00e6k udriggerne tilbage:<\/strong><\/li>\n<\/ol>\n<ul>\n<li>Tr\u00e6k udriggerbj\u00e6lkerne tilbage ved hj\u00e6lp af de hydrauliske betjeningselementer, n\u00e5r l\u00f8fteoperationen er f\u00e6rdig.<\/li>\n<li>Tr\u00e6k gradvist st\u00f8ttebenene tilbage for at sikre en j\u00e6vn og kontrolleret proces.<\/li>\n<\/ul>\n<h2><strong>Hvordan fjerner man luft fra traktorens hydrauliske system?<\/strong><\/h2>\n<p>To remove air from a tractor&#8217;s hydraulic system, follow these steps:<\/p>\n<ol>\n<li><strong>Identificer luftsymptomer:<\/strong>\n<ul>\n<li>Hvis du har mistanke om luft i det hydrauliske system, skal du kigge efter almindelige symptomer s\u00e5som svampet eller inkonsekvent drift af hydrauliske komponenter, reduceret l\u00f8ftekapacitet eller us\u00e6dvanlige lyde.<\/li>\n<li>Bekr\u00e6ftelse af tilstedev\u00e6relsen af \u200b\u200bluft vil hj\u00e6lpe dig med at bestemme de passende handlinger.<\/li>\n<\/ul>\n<\/li>\n<li><strong>Kontroller v\u00e6skeniveau:<\/strong>\n<ul>\n<li>S\u00f8rg for, at hydraulikv\u00e6skeniveauet i beholderen er p\u00e5 det anbefalede niveau.<\/li>\n<li>Hvis niveauet er lavt, kan det f\u00f8re til luft i systemet. Tils\u00e6t den passende hydraulikv\u00e6ske for at n\u00e5 det anbefalede niveau.<\/li>\n<\/ul>\n<\/li>\n<li><strong>Udluft systemet:<\/strong>\n<ul>\n<li>Find udluftningsventilerne eller -propperne i det hydrauliske system.<\/li>\n<li>Start med den komponent, der er l\u00e6ngst v\u00e6k fra hydraulikpumpen, og arbejd dig t\u00e6ttere p\u00e5.<\/li>\n<li>\u00c5bn udluftningsventilen eller proppen langsomt for at udlufte eventuel luft.<\/li>\n<li>Lad luften slippe ud, indtil der observeres en j\u00e6vn str\u00f8m af hydraulisk v\u00e6ske, hvilket indikerer, at luften er blevet udluftet.<\/li>\n<li>Luk udluftningsventilen eller proppen t\u00e6t.<\/li>\n<\/ul>\n<\/li>\n<li><strong>Udluftning ved hydraulikpumpen:<\/strong>\n<ul>\n<li>Hvis hydraulikpumpen har en udluftningsventil, skal du finde den og \u00e5bne den langsomt.<\/li>\n<li>Betjen det hydrauliske system ved at aktivere den hydrauliske lift eller bev\u00e6ge de hydrauliske betjeningsorganer for at cirkulere v\u00e6sken og tvinge eventuel indesp\u00e6rret luft ud gennem den \u00e5bne udluftningsventil.<\/li>\n<li>Luk udluftningsventilen, n\u00e5r det hydrauliske system er luftfrit, og de hydrauliske komponenter fungerer problemfrit.<\/li>\n<\/ul>\n<\/li>\n<li><strong>Gentag processen:<\/strong>\n<ul>\n<li>Hvis du stadig oplever luftrelaterede symptomer i det hydrauliske system, skal du gentage udluftningsprocessen ved hver komponent, startende fra det fjerneste punkt og arbejd dig mod den hydrauliske pumpe.<\/li>\n<li>S\u00f8rg for, at al luft er udluftet fra systemet ved at \u00e5bne udluftningsventilerne eller -propperne og lade luften slippe ud.<\/li>\n<\/ul>\n<\/li>\n<li><strong>Tjek for l\u00e6kager:<\/strong>\n<ul>\n<li>Unders\u00f8g alle hydrauliske systemforbindelser, slanger og pakninger for tegn p\u00e5 l\u00e6kager.<\/li>\n<li>Afhj\u00e6lp eventuelle l\u00e6kager omg\u00e5ende ved at stramme forbindelser eller udskifte beskadigede komponenter.<\/li>\n<li>L\u00e6kager kan f\u00f8re luft ind i systemet, s\u00e5 et l\u00e6kagefrit system er afg\u00f8rende for korrekt hydraulisk drift.<\/li>\n<\/ul>\n<\/li>\n<li><strong>Testsystems ydeevne:<\/strong>\n<ul>\n<li>After purging the air and addressing leaks, test the hydraulic system&#8217;s performance to ensure proper operation.<\/li>\n<li>Aktiver hydrauliske funktioner, s\u00e5som l\u00f8fte- og s\u00e6nkeudstyr, og observer deres j\u00e6vnhed og ensartethed.<\/li>\n<\/ul>\n<\/li>\n<\/ol>\n<h2><strong>Fabrikkens kapacitet og kapacitet:<\/strong><\/h2>\n<h3><strong>(1) Samling<\/strong><\/h3>\n<p>Vores anl\u00e6g kan prale af en uafh\u00e6ngig forsknings- og udviklingsplatform i topklasse, der er dedikeret til produktion af hydrauliske cylindre. Vi driver fire halvautomatiske l\u00f8ftecylindre-monteringslinjer og en fuldautomatisk vippecylindre-monteringslinje med en imponerende \u00e5rlig produktionskapacitet p\u00e5 1 million cylindre.<img loading=\"lazy\" decoding=\"async\" class=\"aligncenter wp-image-626\" src=\"https:\/\/hydraulic-cylinders.net\/wp-content\/uploads\/2023\/08\/hydraulic-cylinder-product-1-300x158.webp\" alt=\"\" width=\"500\" height=\"263\" srcset=\"https:\/\/hydraulic-cylinders.net\/wp-content\/uploads\/2023\/08\/hydraulic-cylinder-product-1-300x158.webp 500w, https:\/\/hydraulic-cylinders.net\/wp-content\/uploads\/2023\/08\/hydraulic-cylinder-product-1-480x252.webp 480w\" sizes=\"(min-width: 0px) and (max-width: 480px) 480px, (min-width: 481px) 500px, 100vw\" \/><\/p>\n<p>I vores specialiserede cylinderv\u00e6rksted anvender vi et halvautomatisk reng\u00f8ringssystem, der er designet til forskellige specifikationer og kan producere 200.000 cylindre \u00e5rligt. Vores v\u00e6rksted er udstyret med avanceret CNC-bearbejdningsudstyr, et bearbejdningscenter, h\u00f8jpr\u00e6cisionsv\u00e6rkt\u00f8jer til cylinderbearbejdning, robotsvejsemaskiner, automatiske reng\u00f8ringssystemer og en automatiseret cylindermonteringslinje. Derudover har vi en fuldautomatisk produktionslinje til maling.<\/p>\n<p>Med over 300 kritiske enheder sikrer vores optimale ressourceallokering, at vi opfylder de strenge n\u00f8jagtigheds- og kvalitetsstandarder, som vores kunder kr\u00e6ver. Denne forpligtelse til effektivitet og pr\u00e6cision positionerer os som f\u00f8rende inden for hydrauliske cylinderindustrien.<\/p>\n<p><img loading=\"lazy\" decoding=\"async\" class=\"aligncenter wp-image-627\" src=\"https:\/\/hydraulic-cylinders.net\/wp-content\/uploads\/2023\/08\/hydraulic-cylinder-product-2-300x189.webp\" alt=\"\" width=\"500\" height=\"315\" srcset=\"https:\/\/hydraulic-cylinders.net\/wp-content\/uploads\/2023\/08\/hydraulic-cylinder-product-2-300x189.webp 500w, https:\/\/hydraulic-cylinders.net\/wp-content\/uploads\/2023\/08\/hydraulic-cylinder-product-2-480x302.webp 480w\" sizes=\"(min-width: 0px) and (max-width: 480px) 480px, (min-width: 481px) 500px, 100vw\" \/><\/p>\n<h3><strong>(2) Maskinbearbejdning<\/strong><\/h3>\n<p>Vores maskinv\u00e6rksted har topmoderne udstyr, herunder et specialfremstillet drejecenter til skr\u00e5 skinner, et pr\u00e6cisionsbearbejdningscenter, en h\u00f8jhastigheds-honemaskine og avancerede svejserobotter. Denne sofistikerede ops\u00e6tning g\u00f8r det muligt for os effektivt at bearbejde cylinderr\u00f8r med en maksimal indre diameter p\u00e5 400 mm og en l\u00e6ngde p\u00e5 op til 6 meter.<\/p>\n<p><img loading=\"lazy\" decoding=\"async\" class=\"wp-image-628 size-large aligncenter\" src=\"https:\/\/hydraulic-cylinders.net\/wp-content\/uploads\/2023\/08\/hydraulic-cylinder-product-3-1024x391.webp\" alt=\"\" width=\"1024\" height=\"391\" srcset=\"https:\/\/hydraulic-cylinders.net\/wp-content\/uploads\/2023\/08\/hydraulic-cylinder-product-3-980x374.webp 980w, https:\/\/hydraulic-cylinders.net\/wp-content\/uploads\/2023\/08\/hydraulic-cylinder-product-3-480x183.webp 480w\" sizes=\"(min-width: 0px) and (max-width: 480px) 480px, (min-width: 481px) and (max-width: 980px) 980px, (min-width: 981px) 1024px, 100vw\" \/><\/p>\n<p>Med vores banebrydende teknologi sikrer vi bearbejdning af h\u00f8j kvalitet, der opfylder de forskellige behov inden for produktion af hydrauliske cylindre.<\/p>\n<h3><strong>(3) Svejsning<\/strong><\/h3>\n<p><img loading=\"lazy\" decoding=\"async\" class=\"wp-image-629 size-large aligncenter\" src=\"https:\/\/hydraulic-cylinders.net\/wp-content\/uploads\/2023\/08\/hydraulic-cylinder-product-4-1024x510.webp\" alt=\"\" width=\"1024\" height=\"510\" srcset=\"https:\/\/hydraulic-cylinders.net\/wp-content\/uploads\/2023\/08\/hydraulic-cylinder-product-4-980x488.webp 980w, https:\/\/hydraulic-cylinders.net\/wp-content\/uploads\/2023\/08\/hydraulic-cylinder-product-4-480x239.webp 480w\" sizes=\"(min-width: 0px) and (max-width: 480px) 480px, (min-width: 481px) and (max-width: 980px) 980px, (min-width: 981px) 1024px, 100vw\" \/><\/p>\n<h3><strong>(4) Maling og overfladebehandling<\/strong><\/h3>\n<p><img loading=\"lazy\" decoding=\"async\" class=\"wp-image-630 aligncenter\" src=\"https:\/\/hydraulic-cylinders.net\/wp-content\/uploads\/2023\/08\/hydraulic-cylinder-product-5-300x213.webp\" alt=\"\" width=\"500\" height=\"355\" \/><\/p>\n<p>Vores anl\u00e6g har avancerede automatiske vandbaserede malingslinjer, der er specielt designet til sm\u00e5 og mellemstore cylindre. Disse linjer bruger robotteknologi til effektiv p\u00e5fyldning, afl\u00e6sning og spr\u00f8jtning, hvilket opn\u00e5r en bem\u00e6rkelsesv\u00e6rdig produktionskapacitet p\u00e5 4.000 stykker pr. skift.<\/p>\n<p><img loading=\"lazy\" decoding=\"async\" class=\"wp-image-631 aligncenter\" src=\"https:\/\/hydraulic-cylinders.net\/wp-content\/uploads\/2023\/08\/hydraulic-cylinder-product-6-300x225.webp\" alt=\"\" width=\"500\" height=\"375\" srcset=\"https:\/\/hydraulic-cylinders.net\/wp-content\/uploads\/2023\/08\/hydraulic-cylinder-product-6-300x225.webp 500w, https:\/\/hydraulic-cylinders.net\/wp-content\/uploads\/2023\/08\/hydraulic-cylinder-product-6-480x360.webp 480w\" sizes=\"(min-width: 0px) and (max-width: 480px) 480px, (min-width: 481px) 500px, 100vw\" \/><\/p>\n<p>Derudover driver vi en halvautomatisk produktionslinje til maling af store cylindre, drevet af en robust str\u00f8mk\u00e6de, med en designkapacitet p\u00e5 60 kasser pr. skift. Denne kombination af automatisering og effektivitet sikrer finish af h\u00f8j kvalitet for alle vores hydrauliske cylindre.<\/p>\n<h3><strong>(5) Testning<\/strong><\/h3>\n<p>Vi har f\u00f8rsteklasses inspektionsfaciliteter og testb\u00e6nke for at sikre, at cylinderens ydeevne opfylder kravene.<\/p>\n<p><img loading=\"lazy\" decoding=\"async\" class=\"wp-image-632 aligncenter\" src=\"https:\/\/hydraulic-cylinders.net\/wp-content\/uploads\/2023\/08\/hydraulic-cylinder-product-8-300x200.webp\" alt=\"\" width=\"389\" height=\"260\" \/><\/p>\n<p>Vi er en anerkendt producent af <a href=\"https:\/\/hzpt.com\/mobile-machinery-hydraulic-cylinder\/\" target=\"_blank\" rel=\"noopener\">hydrauliske cylindre<\/a>, anerkendt som en af \u200b\u200bde bedste i branchen. Vores omfattende produktsortiment omfatter et bredt udvalg af hydrauliske cylindre, der er skr\u00e6ddersyet til at im\u00f8dekomme forskellige anvendelser. Ud over hydrauliske cylindre tilbyder vi ogs\u00e5 landbrugsgearkasser af h\u00f8j kvalitet, hvilket sikrer, at vores kunder har adgang til omfattende l\u00f8sninger til deres maskinbehov.<\/p>\n<p>Med en forpligtelse til ekspertise har vi med succes eksporteret vores produkter til kunder over hele verden og opbygget et st\u00e6rkt ry for overlegen produktkvalitet og exceptionel eftersalgsservice. Vores dedikation til kundetilfredshed har positioneret os som en betroet partner p\u00e5 b\u00e5de indenlandske og internationale markeder.<\/p>","protected":false},"excerpt":{"rendered":"<p>Crane Cylinder for Mobile Crane Outrigger Expansion The crane cylinder for mobile crane outrigger expansion is a crucial component that enhances the stability and reach of mobile cranes during lifting operations. Designed to extend and retract the outrigger beams, this hydraulic cylinder plays a vital role in providing a solid foundation and increased operational capabilities. [&hellip;]<\/p>","protected":false},"featured_media":1572,"comment_status":"open","ping_status":"closed","template":"","meta":{"_et_pb_use_builder":"","_et_pb_old_content":"","_et_gb_content_width":""},"product_brand":[],"product_cat":[1514],"product_tag":[1477,1478,1380],"class_list":{"0":"post-1570","1":"product","2":"type-product","3":"status-publish","4":"has-post-thumbnail","6":"product_cat-mobile-crane-hydraulic-cylinders","7":"product_tag-crane-cylinder","8":"product_tag-crane-hydraulic-cylinder","9":"product_tag-hydraulic-cylinder","11":"first","12":"instock","13":"shipping-taxable","14":"product-type-simple"},"amp_enabled":true,"_links":{"self":[{"href":"https:\/\/www.hydraulic-cylinders.net\/da\/wp-json\/wp\/v2\/product\/1570","targetHints":{"allow":["GET"]}}],"collection":[{"href":"https:\/\/www.hydraulic-cylinders.net\/da\/wp-json\/wp\/v2\/product"}],"about":[{"href":"https:\/\/www.hydraulic-cylinders.net\/da\/wp-json\/wp\/v2\/types\/product"}],"replies":[{"embeddable":true,"href":"https:\/\/www.hydraulic-cylinders.net\/da\/wp-json\/wp\/v2\/comments?post=1570"}],"wp:featuredmedia":[{"embeddable":true,"href":"https:\/\/www.hydraulic-cylinders.net\/da\/wp-json\/wp\/v2\/media\/1572"}],"wp:attachment":[{"href":"https:\/\/www.hydraulic-cylinders.net\/da\/wp-json\/wp\/v2\/media?parent=1570"}],"wp:term":[{"taxonomy":"product_brand","embeddable":true,"href":"https:\/\/www.hydraulic-cylinders.net\/da\/wp-json\/wp\/v2\/product_brand?post=1570"},{"taxonomy":"product_cat","embeddable":true,"href":"https:\/\/www.hydraulic-cylinders.net\/da\/wp-json\/wp\/v2\/product_cat?post=1570"},{"taxonomy":"product_tag","embeddable":true,"href":"https:\/\/www.hydraulic-cylinders.net\/da\/wp-json\/wp\/v2\/product_tag?post=1570"}],"curies":[{"name":"wp","href":"https:\/\/api.w.org\/{rel}","templated":true}]}}