{"id":15707,"date":"2025-01-19T14:52:27","date_gmt":"2025-01-19T14:52:27","guid":{"rendered":"https:\/\/www.hydraulic-cylinders.net\/product\/bucket-cylinder-for-kubota-small-excavator-u-185-3\/"},"modified":"2025-01-19T14:52:29","modified_gmt":"2025-01-19T14:52:29","slug":"bucket-cylinder-for-kubota-small-excavator-u-185-3","status":"publish","type":"product","link":"https:\/\/www.hydraulic-cylinders.net\/da\/vare\/bucket-cylinder-for-kubota-small-excavator-u-185-3\/","title":{"rendered":"Skovlcylinder til Kubota lille gravemaskine U-185-3"},"content":{"rendered":"<h2>Skovlcylinder til Kubota lille gravemaskine U-185-3<\/h2>\n<p>Skovlcylinderen til Kubota lille gravemaskine U-185-3 er en specialdesignet hydraulisk cylinder, der bruges til at styre skovlens bev\u00e6gelse i tunge maskiner s\u00e5som gravemaskiner, rendegravere og frontl\u00e6ssere. Dens hovedfunktion er at g\u00f8re det muligt for skovlen at l\u00f8fte, s\u00e6nke og vippe, hvilket g\u00f8r den praktisk til forskellige materialeh\u00e5ndteringsopgaver. I det hydrauliske system opn\u00e5r skovlcylinderen pr\u00e6cis kontrol over skovlen gennem \u00e6ndringer i hydraulikolietrykket, hvilket giver f\u00f8reren mulighed for effektivt at h\u00e5ndtere tunge l\u00e6s og tilpasse sig komplekse arbejdsmilj\u00f8er og forskellige jobkrav.<\/p>\n<p><img decoding=\"async\" src=\"https:\/\/www.hydraulic-cylinders.net\/wp-content\/uploads\/2025\/01\/songte-company-2.webp\"><\/p>\n<h3>Funktioner ved skovlcylinder til Kubota lille gravemaskine U-185-3<\/h3>\n<ol>\n<li>H\u00f8j styrke og holdbarhed: Typisk fremstillet af h\u00f8jstyrkest\u00e5l eller aluminium, kan den modst\u00e5 h\u00f8jt tryk og tunge belastninger og tilpasse sig barske arbejdsmilj\u00f8er. Designet tager h\u00f8jde for slidstyrke og korrosionsbestandighed for at forl\u00e6nge levetiden.<\/li>\n<li>Effektiv hydraulisk drift: Ved at udnytte trykket fra hydraulikolien til at opn\u00e5 j\u00e6vn ud- og indtr\u00e6kning kan den reagere hurtigt p\u00e5 styrekommandoer og levere kraftige skubbe- og tr\u00e6kkr\u00e6fter, der er egnede til h\u00e5ndtering af tunge belastninger og komplekse arbejdsopgaver.<\/li>\n<li>Forskellige typer: Cylinderen kan v\u00e6lges som enkeltvirkende (hydraulisk kun i \u00e9n retning) eller dobbeltvirkende (hydraulisk i begge retninger) alt efter behov og opfylde forskellige driftsbehov. Nogle modeller er teleskopiske, hvilket muligg\u00f8r st\u00f8rre udtr\u00e6k uden at \u00f8ge de udvendige dimensioner og er velegnede til applikationer med begr\u00e6nset plads.<\/li>\n<li>Perfekt erstatning for andre hydrauliske cylindre: Vores produkt kan perfekt erstatte andre hydrauliske cylindre og sikre kompatibilitet og ydeevne.<\/li>\n<\/ol>\n<p><img decoding=\"async\" src=\"https:\/\/www.hydraulic-cylinders.net\/wp-content\/uploads\/2025\/01\/songte-cylinder-head-with-all-kinds-excavator-models.webp\"><\/p>\n<h3>Anvendelser af skovlcylinder til Kubota lille gravemaskine U-185-3<\/h3>\n<p>Skovlcylinderen anvendes i vid udstr\u00e6kning i forskellige anvendelser, herunder:<\/p>\n<h4>Entrepren\u00f8rudstyr:<\/h4>\n<p>I gravemaskiner er de afg\u00f8rende for at grave, l\u00e6sse og flytte jord eller affald. I rendegravere hj\u00e6lper skovlcylinderen med b\u00e5de at grave og l\u00f8fte.<\/p>\n<h4>Landbrugsmaskiner:<\/h4>\n<p>Anvendes i frontl\u00e6ssere til at udgrave, l\u00f8fte og transportere jord, h\u00f8 og andre materialer.<\/p>\n<h4>Gravemaskiner:<\/h4>\n<p>Skovlcylinderen muligg\u00f8r gravehandlinger ved at lade skovlen tr\u00e6nge ned i jorden.<\/p>\n<h4>L\u00e6ssere:<\/h4>\n<p>I frontl\u00e6ssere hj\u00e6lper de med effektivt at l\u00f8fte og vippe gods.<\/p>\n<p><img decoding=\"async\" src=\"https:\/\/www.hydraulic-cylinders.net\/wp-content\/uploads\/2025\/01\/songte-oil-pipes-and-spare-parts.webp\"><\/p>\n<h3>Designovervejelser og udv\u00e6lgelseskriterier<\/h3>\n<p>Ved design og valg af skovlcylindre tages der hensyn til forskellige faktorer:<\/p>\n<ol>\n<li>B\u00e6reevne: Cylinderen er konstrueret til at modst\u00e5 de specifikke belastninger, den vil blive udsat for under drift.<\/li>\n<li>T\u00e6tning: Forskellige t\u00e6tningskomponenter, s\u00e5som stempelt\u00e6tninger og stangt\u00e6tninger, bruges til at opretholde det hydrauliske systems integritet og forhindre l\u00e6kage.<\/li>\n<li>Holdbarhed: Cylinderens konstruktion og materialer er valgt for at sikre langvarig ydeevne, selv i kr\u00e6vende milj\u00f8er.<\/li>\n<li>Sikkerhed: Sikkerhedsfunktioner er indarbejdet i designet for at beskytte operat\u00f8rer og forhindre ulykker.<\/li>\n<li>Vedligeholdelsesvenlighed: Der tages hensyn til nem vedligeholdelse og tilg\u00e6ngelighed til reparationer eller udskiftning af komponenter.<\/li>\n<\/ol>\n<p><img decoding=\"async\" src=\"https:\/\/www.hydraulic-cylinders.net\/wp-content\/uploads\/2025\/01\/songte-chushion-collar.webp\"><\/p>\n<h3>T\u00e6tning og sm\u00f8ring af cylinderen<\/h3>\n<p>Skovlcylinderen anvender forskellige t\u00e6tningskomponenter, s\u00e5som stempelt\u00e6tninger og stangt\u00e6tninger, der er fremstillet af slidst\u00e6rke materialer som polyurethan og nitrilgummi. Cylinderhuset og gevindfladerne er fint behandlet for at forbedre slidstyrken. Regelm\u00e6ssig sm\u00f8ring med en passende m\u00e6ngde hydraulikolie er n\u00f8dvendig for at sikre problemfri drift.<\/p>\n<h3>Regelm\u00e6ssig inspektion og forebyggende vedligeholdelsesforanstaltninger<\/h3>\n<p>For at opretholde optimal ydeevne og forl\u00e6nge skovlcylinderens levetid b\u00f8r der udf\u00f8res regelm\u00e6ssige inspektioner og forebyggende vedligeholdelse. Nogle anbefalede foranstaltninger omfatter:<\/p>\n<ol>\n<li>Regelm\u00e6ssig kontrol: Unders\u00f8g cylinderen for tegn p\u00e5 slid, skader eller l\u00e6kage.<\/li>\n<li>Korrekt sm\u00f8ring: S\u00f8rg for, at cylinderen er korrekt smurt i henhold til producentens anbefalinger.<\/li>\n<li>Udskiftning af pakninger: Udskift slidte eller beskadigede pakninger for at bevare det hydrauliske systems integritet.<\/li>\n<li>Kalibreringstjek: Kalibrer cylinderen med j\u00e6vne mellemrum for at sikre korrekt drift.<\/li>\n<\/ol>\n<p><img decoding=\"async\" src=\"https:\/\/www.hydraulic-cylinders.net\/wp-content\/uploads\/2025\/01\/songte-bushings-with-all-kinds-of-excavator-models.webp\"><\/p>\n<h3>Sikkerhedshensyn og milj\u00f8faktorer<\/h3>\n<p>N\u00e5r man bruger skovlcylinderen, er det vigtigt at prioritere sikkerhedsforanstaltninger for at forhindre ulykker og sikre f\u00f8rerens velbefindende. Foranstaltningerne omfatter korrekt tr\u00e6ning, brug af passende sikkerhedsudstyr og overholdelse af anbefalede driftsprocedurer.<\/p>\n<h3>Fejlfinding og almindelige problemer<\/h3>\n<p>I tilf\u00e6lde af funktionsfejl eller almindelige problemer med skovlcylinderen kan f\u00f8lgende tips og l\u00f8sninger hj\u00e6lpe med at diagnosticere og l\u00f8se problemer effektivt. Derudover kan forebyggende foranstaltninger implementeres for at minimere potentielle problemer.<\/p>\n<p><img decoding=\"async\" src=\"https:\/\/hzpt.com\/wp-content\/uploads\/2024\/11\/songte-company-1.webp\"><\/p>\n<h3>Forfatter: lyl<\/h3>\n<p>Husk at organisere artiklen logisk, bruge underoverskrifter for nem navigation, inkorporere relevante billeder eller diagrammer for at forbedre forst\u00e5elsen, og s\u00f8rg for, at indholdet er klart, pr\u00e6cist og egnet til l\u00e6sere med forskellige niveauer af teknisk viden.<\/p>\n<h2>Om vores virksomhed<\/h2>\n<p>Vi er producent af hydrauliske udskiftningscylindre og en af \u200b\u200bde f\u00f8rende producenter og grossister p\u00e5 det indenlandske og internationale marked. Vi overholder principperne om fremragende kvalitet og bruger industrialiserede produktionsstyringsstrategier i vores veludstyrede produktionsv\u00e6rksted. Med fokus p\u00e5 teknologisk talent, avanceret digitalt produktionsudstyr og professionelle testsystemer forbedrer vi l\u00f8bende vores produktionsplatform og produktionsruter af h\u00f8j kvalitet. Vores st\u00e6rke kreative evner g\u00f8r det muligt for os at im\u00f8dekomme forskellige kundebehov med h\u00f8j effektivitet, pr\u00e6cision og kvalitet.<\/p>\n<p>Derudover tilbyder vi professionalisme, internationale certificeringer, skr\u00e6ddersyede tjenester, avanceret produktionsudstyr og fremragende eftersalgsservice.<\/p>\n<p><img decoding=\"async\" src=\"https:\/\/www.hydraulic-cylinders.net\/wp-content\/uploads\/2025\/01\/songte-company-3.webp\"><\/p>\n<p>Forfatter: lyl<\/p>","protected":false},"excerpt":{"rendered":"<p>Bucket Cylinder For Kubota Small Excavator U-185-3 Bucket cylinder for Kubota small excavator U-185-3 is a specially designed hydraulic cylinder used to control the movement of the bucket in heavy machinery such as excavators, backhoe loaders, and front loaders. Its main function is to enable the bucket to lift, lower, and tilt, making it convenient [&hellip;]<\/p>","protected":false},"featured_media":14782,"comment_status":"open","ping_status":"closed","template":"","meta":{"_et_pb_use_builder":"","_et_pb_old_content":"","_et_gb_content_width":""},"product_brand":[],"product_cat":[1494],"product_tag":[1495,1496],"class_list":{"0":"post-15707","1":"product","2":"type-product","3":"status-publish","4":"has-post-thumbnail","6":"product_cat-bucket-cylinders","7":"product_tag-bucket-cylinders","8":"product_tag-hydraulic-cylinders","10":"first","11":"instock","12":"shipping-taxable","13":"product-type-simple"},"amp_enabled":true,"_links":{"self":[{"href":"https:\/\/www.hydraulic-cylinders.net\/da\/wp-json\/wp\/v2\/product\/15707","targetHints":{"allow":["GET"]}}],"collection":[{"href":"https:\/\/www.hydraulic-cylinders.net\/da\/wp-json\/wp\/v2\/product"}],"about":[{"href":"https:\/\/www.hydraulic-cylinders.net\/da\/wp-json\/wp\/v2\/types\/product"}],"replies":[{"embeddable":true,"href":"https:\/\/www.hydraulic-cylinders.net\/da\/wp-json\/wp\/v2\/comments?post=15707"}],"wp:featuredmedia":[{"embeddable":true,"href":"https:\/\/www.hydraulic-cylinders.net\/da\/wp-json\/wp\/v2\/media\/14782"}],"wp:attachment":[{"href":"https:\/\/www.hydraulic-cylinders.net\/da\/wp-json\/wp\/v2\/media?parent=15707"}],"wp:term":[{"taxonomy":"product_brand","embeddable":true,"href":"https:\/\/www.hydraulic-cylinders.net\/da\/wp-json\/wp\/v2\/product_brand?post=15707"},{"taxonomy":"product_cat","embeddable":true,"href":"https:\/\/www.hydraulic-cylinders.net\/da\/wp-json\/wp\/v2\/product_cat?post=15707"},{"taxonomy":"product_tag","embeddable":true,"href":"https:\/\/www.hydraulic-cylinders.net\/da\/wp-json\/wp\/v2\/product_tag?post=15707"}],"curies":[{"name":"wp","href":"https:\/\/api.w.org\/{rel}","templated":true}]}}