{"id":15734,"date":"2025-01-19T14:54:32","date_gmt":"2025-01-19T14:54:32","guid":{"rendered":"https:\/\/www.hydraulic-cylinders.net\/product\/bucket-cylinder-for-zhenyu-small-excavator-zy330\/"},"modified":"2025-01-19T14:54:35","modified_gmt":"2025-01-19T14:54:35","slug":"bucket-cylinder-for-zhenyu-small-excavator-zy330","status":"publish","type":"product","link":"https:\/\/www.hydraulic-cylinders.net\/da\/vare\/bucket-cylinder-for-zhenyu-small-excavator-zy330\/","title":{"rendered":"Skovlcylinder til Zhenyu lille gravemaskine ZY330"},"content":{"rendered":"<h1>Skovlcylinder til Zhenyu lille gravemaskine ZY330<\/h1>\n<h2>Indledning<\/h2>\n<p>Skovlcylinderen til Zhenyu lille gravemaskine ZY330 er en specialdesignet hydraulisk cylinder, der bruges til at styre skovlens bev\u00e6gelse i tunge maskiner s\u00e5som gravemaskiner, rendegravere og frontl\u00e6ssere. Dens hovedfunktion er at g\u00f8re det muligt for skovlen at l\u00f8fte, s\u00e6nke og vippe, hvilket g\u00f8r det lettere at udf\u00f8re forskellige materialeh\u00e5ndteringsopgaver. Skovlcylindre i hydrauliske systemer styrer den pr\u00e6cise bev\u00e6gelse af skovlen gennem \u00e6ndringer i hydraulikolietrykket, hvilket g\u00f8r det muligt for operat\u00f8rer at h\u00e5ndtere tunge l\u00e6s effektivt og tilpasse sig komplekse arbejdsmilj\u00f8er og forskellige jobkrav.<\/p>\n<p><img decoding=\"async\" src=\"https:\/\/www.hydraulic-cylinders.net\/wp-content\/uploads\/2025\/01\/songte-company-2.webp\" alt=\"Skovlcylinder til Zhenyu lille gravemaskine ZY330\"><\/p>\n<h2>Funktioner<\/h2>\n<ul>\n<li>H\u00f8j styrke og holdbarhed: Skovlcylinderen er normalt lavet af h\u00f8jstyrkest\u00e5l eller aluminium, kan modst\u00e5 h\u00f8jt tryk og tunge belastninger, tilpasse sig barske arbejdsmilj\u00f8er og er designet til slidstyrke og korrosionsbestandighed, hvilket forl\u00e6nger dens levetid.<\/li>\n<li>Effektiv hydraulisk drift: Ved at udnytte hydraulikolietrykket til at opn\u00e5 j\u00e6vn ud- og indtr\u00e6kning kan skovlcylinderen hurtigt reagere p\u00e5 styrekommandoer og levere kraftige skubbe- og tr\u00e6kkr\u00e6fter, der er egnede til h\u00e5ndtering af tunge belastninger og komplekse arbejdsopgaver.<\/li>\n<li>Forskellige typer: Enkeltvirkende (hydraulik anvendes kun i \u00e9n retning) eller dobbeltvirkende (hydraulik anvendes i begge retninger) cylindre kan v\u00e6lges efter driftsbehov. Nogle modeller er teleskopiske, hvilket giver mulighed for st\u00f8rre udtr\u00e6k uden at \u00f8ge de ydre dimensioner, og er velegnede til applikationer med begr\u00e6nset plads.<\/li>\n<li>Kan tilpasses: Vi kan producere dette produkt, og det kan perfekt erstatte disse hydrauliske cylindre.<\/li>\n<\/ul>\n<p><img decoding=\"async\" src=\"https:\/\/www.hydraulic-cylinders.net\/wp-content\/uploads\/2025\/01\/songte-cylinder-head-with-all-kinds-excavator-models.webp\" alt=\"Skovlcylinder til Zhenyu lille gravemaskine ZY330\"><\/p>\n<h2>Applikationer<\/h2>\n<p>Skovlcylinderen bruges i vid udstr\u00e6kning i forskellige udstyr s\u00e5som:<\/p>\n<ul>\n<li>Entrepren\u00f8rudstyr: I gravemaskiner er de afg\u00f8rende for at grave, l\u00e6sse og flytte jord eller affald. I rendegravere hj\u00e6lper skovlcylinderen med gravning og l\u00f8ft. <\/li>\n<li>Landbrugsmaskiner: Bruges i frontl\u00e6ssere, de skovler, l\u00f8fter og transporterer jord, h\u00f8 og andre materialer. <\/li>\n<li>Gravemaskiner: Skovlcylindere muligg\u00f8r gravefunktioner ved at lade skovlen tr\u00e6nge ned i jorden.<\/li>\n<li>Frontl\u00e6ssere: Frontl\u00e6ssere hj\u00e6lper med effektivt at l\u00f8fte og losse gods.<\/li>\n<\/ul>\n<h2>Designovervejelser og udv\u00e6lgelseskriterier<\/h2>\n<p>Skovlcylindre har nogle designm\u00e6ssige overvejelser og udv\u00e6lgelseskriterier s\u00e5som:<\/p>\n<ul>\n<li>B\u00e6reevne: Cylinderen skal have styrken til at modst\u00e5 tunge belastninger.<\/li>\n<li>T\u00e6tning: T\u00e6tninger af h\u00f8j kvalitet er n\u00f8dvendige for at forhindre l\u00e6kager og opretholde effektiv drift.<\/li>\n<li>Holdbarhed: Den skal v\u00e6re konstrueret til at modst\u00e5 slid og korrosion for at forl\u00e6nge dens levetid.<\/li>\n<li>Sikkerhed: Skovlcylindre skal v\u00e6re konstrueret til at forhindre ulykker, beskytte arbejdstagere og undg\u00e5 skader p\u00e5 udstyr.<\/li>\n<li>Vedligeholdelse: Skovlcylindre b\u00f8r v\u00e6re designet til at v\u00e6re nemme at reparere og vedligeholde.<\/li>\n<\/ul>\n<p><img decoding=\"async\" src=\"https:\/\/www.hydraulic-cylinders.net\/wp-content\/uploads\/2025\/01\/songte-oil-pipes-and-spare-parts.webp\" alt=\"Skovlcylinder til Zhenyu lille gravemaskine ZY330\"><\/p>\n<h2>T\u00e6tning og sm\u00f8ring<\/h2>\n<p>Forskellige t\u00e6tninger, s\u00e5som stempelt\u00e6tninger og stangt\u00e6tninger, anvendes i skovlcylindre. Typisk anvendes t\u00e6tninger lavet af slidst\u00e6rke materialer som polyurethan og nitrilgummi. Cylinderhuset og gevindfladerne er fint forarbejdet for at forbedre slidstyrken. Regelm\u00e6ssig sm\u00f8ring med passende m\u00e6ngder hydraulikolie er n\u00f8dvendig for at sikre lang levetid.<\/p>\n<h2>Vedligeholdelse og reparation<\/h2>\n<p>Regelm\u00e6ssig inspektion, korrekt sm\u00f8ring, udskiftning af pakninger og kalibreringstjek er almindelige vedligeholdelsesopgaver. Korrekt installation, sm\u00f8ring og justering er afg\u00f8rende, og der b\u00f8r gives korrekt vejledning i justering under installationen. Vi anbefaler at bruge passende installationsbeslag til at fastg\u00f8re cylinderen. Vi tilbyder anbefalede inspektions-, reparations- og udskiftningsprocedurer, reservedele og ombygningstjenester for at forl\u00e6nge spandcylinderens levetid.<\/p>\n<p><img decoding=\"async\" src=\"https:\/\/www.hydraulic-cylinders.net\/wp-content\/uploads\/2025\/01\/songte-chushion-collar.webp\" alt=\"Skovlcylinder til Zhenyu lille gravemaskine ZY330\"><\/p>\n<h2>Sikkerhedshensyn og milj\u00f8faktorer<\/h2>\n<p>N\u00e5r man bruger skovlcylindre, er sikkerhedsforanstaltninger afg\u00f8rende. For at forhindre potentielle problemer b\u00f8r der udf\u00f8res regelm\u00e6ssig vedligeholdelse og inspektion af udstyret. Milj\u00f8faktorer som temperatur, fugtighed og korrosive elementer b\u00f8r ogs\u00e5 tages i betragtning ved valg og brug af skovlcylindre.<\/p>\n<h2>Fejlfinding og almindelige problemer<\/h2>\n<p>Skovlcylindre kan opleve problemer s\u00e5som l\u00e6kager, lavt tryk eller langsom bev\u00e6gelse. Der gives tips til fejlfinding og probleml\u00f8sning for at hj\u00e6lpe l\u00e6serne med at diagnosticere og l\u00f8se problemer effektivt. Forebyggende foranstaltninger anbefales for at minimere potentielle problemer.<\/p>\n<p><img decoding=\"async\" src=\"https:\/\/www.hydraulic-cylinders.net\/wp-content\/uploads\/2025\/01\/songte-bushings-with-all-kinds-of-excavator-models.webp\" alt=\"Skovlcylinder til Zhenyu lille gravemaskine ZY330\"><\/p>\n<h2>Om vores virksomhed<\/h2>\n<p>We are a hydraulic cylinder manufacturer that replaces hydraulic cylinders. We have a complete range of products and have become one of the leading manufacturers and wholesale dealers of hydraulic cylinders in domestic and international markets. We adhere to the policy of excellent quality and rely on industrialization production management strategies of fine manufacturing workshops. Our company constantly improves the manufacturing platform of the workshop, perfects the product quality production line, and has strong creative ability. We satisfy customers&#8217; diverse needs with the principles of high efficiency, high precision, and high quality.<\/p>\n<p>We offer professional, international certified, customized services, advanced production equipment, and after-sales service to expand our company&#8217;s introduction.<\/p>\n<p><img decoding=\"async\" src=\"https:\/\/hzpt.com\/wp-content\/uploads\/2024\/11\/songte-company-1.webp\" alt=\"Skovlcylinder til Zhenyu lille gravemaskine ZY330\"><\/p>\n<h3>Forfatter: lyl<\/h3>","protected":false},"excerpt":{"rendered":"<p>Bucket Cylinder For Zhenyu Small Excavator ZY330 Introduction The bucket cylinder for Zhenyu small excavator ZY330 is a specially-designed hydraulic cylinder used to control the movement of the bucket in heavy machinery such as excavators, backhoe loaders, and front-end loaders. Its main function is to enable the bucket to lift, lower, and tilt, making it [&hellip;]<\/p>","protected":false},"featured_media":14787,"comment_status":"open","ping_status":"closed","template":"","meta":{"_et_pb_use_builder":"","_et_pb_old_content":"","_et_gb_content_width":""},"product_brand":[],"product_cat":[1494],"product_tag":[1495,1496],"class_list":{"0":"post-15734","1":"product","2":"type-product","3":"status-publish","4":"has-post-thumbnail","6":"product_cat-bucket-cylinders","7":"product_tag-bucket-cylinders","8":"product_tag-hydraulic-cylinders","10":"first","11":"instock","12":"shipping-taxable","13":"product-type-simple"},"amp_enabled":true,"_links":{"self":[{"href":"https:\/\/www.hydraulic-cylinders.net\/da\/wp-json\/wp\/v2\/product\/15734","targetHints":{"allow":["GET"]}}],"collection":[{"href":"https:\/\/www.hydraulic-cylinders.net\/da\/wp-json\/wp\/v2\/product"}],"about":[{"href":"https:\/\/www.hydraulic-cylinders.net\/da\/wp-json\/wp\/v2\/types\/product"}],"replies":[{"embeddable":true,"href":"https:\/\/www.hydraulic-cylinders.net\/da\/wp-json\/wp\/v2\/comments?post=15734"}],"wp:featuredmedia":[{"embeddable":true,"href":"https:\/\/www.hydraulic-cylinders.net\/da\/wp-json\/wp\/v2\/media\/14787"}],"wp:attachment":[{"href":"https:\/\/www.hydraulic-cylinders.net\/da\/wp-json\/wp\/v2\/media?parent=15734"}],"wp:term":[{"taxonomy":"product_brand","embeddable":true,"href":"https:\/\/www.hydraulic-cylinders.net\/da\/wp-json\/wp\/v2\/product_brand?post=15734"},{"taxonomy":"product_cat","embeddable":true,"href":"https:\/\/www.hydraulic-cylinders.net\/da\/wp-json\/wp\/v2\/product_cat?post=15734"},{"taxonomy":"product_tag","embeddable":true,"href":"https:\/\/www.hydraulic-cylinders.net\/da\/wp-json\/wp\/v2\/product_tag?post=15734"}],"curies":[{"name":"wp","href":"https:\/\/api.w.org\/{rel}","templated":true}]}}