{"id":15742,"date":"2025-01-19T14:55:05","date_gmt":"2025-01-19T14:55:05","guid":{"rendered":"https:\/\/www.hydraulic-cylinders.net\/product\/bucket-cylinder-for-world-middle-excavator-w2215-8\/"},"modified":"2025-01-19T14:55:07","modified_gmt":"2025-01-19T14:55:07","slug":"bucket-cylinder-for-world-middle-excavator-w2215-8","status":"publish","type":"product","link":"https:\/\/www.hydraulic-cylinders.net\/da\/vare\/bucket-cylinder-for-world-middle-excavator-w2215-8\/","title":{"rendered":"Skovlcylinder til verdens mellemgraver W2215-8"},"content":{"rendered":"<h2>Skovlcylinder til verdens mellemgraver W2215-8<\/h2>\n<p>En skovlcylinder er en specialdesignet hydraulisk cylinder, der prim\u00e6rt bruges til at styre skovlens bev\u00e6gelse i tunge maskiner s\u00e5som gravemaskiner, rendegravere og frontl\u00e6ssere. Dens hovedfunktion er at g\u00f8re det muligt for skovlen at udf\u00f8re l\u00f8fte-, s\u00e6nke- og vippebev\u00e6gelser, hvilket g\u00f8r det lettere at h\u00e5ndtere forskellige materialeh\u00e5ndteringsopgaver. I et hydraulisk system opn\u00e5r skovlcylinderen pr\u00e6cis kontrol over skovlen ved at bruge tryk\u00e6ndringen i hydraulikolien, hvilket giver operat\u00f8rerne mulighed for effektivt at h\u00e5ndtere tunge belastninger og tilpasse sig komplekse arbejdsmilj\u00f8er og forskellige driftskrav.<\/p>\n<p><img decoding=\"async\" src=\"https:\/\/www.hydraulic-cylinders.net\/wp-content\/uploads\/2025\/01\/songte-company-2.webp\" alt=\"Billede af spandcylinder\"><\/p>\n<h3>Funktioner af spandcylinder til verdens mellemgraver W2215-8<\/h3>\n<ol>\n<li>H\u00f8j styrke og holdbarhed: Typisk fremstillet af h\u00f8jstyrkest\u00e5l eller aluminium, kan den modst\u00e5 h\u00f8jt tryk og tunge belastninger og tilpasse sig barske arbejdsmilj\u00f8er. Designet tager h\u00f8jde for slidstyrke og korrosionsbestandighed, hvilket forl\u00e6nger levetiden.<\/li>\n<li>Effektiv hydraulisk drift: Ved at udnytte trykket fra hydraulikolien muligg\u00f8r den j\u00e6vne ud- og indtr\u00e6ksbev\u00e6gelser, reagerer hurtigt p\u00e5 styrekommandoer, leverer kraftige skubbe- og tr\u00e6kkr\u00e6fter og er velegnet til h\u00e5ndtering af tunge belastninger og komplekse opgaver.<\/li>\n<li>Forskellige typer: Den kan v\u00e6lges som enkeltvirkende (hydraulisk kun anvendt i \u00e9n retning) eller dobbeltvirkende (hydraulisk anvendt i begge retninger) cylindre i henhold til kravene, der opfylder forskellige driftsbehov. Nogle modeller er teleskopiske, hvilket muligg\u00f8r st\u00f8rre udtr\u00e6k uden at \u00f8ge de udvendige dimensioner, og er velegnede til applikationer med begr\u00e6nset plads.<\/li>\n<li>Erstatter perfekt OEM-cylindre: Vores produkt er designet til perfekt at erstatte disse hydrauliske cylindre.<\/li>\n<\/ol>\n<p><img decoding=\"async\" src=\"https:\/\/www.hydraulic-cylinders.net\/wp-content\/uploads\/2025\/01\/songte-cylinder-head-with-all-kinds-excavator-models.webp\" alt=\"Billede af udskiftningshydraulisk cylinder\"><\/p>\n<h3>Anvendelser af spandcylinder til verdens mellemgraver W2215-8<\/h3>\n<p>Denne skovlcylinder bruges i vid udstr\u00e6kning i forskellige entrepren\u00f8rmaskiner og landbrugsmaskiner:<\/p>\n<ul>\n<li>Entrepren\u00f8rudstyr: Det spiller en afg\u00f8rende rolle i gravemaskiner til gravning, lastning og flytning af jord eller affald. I rendegravere hj\u00e6lper skovlcylinderen med b\u00e5de udgravning og l\u00f8ft.<\/li>\n<li>Landbrugsmaskiner: Bruges i frontl\u00e6ssere til at udgrave, l\u00f8fte og transportere jord, h\u00f8 og andre materialer.<\/li>\n<li>Gravemaskiner: Skovlcylinderen muligg\u00f8r gravehandlinger ved at lade skovlen tr\u00e6nge ned i jorden.<\/li>\n<li>Frontl\u00e6ssere: Frontl\u00e6ssere hj\u00e6lper med effektiv l\u00f8ft og t\u00f8mning af varer.<\/li>\n<\/ul>\n<h3>Designovervejelser og udv\u00e6lgelseskriterier<\/h3>\n<p>N\u00e5r det kommer til designet af skovlcylinderen, tages der flere vigtige faktorer i betragtning:<\/p>\n<ul>\n<li>B\u00e6reevne<\/li>\n<li>Forseglingsevner<\/li>\n<li>Holdbarhed<\/li>\n<li>Sikkerhed<\/li>\n<li>Vedligeholdelsesevne<\/li>\n<\/ul>\n<p><img decoding=\"async\" src=\"https:\/\/www.hydraulic-cylinders.net\/wp-content\/uploads\/2025\/01\/songte-oil-pipes-and-spare-parts.webp\" alt=\"Billede af hydraulisk cylinderdesign og dele\"><\/p>\n<h3>T\u00e6tning og sm\u00f8ring<\/h3>\n<p>Skovlcylinderen anvender forskellige t\u00e6tningskomponenter s\u00e5som stempelt\u00e6tninger og stangt\u00e6tninger fremstillet af slidst\u00e6rke materialer som polyurethan og nitrilgummi. Cylinderhuset og gevindfladerne er fint forarbejdet for at forbedre slidstyrken. Regelm\u00e6ssig sm\u00f8ring med passende hydraulikolie er n\u00f8dvendig for at sikre problemfri drift.<\/p>\n<h3>Regelm\u00e6ssig inspektion og forebyggende vedligeholdelse<\/h3>\n<p>For at opretholde ydeevnen og forl\u00e6nge skovlcylinderens levetid er regelm\u00e6ssig inspektion og forebyggende vedligeholdelse afg\u00f8rende:<\/p>\n<ul>\n<li>Inspektion for tegn p\u00e5 slid eller skader<\/li>\n<li>Korrekt sm\u00f8ring<\/li>\n<li>Udskiftning af slidte eller beskadigede pakninger<\/li>\n<li>Kalibreringstjek<\/li>\n<\/ul>\n<p><img decoding=\"async\" src=\"https:\/\/www.hydraulic-cylinders.net\/wp-content\/uploads\/2025\/01\/songte-chushion-collar.webp\" alt=\"Billede af vedligeholdelse af spandcylinder\"><\/p>\n<h3>Sikkerhedshensyn og milj\u00f8faktorer<\/h3>\n<p>N\u00e5r man bruger cylinderen med skovl, er det af st\u00f8rste vigtighed at sikre korrekte sikkerhedsforanstaltninger. Tilstr\u00e6kkelig tr\u00e6ning og overholdelse af sikkerhedsprotokoller er afg\u00f8rende for at forhindre ulykker og opretholde et sikkert arbejdsmilj\u00f8. Derudover er det vigtigt at tage hensyn til milj\u00f8faktorer i forbindelse med drift og vedligeholdelse af cylinderen for at minimere enhver negativ p\u00e5virkning.<\/p>\n<h3>Fejlfinding og almindelige problemer<\/h3>\n<p>Her er nogle almindelige fejlfindingstips og l\u00f8sninger til at h\u00e5ndtere potentielle problemer:<\/p>\n<ul>\n<li>Identificering og diagnosticering af fejl<\/li>\n<li>Giver tips til fejlfinding og l\u00f8sninger<\/li>\n<li>Foresl\u00e5 forebyggende foranstaltninger<\/li>\n<\/ul>\n<p><img decoding=\"async\" src=\"https:\/\/www.hydraulic-cylinders.net\/wp-content\/uploads\/2025\/01\/songte-bushings-with-all-kinds-of-excavator-models.webp\" alt=\"Billede af fejlfinding af hydrauliske cylindere\"><\/p>\n<p>Husk at organisere artiklen logisk, bruge underoverskrifter for nem navigation, inkorporere relevante billeder eller diagrammer for forbedret forst\u00e5else, og s\u00f8rg for, at indholdet er klart, pr\u00e6cist og egnet til l\u00e6sere med forskellige tekniske vidensniveauer.<\/p>\n<h2>Om vores virksomhed<\/h2>\n<p>Vi er en f\u00f8rende producent og engrosdistribut\u00f8r af hydrauliske udskiftningscylindre. Vores brede produktsortiment har gjort os til et betroet navn p\u00e5 de indenlandske og internationale markeder. Vi overholder principperne om fremragende kvalitet og anvender industrielle produktionsstyringsstrategier i vores sofistikerede produktionsv\u00e6rksteder. Med vores team af tekniske eksperter, avanceret produktionsudstyr og professionelle testsystemer forbedrer vi l\u00f8bende vores produktionsplatform og produktionsruter for produktkvalitet. Vi har en st\u00e6rk innovationsevne og sigter mod at im\u00f8dekomme kundernes forskellige behov med h\u00f8j effektivitet, pr\u00e6cision og kvalitet.<\/p>\n<p><img decoding=\"async\" src=\"https:\/\/www.hydraulic-cylinders.net\/wp-content\/uploads\/2025\/01\/songte-company-3.webp\" alt=\"Virksomhedens image\"><\/p>\n<h3>Hvorfor v\u00e6lge os?<\/h3>\n<ul>\n<li>Ekspertise og professionalisme<\/li>\n<li>Internationale certificeringer<\/li>\n<li>Tilpasningstjenester<\/li>\n<li>Avanceret produktionsudstyr<\/li>\n<li>Eftersalgsservice<\/li>\n<\/ul>\n<p>Forfatter: lyl<\/p>","protected":false},"excerpt":{"rendered":"<p>Bucket Cylinder For World Middle Excavator W2215-8 Bucket cylinder is a specially designed hydraulic cylinder that is primarily used to control the movement of the bucket in heavy machinery such as excavators, backhoe loaders, and front loaders. Its main function is to enable the bucket to perform lifting, lowering, and tilting actions, making it easier [&hellip;]<\/p>","protected":false},"featured_media":14771,"comment_status":"open","ping_status":"closed","template":"","meta":{"_et_pb_use_builder":"","_et_pb_old_content":"","_et_gb_content_width":""},"product_brand":[],"product_cat":[1494],"product_tag":[1495,1496],"class_list":{"0":"post-15742","1":"product","2":"type-product","3":"status-publish","4":"has-post-thumbnail","6":"product_cat-bucket-cylinders","7":"product_tag-bucket-cylinders","8":"product_tag-hydraulic-cylinders","10":"first","11":"instock","12":"shipping-taxable","13":"product-type-simple"},"amp_enabled":true,"_links":{"self":[{"href":"https:\/\/www.hydraulic-cylinders.net\/da\/wp-json\/wp\/v2\/product\/15742","targetHints":{"allow":["GET"]}}],"collection":[{"href":"https:\/\/www.hydraulic-cylinders.net\/da\/wp-json\/wp\/v2\/product"}],"about":[{"href":"https:\/\/www.hydraulic-cylinders.net\/da\/wp-json\/wp\/v2\/types\/product"}],"replies":[{"embeddable":true,"href":"https:\/\/www.hydraulic-cylinders.net\/da\/wp-json\/wp\/v2\/comments?post=15742"}],"wp:featuredmedia":[{"embeddable":true,"href":"https:\/\/www.hydraulic-cylinders.net\/da\/wp-json\/wp\/v2\/media\/14771"}],"wp:attachment":[{"href":"https:\/\/www.hydraulic-cylinders.net\/da\/wp-json\/wp\/v2\/media?parent=15742"}],"wp:term":[{"taxonomy":"product_brand","embeddable":true,"href":"https:\/\/www.hydraulic-cylinders.net\/da\/wp-json\/wp\/v2\/product_brand?post=15742"},{"taxonomy":"product_cat","embeddable":true,"href":"https:\/\/www.hydraulic-cylinders.net\/da\/wp-json\/wp\/v2\/product_cat?post=15742"},{"taxonomy":"product_tag","embeddable":true,"href":"https:\/\/www.hydraulic-cylinders.net\/da\/wp-json\/wp\/v2\/product_tag?post=15742"}],"curies":[{"name":"wp","href":"https:\/\/api.w.org\/{rel}","templated":true}]}}