{"id":15743,"date":"2025-01-19T14:55:09","date_gmt":"2025-01-19T14:55:09","guid":{"rendered":"https:\/\/www.hydraulic-cylinders.net\/product\/bucket-cylinder-for-world-middle-excavator-w2225lc-8\/"},"modified":"2025-01-19T14:55:14","modified_gmt":"2025-01-19T14:55:14","slug":"bucket-cylinder-for-world-middle-excavator-w2225lc-8","status":"publish","type":"product","link":"https:\/\/www.hydraulic-cylinders.net\/da\/vare\/bucket-cylinder-for-world-middle-excavator-w2225lc-8\/","title":{"rendered":"Skovlcylinder til verdens mellemgraver W2225LC-8"},"content":{"rendered":"<h1>Skovlcylinder til verdens mellemgraver W2225LC-8<\/h1>\n<h2>Indledning<\/h2>\n<p>Skovlcylinderen til World Middle Excavator W2225LC-8 er en specialdesignet hydraulisk cylinder, der bruges til at styre bev\u00e6gelsen af \u200b\u200bskovle i tunge maskiner s\u00e5som gravemaskiner, rendegravere og frontl\u00e6ssere. Dens hovedfunktion er at g\u00f8re det muligt for skovlen at l\u00f8fte, s\u00e6nke og vippe, hvilket g\u00f8r det lettere at h\u00e5ndtere forskellige materialeh\u00e5ndteringsopgaver. I det hydrauliske system opn\u00e5r skovlcylinderen pr\u00e6cis kontrol over skovlen gennem \u00e6ndringer i hydraulikolietrykket, hvilket giver f\u00f8reren mulighed for effektivt at h\u00e5ndtere tunge l\u00e6s og tilpasse sig komplekse arbejdsmilj\u00f8er og forskellige jobkrav.<\/p>\n<p><img decoding=\"async\" src=\"https:\/\/www.hydraulic-cylinders.net\/wp-content\/uploads\/2025\/01\/songte-company-2.webp\"><\/p>\n<h2>Funktioner<\/h2>\n<ul>\n<li>H\u00f8j styrke og holdbarhed: Typisk lavet af h\u00f8jstyrkest\u00e5l eller aluminium, i stand til at modst\u00e5 h\u00f8jt tryk og tunge belastninger, og designet med hensyntagen til slidstyrke og korrosionsbestandighed for at forl\u00e6nge levetiden.<\/li>\n<li>Effektiv hydraulisk drift: J\u00e6vn forl\u00e6ngelse og sammentr\u00e6kning opn\u00e5et ved tryk fra hydraulikolien, hurtig reaktion p\u00e5 styrekommandoer, giver kraftig skubbe- og tr\u00e6kkraft, velegnet til h\u00e5ndtering af tunge belastninger og komplekse arbejdsopgaver.<\/li>\n<li>Forskellige typer: Enkeltvirkende (med hydraulik i kun \u00e9n retning) eller dobbeltvirkende (med hydraulik i begge retninger) cylindre kan v\u00e6lges efter behov for at opfylde forskellige driftskrav. Nogle modeller er teleskopiske, hvilket giver mulighed for st\u00f8rre udtr\u00e6k uden at \u00f8ge de ydre dimensioner, og er velegnede til applikationer med begr\u00e6nset plads.<\/li>\n<li>Nem udskiftning: Vores produkt kan perfekt erstatte disse hydrauliske cylindre.<\/li>\n<\/ul>\n<p><img decoding=\"async\" src=\"https:\/\/www.hydraulic-cylinders.net\/wp-content\/uploads\/2025\/01\/songte-cylinder-head-with-all-kinds-excavator-models.webp\"><\/p>\n<h2>Applikationer<\/h2>\n<p>Skovlcylinderen bruges almindeligvis i entrepren\u00f8rmaskiner s\u00e5som gravemaskiner, rendegravere og frontl\u00e6ssere, blandt andet. Her er nogle eksempler:<\/p>\n<h3>Entrepren\u00f8rudstyr<\/h3>\n<ul>\n<li><strong>Gravemaskiner:<\/strong> Skovlcylindere hj\u00e6lper med at opn\u00e5 gravefunktion ved at lade skovlen tr\u00e6nge ned i jorden.<\/li>\n<li><strong>Gravemaskiner med rendegraver:<\/strong> Skovlcylinderen hj\u00e6lper med b\u00e5de gravning og l\u00f8ft.<\/li>\n<li><strong>Frontl\u00e6ssere:<\/strong> Skovlcylindre hj\u00e6lper med effektivt at l\u00f8fte og t\u00f8mme materialer.<\/li>\n<\/ul>\n<h3>Landbrugsmaskiner<\/h3>\n<ul>\n<li><strong>Frontl\u00e6ssere:<\/strong> Bruges til lastning, l\u00f8ft og transport af jord, h\u00f8 og andre materialer.<\/li>\n<\/ul>\n<h2>Designovervejelser og udv\u00e6lgelseskriterier<\/h2>\n<p>Skovlcylinderens design tager h\u00f8jde for flere faktorer, der sikrer optimal ydeevne. Her er nogle vigtige designovervejelser og udv\u00e6lgelseskriterier:<\/p>\n<h3>B\u00e6reevne<\/h3>\n<p>Cylinderen skal kunne modst\u00e5 h\u00f8jt tryk og tunge belastninger.<\/p>\n<h3>Forsegling<\/h3>\n<p>Cylinderen skal v\u00e6re konstrueret med t\u00e6tninger af h\u00f8j kvalitet, der kan forhindre oliel\u00e6kage og sikre cylinderens problemfri drift.<\/p>\n<h3>Holdbarhed<\/h3>\n<p>Cylinderen skal v\u00e6re modstandsdygtig over for slid og korrosion og kunne modst\u00e5 barske arbejdsmilj\u00f8er.<\/p>\n<h3>Sikkerhed<\/h3>\n<p>Cylinderen b\u00f8r v\u00e6re konstrueret til at minimere risikoen for ulykker p\u00e5 grund af cylinderfejl.<\/p>\n<h3>Opretholdelse<\/h3>\n<p>Cylinderen skal v\u00e6re konstrueret, s\u00e5 vedligeholdelse og reparation er s\u00e5 let som muligt.<\/p>\n<p><img decoding=\"async\" src=\"https:\/\/www.hydraulic-cylinders.net\/wp-content\/uploads\/2025\/01\/songte-oil-pipes-and-spare-parts.webp\"><\/p>\n<h2>T\u00e6tning og sm\u00f8ring<\/h2>\n<p>Skovlcylinderen bruger forskellige t\u00e6tninger s\u00e5som stempelt\u00e6tninger, stangt\u00e6tninger og andre, der er lavet af slidst\u00e6rke materialer som polyurethan og nitrilgummi, hvor cylinderens overflade og gevindenderne er fint bearbejdet for at forbedre slidstyrken. Regelm\u00e6ssig sm\u00f8ring med hydraulikolie er n\u00f8dvendig for at sikre problemfri drift.<\/p>\n<h2>Vedligeholdelses- og forebyggende foranstaltninger<\/h2>\n<p>Regelm\u00e6ssig inspektion, korrekt sm\u00f8ring, udskiftning af pakninger og kalibreringskontroller er almindelige vedligeholdelsesopgaver, der kan bidrage til at forl\u00e6nge cylinderens levetid. Korrekt installation, sm\u00f8ring og justering er afg\u00f8rende, og der b\u00f8r gives korrekt vejledning i justering under installationen. Det anbefales at bruge passende monteringsbeslag til at fastg\u00f8re cylinderen, og der b\u00f8r etableres kontrol-, reparations- og udskiftningsprogrammer for dele for at forbedre produktets levetid. <\/p>\n<p><img decoding=\"async\" src=\"https:\/\/www.hydraulic-cylinders.net\/wp-content\/uploads\/2025\/01\/songte-chushion-collar.webp\"><\/p>\n<h2>Sikkerheds- og milj\u00f8hensyn<\/h2>\n<p>Skovlcylinderen skal installeres og anvendes i henhold til sikkerhedsforskrifterne for at forhindre ulykker. Der skal udvises tilstr\u00e6kkelig omhu for korrekt bortskaffelse af hydraulikolie og andre komponenter.<\/p>\n<h2>Fejlfinding og almindelige problemer<\/h2>\n<p>Almindelige problemer med skovlcylindre omfatter l\u00e6kager, forkert justering og slidte pakninger. Korrekt vedligeholdelse og inspektion kan forhindre disse problemer.<\/p>\n<h2>Virksomhedsintroduktion<\/h2>\n<p>Vi er en producent af hydrauliske udskiftningscylindre, der tilbyder et komplet udvalg af produkter og tjenester og er blevet en af \u200b\u200bde f\u00f8rende producenter og grossister af hydrauliske cylindre p\u00e5 det indenlandske og internationale marked. Vi overholder princippet om fremragende kvalitet, er afh\u00e6ngige af branchens produktionsstyringsstrategi med fine produktionsv\u00e6rksteder, forbedrer konstant produktionsplatformen, forbedrer produktkvaliteten af \u200b\u200bproduktionslinjerne og har en st\u00e6rk produktionskapacitet til at im\u00f8dekomme kundernes forskellige behov med h\u00f8j effektivitet, h\u00f8j pr\u00e6cision og h\u00f8j kvalitet. <\/p>\n<p>Vi tilbyder professionelle, internationalt certificerede, skr\u00e6ddersyede tjenester og har avanceret produktionsudstyr og professionelle testsystemer samt et solidt eftersalgsserviceteam for at sikre kundetilfredshed.<\/p>\n<p><img decoding=\"async\" src=\"https:\/\/hzpt.com\/wp-content\/uploads\/2024\/11\/songte-company-1.webp\"><\/p>\n<p>Forfatter: lyl.<\/p>","protected":false},"excerpt":{"rendered":"<p>Bucket Cylinder For World Middle Excavator W2225LC-8 Introduction The Bucket Cylinder for World Middle Excavator W2225LC-8 is a specially designed hydraulic cylinder used to control the movement of buckets in heavy machinery such as excavators, backhoe excavators, and front-end loaders. Its main function is to enable the bucket to lift, lower, and tilt, making it [&hellip;]<\/p>","protected":false},"featured_media":14769,"comment_status":"open","ping_status":"closed","template":"","meta":{"_et_pb_use_builder":"","_et_pb_old_content":"","_et_gb_content_width":""},"product_brand":[],"product_cat":[1494],"product_tag":[1495,1496],"class_list":{"0":"post-15743","1":"product","2":"type-product","3":"status-publish","4":"has-post-thumbnail","6":"product_cat-bucket-cylinders","7":"product_tag-bucket-cylinders","8":"product_tag-hydraulic-cylinders","10":"first","11":"instock","12":"shipping-taxable","13":"product-type-simple"},"amp_enabled":true,"_links":{"self":[{"href":"https:\/\/www.hydraulic-cylinders.net\/da\/wp-json\/wp\/v2\/product\/15743","targetHints":{"allow":["GET"]}}],"collection":[{"href":"https:\/\/www.hydraulic-cylinders.net\/da\/wp-json\/wp\/v2\/product"}],"about":[{"href":"https:\/\/www.hydraulic-cylinders.net\/da\/wp-json\/wp\/v2\/types\/product"}],"replies":[{"embeddable":true,"href":"https:\/\/www.hydraulic-cylinders.net\/da\/wp-json\/wp\/v2\/comments?post=15743"}],"wp:featuredmedia":[{"embeddable":true,"href":"https:\/\/www.hydraulic-cylinders.net\/da\/wp-json\/wp\/v2\/media\/14769"}],"wp:attachment":[{"href":"https:\/\/www.hydraulic-cylinders.net\/da\/wp-json\/wp\/v2\/media?parent=15743"}],"wp:term":[{"taxonomy":"product_brand","embeddable":true,"href":"https:\/\/www.hydraulic-cylinders.net\/da\/wp-json\/wp\/v2\/product_brand?post=15743"},{"taxonomy":"product_cat","embeddable":true,"href":"https:\/\/www.hydraulic-cylinders.net\/da\/wp-json\/wp\/v2\/product_cat?post=15743"},{"taxonomy":"product_tag","embeddable":true,"href":"https:\/\/www.hydraulic-cylinders.net\/da\/wp-json\/wp\/v2\/product_tag?post=15743"}],"curies":[{"name":"wp","href":"https:\/\/api.w.org\/{rel}","templated":true}]}}