{"id":15748,"date":"2025-01-19T14:55:47","date_gmt":"2025-01-19T14:55:47","guid":{"rendered":"https:\/\/www.hydraulic-cylinders.net\/product\/bucket-cylinder-for-world-large-excavator-w2330lc-8\/"},"modified":"2025-01-19T14:55:49","modified_gmt":"2025-01-19T14:55:49","slug":"bucket-cylinder-for-world-large-excavator-w2330lc-8","status":"publish","type":"product","link":"https:\/\/www.hydraulic-cylinders.net\/da\/vare\/bucket-cylinder-for-world-large-excavator-w2330lc-8\/","title":{"rendered":"Skovlcylinder til verdens store gravemaskine W2330LC-8"},"content":{"rendered":"<h1>Skovlcylinder til verdens store gravemaskine W2330LC-8<\/h1>\n<h2>Indledning<\/h2>\n<h3>Definition af spandcylinderen<\/h3>\n<p>Skovlcylinderen er en specialdesignet hydraulisk cylinder, der prim\u00e6rt bruges til at styre skovlens bev\u00e6gelse i tunge maskiner s\u00e5som gravemaskiner, rendegravere og frontl\u00e6ssere. Dens hovedfunktion er at g\u00f8re det muligt at l\u00f8fte, s\u00e6nke og vippe skovlen, hvilket g\u00f8r det lettere at h\u00e5ndtere forskellige materialeh\u00e5ndteringsopgaver.<\/p>\n<p>I det hydrauliske system opn\u00e5r skovlcylinderen pr\u00e6cis kontrol over skovlen gennem \u00e6ndringer i hydraulikolietrykket, hvilket g\u00f8r det muligt for f\u00f8reren effektivt at h\u00e5ndtere tunge belastninger og tilpasse sig komplekse arbejdsmilj\u00f8er og forskellige jobkrav.<\/p>\n<p><img decoding=\"async\" src=\"https:\/\/www.hydraulic-cylinders.net\/wp-content\/uploads\/2025\/01\/songte-company-2.webp\" alt=\"Billede af spandcylinder\"><\/p>\n<h3>Funktioner ved spandcylinderen<\/h3>\n<ul>\n<li><strong>H\u00f8j styrke og holdbarhed:<\/strong> Den er typisk lavet af h\u00f8jstyrkest\u00e5l eller aluminium, kan modst\u00e5 h\u00f8jt tryk og tunge belastninger, tilpasse sig barske arbejdsmilj\u00f8er og er designet til at tage hensyn til slidstyrke og korrosionsbestandighed, hvilket forl\u00e6nger levetiden.<\/li>\n<li><strong>Effektiv hydraulisk drift:<\/strong> Ved at udnytte hydraulisk olietryk til at opn\u00e5 j\u00e6vne forl\u00e6ngelses- og sammentr\u00e6kningsbev\u00e6gelser, kan den hurtigt reagere p\u00e5 betjeningskommandoer, yde kraftige skubbe- og tr\u00e6kkr\u00e6fter og er velegnet til h\u00e5ndtering af tunge belastninger og komplekse arbejdsopgaver.<\/li>\n<li><strong>Forskellige typer:<\/strong> Enkeltvirkende (hydraulisk bruges kun i \u00e9n retning) eller dobbeltvirkende (hydraulisk bruges i begge retninger) cylindre kan v\u00e6lges efter behov, og nogle modeller er teleskopiske, hvilket giver mulighed for st\u00f8rre udtr\u00e6k uden at \u00f8ge de udvendige dimensioner, velegnede til applikationer med begr\u00e6nset plads.<\/li>\n<li><strong>Udskiftelig:<\/strong> Vores produkt kan perfekt erstatte disse hydrauliske cylindre. <\/li>\n<\/ul>\n<p><img decoding=\"async\" src=\"https:\/\/www.hydraulic-cylinders.net\/wp-content\/uploads\/2025\/01\/songte-cylinder-head-with-all-kinds-excavator-models.webp\" alt=\"Udskiftning af spandcylinder\"><\/p>\n<h3>Anvendelser af spandcylinderen<\/h3>\n<p>Skovlcylinderen bruges i vid udstr\u00e6kning i forskellige tunge maskiner, herunder:<\/p>\n<ul>\n<li><strong>Entrepren\u00f8rudstyr:<\/strong> I gravemaskiner er de afg\u00f8rende for udgravning, lastning og flytning af jord eller affald. I rendegravere hj\u00e6lper skovlcylinderen med b\u00e5de gravning og l\u00f8ft. <\/li>\n<li><strong>Landbrugsmaskiner:<\/strong> Anvendes til frontl\u00e6ssere, til opsamling, l\u00f8ft og transport af jord, h\u00f8 og andre materialer. <\/li>\n<li><strong>Gravemaskiner:<\/strong> Skovlcylinderen muligg\u00f8r gravefunktion ved at lade skovlen tr\u00e6nge ned i jorden. <\/li>\n<li><strong>L\u00e6ssere:<\/strong> I frontl\u00e6ssere hj\u00e6lper de med effektivt at l\u00f8fte og tippe gods. <\/li>\n<\/ul>\n<h3>Designovervejelser og udv\u00e6lgelseskriterier<\/h3>\n<p>Ved design af skovlcylindre skal flere faktorer tages i betragtning, herunder:<\/p>\n<ul>\n<li><strong>B\u00e6reevne:<\/strong> Cylinderen skal v\u00e6re konstrueret til at modst\u00e5 de belastninger, der er forbundet med udstyret og anvendelsen.<\/li>\n<li><strong>Forsegling:<\/strong> Cylinderen skal v\u00e6re forseglet for at forhindre v\u00e6skel\u00e6kage.<\/li>\n<li><strong>Holdbarhed:<\/strong> Cylinderen skal v\u00e6re konstrueret af materialer, der kan modst\u00e5 det barske arbejdsmilj\u00f8 og er modstandsdygtige over for slid og korrosion.<\/li>\n<li><strong>Sikkerhed:<\/strong> Cylinderen skal v\u00e6re konstrueret med sikkerhed i tankerne for at forhindre personskade eller skade p\u00e5 udstyr.<\/li>\n<li><strong>Vedligeholdelsesevne:<\/strong> Cylinderen skal v\u00e6re designet til nem vedligeholdelse og reparation.<\/li>\n<\/ul>\n<p><img decoding=\"async\" src=\"https:\/\/www.hydraulic-cylinders.net\/wp-content\/uploads\/2025\/01\/songte-oil-pipes-and-spare-parts.webp\" alt=\"Design af spandcylinder\"><\/p>\n<h3>T\u00e6tning og sm\u00f8ring<\/h3>\n<p>Skovlcylinderen er udstyret med forskellige t\u00e6tninger, s\u00e5som stempelt\u00e6tningsring og stangt\u00e6tningsring, lavet af slidst\u00e6rke materialer som polyurethan og nitrilgummi. Cylinderhuset og gevindenden er fint bearbejdet for at forbedre slidstyrken. Det er n\u00f8dvendigt at tils\u00e6tte en passende m\u00e6ngde hydraulikolie regelm\u00e6ssigt til sm\u00f8ring.<\/p>\n<h3>Inspektion og forebyggende vedligeholdelse<\/h3>\n<p>Regelm\u00e6ssige inspektioner og forebyggende vedligeholdelse er afg\u00f8rende for at sikre korrekt drift af skovlcylindre. F\u00f8lgende er almindelige vedligeholdelsesopgaver:<\/p>\n<ul>\n<li>Regelm\u00e6ssige inspektioner<\/li>\n<li>Korrekt sm\u00f8ring<\/li>\n<li>Udskiftning af pakning<\/li>\n<li>Kalibreringskontrol<\/li>\n<\/ul>\n<p><img decoding=\"async\" src=\"https:\/\/www.hydraulic-cylinders.net\/wp-content\/uploads\/2025\/01\/songte-chushion-collar.webp\" alt=\"Vedligeholdelse af spandcylinder\"><\/p>\n<h3>Sikkerhedshensyn og milj\u00f8faktorer<\/h3>\n<p>Ved brug af spandcylinderen skal der tr\u00e6ffes sikkerhedsforanstaltninger for at forhindre personskade eller skade p\u00e5 udstyr. Det er vigtigt at f\u00f8lge producentens anvisninger for korrekt installation og brug. Milj\u00f8faktorer som temperatur og fugtighed kan ogs\u00e5 p\u00e5virke cylinderens drift og b\u00f8r tages i betragtning.<\/p>\n<h3>Fejlfinding og almindelige problemer<\/h3>\n<p>Ved fejlfinding af spandcylinder kan almindelige problemer omfatte v\u00e6skel\u00e6kage, tryktab og cylinderdrift. F\u00f8lgende er nogle l\u00f8sninger p\u00e5 disse problemer:<\/p>\n<ul>\n<li>V\u00e6skel\u00e6kage: Kontroller pakningerne, og udskift dem om n\u00f8dvendigt.<\/li>\n<li>Tryktab: Kontroller det hydrauliske system, og reparer eventuelle l\u00e6kager.<\/li>\n<li>Cylinderdrift: Kontroller ventiler og pakninger, og reparer eller udskift om n\u00f8dvendigt.<\/li>\n<\/ul>\n<p><img decoding=\"async\" src=\"https:\/\/www.hydraulic-cylinders.net\/wp-content\/uploads\/2025\/01\/songte-bushings-with-all-kinds-of-excavator-models.webp\" alt=\"Fejlfinding af spandcylinder\"><\/p>\n<h2>Virksomhedsintroduktion<\/h2>\n<p>Vi er en producent af udskiftningsdele til hydrauliske cylindre. Vi har et komplet produktsortiment og er blevet en af \u200b\u200bde f\u00f8rende producenter og engrosdistribut\u00f8rer af hydrauliske cylindre p\u00e5 det indenlandske og internationale marked. Vi overholder princippet om fremragende kvalitet, s\u00e6tter vores \u00e6re i den industrielle produktionsstyringsstrategi fra sofistikerede produktionsv\u00e6rksteder og forbedrer l\u00f8bende v\u00e6rkstedets produktionsplatform. Vi har st\u00e6rke kreative evner og kan im\u00f8dekomme kundernes forskellige behov med h\u00f8j effektivitet, h\u00f8j pr\u00e6cision og h\u00f8je kvalitetsprincipper.<\/p>\n<p>Vores virksomhed tilbyder professionelle, internationalt certificerede, skr\u00e6ddersyede tjenester og har avanceret produktionsudstyr og fremragende eftersalgsservice.<\/p>\n<p><img decoding=\"async\" src=\"https:\/\/hzpt.com\/wp-content\/uploads\/2024\/11\/songte-company-1.webp\" alt=\"Virksomhedens image\"><\/p>\n<p>Vores produkter har en bred vifte af anvendelser og er velegnede til forskellige brancher, herunder byggeri, landbrug, minedrift og mere. Vi er forpligtet til at levere produkter og tjenester af h\u00f8j kvalitet til vores kunder og sikre deres tilfredshed.<\/p>\n<p>Forfatter: lyl<\/p>","protected":false},"excerpt":{"rendered":"<p>Bucket Cylinder For World Large Excavator W2330LC-8 Introduction Defining the Bucket Cylinder The Bucket Cylinder is a specially designed hydraulic cylinder that is primarily used to control the movement of the bucket in heavy machinery such as excavators, backhoes, and front loaders. Its main function is to enable the bucket to be lifted, lowered, and [&hellip;]<\/p>","protected":false},"featured_media":14788,"comment_status":"open","ping_status":"closed","template":"","meta":{"_et_pb_use_builder":"","_et_pb_old_content":"","_et_gb_content_width":""},"product_brand":[],"product_cat":[1494],"product_tag":[1495,1496],"class_list":{"0":"post-15748","1":"product","2":"type-product","3":"status-publish","4":"has-post-thumbnail","6":"product_cat-bucket-cylinders","7":"product_tag-bucket-cylinders","8":"product_tag-hydraulic-cylinders","10":"first","11":"instock","12":"shipping-taxable","13":"product-type-simple"},"amp_enabled":true,"_links":{"self":[{"href":"https:\/\/www.hydraulic-cylinders.net\/da\/wp-json\/wp\/v2\/product\/15748","targetHints":{"allow":["GET"]}}],"collection":[{"href":"https:\/\/www.hydraulic-cylinders.net\/da\/wp-json\/wp\/v2\/product"}],"about":[{"href":"https:\/\/www.hydraulic-cylinders.net\/da\/wp-json\/wp\/v2\/types\/product"}],"replies":[{"embeddable":true,"href":"https:\/\/www.hydraulic-cylinders.net\/da\/wp-json\/wp\/v2\/comments?post=15748"}],"wp:featuredmedia":[{"embeddable":true,"href":"https:\/\/www.hydraulic-cylinders.net\/da\/wp-json\/wp\/v2\/media\/14788"}],"wp:attachment":[{"href":"https:\/\/www.hydraulic-cylinders.net\/da\/wp-json\/wp\/v2\/media?parent=15748"}],"wp:term":[{"taxonomy":"product_brand","embeddable":true,"href":"https:\/\/www.hydraulic-cylinders.net\/da\/wp-json\/wp\/v2\/product_brand?post=15748"},{"taxonomy":"product_cat","embeddable":true,"href":"https:\/\/www.hydraulic-cylinders.net\/da\/wp-json\/wp\/v2\/product_cat?post=15748"},{"taxonomy":"product_tag","embeddable":true,"href":"https:\/\/www.hydraulic-cylinders.net\/da\/wp-json\/wp\/v2\/product_tag?post=15748"}],"curies":[{"name":"wp","href":"https:\/\/api.w.org\/{rel}","templated":true}]}}