{"id":15749,"date":"2025-01-19T14:55:52","date_gmt":"2025-01-19T14:55:52","guid":{"rendered":"https:\/\/www.hydraulic-cylinders.net\/product\/bucket-cylinder-for-world-large-excavator-w2360blc-8\/"},"modified":"2025-01-19T14:55:54","modified_gmt":"2025-01-19T14:55:54","slug":"bucket-cylinder-for-world-large-excavator-w2360blc-8","status":"publish","type":"product","link":"https:\/\/www.hydraulic-cylinders.net\/da\/vare\/bucket-cylinder-for-world-large-excavator-w2360blc-8\/","title":{"rendered":"Skovlcylinder til verdens store gravemaskine W2360BLC-8"},"content":{"rendered":"<h1>Skovlcylinder til verdens store gravemaskine W2360BLC-8<\/h1>\n<h2>Indledning<\/h2>\n<p>Skovlcylinderen er en specialdesignet hydraulisk cylinder, der bruges til at styre skovlens bev\u00e6gelse i tunge maskiner s\u00e5som gravemaskiner, rendegravere og frontl\u00e6ssere. Dens hovedfunktion er at g\u00f8re det muligt for skovlen at l\u00f8fte, s\u00e6nke og vippe, hvilket g\u00f8r det lettere at udf\u00f8re forskellige materialeh\u00e5ndteringsopgaver. I det hydrauliske system opn\u00e5r skovlcylinderen pr\u00e6cis kontrol over skovlen gennem tryk\u00e6ndringen af \u200b\u200bhydraulikolien, hvilket g\u00f8r det muligt for operat\u00f8rer effektivt at h\u00e5ndtere tunge l\u00e6s og tilpasse sig komplekse arbejdsmilj\u00f8er og forskellige driftskrav.<\/p>\n<p><img decoding=\"async\" src=\"https:\/\/www.hydraulic-cylinders.net\/wp-content\/uploads\/2025\/01\/songte-company-2.webp\" alt=\"Spandens cylinder\" \/><\/p>\n<h2>Funktioner<\/h2>\n<ul>\n<li>H\u00f8j styrke og holdbarhed: Normalt lavet af h\u00f8jstyrkest\u00e5l eller aluminium, kan det modst\u00e5 h\u00f8jt tryk og tunge belastninger, tilpasse sig barske arbejdsmilj\u00f8er og har god slidstyrke og korrosionsbestandighed, hvilket forl\u00e6nger dets levetid.<\/li>\n<li>Effektiv hydraulisk betjening: J\u00e6vn teleskopisk bev\u00e6gelse opn\u00e5s ved at udnytte trykket fra hydraulikolien, som kan reagere hurtigt p\u00e5 styrekommandoer, give kraftig tr\u00e6k- og trykkraft og er velegnet til h\u00e5ndtering af tunge genstande og komplekse driftsopgaver.<\/li>\n<li>Forskellige typer: Enkeltvirkende (hydraulisk kun anvendt i \u00e9n retning) eller dobbeltvirkende (hydraulisk anvendt i to retninger) cylindre kan v\u00e6lges efter behov for at opfylde forskellige driftskrav. Nogle modeller er teleskopiske, hvilket giver mulighed for st\u00f8rre udtr\u00e6k uden at \u00f8ge de udvendige dimensioner og er velegnede til applikationer med begr\u00e6nset plads.<\/li>\n<li>Udskiftelig: Vores produkt kan perfekt erstatte disse hydrauliske cylindre.<\/li>\n<\/ul>\n<p><img decoding=\"async\" src=\"https:\/\/www.hydraulic-cylinders.net\/wp-content\/uploads\/2025\/01\/songte-cylinder-head-with-all-kinds-excavator-models.webp\" alt=\"Skovlcylindermodeller\" \/><\/p>\n<h2>Applikationer<\/h2>\n<p>Skovlcylinderen anvendes i vid udstr\u00e6kning i forskellige tunge maskiner. Dens prim\u00e6re anvendelser omfatter:<\/p>\n<ul>\n<li>Entrepren\u00f8rudstyr: I gravemaskiner er de afg\u00f8rende for at grave, l\u00e6sse og flytte jord eller affald. I rendegravere hj\u00e6lper skovlcylinderen med at grave og l\u00f8fte.<\/li>\n<li>Landbrugsmaskiner: Bruges i frontl\u00e6ssere til at udgrave, l\u00f8fte og transportere jord, h\u00f8 og andre materialer.<\/li>\n<li>Gravemaskiner: Skovlcylinderen muligg\u00f8r gravefunktion ved at lade skovlen tr\u00e6nge ned i jorden.<\/li>\n<li>L\u00e6ssere: Frontl\u00e6ssere hj\u00e6lper med at l\u00f8fte og vippe gods effektivt.<\/li>\n<\/ul>\n<h2>Produktdesign og udv\u00e6lgelsesstandarder<\/h2>\n<p>Skovlcylinderen er designet til at opfylde h\u00f8je ydeevne- og sikkerhedsstandarder. Her er nogle af de vigtigste designovervejelser:<\/p>\n<ul>\n<li>B\u00e6reevne: Cylinderen skal kunne modst\u00e5 h\u00f8je belastninger og tryk\u00e6ndringer uden deformation eller svigt.<\/li>\n<li>T\u00e6tning: Cylinderen skal bruge t\u00e6tningskomponenter af h\u00f8j kvalitet, s\u00e5som stempelt\u00e6tninger og stangt\u00e6tninger, for at forhindre oliel\u00e6kage og opretholde hydraulisk tryk.<\/li>\n<li>Holdbarhed: Cylinderen skal v\u00e6re lavet af materialer af h\u00f8j kvalitet for at modst\u00e5 slid, korrosion og tr\u00e6thedsskader.<\/li>\n<li>Sikkerhed: Cylinderen skal have tilstr\u00e6kkelige sikkerhedsfunktioner s\u00e5som trykaflastningsventiler og n\u00f8dstopknapper for at forhindre ulykker.<\/li>\n<li>Vedligeholdelsesvenlighed: Cylinderen skal v\u00e6re nem at vedligeholde og reparere, med lettilg\u00e6ngelige komponenter og udskiftelige dele.<\/li>\n<\/ul>\n<p><img decoding=\"async\" src=\"https:\/\/www.hydraulic-cylinders.net\/wp-content\/uploads\/2025\/01\/songte-oil-pipes-and-spare-parts.webp\" alt=\"Hydrauliske cylinderdele\" \/><\/p>\n<h2>T\u00e6tning og sm\u00f8ring<\/h2>\n<p>Skovlcylinderen bruger forskellige t\u00e6tningskomponenter, s\u00e5som stempelt\u00e6tninger og stangt\u00e6tninger, og disse komponenter er lavet af slidst\u00e6rke materialer s\u00e5som polyurethan og nitrilgummi. Cylinderens hus og gevindoverflade gennemg\u00e5r fin bearbejdning for at forbedre slidstyrken. Regelm\u00e6ssig tils\u00e6tning af den passende m\u00e6ngde hydraulikolie er ogs\u00e5 vigtigt for at sikre korrekt sm\u00f8ring.<\/p>\n<h2>Vedligeholdelse og reparation<\/h2>\n<p>Regelm\u00e6ssig inspektion og forebyggende vedligeholdelse er afg\u00f8rende for at sikre skovlcylinderens levetid og ydeevne. Almindelige vedligeholdelsesopgaver omfatter:<\/p>\n<ul>\n<li>Regelm\u00e6ssig inspektion<\/li>\n<li>Korrekt sm\u00f8ring<\/li>\n<li>Udskiftning af pakning<\/li>\n<li>Kalibreringskontrol<\/li>\n<\/ul>\n<p>Det er vigtigt at montere skovlcylinderen korrekt for at sikre dens optimale ydeevne. Korrekt justering, brug af passende monteringsbeslag til at fastg\u00f8re cylinderen og overholdelse af anbefalede inspektions-, reparations- og udskiftningsprocedurer kan ogs\u00e5 bidrage til at forl\u00e6nge cylinderens levetid.<\/p>\n<p><img decoding=\"async\" src=\"https:\/\/www.hydraulic-cylinders.net\/wp-content\/uploads\/2025\/01\/songte-chushion-collar.webp\" alt=\"Pudekrave\" \/><\/p>\n<h2>Sikkerhedshensyn og milj\u00f8faktorer<\/h2>\n<p>Ved betjening af skovlcylinderen skal sikkerhedsforanstaltninger s\u00e5som at b\u00e6re beskyttelsesudstyr, holde tilstr\u00e6kkelig afstand og undg\u00e5 overbelastning af cylinderen f\u00f8lges. Det er ogs\u00e5 vigtigt at bortskaffe brugt hydraulikolie og andet affald korrekt for at beskytte milj\u00f8et.<\/p>\n<h2>Fejlfinding og almindelige problemer<\/h2>\n<p>Nogle almindelige problemer, der kan opst\u00e5 med skovlcylinderen, omfatter oliel\u00e6kage, utilstr\u00e6kkeligt tryk og forkert installation. For at diagnosticere og fejlfinde disse problemer er det n\u00f8dvendigt omhyggeligt at unders\u00f8ge cylinderens komponenter, s\u00e5som t\u00e6tninger, pakninger og fittings, og f\u00f8lge de anbefalede reparations- og udskiftningsprocedurer. Forebyggende foranstaltninger, s\u00e5som regelm\u00e6ssig inspektion og korrekt sm\u00f8ring, kan ogs\u00e5 hj\u00e6lpe med at reducere sandsynligheden for disse problemer.<\/p>\n<p><img decoding=\"async\" src=\"https:\/\/www.hydraulic-cylinders.net\/wp-content\/uploads\/2025\/01\/songte-bushings-with-all-kinds-of-excavator-models.webp\" alt=\"Skovlcylinderb\u00f8sninger\" \/><\/p>\n<h2>Om vores virksomhed<\/h2>\n<p>Vi er en f\u00f8rende producent og engrosdistribut\u00f8r af hydrauliske cylindre p\u00e5 det indenlandske og internationale marked. Vores produktsortiment er alsidigt, og vi str\u00e6ber efter fremragende kvalitet gennem industrialiserede produktionsstyringsstrategier i vores pr\u00e6cisionsproduktionsv\u00e6rksteder. Vores virksomhed forbedrer l\u00f8bende produktionsplatformen og produktkvaliteten ved hj\u00e6lp af teknologiske talenter, digitalt avanceret produktionsudstyr og professionelle testsystemer. Vi har en st\u00e6rk innovationskapacitet og overholder principperne om h\u00f8j effektivitet, h\u00f8j pr\u00e6cision og h\u00f8j kvalitet for at im\u00f8dekomme forskellige kunders behov.<\/p>\n<p><img decoding=\"async\" src=\"https:\/\/hzpt.com\/wp-content\/uploads\/2024\/11\/songte-company-1.webp\" alt=\"Firmabygning\" \/><\/p>\n<h2>Professionalitet<\/h2>\n<p>Vi har et team af erfarne fagfolk, der specialiserer sig i design, fremstilling og reparation af hydrauliske cylindre. Vores personale gennemg\u00e5r regelm\u00e6ssig tr\u00e6ning for at holde sig ajour med de nyeste branchentrends og teknologier og dermed kunne levere service af h\u00f8j kvalitet til vores kunder.<\/p>\n<h2>International certificering<\/h2>\n<p>Vores virksomhed har opn\u00e5et internationale certificeringer som ISO 9001 og CE, hvilket demonstrerer vores engagement i kvalitets- og sikkerhedsstandarder.<\/p>\n<h2>Tilpasningstjenester<\/h2>\n<p>Vi leverer skr\u00e6ddersyede hydrauliske cylinderl\u00f8sninger, der opfylder vores kunders specifikke behov, og tilbyder en r\u00e6kke tilpasningstjenester s\u00e5som design, materialevalg og testning.<\/p>\n<h2>Produktionsudstyr<\/h2>\n<p>Vores produktionsfaciliteter er udstyret med avancerede CNC-bearbejdningscentre, honemaskiner og andet avanceret produktionsudstyr for at sikre n\u00f8jagtigheden og kvaliteten af \u200b\u200bvores produkter.<\/p>\n<h2>Eftersalgsservice<\/h2>\n<p>Vi tilbyder omfattende eftersalgsservice, herunder teknisk support, reparation og udskiftning, for at sikre kundetilfredshed og langsigtet ydeevne for vores produkter.<\/p>\n<p>Forfatter: lyl<\/p>","protected":false},"excerpt":{"rendered":"<p>Bucket Cylinder For World Large Excavator W2360BLC-8 Introduction The bucket cylinder is a specially designed hydraulic cylinder used to control the movement of the bucket in heavy machinery such as excavators, backhoes, and front loaders. Its main function is to enable the bucket to lift, lower, and tilt, making it easier for various material handling [&hellip;]<\/p>","protected":false},"featured_media":14787,"comment_status":"open","ping_status":"closed","template":"","meta":{"_et_pb_use_builder":"","_et_pb_old_content":"","_et_gb_content_width":""},"product_brand":[],"product_cat":[1494],"product_tag":[1495,1496],"class_list":{"0":"post-15749","1":"product","2":"type-product","3":"status-publish","4":"has-post-thumbnail","6":"product_cat-bucket-cylinders","7":"product_tag-bucket-cylinders","8":"product_tag-hydraulic-cylinders","10":"first","11":"instock","12":"shipping-taxable","13":"product-type-simple"},"amp_enabled":true,"_links":{"self":[{"href":"https:\/\/www.hydraulic-cylinders.net\/da\/wp-json\/wp\/v2\/product\/15749","targetHints":{"allow":["GET"]}}],"collection":[{"href":"https:\/\/www.hydraulic-cylinders.net\/da\/wp-json\/wp\/v2\/product"}],"about":[{"href":"https:\/\/www.hydraulic-cylinders.net\/da\/wp-json\/wp\/v2\/types\/product"}],"replies":[{"embeddable":true,"href":"https:\/\/www.hydraulic-cylinders.net\/da\/wp-json\/wp\/v2\/comments?post=15749"}],"wp:featuredmedia":[{"embeddable":true,"href":"https:\/\/www.hydraulic-cylinders.net\/da\/wp-json\/wp\/v2\/media\/14787"}],"wp:attachment":[{"href":"https:\/\/www.hydraulic-cylinders.net\/da\/wp-json\/wp\/v2\/media?parent=15749"}],"wp:term":[{"taxonomy":"product_brand","embeddable":true,"href":"https:\/\/www.hydraulic-cylinders.net\/da\/wp-json\/wp\/v2\/product_brand?post=15749"},{"taxonomy":"product_cat","embeddable":true,"href":"https:\/\/www.hydraulic-cylinders.net\/da\/wp-json\/wp\/v2\/product_cat?post=15749"},{"taxonomy":"product_tag","embeddable":true,"href":"https:\/\/www.hydraulic-cylinders.net\/da\/wp-json\/wp\/v2\/product_tag?post=15749"}],"curies":[{"name":"wp","href":"https:\/\/api.w.org\/{rel}","templated":true}]}}