{"id":15750,"date":"2025-01-19T14:55:56","date_gmt":"2025-01-19T14:55:56","guid":{"rendered":"https:\/\/www.hydraulic-cylinders.net\/product\/bucket-cylinder-for-world-large-excavator-w2700-8\/"},"modified":"2025-01-19T14:55:58","modified_gmt":"2025-01-19T14:55:58","slug":"bucket-cylinder-for-world-large-excavator-w2700-8","status":"publish","type":"product","link":"https:\/\/www.hydraulic-cylinders.net\/da\/vare\/bucket-cylinder-for-world-large-excavator-w2700-8\/","title":{"rendered":"Skovlcylinder til verdens store gravemaskine W2700-8"},"content":{"rendered":"<h2>Skovlcylinder til verdens store gravemaskine W2700-8<\/h2>\n<h3>Indledning<\/h3>\n<p>Skovlcylinderen, en specialiseret hydraulisk cylinder, bruges prim\u00e6rt til at styre skovlens bev\u00e6gelse i tunge maskiner s\u00e5som gravemaskiner, rendegravere og frontl\u00e6ssere. Dens hovedfunktion er at g\u00f8re det muligt for skovlen at l\u00f8fte, s\u00e6nke og vippe, hvilket letter forskellige materialeh\u00e5ndteringsopgaver. I det hydrauliske system opn\u00e5r skovlcylinderen pr\u00e6cis kontrol over skovlen gennem \u00e6ndringer i hydraulikolietrykket, hvilket g\u00f8r det muligt for operat\u00f8rer at h\u00e5ndtere tunge l\u00e6s effektivt og tilpasse sig komplekse arbejdsmilj\u00f8er og forskellige jobkrav.<\/p>\n<p><img decoding=\"async\" src=\"https:\/\/www.hydraulic-cylinders.net\/wp-content\/uploads\/2025\/01\/songte-company-2.webp\" alt=\"Billede af spandcylinder\"><\/p>\n<h3>Funktioner<\/h3>\n<ul>\n<li>H\u00f8j styrke og holdbarhed: Normalt lavet af h\u00f8jstyrkest\u00e5l eller aluminium, i stand til at modst\u00e5 h\u00f8jt tryk og tunge belastninger, tilpasser sig barske arbejdsmilj\u00f8er, designet med hensyntagen til slidstyrke og korrosionsbestandighed, hvilket forl\u00e6nger levetiden.<\/li>\n<li>Effektiv hydraulisk drift: Udnytter trykket fra hydraulikolien til at opn\u00e5 j\u00e6vne teleskopbev\u00e6gelser, reagerer hurtigt p\u00e5 styrekommandoer, giver kraftig skubbe- og tr\u00e6kkraft, er velegnet til h\u00e5ndtering af tunge belastninger og komplekse arbejdsopgaver.<\/li>\n<li>Forskellige typer: Enkeltvirkende (hydraulisk i kun \u00e9n retning) eller dobbeltvirkende (hydraulisk i begge retninger) cylindre kan v\u00e6lges efter behov. Nogle modeller er teleskopiske, hvilket muligg\u00f8r st\u00f8rre udtr\u00e6k uden at \u00f8ge de ydre dimensioner og er velegnede til applikationer med begr\u00e6nset plads.<\/li>\n<li>Kan erstatte andre hydrauliske cylindre.<\/li>\n<\/ul>\n<p><img decoding=\"async\" src=\"https:\/\/www.hydraulic-cylinders.net\/wp-content\/uploads\/2025\/01\/songte-cylinder-head-with-all-kinds-excavator-models.webp\" alt=\"Billede af udskiftning af spandcylinder\"><\/p>\n<h3>Applikationer<\/h3>\n<p>Skovlcylinderen bruges i vid udstr\u00e6kning i forskellige tunge maskiner, s\u00e5som:<\/p>\n<ul>\n<li>Entrepren\u00f8rudstyr: De findes i gravemaskiner og er afg\u00f8rende for at grave, l\u00e6sse og flytte jord eller affald. I rendegravere hj\u00e6lper skovlcylinderen med b\u00e5de gravning og l\u00f8ft. <\/li>\n<li>Landbrugsmaskiner: Bruges i frontl\u00e6ssere til at skovle, l\u00f8fte og transportere jord, h\u00f8 og andre materialer. <\/li>\n<li>Gravemaskiner: Skovlcylinderen muligg\u00f8r gravefunktion ved at lade skovlen tr\u00e6nge ned i jorden. <\/li>\n<li>Frontl\u00e6ssere: De hj\u00e6lper med effektivt at l\u00f8fte og vippe varer.<\/li>\n<\/ul>\n<h3>Designovervejelser og udv\u00e6lgelseskriterier<\/h3>\n<p>Ved design af skovlcylinderen tages der h\u00f8jde for flere overvejelser, s\u00e5som b\u00e6reevne, t\u00e6tning, holdbarhed, sikkerhed og vedligeholdelsesvenlighed. <\/p>\n<ul>\n<li>B\u00e6reevne: Cylinderen skal v\u00e6re konstrueret til at modst\u00e5 store belastninger og trykudsving.<\/li>\n<li>T\u00e6tning: Forskellige typer t\u00e6tningskomponenter, s\u00e5som stempelt\u00e6tninger og stangt\u00e6tninger, er lavet af slidst\u00e6rke materialer som polyurethan og nitrilgummi for bedre holdbarhed.<\/li>\n<li>Holdbarhed: Cylinderhuset og gevindenden er fint forarbejdet for at forbedre slidstyrken.<\/li>\n<li>Sikkerhed: Passende sikkerhedsforanstaltninger s\u00e5som trykaflastningsventiler og n\u00f8dstopkontakter skal indarbejdes for at sikre operat\u00f8rens sikkerhed.<\/li>\n<li>Vedligeholdelsesvenlighed: Cylinderen skal v\u00e6re designet til nem vedligeholdelse og reparation. <\/li>\n<\/ul>\n<p><img decoding=\"async\" src=\"https:\/\/www.hydraulic-cylinders.net\/wp-content\/uploads\/2025\/01\/songte-oil-pipes-and-spare-parts.webp\" alt=\"Billede af dele af skovlcylinder\"><\/p>\n<h3>T\u00e6tning og sm\u00f8ring<\/h3>\n<p>Forskellige t\u00e6tningskomponenter s\u00e5som stempelt\u00e6tninger, stangt\u00e6tninger og viskert\u00e6tninger anvendes til at forhindre l\u00e6kage og sikre en problemfri drift af cylinderen. Slidst\u00e6rke materialer s\u00e5som polyurethan og nitrilgummi foretr\u00e6kkes for bedre holdbarhed. Cylinderhuset og gevindets endeflade er fint bearbejdet for at forbedre deres slidstyrke. Regelm\u00e6ssig p\u00e5f\u00f8ring af hydraulikolie er n\u00f8dvendig for at sm\u00f8re cylinderen for problemfri drift.<\/p>\n<h3>Vedligeholdelse og reparation<\/h3>\n<p>Korrekt vedligeholdelse er afg\u00f8rende for at sikre skovlcylinderens levetid og effektivitet. Regelm\u00e6ssige kontroller og forebyggende vedligeholdelsesforanstaltninger s\u00e5som sm\u00f8ring, udskiftning af pakninger og kalibreringskontroller anbefales. I tilf\u00e6lde af funktionsfejl b\u00f8r der anvendes hurtig diagnose og effektive fejlfindingsmetoder. Det er vigtigt at sikre korrekt justering af cylinderen under installationen og bruge passende monteringsbeslag til at fastg\u00f8re den. Regelm\u00e6ssig udskiftning af komponenter og reparation anbefales for at forbedre skovlcylinderens levetid.<\/p>\n<p><img decoding=\"async\" src=\"https:\/\/www.hydraulic-cylinders.net\/wp-content\/uploads\/2025\/01\/songte-chushion-collar.webp\" alt=\"Billede af spandcylinderkrave\"><\/p>\n<h3>Sikkerheds- og milj\u00f8hensyn<\/h3>\n<p>N\u00e5r skovlcylinderen bruges, skal sikkerhedsforanstaltninger s\u00e5som trykaflastningsventiler og n\u00f8dstopkontakter tages i betragtning for at sikre f\u00f8rerens sikkerhed. Overholdelse af milj\u00f8forskrifter og sikkerhedsstandarder er afg\u00f8rende for at undg\u00e5 potentielle farer eller milj\u00f8skader.<\/p>\n<h3>Fejldiagnose og fejlfinding<\/h3>\n<p>Nogle almindelige problemer relateret til skovlcylinderen er l\u00e6kage, pludselige stop og langsom bev\u00e6gelse. Korrekt diagnose og effektive fejlfindingsmetoder b\u00f8r anvendes for at l\u00f8se disse problemer. Regelm\u00e6ssig vedligeholdelse og forebyggende foranstaltninger s\u00e5som sm\u00f8ring og udskiftning af pakninger anbefales for at undg\u00e5 potentielle problemer.<\/p>\n<p><img decoding=\"async\" src=\"https:\/\/www.hydraulic-cylinders.net\/wp-content\/uploads\/2025\/01\/songte-bushings-with-all-kinds-of-excavator-models.webp\" alt=\"Billede af skovlcylinderb\u00f8sning\"><\/p>\n<h3>Om vores virksomhed<\/h3>\n<p>Vi er en f\u00f8rende producent og engrosdistribut\u00f8r af hydrauliske cylindre p\u00e5 b\u00e5de indenlandske og internationale markeder. Vi specialiserer os i produktion af forskellige typer hydrauliske cylindre og tilbyder skr\u00e6ddersyede tjenester. Vi overholder principperne om ekspertise inden for kvalitet og produktionsstyring og bruger h\u00f8jt kvalificeret personale, digitaliseret avanceret produktionsudstyr og professionelle testsystemer til l\u00f8bende at forbedre vores produktionsplatform, perfektionere vores produktionslinje med produktkvalitet og besidder st\u00e6rke produktionskapaciteter med h\u00f8j effektivitet, n\u00f8jagtighed og h\u00f8j kvalitet for at im\u00f8dekomme forskellige kundekrav.<\/p>\n<ul>\n<li>Professionalitet<\/li>\n<li>International certificering<\/li>\n<li>Tilpassede tjenester<\/li>\n<li>Produktionsudstyr<\/li>\n<li>Eftersalgsservice<\/li>\n<\/ul>\n<p><img decoding=\"async\" src=\"https:\/\/hzpt.com\/wp-content\/uploads\/2024\/11\/songte-company-1.webp\" alt=\"Virksomhedens image\"><\/p>\n<p>Forfatter: lyl<\/p>","protected":false},"excerpt":{"rendered":"<p>Bucket Cylinder For World Large Excavator W2700-8 Introduction The bucket cylinder, a specialized hydraulic cylinder, is primarily used to control the movement of the bucket in heavy machinery such as excavators, backhoe loaders, and front-end loaders. Its main function is to enable the bucket to lift, lower, and tilt, facilitating various material handling tasks. In [&hellip;]<\/p>","protected":false},"featured_media":14785,"comment_status":"open","ping_status":"closed","template":"","meta":{"_et_pb_use_builder":"","_et_pb_old_content":"","_et_gb_content_width":""},"product_brand":[],"product_cat":[1494],"product_tag":[1495,1496],"class_list":{"0":"post-15750","1":"product","2":"type-product","3":"status-publish","4":"has-post-thumbnail","6":"product_cat-bucket-cylinders","7":"product_tag-bucket-cylinders","8":"product_tag-hydraulic-cylinders","10":"first","11":"instock","12":"shipping-taxable","13":"product-type-simple"},"amp_enabled":true,"_links":{"self":[{"href":"https:\/\/www.hydraulic-cylinders.net\/da\/wp-json\/wp\/v2\/product\/15750","targetHints":{"allow":["GET"]}}],"collection":[{"href":"https:\/\/www.hydraulic-cylinders.net\/da\/wp-json\/wp\/v2\/product"}],"about":[{"href":"https:\/\/www.hydraulic-cylinders.net\/da\/wp-json\/wp\/v2\/types\/product"}],"replies":[{"embeddable":true,"href":"https:\/\/www.hydraulic-cylinders.net\/da\/wp-json\/wp\/v2\/comments?post=15750"}],"wp:featuredmedia":[{"embeddable":true,"href":"https:\/\/www.hydraulic-cylinders.net\/da\/wp-json\/wp\/v2\/media\/14785"}],"wp:attachment":[{"href":"https:\/\/www.hydraulic-cylinders.net\/da\/wp-json\/wp\/v2\/media?parent=15750"}],"wp:term":[{"taxonomy":"product_brand","embeddable":true,"href":"https:\/\/www.hydraulic-cylinders.net\/da\/wp-json\/wp\/v2\/product_brand?post=15750"},{"taxonomy":"product_cat","embeddable":true,"href":"https:\/\/www.hydraulic-cylinders.net\/da\/wp-json\/wp\/v2\/product_cat?post=15750"},{"taxonomy":"product_tag","embeddable":true,"href":"https:\/\/www.hydraulic-cylinders.net\/da\/wp-json\/wp\/v2\/product_tag?post=15750"}],"curies":[{"name":"wp","href":"https:\/\/api.w.org\/{rel}","templated":true}]}}