{"id":15752,"date":"2025-01-19T14:56:05","date_gmt":"2025-01-19T14:56:05","guid":{"rendered":"https:\/\/www.hydraulic-cylinders.net\/product\/bucket-cylinder-for-jingong-crawler-excavator-jcm915-lc\/"},"modified":"2025-01-19T14:56:07","modified_gmt":"2025-01-19T14:56:07","slug":"bucket-cylinder-for-jingong-crawler-excavator-jcm915-lc","status":"publish","type":"product","link":"https:\/\/www.hydraulic-cylinders.net\/da\/vare\/bucket-cylinder-for-jingong-crawler-excavator-jcm915-lc\/","title":{"rendered":"Skovlcylinder til Jingong b\u00e6ltegraver JCM915-LC"},"content":{"rendered":"<p><!DOCTYPE html><br \/>\n<html><br \/>\n<head><br \/>\n<title>Skovlcylinder til Jingong b\u00e6ltegraver JCM915-LC<\/title><br \/>\n<\/head><br \/>\n<body><\/p>\n<h1>Skovlcylinder til Jingong b\u00e6ltegraver JCM915-LC<\/h1>\n<h2>Indledning<\/h2>\n<p>Skovlcylinderen til Jingong-larveb\u00e5ndsgravemaskinen JCM915-LC er en specialdesignet hydraulisk cylinder, der prim\u00e6rt bruges til at styre skovlens bev\u00e6gelse i tunge maskiner s\u00e5som gravemaskiner, rendegravere og frontl\u00e6ssere. Dens hovedfunktion er at g\u00f8re det muligt for skovlen at l\u00f8fte, s\u00e6nke og vippe, hvilket g\u00f8r den velegnet til forskellige materialeh\u00e5ndteringsopgaver. I det hydrauliske system opn\u00e5r skovlcylinderen pr\u00e6cis kontrol over skovlen ved at udnytte \u00e6ndringer i hydraulikolietrykket, hvilket giver operat\u00f8rerne mulighed for effektivt at h\u00e5ndtere tunge belastninger og tilpasse sig komplekse arbejdsmilj\u00f8er og forskellige jobkrav.<\/p>\n<p><img decoding=\"async\" src=\"https:\/\/www.hydraulic-cylinders.net\/wp-content\/uploads\/2025\/01\/songte-company-2.webp\" alt=\"Produktbillede\"><\/p>\n<h2>Funktioner<\/h2>\n<ul>\n<li>H\u00f8j styrke og holdbarhed: Skovlcylinderen er typisk lavet af h\u00f8jstyrkest\u00e5l eller aluminium og kan modst\u00e5 h\u00f8jt tryk og tunge belastninger og tilpasse sig barske arbejdsforhold. Dens design tager h\u00f8jde for slidstyrke og korrosionsbestandighed, hvilket forl\u00e6nger dens levetid.<\/li>\n<li>Effektiv hydraulisk drift: Ved at udnytte hydraulikolietrykket opn\u00e5r skovlcylinderen j\u00e6vne ud- og indtr\u00e6ksbev\u00e6gelser, hvilket muligg\u00f8r hurtig reaktion p\u00e5 styrekommandoer og giver kraftige skubbe- og tr\u00e6kkr\u00e6fter, hvilket g\u00f8r den velegnet til h\u00e5ndtering af tunge l\u00e6s og komplekse arbejdsopgaver.<\/li>\n<li>Forskellige typer: Skovlcylinderen kan v\u00e6lges som enkeltvirkende (hydraulisk bruges kun i \u00e9n retning) eller dobbeltvirkende (hydraulisk bruges i begge retninger) baseret p\u00e5 specifikke driftskrav. Visse modeller er teleskopiske, hvilket giver mulighed for st\u00f8rre udtr\u00e6k uden at \u00f8ge de udvendige dimensioner, hvilket g\u00f8r dem velegnede til applikationer med begr\u00e6nset plads.<\/li>\n<\/ul>\n<p><img decoding=\"async\" src=\"https:\/\/www.hydraulic-cylinders.net\/wp-content\/uploads\/2025\/01\/songte-cylinder-head-with-all-kinds-excavator-models.webp\" alt=\"Produktbillede\"><\/p>\n<h2>Applikationer<\/h2>\n<ul>\n<li>Entrepren\u00f8rudstyr: De findes i gravemaskiner og er afg\u00f8rende for at grave, l\u00e6sse og flytte jord eller affald. I rendegravere hj\u00e6lper skovlcylinderen med b\u00e5de at grave og l\u00f8fte.<\/li>\n<li>Landbrugsmaskiner: Bruges i frontl\u00e6ssere, og de hj\u00e6lper med at udgrave, l\u00f8fte og transportere jord, h\u00f8 og andre materialer.<\/li>\n<li>Gravemaskiner: Skovlcylinderen muligg\u00f8r gravehandlinger ved at lade skovlen tr\u00e6nge ned i jorden.<\/li>\n<li>L\u00e6ssere: I frontl\u00e6ssere bidrager de til effektiv l\u00f8ft og t\u00f8mning af gods.<\/li>\n<\/ul>\n<h2>Designovervejelser og udv\u00e6lgelseskriterier<\/h2>\n<ul>\n<li>B\u00e6reevne: Skovlcylinderen er designet til at modst\u00e5 specifikke belastninger og b\u00f8r v\u00e6lges i overensstemmelse hermed.<\/li>\n<li>T\u00e6tning: Forskellige t\u00e6tningskomponenter s\u00e5som stempelt\u00e6tninger og stangt\u00e6tninger anvendes til at sikre effektiv t\u00e6tning og forhindre oliel\u00e6kage.<\/li>\n<li>Holdbarhed: Skovlcylinderen er designet til at modst\u00e5 barske driftsforhold og b\u00f8r v\u00e6re lavet af materialer, der tilbyder h\u00f8j slidstyrke og korrosionsbestandighed.<\/li>\n<li>Sikkerhed: Sikkerhedsfunktioner s\u00e5som trykaflastningsventiler og sikkerhedsl\u00e5se b\u00f8r indarbejdes i designet for at sikre sikker drift.<\/li>\n<li>Vedligeholdelsesvenlighed: Designet skal muligg\u00f8re nem vedligeholdelse og reparation, med tilg\u00e6ngelige komponenter og klare instruktioner til adskillelse og samling.<\/li>\n<\/ul>\n<p><img decoding=\"async\" src=\"https:\/\/www.hydraulic-cylinders.net\/wp-content\/uploads\/2025\/01\/songte-oil-pipes-and-spare-parts.webp\" alt=\"Produktbillede\"><\/p>\n<h2>T\u00e6tning og sm\u00f8ring<\/h2>\n<p>Skovlcylinderen anvender forskellige t\u00e6tningskomponenter s\u00e5som stempelt\u00e6tninger og stangt\u00e6tninger, som er lavet af slidst\u00e6rke materialer s\u00e5som polyurethan og nitrilgummi. Cylinderhuset og gevindfladerne gennemg\u00e5r fin bearbejdning for at forbedre slidstyrken. Regelm\u00e6ssig sm\u00f8ring med den passende m\u00e6ngde hydraulikolie er n\u00f8dvendig for at sikre problemfri drift og lang levetid.<\/p>\n<h2>Regelm\u00e6ssig inspektion og forebyggende vedligeholdelse<\/h2>\n<ul>\n<li>Inspicer regelm\u00e6ssigt skovlcylinderen for tegn p\u00e5 slid, l\u00e6kage eller skader.<\/li>\n<li>Udf\u00f8r regelm\u00e6ssig sm\u00f8ring for at sikre problemfri drift og forhindre for tidlig slitage.<\/li>\n<li>Udskift pakninger og t\u00e6tninger efter behov for at opretholde korrekt t\u00e6tning og forhindre oliel\u00e6kage.<\/li>\n<li>Udf\u00f8r kalibreringskontroller for at sikre n\u00f8jagtig drift.<\/li>\n<\/ul>\n<h2>Produktinstallationsvejledning<\/h2>\n<p>Korrekt installation af skovlcylinderen er afg\u00f8rende for dens ydeevne og levetid. Det anbefales at f\u00f8lge disse retningslinjer:<\/p>\n<ul>\n<li>S\u00f8rg for korrekt justering af cylinderen under installationen.<\/li>\n<li>Brug passende monteringsbeslag til at fastg\u00f8re cylinderen p\u00e5 plads.<\/li>\n<li>F\u00f8lg de anbefalede procedurer for inspektion, reparation og udskiftning.<\/li>\n<li>Lever reservedele og ombygningstjenester for at forl\u00e6nge spandcylinderens levetid.<\/li>\n<\/ul>\n<p><img decoding=\"async\" src=\"https:\/\/www.hydraulic-cylinders.net\/wp-content\/uploads\/2025\/01\/songte-chushion-collar.webp\" alt=\"Produktbillede\"><\/p>\n<h2>Sikkerhedshensyn og milj\u00f8faktorer<\/h2>\n<p>N\u00e5r man bruger skovlcylinderen, er det vigtigt at prioritere sikkerhedsforanstaltninger for at forhindre ulykker og sikre f\u00f8rerens velbefindende. Sikkerhedsforanstaltninger s\u00e5som at b\u00e6re passende personlige v\u00e6rnemidler og f\u00f8lge korrekte driftsprocedurer b\u00f8r f\u00f8lges. Milj\u00f8faktorer s\u00e5som hydraulikolies p\u00e5virkning af milj\u00f8et b\u00f8r ogs\u00e5 tages i betragtning, og korrekte bortskaffelsesmetoder b\u00f8r f\u00f8lges.<\/p>\n<h2>Fejlfinding og almindelige problemer<\/h2>\n<p>N\u00e5r man st\u00f8der p\u00e5 problemer med skovlcylinderen, er det vigtigt at diagnosticere problemet korrekt og implementere passende l\u00f8sninger. Almindelige fejlfindingstips og l\u00f8sninger omfatter:<\/p>\n<ul>\n<li>Kontroll\u00e9r for l\u00f8se forbindelser eller beskadigede komponenter, og sp\u00e6nd eller udskift dem i overensstemmelse hermed.<\/li>\n<li>Unders\u00f8g det hydrauliske system for eventuelle l\u00e6kager, og reparer dem omg\u00e5ende.<\/li>\n<li>S\u00f8rg for korrekt sm\u00f8ring, og udskift slidte dele efter behov.<\/li>\n<li>Implementer forebyggende foranstaltninger for at minimere potentielle problemer, s\u00e5som regelm\u00e6ssig vedligeholdelse og inspektion.<\/li>\n<\/ul>\n<p><img decoding=\"async\" src=\"https:\/\/www.hydraulic-cylinders.net\/wp-content\/uploads\/2025\/01\/songte-bushings-with-all-kinds-of-excavator-models.webp\" alt=\"Produktbillede\"><\/p>\n<p>Det er vigtigt at organisere artiklen logisk, bruge underoverskrifter for nem navigation, inkorporere relevante billeder eller diagrammer for at forbedre forst\u00e5elsen og sikre indholdets klarhed, pr\u00e6cision og egnethed til l\u00e6sere med forskellige niveauer af teknisk viden.<\/p>\n<h2>Om vores virksomhed<\/h2>\n<p>Vi er producent af hydrauliske udskiftningscylindre og tilbyder en bred vifte af produkter. Vi er blevet en af \u200b\u200bde f\u00f8rende producenter og engrosdistribut\u00f8rer af hydrauliske cylindre p\u00e5 b\u00e5de indenlandske og internationale markeder. Vi overholder principperne om fremragende kvalitet og bruger industrialiserede produktionsstyringsstrategier i vores veludstyrede produktionsv\u00e6rksteder. Vores virksomhed forbedrer konstant produktionsplatformen, perfektionerer produktionsruterne for produktkvalitet og har en st\u00e6rk kreativ evne. Vi str\u00e6ber efter at im\u00f8dekomme vores kunders forskellige behov med h\u00f8j effektivitet, pr\u00e6cision og kvalitet.<\/p>\n<p><img decoding=\"async\" src=\"https:\/\/www.hydraulic-cylinders.net\/wp-content\/uploads\/2025\/01\/songte-company-3.webp\" alt=\"Virksomhedens image\"><\/p>\n<h3>Professionalitet<\/h3>\n<p>Vi kan prale af et team af dygtige fagfolk, der sikrer de h\u00f8jeste standarder for kvalitet i vores produkter og tjenester.<\/p>\n<h3>Internationale certificeringer<\/h3>\n<p>Vi har opn\u00e5et forskellige internationale certificeringer, der bekr\u00e6fter kvaliteten og p\u00e5lideligheden af \u200b\u200bvores produkter.<\/p>\n<h3>Tilpasningstjenester<\/h3>\n<p>Vi tilbyder skr\u00e6ddersyede l\u00f8sninger, der opfylder vores kunders specifikke krav.<\/p>\n<h3>Produktionsudstyr<\/h3>\n<p>Vi anvender avanceret produktionsudstyr for at sikre pr\u00e6cision og effektivitet i vores produktionsprocesser.<\/p>\n<h3>Eftersalgsservice<\/h3>\n<p>Vi tilbyder omfattende eftersalgsservice for at hj\u00e6lpe vores kunder med eventuelle sp\u00f8rgsm\u00e5l eller problemer, de m\u00e5tte have.<\/p>\n<p><img decoding=\"async\" src=\"https:\/\/hzpt.com\/wp-content\/uploads\/2024\/11\/songte-company-1.webp\" alt=\"Virksomhedens image\"><\/p>\n<p>Forfatter: lyl<\/p>\n<p><\/body><br \/>\n<\/html><\/p>","protected":false},"excerpt":{"rendered":"<p>Bucket Cylinder For Jingong Crawler Excavator JCM915-LC Bucket Cylinder For Jingong Crawler Excavator JCM915-LC Introduction The Bucket Cylinder for Jingong Crawler Excavator JCM915-LC is a specially designed hydraulic cylinder that is primarily used to control the movement of the bucket in heavy machinery such as excavators, backhoe excavators, and front-end loaders. Its main function is [&hellip;]<\/p>","protected":false},"featured_media":14782,"comment_status":"open","ping_status":"closed","template":"","meta":{"_et_pb_use_builder":"","_et_pb_old_content":"","_et_gb_content_width":""},"product_brand":[],"product_cat":[1494],"product_tag":[1495,1496],"class_list":{"0":"post-15752","1":"product","2":"type-product","3":"status-publish","4":"has-post-thumbnail","6":"product_cat-bucket-cylinders","7":"product_tag-bucket-cylinders","8":"product_tag-hydraulic-cylinders","10":"first","11":"instock","12":"shipping-taxable","13":"product-type-simple"},"amp_enabled":true,"_links":{"self":[{"href":"https:\/\/www.hydraulic-cylinders.net\/da\/wp-json\/wp\/v2\/product\/15752","targetHints":{"allow":["GET"]}}],"collection":[{"href":"https:\/\/www.hydraulic-cylinders.net\/da\/wp-json\/wp\/v2\/product"}],"about":[{"href":"https:\/\/www.hydraulic-cylinders.net\/da\/wp-json\/wp\/v2\/types\/product"}],"replies":[{"embeddable":true,"href":"https:\/\/www.hydraulic-cylinders.net\/da\/wp-json\/wp\/v2\/comments?post=15752"}],"wp:featuredmedia":[{"embeddable":true,"href":"https:\/\/www.hydraulic-cylinders.net\/da\/wp-json\/wp\/v2\/media\/14782"}],"wp:attachment":[{"href":"https:\/\/www.hydraulic-cylinders.net\/da\/wp-json\/wp\/v2\/media?parent=15752"}],"wp:term":[{"taxonomy":"product_brand","embeddable":true,"href":"https:\/\/www.hydraulic-cylinders.net\/da\/wp-json\/wp\/v2\/product_brand?post=15752"},{"taxonomy":"product_cat","embeddable":true,"href":"https:\/\/www.hydraulic-cylinders.net\/da\/wp-json\/wp\/v2\/product_cat?post=15752"},{"taxonomy":"product_tag","embeddable":true,"href":"https:\/\/www.hydraulic-cylinders.net\/da\/wp-json\/wp\/v2\/product_tag?post=15752"}],"curies":[{"name":"wp","href":"https:\/\/api.w.org\/{rel}","templated":true}]}}