{"id":15755,"date":"2025-01-19T14:56:20","date_gmt":"2025-01-19T14:56:20","guid":{"rendered":"https:\/\/www.hydraulic-cylinders.net\/product\/bucket-cylinder-for-jingong-crawler-excavator-jcm937\/"},"modified":"2025-01-19T14:56:22","modified_gmt":"2025-01-19T14:56:22","slug":"bucket-cylinder-for-jingong-crawler-excavator-jcm937","status":"publish","type":"product","link":"https:\/\/www.hydraulic-cylinders.net\/da\/vare\/bucket-cylinder-for-jingong-crawler-excavator-jcm937\/","title":{"rendered":"Skovlcylinder til Jingong b\u00e6ltegraver JCM937"},"content":{"rendered":"<p><h2>Skovlcylinder til Jingong b\u00e6ltegraver JCM937<\/h2><\/p>\n<p><h3>Indledning<\/h3><\/p>\n<p>En skovlcylinder er en specialdesignet hydraulisk cylinder, der prim\u00e6rt bruges til at styre bev\u00e6gelsen af \u200b\u200bskovle i tunge maskiner s\u00e5som gravemaskiner, rendegravere og frontl\u00e6ssere. Dens hovedfunktion er at lette materialeh\u00e5ndteringsopgaver ved at tillade, at skovlen kan l\u00f8ftes, s\u00e6nkes og vippes efter behov. I hydrauliske systemer opn\u00e5r skovlcylinderen pr\u00e6cis kontrol over skovlen gennem \u00e6ndringer i hydraulikolietrykket, hvilket g\u00f8r det muligt for operat\u00f8rer at h\u00e5ndtere tunge l\u00e6s effektivt, tilpasse sig komplekse arbejdsmilj\u00f8er og forskellige driftsbehov.<\/p>\n<p><img decoding=\"async\" src=\"https:\/\/www.hydraulic-cylinders.net\/wp-content\/uploads\/2025\/01\/songte-company-2.webp\" alt=\"Skovlcylinder til Jingong b\u00e6ltegraver JCM937 billede\"><\/p>\n<p><h3>Funktioner<\/h3><\/p>\n<ul>\n<li>H\u00f8j styrke og holdbarhed: Typisk lavet af h\u00f8jstyrkest\u00e5l eller aluminium, kan den modst\u00e5 h\u00f8jt tryk og tunge belastninger, tilpasse sig barske arbejdsmilj\u00f8er og er designet med slidstyrke og korrosionsbestandighed i tankerne for at forl\u00e6nge dens levetid.<\/li>\n<li>Effektiv hydraulisk drift: Udnytter hydraulikolietrykket til at opn\u00e5 en j\u00e6vn ud- og tilbagetr\u00e6kningsbev\u00e6gelse, reagerer hurtigt p\u00e5 kontrolkommandoer og giver st\u00e6rke tr\u00e6k- og skubkr\u00e6fter, der er velegnede til h\u00e5ndtering af tunge belastninger og komplekse driftsopgaver.<\/li>\n<li>Forskellige typer: Enkeltvirkende (hydraulisk kun i \u00e9n retning) eller dobbeltvirkende (hydraulisk i begge retninger) cylindre kan v\u00e6lges efter behov for at opfylde forskellige driftskrav. Nogle modeller er teleskopiske, hvilket muligg\u00f8r st\u00f8rre udtr\u00e6k uden at \u00f8ge de udvendige dimensioner og er velegnede til applikationer med begr\u00e6nset plads.<\/li>\n<li>Kan tilpasses: Vi kan producere dette produkt, og vores produkt kan perfekt erstatte disse hydrauliske cylindre.<\/li>\n<\/ul>\n<p><img decoding=\"async\" src=\"https:\/\/www.hydraulic-cylinders.net\/wp-content\/uploads\/2025\/01\/songte-cylinder-head-with-all-kinds-excavator-models.webp\" alt=\"Skovlcylinder til Jingong b\u00e6ltegraver JCM937 billede\"><\/p>\n<p><h3>Applikationer<\/h3><\/p>\n<p>Skovlcylindre anvendes i vid udstr\u00e6kning inden for forskellige omr\u00e5der, herunder:<\/p>\n<ul>\n<li>Entrepren\u00f8rudstyr: I gravemaskiner er de afg\u00f8rende for udgravning, lastning og flytning af jord eller affald. I rendegravere hj\u00e6lper skovlcylindre b\u00e5de med udgravning og l\u00f8ft. Frontl\u00e6ssere bruger skovlcylindre til at lette l\u00f8ft og t\u00f8mning af varer effektivt.<\/li>\n<li>Landbrugsmaskiner: Bruges i frontl\u00e6ssere til at skovle, l\u00f8fte og transportere jord, h\u00f8 og andre materialer. I gravemaskiner muligg\u00f8r skovlcylindre gravehandlinger ved at lade skovlen tr\u00e6nge ned i jorden.<\/li>\n<\/ul>\n<p><h3>Designovervejelser og udv\u00e6lgelseskriterier<\/h3><\/p>\n<p>Fra et designperspektiv er de vigtigste faktorer, der skal overvejes ved valg af skovlcylindre, b\u00e6reevne, t\u00e6tningsevne, holdbarhed, sikkerhed og reparationsmuligheder. <\/p>\n<ul>\n<li>B\u00e6reevne: Skovlcylindre skal v\u00e6re i stand til at h\u00e5ndtere v\u00e6gten og kraften fra de materialer, der flyttes.<\/li>\n<li>T\u00e6tningsevne: Forskellige t\u00e6tningskomponenter s\u00e5som stempelt\u00e6tninger, stangt\u00e6tninger osv., fremstillet af slidst\u00e6rke materialer som polyurethan, nitrilgummi osv., skal anvendes for at sikre god t\u00e6tningsevne.<\/li>\n<li>Holdbarhed: Cylinderhuset og gevindfladerne skal gennemg\u00e5 pr\u00e6cis bearbejdning for at forbedre slidstyrken. Regelm\u00e6ssig sm\u00f8ring med tilstr\u00e6kkelig hydraulikolie er n\u00f8dvendig for at sikre lang levetid.<\/li>\n<li>Sikkerhed: Cylinderen skal installeres korrekt og v\u00e6re designet til at forhindre utilsigtet bev\u00e6gelse eller ulykker.<\/li>\n<li>Reparerbarhed: Produkter skal designes med fokus p\u00e5 nem vedligeholdelse for at sikre, at de kan repareres hurtigt.<\/li>\n<\/ul>\n<p><img decoding=\"async\" src=\"https:\/\/www.hydraulic-cylinders.net\/wp-content\/uploads\/2025\/01\/songte-oil-pipes-and-spare-parts.webp\" alt=\"Skovlcylinder til Jingong b\u00e6ltegraver JCM937 billede\"><\/p>\n<p><h3>T\u00e6tning og sm\u00f8ring<\/h3><\/p>\n<p>For at sikre god t\u00e6tningsevne skal der anvendes forskellige t\u00e6tningskomponenter, s\u00e5som stempelpakninger, stangpakninger osv., der er fremstillet af slidst\u00e6rke materialer som polyurethan, nitrilgummi osv.. Cylinderhuset og gevindfladerne skal gennemg\u00e5 en pr\u00e6cis bearbejdning for at forbedre slidstyrken. Regelm\u00e6ssig sm\u00f8ring med tilstr\u00e6kkelig hydraulikolie er n\u00f8dvendig for at sikre en lang levetid.<\/p>\n<p><h3>Vedligeholdelse og reparation<\/h3><\/p>\n<p>For at vedligeholde skovlcylinderen er regelm\u00e6ssig inspektion, korrekt sm\u00f8ring, udskiftning af pakninger og kalibreringskontroller n\u00f8dvendige.<\/p>\n<ul>\n<li>Inspektion: Regelm\u00e6ssig inspektion af cylinderhuset og gevindenderne er n\u00f8dvendig for at sikre, at de er i god stand.<\/li>\n<li>Sm\u00f8ring: Korrekt sm\u00f8ring er n\u00f8dvendig for at sikre cylinderens levetid og forhindre skader p\u00e5 grund af manglende sm\u00f8ring.<\/li>\n<li>Udskiftning af pakninger: Det er vigtigt at udskifte pakninger for at sikre cylinderens t\u00e6tningsevne, da denne kan blive kompromitteret over tid.<\/li>\n<\/ul>\n<p><img decoding=\"async\" src=\"https:\/\/www.hydraulic-cylinders.net\/wp-content\/uploads\/2025\/01\/songte-chushion-collar.webp\" alt=\"Skovlcylinder til Jingong b\u00e6ltegraver JCM937 billede\"><\/p>\n<p><h3>Sikkerheds- og milj\u00f8hensyn<\/h3><\/p>\n<p>Ved brug af skovlcylindre skal sikkerhedsforanstaltninger f\u00f8lges for at forhindre ulykker. Det er ogs\u00e5 vigtigt at sikre, at milj\u00f8forskrifterne overholdes ved bortskaffelse af spildolie eller hydrauliske v\u00e6sker.<\/p>\n<p><h3>Fejlfinding og almindelige problemer<\/h3><\/p>\n<p>F\u00f8lgende er nogle almindelige problemer og l\u00f8sninger til skovlcylindre:<\/p>\n<ul>\n<li>Oliel\u00e6kage: Kontroller t\u00e6tningskomponenterne, udskift dem om n\u00f8dvendigt, og s\u00f8rg for, at de er installeret korrekt og sp\u00e6ndt ordentligt.<\/li>\n<li>Langsom ud- eller indtr\u00e6kning: Kontroller hydraulikolieforsyningen, filtrene og ventilerne, og s\u00f8rg for, at de er rene og fri for skader eller blokeringer.<\/li>\n<li>For meget st\u00f8j eller vibrationer: Kontroller cylinderhus, stang og stempel for skader eller slid, og udskift dem om n\u00f8dvendigt.<\/li>\n<\/ul>\n<p><img decoding=\"async\" src=\"https:\/\/www.hydraulic-cylinders.net\/wp-content\/uploads\/2025\/01\/songte-bushings-with-all-kinds-of-excavator-models.webp\" alt=\"Skovlcylinder til Jingong b\u00e6ltegraver JCM937 billede\"><\/p>\n<p><h3>Om vores virksomhed<\/h3><\/p>\n<p>Vi er en producent af hydrauliske udskiftningscylindre med et komplet produktsortiment. Vi er blevet en af \u200b\u200bde f\u00f8rende producenter og engrosdistribut\u00f8rer af hydrauliske cylindre p\u00e5 b\u00e5de indenlandske og internationale markeder. Vi overholder principperne om fremragende kvalitet og er afh\u00e6ngige af de industrialiserede produktionsstyringsstrategier fra fine produktionsv\u00e6rksteder. Ved at bruge teknisk talent, digitalt avanceret produktionsudstyr og professionelle testsystemer forbedrer vi l\u00f8bende v\u00e6rkstedets produktionsplatform, perfektionerer produktkvaliteten og har st\u00e6rke kreative evner. Vi overholder principperne om h\u00f8j effektivitet, h\u00f8j pr\u00e6cision og h\u00f8j kvalitet for at im\u00f8dekomme vores kunders forskellige behov.<\/p>\n<p><img decoding=\"async\" src=\"https:\/\/hzpt.com\/wp-content\/uploads\/2024\/11\/songte-company-1.webp\" alt=\"Skovlcylinder til Jingong b\u00e6ltegraver JCM937 billede\"><\/p>\n<p>Vi tilbyder professionelle, internationalt certificerede, skr\u00e6ddersyede tjenester med avanceret produktionsudstyr og fremragende eftersalgsservice.<\/p>\n<ul>\n<li>Professionalitet: Med mange \u00e5rs erfaring er vi blevet eksperter inden for hydrauliske cylindre.<\/li>\n<li>International certificering: Vores produkter har best\u00e5et forskellige internationale certificeringer, hvilket sikrer, at de er af h\u00f8jeste kvalitet.<\/li>\n<li>Tilpassede tjenester: Vi tilbyder skr\u00e6ddersyede tjenester, der im\u00f8dekommer vores kunders unikke behov.<\/li>\n<li>Produktionsudstyr: Vi bruger avanceret produktionsudstyr for at sikre, at vores produkter er af h\u00f8jeste kvalitet.<\/li>\n<li>Eftersalgsservice: Vi tilbyder fremragende eftersalgsservice for at sikre, at vores kunder er tilfredse med vores produkter.<\/li>\n<\/ul>\n<p><img decoding=\"async\" src=\"https:\/\/www.hydraulic-cylinders.net\/wp-content\/uploads\/2025\/01\/songte-company-3.webp\" alt=\"Skovlcylinder til Jingong b\u00e6ltegraver JCM937 billede\"><\/p>\n<p>Forfatter: lyl<\/p>","protected":false},"excerpt":{"rendered":"<p>Bucket Cylinder For Jingong Crawler Excavator JCM937 Introduction A bucket cylinder is a specially designed hydraulic cylinder primarily used to control the movement of buckets in heavy machinery such as excavators, backhoe excavators, and front-end loaders. Its main function is to facilitate material handling tasks by allowing the bucket to be lifted, lowered, and tilted [&hellip;]<\/p>","protected":false},"featured_media":14776,"comment_status":"open","ping_status":"closed","template":"","meta":{"_et_pb_use_builder":"","_et_pb_old_content":"","_et_gb_content_width":""},"product_brand":[],"product_cat":[1494],"product_tag":[1495,1496],"class_list":{"0":"post-15755","1":"product","2":"type-product","3":"status-publish","4":"has-post-thumbnail","6":"product_cat-bucket-cylinders","7":"product_tag-bucket-cylinders","8":"product_tag-hydraulic-cylinders","10":"first","11":"instock","12":"shipping-taxable","13":"product-type-simple"},"amp_enabled":true,"_links":{"self":[{"href":"https:\/\/www.hydraulic-cylinders.net\/da\/wp-json\/wp\/v2\/product\/15755","targetHints":{"allow":["GET"]}}],"collection":[{"href":"https:\/\/www.hydraulic-cylinders.net\/da\/wp-json\/wp\/v2\/product"}],"about":[{"href":"https:\/\/www.hydraulic-cylinders.net\/da\/wp-json\/wp\/v2\/types\/product"}],"replies":[{"embeddable":true,"href":"https:\/\/www.hydraulic-cylinders.net\/da\/wp-json\/wp\/v2\/comments?post=15755"}],"wp:featuredmedia":[{"embeddable":true,"href":"https:\/\/www.hydraulic-cylinders.net\/da\/wp-json\/wp\/v2\/media\/14776"}],"wp:attachment":[{"href":"https:\/\/www.hydraulic-cylinders.net\/da\/wp-json\/wp\/v2\/media?parent=15755"}],"wp:term":[{"taxonomy":"product_brand","embeddable":true,"href":"https:\/\/www.hydraulic-cylinders.net\/da\/wp-json\/wp\/v2\/product_brand?post=15755"},{"taxonomy":"product_cat","embeddable":true,"href":"https:\/\/www.hydraulic-cylinders.net\/da\/wp-json\/wp\/v2\/product_cat?post=15755"},{"taxonomy":"product_tag","embeddable":true,"href":"https:\/\/www.hydraulic-cylinders.net\/da\/wp-json\/wp\/v2\/product_tag?post=15755"}],"curies":[{"name":"wp","href":"https:\/\/api.w.org\/{rel}","templated":true}]}}