{"id":15761,"date":"2025-01-19T14:56:49","date_gmt":"2025-01-19T14:56:49","guid":{"rendered":"https:\/\/www.hydraulic-cylinders.net\/product\/bucket-cylinder-for-jchi-ns17-7\/"},"modified":"2025-01-19T14:56:51","modified_gmt":"2025-01-19T14:56:51","slug":"bucket-cylinder-for-jchi-ns17-7","status":"publish","type":"product","link":"https:\/\/www.hydraulic-cylinders.net\/da\/vare\/bucket-cylinder-for-jchi-ns17-7\/","title":{"rendered":"Skovlcylinder til JCHI NS17-7"},"content":{"rendered":"<p><!DOCTYPE html><br \/>\n<html><br \/>\n<head><br \/>\n<title>Skovlcylinder til JCHI NS17-7<\/title><br \/>\n<\/head><br \/>\n<body><\/p>\n<h1>Skovlcylinder til JCHI NS17-7<\/h1>\n<h2>Indledning<\/h2>\n<p>Skovlcylinderen til JCHI NS17-7 er en specialiseret hydraulisk cylinder designet til at styre skovlens bev\u00e6gelse i tunge maskiner s\u00e5som gravemaskiner, rendegravere og frontl\u00e6ssere. Dens hovedfunktion er at muligg\u00f8re l\u00f8ft, s\u00e6nkning og vipning af skovlen, hvilket g\u00f8r det lettere at h\u00e5ndtere forskellige materialeh\u00e5ndteringsopgaver. I et hydraulisk system udnytter skovlcylinderen tryk\u00e6ndringerne i hydraulikolien til at opn\u00e5 pr\u00e6cis kontrol over skovlen, hvilket giver operat\u00f8rerne mulighed for effektivt at h\u00e5ndtere tunge l\u00e6s og tilpasse sig komplekse arbejdsmilj\u00f8er og forskellige jobkrav.<\/p>\n<p><img decoding=\"async\" src=\"https:\/\/www.hydraulic-cylinders.net\/wp-content\/uploads\/2025\/01\/songte-company-2.webp\" alt=\"Billede af spandcylinder\"><\/p>\n<h2>Funktioner<\/h2>\n<ul>\n<li>H\u00f8j styrke og holdbarhed: Typisk fremstillet af h\u00f8jstyrkest\u00e5l eller aluminium, kan den modst\u00e5 h\u00f8jt tryk og tunge belastninger og tilpasse sig barske arbejdsmilj\u00f8er. Designet tager h\u00f8jde for slidstyrke og korrosionsbestandighed, hvilket forl\u00e6nger dens levetid.<\/li>\n<li>Effektiv hydraulisk drift: Udnytter hydraulikolietrykket til at opn\u00e5 j\u00e6vne ud- og tilbagetr\u00e6kningsbev\u00e6gelser, hvilket muligg\u00f8r hurtig reaktion p\u00e5 styrekommandoer og giver kraftige skubbe- og tr\u00e6kkr\u00e6fter, hvilket g\u00f8r den velegnet til h\u00e5ndtering af tunge belastninger og komplekse arbejdsopgaver.<\/li>\n<li>Alsidige typer: F\u00e5s som enkeltvirkende (hydraulisk kun anvendt i \u00e9n retning) eller dobbeltvirkende (hydraulisk anvendt i begge retninger) cylindre for at im\u00f8dekomme forskellige driftsbehov. Nogle modeller er teleskopiske, hvilket muligg\u00f8r st\u00f8rre udtr\u00e6k uden at \u00f8ge de udvendige dimensioner, og er velegnede til applikationer med begr\u00e6nset plads.<\/li>\n<li>Perfekt udskiftning: Vores produkt kan perfekt erstatte disse hydrauliske cylindre.<\/li>\n<\/ul>\n<p><img decoding=\"async\" src=\"https:\/\/www.hydraulic-cylinders.net\/wp-content\/uploads\/2025\/01\/songte-cylinder-head-with-all-kinds-excavator-models.webp\" alt=\"Produktudskiftningsbillede\"><\/p>\n<h2>Applikationer<\/h2>\n<p>Skovlcylinderen anvendes i vid udstr\u00e6kning i forskellige anvendelser, herunder:<\/p>\n<ul>\n<li>Entrepren\u00f8rudstyr: De findes i gravemaskiner og er afg\u00f8rende for at grave, l\u00e6sse og flytte jord eller affald. I rendegravere hj\u00e6lper skovlcylinderen med b\u00e5de at grave og l\u00f8fte.<\/li>\n<li>Landbrugsmaskiner: Bruges i frontl\u00e6ssere til at udgrave, l\u00f8fte og transportere jord, h\u00f8 og andre materialer.<\/li>\n<li>Gravemaskiner: Skovlcylinderen muligg\u00f8r udgravning ved at lade skovlen tr\u00e6nge ned i jorden.<\/li>\n<li>Frontl\u00e6ssere: Frontl\u00e6ssere hj\u00e6lper med at l\u00f8fte og t\u00f8mme gods effektivt.<\/li>\n<\/ul>\n<h2>Designovervejelser og udv\u00e6lgelseskriterier<\/h2>\n<ul>\n<li>B\u00e6reevne: Diskuter cylinderens evne til at b\u00e6re den specificerede belastning.<\/li>\n<li>Forsegling: Unders\u00f8g vigtigheden af \u200b\u200bkorrekt forsegling for at forhindre l\u00e6kage.<\/li>\n<li>Holdbarhed: Diskuter cylinderens holdbarhed under forskellige driftsforhold.<\/li>\n<li>Sikkerhed: Fremh\u00e6v de sikkerhedsfunktioner og overvejelser, der er indarbejdet i designet.<\/li>\n<li>Vedligeholdelsesvenlighed: Diskuter hvor let det er at vedligeholde og reparere cylinderen.<\/li>\n<\/ul>\n<p><img decoding=\"async\" src=\"https:\/\/www.hydraulic-cylinders.net\/wp-content\/uploads\/2025\/01\/songte-oil-pipes-and-spare-parts.webp\" alt=\"Billede af komponenter til hydrauliske cylindere\"><\/p>\n<h2>T\u00e6tning og sm\u00f8ring<\/h2>\n<p>Skovlcylinderen anvender forskellige t\u00e6tningskomponenter, s\u00e5som stempelt\u00e6tninger og stangt\u00e6tninger, der er lavet af slidst\u00e6rke materialer som polyurethan og nitrilgummi. Cylinderhuset og gevindfladerne gennemg\u00e5r en omhyggelig behandling for at forbedre slidstyrken. Regelm\u00e6ssig sm\u00f8ring med passende hydraulikolie er n\u00f8dvendig for at sikre problemfri drift.<\/p>\n<h2>Regelm\u00e6ssig inspektion og forebyggende vedligeholdelse<\/h2>\n<p>Regelm\u00e6ssig inspektion og forebyggende vedligeholdelse er afg\u00f8rende for at sikre skovlcylinderens levetid og optimale ydeevne. F\u00f8lgende opgaver b\u00f8r udf\u00f8res:<\/p>\n<ul>\n<li>Regelm\u00e6ssige inspektioner<\/li>\n<li>Korrekt sm\u00f8ring<\/li>\n<li>Udskiftning af pakning<\/li>\n<li>Kalibreringstjek<\/li>\n<\/ul>\n<p><img decoding=\"async\" src=\"https:\/\/www.hydraulic-cylinders.net\/wp-content\/uploads\/2025\/01\/songte-chushion-collar.webp\" alt=\"Vedligeholdelsesbillede\"><\/p>\n<h2>Sikkerhedshensyn og milj\u00f8faktorer<\/h2>\n<p>N\u00e5r man bruger skovlcylinderen, er det afg\u00f8rende at overholde sikkerhedsforanstaltninger for at forhindre ulykker og sikre f\u00f8rerens og tilskuernes velbefindende. Milj\u00f8faktorer, s\u00e5som temperatur og driftsforhold, b\u00f8r ogs\u00e5 tages i betragtning for at optimere ydeevnen og forhindre potentielle problemer.<\/p>\n<h2>Fejldiagnose og fejlfinding<\/h2>\n<p>Diskuter almindelige fejlscenarier, fejlfindingstips og l\u00f8sninger, der kan hj\u00e6lpe l\u00e6serne med effektivt at diagnosticere og l\u00f8se problemer. Angiv ogs\u00e5 forebyggende foranstaltninger for at minimere potentielle problemer.<\/p>\n<p><img decoding=\"async\" src=\"https:\/\/www.hydraulic-cylinders.net\/wp-content\/uploads\/2025\/01\/songte-bushings-with-all-kinds-of-excavator-models.webp\" alt=\"Billede af fejldiagnose\"><\/p>\n<p>Husk at organisere artiklen logisk, bruge underoverskrifter for nem navigation, inkorporere relevante billeder eller diagrammer for forbedret forst\u00e5else, og s\u00f8rg for, at indholdet er klart, pr\u00e6cist og egnet til l\u00e6sere med forskellige niveauer af teknisk viden.<\/p>\n<h2>Om vores virksomhed<\/h2>\n<p>Vi er en producent af hydrauliske udskiftningscylindre. Vores virksomhed tilbyder en bred vifte af produkter og er anerkendt som en af \u200b\u200bde f\u00f8rende producenter og engrosdistribut\u00f8rer af hydrauliske cylindre p\u00e5 b\u00e5de indenlandske og internationale markeder. Vi fokuserer p\u00e5 at levere fremragende kvalitet og anvender strategier for industriel produktionsstyring i vores sofistikerede produktionsv\u00e6rksteder. Ved hj\u00e6lp af teknisk ekspertise, avanceret digitalt produktionsudstyr og professionelle testsystemer forbedrer vi l\u00f8bende vores produktionsplatforme, forbedrer produktkvaliteten og besidder st\u00e6rke produktionskapaciteter. Vi str\u00e6ber efter at im\u00f8dekomme forskellige kundekrav med effektivitet, pr\u00e6cision og h\u00f8j kvalitet.<\/p>\n<p><img decoding=\"async\" src=\"https:\/\/www.hydraulic-cylinders.net\/wp-content\/uploads\/2025\/01\/songte-company-3.webp\" alt=\"Virksomhedens image\"><\/p>\n<p>Derudover er vi stolte af vores professionalisme, internationale certificeringer, skr\u00e6ddersyede tjenester, produktionsudstyr og eftersalgsservice.<\/p>\n<footer>\n<p>Forfatter: lyl<\/p>\n<\/footer>\n<p><\/body><br \/>\n<\/html><\/p>","protected":false},"excerpt":{"rendered":"<p>Bucket Cylinder For JCHI NS17-7 Bucket Cylinder For JCHI NS17-7 Introduction The bucket cylinder for JCHI NS17-7 is a specialized hydraulic cylinder designed for controlling the movement of the bucket in heavy machinery such as excavators, backhoe loaders, and front loaders. Its main function is to enable the lifting, lowering, and tilting of the bucket, [&hellip;]<\/p>","protected":false},"featured_media":14761,"comment_status":"open","ping_status":"closed","template":"","meta":{"_et_pb_use_builder":"","_et_pb_old_content":"","_et_gb_content_width":""},"product_brand":[],"product_cat":[1494],"product_tag":[1495,1496],"class_list":{"0":"post-15761","1":"product","2":"type-product","3":"status-publish","4":"has-post-thumbnail","6":"product_cat-bucket-cylinders","7":"product_tag-bucket-cylinders","8":"product_tag-hydraulic-cylinders","10":"first","11":"instock","12":"shipping-taxable","13":"product-type-simple"},"amp_enabled":true,"_links":{"self":[{"href":"https:\/\/www.hydraulic-cylinders.net\/da\/wp-json\/wp\/v2\/product\/15761","targetHints":{"allow":["GET"]}}],"collection":[{"href":"https:\/\/www.hydraulic-cylinders.net\/da\/wp-json\/wp\/v2\/product"}],"about":[{"href":"https:\/\/www.hydraulic-cylinders.net\/da\/wp-json\/wp\/v2\/types\/product"}],"replies":[{"embeddable":true,"href":"https:\/\/www.hydraulic-cylinders.net\/da\/wp-json\/wp\/v2\/comments?post=15761"}],"wp:featuredmedia":[{"embeddable":true,"href":"https:\/\/www.hydraulic-cylinders.net\/da\/wp-json\/wp\/v2\/media\/14761"}],"wp:attachment":[{"href":"https:\/\/www.hydraulic-cylinders.net\/da\/wp-json\/wp\/v2\/media?parent=15761"}],"wp:term":[{"taxonomy":"product_brand","embeddable":true,"href":"https:\/\/www.hydraulic-cylinders.net\/da\/wp-json\/wp\/v2\/product_brand?post=15761"},{"taxonomy":"product_cat","embeddable":true,"href":"https:\/\/www.hydraulic-cylinders.net\/da\/wp-json\/wp\/v2\/product_cat?post=15761"},{"taxonomy":"product_tag","embeddable":true,"href":"https:\/\/www.hydraulic-cylinders.net\/da\/wp-json\/wp\/v2\/product_tag?post=15761"}],"curies":[{"name":"wp","href":"https:\/\/api.w.org\/{rel}","templated":true}]}}