{"id":15765,"date":"2025-01-19T14:57:04","date_gmt":"2025-01-19T14:57:04","guid":{"rendered":"https:\/\/www.hydraulic-cylinders.net\/product\/bucket-cylinder-for-jchi-ns75-7\/"},"modified":"2025-01-19T14:57:06","modified_gmt":"2025-01-19T14:57:06","slug":"bucket-cylinder-for-jchi-ns75-7","status":"publish","type":"product","link":"https:\/\/www.hydraulic-cylinders.net\/da\/vare\/bucket-cylinder-for-jchi-ns75-7\/","title":{"rendered":"Skovlcylinder til JCHI NS75-7"},"content":{"rendered":"<h2>Skovlcylinder til JCHI NS75-7<\/h2>\n<h3>Indledning<\/h3>\n<p>Skovlcylinderen til JCHI NS75-7 er en specialdesignet hydraulisk cylinder, der prim\u00e6rt bruges til at styre skovlens bev\u00e6gelse i tunge maskiner s\u00e5som gravemaskiner, rendegravere og frontl\u00e6ssere. Dens hovedfunktion er at g\u00f8re det muligt for skovlen at l\u00f8fte, s\u00e6nke og vippe, hvilket g\u00f8r den praktisk til forskellige materialeh\u00e5ndteringsopgaver. I det hydrauliske system opn\u00e5r skovlcylinderen pr\u00e6cis kontrol over skovlens bev\u00e6gelse gennem \u00e6ndringer i hydraulikolietrykket, hvilket g\u00f8r det muligt for f\u00f8rere at h\u00e5ndtere tunge l\u00e6s effektivt og tilpasse sig komplekse arbejdsmilj\u00f8er og forskellige driftskrav.<\/p>\n<p><img decoding=\"async\" src=\"https:\/\/www.hydraulic-cylinders.net\/wp-content\/uploads\/2025\/01\/songte-company-2.webp\" alt=\"Skovlcylinder til JCHI NS75-7\" \/><\/p>\n<h3>Produktfunktioner<\/h3>\n<ul>\n<li>H\u00f8j styrke og holdbarhed: Cylinderen er normalt lavet af h\u00f8jstyrkest\u00e5l eller aluminium og kan modst\u00e5 h\u00f8jt tryk og tunge belastninger og tilpasser sig barske arbejdsmilj\u00f8er. Den er designet med slidstyrke og korrosionsbestandighed i tankerne og forl\u00e6nger levetiden.<\/li>\n<li>Effektiv hydraulisk drift: Ved at udnytte trykket fra hydraulikolien til at opn\u00e5 j\u00e6vn ud- og indtr\u00e6kning kan skovlcylinderen reagere hurtigt p\u00e5 styrekommandoer og levere kraftige skubbe- og tr\u00e6kkr\u00e6fter, der er velegnede til h\u00e5ndtering af tunge belastninger og komplekse arbejdsopgaver.<\/li>\n<li>Forskellige typer: Cylinderen kan v\u00e6lges efter behov, enten enkeltvirkende (hydraulisk kun anvendt i \u00e9n retning) eller dobbeltvirkende (hydraulisk anvendt i to retninger) for at opfylde forskellige driftskrav. Nogle modeller er teleskopiske, hvilket muligg\u00f8r st\u00f8rre udtr\u00e6k uden at \u00f8ge de udvendige dimensioner og er velegnede til applikationer med begr\u00e6nset plads.<\/li>\n<\/ul>\n<p>Vi kan producere dette produkt, og vores produkt kan perfekt erstatte disse hydrauliske cylindre.<\/p>\n<p><img decoding=\"async\" src=\"https:\/\/www.hydraulic-cylinders.net\/wp-content\/uploads\/2025\/01\/songte-cylinder-head-with-all-kinds-excavator-models.webp\" alt=\"Skovlcylinder til JCHI NS75-7\" \/><\/p>\n<h3>Applikationer<\/h3>\n<p>Skovlcylinderen til JCHI NS75-7 anvendes i vid udstr\u00e6kning i forskellige brancher, herunder:<\/p>\n<ul>\n<li>Entrepren\u00f8rudstyr: I gravemaskiner spiller de en afg\u00f8rende rolle i forbindelse med gravning, lastning og flytning af jord eller affald. I rendegravere bidrager skovlcylinderen til b\u00e5de gravning og l\u00f8ft. I frontl\u00e6ssere hj\u00e6lper de med at l\u00f8fte og vippe lasten effektivt.<\/li>\n<li>Landbrugsmaskiner: Bruges til frontl\u00e6ssere til at udgrave, l\u00f8fte og transportere jord, h\u00f8 og andre materialer. I gravemaskiner muligg\u00f8r skovlcylinderen gravefunktionen ved at lade skovlen tr\u00e6nge ned i jorden.<\/li>\n<\/ul>\n<p>Lad os se n\u00e6rmere p\u00e5 hver applikation:<\/p>\n<h4>Entrepren\u00f8rudstyr<\/h4>\n<p>Gravemaskiner bruges til at grave, l\u00e6sse og flytte jord eller affald, og skovlcylinderen er afg\u00f8rende for disse opgaver. Tilsvarende bruger rendegravere skovlcylinderen til at grave og l\u00f8fte. I frontl\u00e6ssere bruges cylinderen til at l\u00f8fte og vippe last, hvilket g\u00f8r det lettere at transportere.<\/p>\n<h4>Landbrugsmaskiner<\/h4>\n<p>Frontl\u00e6ssere udstyret med skovlcylindre bruges til at udgrave, l\u00f8fte og transportere jord, h\u00f8 og andre materialer. Gravemaskiner udstyret med skovlcylindre kan tr\u00e6nge ned i jorden, hvilket g\u00f8r det lettere at grave og flytte jord.<\/p>\n<h3>Designovervejelser og udv\u00e6lgelsesstandarder<\/h3>\n<p>Skovlcylindre er designet til at opfylde specifikke ydelseskrav. Vigtige designhensyn omfatter styrke, t\u00e6tning, holdbarhed, sikkerhed og vedligeholdelsesvenlighed, som beskrevet nedenfor:<\/p>\n<ul>\n<li>Styrke: Cylinderen skal kunne modst\u00e5 h\u00f8je belastninger og tryk, s\u00e5 h\u00f8jstyrkematerialer anvendes typisk i byggeri.<\/li>\n<li>T\u00e6tning: Hydrauliske cylindre er afh\u00e6ngige af t\u00e6tninger for at forhindre v\u00e6ske i at l\u00e6kke ud. Specielle materialer som polyurethan og nitrilgummi anvendes i t\u00e6tninger p\u00e5 grund af deres modstandsdygtighed over for slid.<\/li>\n<li>Holdbarhed: Cylinderen skal v\u00e6re modstandsdygtig over for slid og korrosion, hvilket kan reducere dens levetid og ydeevne.<\/li>\n<li>Sikkerhed: Sikkerhedsfunktioner s\u00e5som trykaflastningsventiler og afsp\u00e6rringsventiler skal inkluderes i designet for at forhindre ulykker.<\/li>\n<li>Vedligeholdelse: Designfunktioner som aftagelige endestykker og gevindst\u00e6nger g\u00f8r det nemmere at vedligeholde og reparere hydrauliske cylindre.<\/li>\n<\/ul>\n<p><img decoding=\"async\" src=\"https:\/\/www.hydraulic-cylinders.net\/wp-content\/uploads\/2025\/01\/songte-oil-pipes-and-spare-parts.webp\" alt=\"Skovlcylinder til JCHI NS75-7\" \/><\/p>\n<h3>T\u00e6tning og sm\u00f8ring<\/h3>\n<p>Skovlcylindre kr\u00e6ver regelm\u00e6ssig sm\u00f8ring og vedligeholdelse for at forl\u00e6nge deres levetid. Forskellige pakninger bruges til at forhindre l\u00e6kage, og polyurethan og nitrilgummi er popul\u00e6re pakningsmaterialer p\u00e5 grund af deres holdbarhed. Cylinderen og gevindstangen er behandlet med specielle bel\u00e6gninger for at forbedre slidstyrken, og hydraulikolie bruges til at sm\u00f8re stemplet og andre bev\u00e6gelige dele. Regelm\u00e6ssige olieskift er n\u00f8dvendige for at opretholde hydraulikv\u00e6skens renhed og forhindre kontaminering.<\/p>\n<h3>Vedligeholdelse og reparation<\/h3>\n<p>Regelm\u00e6ssig vedligeholdelse og reparation er afg\u00f8rende for optimal ydeevne af hydrauliske cylindre. Almindelige vedligeholdelsesopgaver omfatter kontrol for l\u00e6kager, sm\u00f8ring af n\u00f8glekomponenter, udskiftning af pakninger og kontrol af kalibrering. For at sikre korrekt installation er det vigtigt at justere cylinderen korrekt og bruge passende monteringsbeslag til at fastg\u00f8re den. Anbefalede inspektions-, reparations- og udskiftningsprocedurer b\u00f8r f\u00f8lges for at opretholde optimal ydeevne og forl\u00e6nge cylinderens levetid.<\/p>\n<p><img decoding=\"async\" src=\"https:\/\/www.hydraulic-cylinders.net\/wp-content\/uploads\/2025\/01\/songte-chushion-collar.webp\" alt=\"Skovlcylinder til JCHI NS75-7\" \/><\/p>\n<h3>Sikkerhedshensyn og milj\u00f8faktorer<\/h3>\n<p>Skovlcylindre kan v\u00e6re farlige, hvis de ikke h\u00e5ndteres korrekt, s\u00e5 det er vigtigt at f\u00f8lge de korrekte sikkerhedsprocedurer, n\u00e5r de bruges. Operat\u00f8rer b\u00f8r b\u00e6re passende beskyttelsesudstyr og bruge l\u00e5seventiler for at forhindre utilsigtet bev\u00e6gelse af cylinderen. Milj\u00f8faktorer som temperatur, fugtighed og kontaminering kan ogs\u00e5 p\u00e5virke hydrauliske cylindres ydeevne og levetid.<\/p>\n<h3>Fejlfinding og almindelige problemer<\/h3>\n<p>Almindelige problemer med hydrauliske cylindre omfatter ut\u00e6theder i pakninger, utilstr\u00e6kkeligt tryk og skader p\u00e5 cylinderhuset. Fejlfindingsmetoder omfatter kontrol for l\u00e6kager, inspektion af hydrauliske ledninger og test for korrekt funktion. L\u00f8sninger kan omfatte udskiftning af pakninger, reparation eller udskiftning af beskadigede dele og justering af trykniveauer.<\/p>\n<p><img decoding=\"async\" src=\"https:\/\/www.hydraulic-cylinders.net\/wp-content\/uploads\/2025\/01\/songte-bushings-with-all-kinds-of-excavator-models.webp\" alt=\"Skovlcylinder til JCHI NS75-7\" \/><\/p>\n<h3>Om vores virksomhed<\/h3>\n<p>Vi er en producent af hydrauliske udskiftningscylindre med et komplet produktsortiment og er blevet en af \u200b\u200bde f\u00f8rende producenter og grossister af hydrauliske cylindre p\u00e5 det indenlandske og internationale marked. Vi f\u00f8lger princippet om fremragende kvalitet, s\u00e6tter vores lid til den industrialiserede produktionsstyringsstrategi fra et sofistikeret produktionsv\u00e6rksted, forbedrer l\u00f8bende v\u00e6rkstedets produktionsplatform, perfektionerer produktionslinjens produktkvalitet og har en st\u00e6rk produktionsevne. Med h\u00f8j effektivitet, h\u00f8j pr\u00e6cision og h\u00f8je kvalitetsprincipper kan vi im\u00f8dekomme kundernes forskellige behov.<\/p>\n<p>Vores virksomhed har forskellige certificeringer, herunder ISO9001, ISO14001 og OHSAS18001, hvilket demonstrerer vores engagement i at levere produkter og tjenester af h\u00f8j kvalitet til vores kunder. Vi tilbyder ogs\u00e5 skr\u00e6ddersyede tjenester, og vores produktionsudstyr er topmoderne, hvilket sikrer kvaliteten af \u200b\u200bvores produkter. Vores eftersalgsservice er ogs\u00e5 fremragende, med et team af professionelle, der er dedikeret til at yde teknisk support og vedligeholdelsestjenester for at sikre optimal ydeevne af vores hydrauliske cylindre.<\/p>\n<p><img decoding=\"async\" src=\"https:\/\/hzpt.com\/wp-content\/uploads\/2024\/11\/songte-company-1.webp\" alt=\"Skovlcylinder til JCHI NS75-7\" \/><\/p>\n<p>Forfatter: lyl<\/p>","protected":false},"excerpt":{"rendered":"<p>Bucket Cylinder For JCHI NS75-7 Introduction The Bucket Cylinder for JCHI NS75-7 is a specially designed hydraulic cylinder primarily used to control the movement of the bucket in heavy machinery such as excavators, backhoe excavators, and front-end loaders. Its main function is to enable the bucket to lift, lower, and tilt, making it convenient for [&hellip;]<\/p>","protected":false},"featured_media":14785,"comment_status":"open","ping_status":"closed","template":"","meta":{"_et_pb_use_builder":"","_et_pb_old_content":"","_et_gb_content_width":""},"product_brand":[],"product_cat":[1494],"product_tag":[1495,1496],"class_list":{"0":"post-15765","1":"product","2":"type-product","3":"status-publish","4":"has-post-thumbnail","6":"product_cat-bucket-cylinders","7":"product_tag-bucket-cylinders","8":"product_tag-hydraulic-cylinders","10":"first","11":"instock","12":"shipping-taxable","13":"product-type-simple"},"amp_enabled":true,"_links":{"self":[{"href":"https:\/\/www.hydraulic-cylinders.net\/da\/wp-json\/wp\/v2\/product\/15765","targetHints":{"allow":["GET"]}}],"collection":[{"href":"https:\/\/www.hydraulic-cylinders.net\/da\/wp-json\/wp\/v2\/product"}],"about":[{"href":"https:\/\/www.hydraulic-cylinders.net\/da\/wp-json\/wp\/v2\/types\/product"}],"replies":[{"embeddable":true,"href":"https:\/\/www.hydraulic-cylinders.net\/da\/wp-json\/wp\/v2\/comments?post=15765"}],"wp:featuredmedia":[{"embeddable":true,"href":"https:\/\/www.hydraulic-cylinders.net\/da\/wp-json\/wp\/v2\/media\/14785"}],"wp:attachment":[{"href":"https:\/\/www.hydraulic-cylinders.net\/da\/wp-json\/wp\/v2\/media?parent=15765"}],"wp:term":[{"taxonomy":"product_brand","embeddable":true,"href":"https:\/\/www.hydraulic-cylinders.net\/da\/wp-json\/wp\/v2\/product_brand?post=15765"},{"taxonomy":"product_cat","embeddable":true,"href":"https:\/\/www.hydraulic-cylinders.net\/da\/wp-json\/wp\/v2\/product_cat?post=15765"},{"taxonomy":"product_tag","embeddable":true,"href":"https:\/\/www.hydraulic-cylinders.net\/da\/wp-json\/wp\/v2\/product_tag?post=15765"}],"curies":[{"name":"wp","href":"https:\/\/api.w.org\/{rel}","templated":true}]}}