{"id":15773,"date":"2025-01-19T14:57:44","date_gmt":"2025-01-19T14:57:44","guid":{"rendered":"https:\/\/www.hydraulic-cylinders.net\/product\/bucket-cylinder-for-jove-jv85\/"},"modified":"2025-01-19T14:57:46","modified_gmt":"2025-01-19T14:57:46","slug":"bucket-cylinder-for-jove-jv85","status":"publish","type":"product","link":"https:\/\/www.hydraulic-cylinders.net\/da\/vare\/bucket-cylinder-for-jove-jv85\/","title":{"rendered":"Skovlcylinder til Jove JV85"},"content":{"rendered":"<h1>Skovlcylinder til Jove JV85<\/h1>\n<h2>Indledning<\/h2>\n<p>Skovlcylinderen til Jove JV85 er en specialiseret hydraulisk cylinder, der prim\u00e6rt er designet til at styre skovlens bev\u00e6gelse i tunge maskiner s\u00e5som gravemaskiner, rendegravere og frontl\u00e6ssere. Dens prim\u00e6re funktion er at g\u00f8re det muligt for skovlen at l\u00f8fte, s\u00e6nke og vippe, hvilket letter forskellige materialeh\u00e5ndteringsopgaver. I det hydrauliske system opn\u00e5r skovlcylinderen pr\u00e6cis kontrol over skovlen gennem \u00e6ndringer i hydraulikolietrykket, hvilket g\u00f8r det muligt for operat\u00f8rer effektivt at h\u00e5ndtere tunge l\u00e6s og tilpasse sig komplekse arbejdsmilj\u00f8er og forskellige driftskrav.<\/p>\n<p><img decoding=\"async\" src=\"https:\/\/www.hydraulic-cylinders.net\/wp-content\/uploads\/2025\/01\/songte-company-2.webp\" alt=\"Skovlcylinder til Jove JV85\"><\/p>\n<h2>Produktfunktioner<\/h2>\n<ul>\n<li>\n<h3>H\u00f8j styrke og holdbarhed<\/h3>\n<p>Skovlcylinderen er typisk lavet af h\u00f8jstyrkest\u00e5l eller aluminium, der er i stand til at modst\u00e5 h\u00f8jt tryk og tunge belastninger, og er designet med slidstyrke og korrosionsbestandighed i tankerne, hvilket forl\u00e6nger dens levetid.<\/p>\n<\/li>\n<li>\n<h3>Effektiv hydraulisk drift<\/h3>\n<p>Skovlcylinderen udnytter trykket fra hydraulikolien til at opn\u00e5 j\u00e6vne forl\u00e6ngelses- og sammentr\u00e6kningsbev\u00e6gelser med evnen til at reagere hurtigt p\u00e5 styrekommandoer, hvilket giver en kraftig skubbe- og tr\u00e6kkraft, der er egnet til h\u00e5ndtering af tunge belastninger og komplekse driftsopgaver.<\/p>\n<\/li>\n<li>\n<h3>Flere typer<\/h3>\n<p>Skovlcylinderen kan v\u00e6lges som enkeltvirkende (hydraulik kun i \u00e9n retning) eller dobbeltvirkende (hydraulik i begge retninger) alt efter behov for at im\u00f8dekomme forskellige driftsbehov. Nogle modeller er teleskopiske, hvilket giver mulighed for st\u00f8rre udtr\u00e6k uden at \u00f8ge de udvendige dimensioner, hvilket g\u00f8r dem velegnede til applikationer med begr\u00e6nset plads.<\/p>\n<\/li>\n<li>\n<h3>Produktionskapacitet<\/h3>\n<p>Vi kan producere produktet, og vores skovlcylinder kan perfekt erstatte disse hydrauliske cylindre.<\/p>\n<p>        <img decoding=\"async\" src=\"https:\/\/www.hydraulic-cylinders.net\/wp-content\/uploads\/2025\/01\/songte-cylinder-head-with-all-kinds-excavator-models.webp\" alt=\"Skovlcylinder til Jove JV85\">\n    <\/li>\n<li>\n<h3>Applikationsscenarier<\/h3>\n<p>Skovlcylinderen bruges i vid udstr\u00e6kning i forskellige scenarier, herunder:<\/p>\n<ul>\n<li>Entrepren\u00f8rudstyr: I gravemaskiner er de afg\u00f8rende for udgravning, lastning og flytning af jord eller affald. I rendegravere hj\u00e6lper skovlcylinderen med b\u00e5de gravning og l\u00f8ft. <\/li>\n<li>Landbrugsmaskiner: Bruges i frontl\u00e6ssere til at udgrave, l\u00f8fte og transportere jord, h\u00f8 og andre materialer. <\/li>\n<li>Gravemaskiner: Skovlcylinderen opn\u00e5r gravefunktion ved at lade skovlen tr\u00e6nge ned i jorden.<\/li>\n<li>L\u00e6ssere: Frontl\u00e6ssere hj\u00e6lper med effektivt at l\u00f8fte og losse gods.<\/li>\n<\/ul>\n<\/li>\n<\/ul>\n<h2>Designovervejelser og udv\u00e6lgelseskriterier<\/h2>\n<ul>\n<li>\n<h3>Lastkapacitet<\/h3>\n<p>Skovlcylinderen skal v\u00e6re konstrueret til at modst\u00e5 den specificerede lasteevne for at sikre sikker og p\u00e5lidelig drift. Belastningsevnen skal tages i betragtning ved valg og design af cylinderen.<\/p>\n<\/li>\n<li>\n<h3>Forsegling<\/h3>\n<p>Skovlcylinderen skal v\u00e6re t\u00e6tnet for at forhindre l\u00e6kage af hydraulikolie og sikre effektiv drift. Forskellige t\u00e6tningskomponenter s\u00e5som stempelt\u00e6tninger, stangt\u00e6tninger osv., der er lavet af slidst\u00e6rke materialer som polyurethan og nitrilgummi, skal v\u00e6lges omhyggeligt for at forbedre cylinderens t\u00e6tningsevne.<\/p>\n<\/li>\n<li>\n<h3>Holdbarhed<\/h3>\n<p>Skovlcylinderen skal v\u00e6re holdbar nok til at modst\u00e5 det barske arbejdsmilj\u00f8. Cylinderens hus og gevindsk\u00e5rne endeflade skal omhyggeligt bearbejdes for at forbedre dens slidstyrke, og regelm\u00e6ssig sm\u00f8ring skal gives for at forl\u00e6nge dens levetid.<\/p>\n<\/li>\n<li>\n<h3>Sikkerhed<\/h3>\n<p>Skovlcylinderen skal v\u00e6re designet og fremstillet for at sikre operat\u00f8rens sikkerhed. Cylinderens sikkerhedsfaktorer skal analyseres og designes for at opfylde de relevante sikkerhedsstandarder.<\/p>\n<\/li>\n<li>\n<h3>Vedligeholdelsesevne<\/h3>\n<p>Skovlcylinderen skal v\u00e6re designet med vedligeholdelsesvenlighed i tankerne for at lette vedligeholdelses- og reparationsarbejde. Cylinderens vedligeholdelses- og reparationsprocedurer skal dokumenteres, og reservedele og reparationstjenester skal v\u00e6re tilg\u00e6ngelige for at sikre problemfri drift.<\/p>\n<p>        <img decoding=\"async\" src=\"https:\/\/www.hydraulic-cylinders.net\/wp-content\/uploads\/2025\/01\/songte-oil-pipes-and-spare-parts.webp\" alt=\"Skovlcylinder til Jove JV85\">\n    <\/li>\n<\/ul>\n<h2>T\u00e6tning og sm\u00f8ring<\/h2>\n<p>Skovlcylinderen bruger forskellige t\u00e6tningskomponenter for at forhindre l\u00e6kage af hydraulisk olie, s\u00e5som stempelpakninger, stangpakninger osv., som er lavet af slidst\u00e6rke materialer som polyurethan og nitrilgummi. Cylinderens hus og gevindsk\u00e5rne endeflade er omhyggeligt forarbejdet for at forbedre dens slidstyrke, og den skal sm\u00f8res regelm\u00e6ssigt med hydraulisk olie for at sikre en j\u00e6vn og effektiv drift.<\/p>\n<h2>Vedligeholdelse og reparation<\/h2>\n<p>Regelm\u00e6ssig inspektion, passende sm\u00f8ring, udskiftning af pakninger og kalibreringskontroller er almindelige vedligeholdelsesopgaver for skovlcylinderen. Korrekt installation, sm\u00f8ring og justering er afg\u00f8rende, og korrekt justeringsvejledning b\u00f8r gives under installationen. Det anbefales at bruge passende monteringsbeslag til at fastg\u00f8re cylinderen for at forbedre dens stabilitet. De anbefalede inspektions-, reparations- og udskiftningsprocedurer b\u00f8r f\u00f8lges for at maksimere cylinderens levetid.<\/p>\n<ul>\n<li>\n<h3>Regelm\u00e6ssig inspektion<\/h3>\n<p>Regelm\u00e6ssig inspektion er n\u00f8dvendig for at opdage slitage, l\u00e6kage eller andre skader p\u00e5 cylinderen, som kan p\u00e5virke dens ydeevne og sikkerhed. Inspektioner b\u00f8r udf\u00f8res med j\u00e6vne mellemrum for at sikre, at cylinderen fungerer korrekt.<\/p>\n<\/li>\n<li>\n<h3>Passende sm\u00f8ring<\/h3>\n<p>Regelm\u00e6ssig sm\u00f8ring er n\u00f8dvendig for at cylinderen kan fungere problemfrit og effektivt. Korrekt sm\u00f8ring kan reducere slid og forhindre l\u00e6kage, hvilket forl\u00e6nger cylinderens levetid. <\/p>\n<\/li>\n<li>\n<h3>Udskiftning af pakning og kalibreringskontrol<\/h3>\n<p>Udskiftning af pakning og kalibreringskontrol er afg\u00f8rende for at opretholde cylinderens t\u00e6tningsevne og sikre dens p\u00e5lidelige drift. Udskiftning af pakning b\u00f8r udf\u00f8res, n\u00e5r pakningen er slidt eller beskadiget, og kalibreringskontroller b\u00f8r udf\u00f8res med j\u00e6vne mellemrum for at sikre, at cylinderen fungerer inden for det angivne omr\u00e5de. <\/p>\n<\/li>\n<\/ul>\n<p>Korrekt installation, sm\u00f8ring og justering er afg\u00f8rende. Der b\u00f8r gives korrekt vejledning i justering under installationen. Det anbefales at bruge passende monteringsbeslag til at fastg\u00f8re cylinderen for at forbedre dens stabilitet. De anbefalede inspektions-, reparations- og udskiftningsprocedurer b\u00f8r f\u00f8lges for at maksimere cylinderens levetid.<\/p>\n<p><img decoding=\"async\" src=\"https:\/\/www.hydraulic-cylinders.net\/wp-content\/uploads\/2025\/01\/songte-chushion-collar.webp\" alt=\"Skovlcylinder til Jove JV85\"><\/p>\n<h2>Sikkerhedshensyn og milj\u00f8faktorer<\/h2>\n<p>Ved brug af skovlcylinderen skal der tr\u00e6ffes sikkerhedsforanstaltninger for at forhindre ulykker og skader. Sikkerhedsforanstaltninger s\u00e5som beskyttelsest\u00f8j, korrekt tr\u00e6ning og regelm\u00e6ssig vedligeholdelse b\u00f8r f\u00f8lges for at sikre sikker og p\u00e5lidelig drift. Derudover b\u00f8r milj\u00f8faktorer s\u00e5som temperatur, fugtighed og snavs tages i betragtning ved valg og design af cylinderen.<\/p>\n<h2>Fejldiagnose og fejlfinding<\/h2>\n<p>Almindelige fejl i skovlcylinderen omfatter oliel\u00e6kage, utilstr\u00e6kkeligt tryk og manglende ud- eller indtr\u00e6kning. Fejldiagnose b\u00f8r udf\u00f8res systematisk i henhold til de anbefalede fejlfindingsprocedurer. Der b\u00f8r tr\u00e6ffes tilstr\u00e6kkelige forebyggende foranstaltninger for at minimere potentielle problemer.<\/p>\n<p><img decoding=\"async\" src=\"https:\/\/www.hydraulic-cylinders.net\/wp-content\/uploads\/2025\/01\/songte-bushings-with-all-kinds-of-excavator-models.webp\" alt=\"Skovlcylinder til Jove JV85\"><\/p>\n<h2>Om vores virksomhed<\/h2>\n<p>Vi er en producent af hydrauliske udskiftningscylindre med et komplet produktsortiment og er blevet en af \u200b\u200bde f\u00f8rende producenter og grossistdistribut\u00f8rer af hydrauliske cylindre p\u00e5 det indenlandske og internationale marked. Vi overholder princippet om fremragende kvalitet og s\u00e6tter vores afh\u00e6ngighed af industrialiserede produktionsstyringsstrategier i fine produktionsv\u00e6rksteder. Vi forbedrer l\u00f8bende v\u00e6rkstedets produktionsplatform ved hj\u00e6lp af teknologiske talenter, digitalt avanceret produktionsudstyr og professionelle testsystemer, perfektionerer produktionsruten for produktkvalitet og har en st\u00e6rk evne til at skabe produkter med h\u00f8j effektivitet, h\u00f8j pr\u00e6cision og h\u00f8j kvalitet for at im\u00f8dekomme kundernes forskellige behov.<\/p>\n<ul>\n<li>\n<h3>Professionalitet<\/h3>\n<p>Vores virksomhed er dedikeret til produktion af hydrauliske cylindre i branchen, har rig produktionserfaring og st\u00e6rk teknisk styrke og har et professionelt team af ingeni\u00f8rer og teknikere i branchen.<\/p>\n<\/li>\n<li>\n<h3>International certificering<\/h3>\n<p>Vores produkter har best\u00e5et internationale certificeringer, s\u00e5som ISO9001, CE osv., hvilket sikrer deres kvalitet og sikkerhed.<\/p>\n<\/li>\n<li>\n<h3>Tilpasningstjeneste<\/h3>\n<p>Vi tilbyder tilpasningstjenester for at im\u00f8dekomme kundernes forskellige behov, og vores produkter kan tilpasses til forskellige specifikationer og standarder.<\/p>\n<\/li>\n<li>\n<h3>Produktionsudstyr<\/h3>\n<p>Vores virksomhed bruger avanceret produktionsudstyr og fremstillingsteknikker for at sikre produktkvalitet og effektivitet.<\/p>\n<\/li>\n<li>\n<h3>Eftersalgsservice<\/h3>\n<p>Vi tilbyder eftersalgsservice til vores kunder, herunder produktinstallation, vedligeholdelse og reparation, for at sikre produkternes problemfri drift.<\/p>\n<p>        <img decoding=\"async\" src=\"https:\/\/hzpt.com\/wp-content\/uploads\/2024\/11\/songte-company-1.webp\" alt=\"Skovlcylinder til Jove JV85\">\n    <\/li>\n<\/ul>\n<p>Forfatter: lyl<\/p>","protected":false},"excerpt":{"rendered":"<p>Bucket Cylinder For Jove JV85 Introduction The bucket cylinder for Jove JV85 is a specialized hydraulic cylinder designed mainly to control the movement of the bucket in heavy machinery such as excavators, backhoe excavators, and front-end loaders. Its primary function is to enable the bucket to perform lifting, lowering, and tilting, thus facilitating various material [&hellip;]<\/p>","protected":false},"featured_media":14769,"comment_status":"open","ping_status":"closed","template":"","meta":{"_et_pb_use_builder":"","_et_pb_old_content":"","_et_gb_content_width":""},"product_brand":[],"product_cat":[1494],"product_tag":[1495,1496],"class_list":{"0":"post-15773","1":"product","2":"type-product","3":"status-publish","4":"has-post-thumbnail","6":"product_cat-bucket-cylinders","7":"product_tag-bucket-cylinders","8":"product_tag-hydraulic-cylinders","10":"first","11":"instock","12":"shipping-taxable","13":"product-type-simple"},"amp_enabled":true,"_links":{"self":[{"href":"https:\/\/www.hydraulic-cylinders.net\/da\/wp-json\/wp\/v2\/product\/15773","targetHints":{"allow":["GET"]}}],"collection":[{"href":"https:\/\/www.hydraulic-cylinders.net\/da\/wp-json\/wp\/v2\/product"}],"about":[{"href":"https:\/\/www.hydraulic-cylinders.net\/da\/wp-json\/wp\/v2\/types\/product"}],"replies":[{"embeddable":true,"href":"https:\/\/www.hydraulic-cylinders.net\/da\/wp-json\/wp\/v2\/comments?post=15773"}],"wp:featuredmedia":[{"embeddable":true,"href":"https:\/\/www.hydraulic-cylinders.net\/da\/wp-json\/wp\/v2\/media\/14769"}],"wp:attachment":[{"href":"https:\/\/www.hydraulic-cylinders.net\/da\/wp-json\/wp\/v2\/media?parent=15773"}],"wp:term":[{"taxonomy":"product_brand","embeddable":true,"href":"https:\/\/www.hydraulic-cylinders.net\/da\/wp-json\/wp\/v2\/product_brand?post=15773"},{"taxonomy":"product_cat","embeddable":true,"href":"https:\/\/www.hydraulic-cylinders.net\/da\/wp-json\/wp\/v2\/product_cat?post=15773"},{"taxonomy":"product_tag","embeddable":true,"href":"https:\/\/www.hydraulic-cylinders.net\/da\/wp-json\/wp\/v2\/product_tag?post=15773"}],"curies":[{"name":"wp","href":"https:\/\/api.w.org\/{rel}","templated":true}]}}