{"id":15776,"date":"2025-01-19T14:57:57","date_gmt":"2025-01-19T14:57:57","guid":{"rendered":"https:\/\/www.hydraulic-cylinders.net\/product\/bucket-cylinder-for-jove-jv365lc\/"},"modified":"2025-01-19T14:57:59","modified_gmt":"2025-01-19T14:57:59","slug":"bucket-cylinder-for-jove-jv365lc","status":"publish","type":"product","link":"https:\/\/www.hydraulic-cylinders.net\/da\/vare\/bucket-cylinder-for-jove-jv365lc\/","title":{"rendered":"Skovlcylinder til Jove JV365LC"},"content":{"rendered":"<h1>Skovlcylinder til Jove JV365LC<\/h1>\n<h2>Om produktet<\/h2>\n<p>En skovlcylinder er en specialiseret hydraulisk cylinder, der prim\u00e6rt bruges til at styre skovlens bev\u00e6gelse i tunge maskiner s\u00e5som gravemaskiner, rendegravere og frontl\u00e6ssere. Dens hovedfunktion er at g\u00f8re det muligt for skovlen at l\u00f8fte, s\u00e6nke og vippe, hvilket g\u00f8r det lettere at h\u00e5ndtere forskellige materialeh\u00e5ndteringsopgaver. I det hydrauliske system opn\u00e5r skovlcylinderen pr\u00e6cis kontrol over skovlen ved tryk\u00e6ndring af hydraulikolien, hvilket g\u00f8r det muligt for operat\u00f8rer effektivt at h\u00e5ndtere tunge belastninger, tilpasse sig komplekse arbejdsmilj\u00f8er og forskellige driftskrav.<\/p>\n<p><img decoding=\"async\" src=\"https:\/\/www.hydraulic-cylinders.net\/wp-content\/uploads\/2025\/01\/songte-company-2.webp\" alt=\"Billede af spandcylinder\"><\/p>\n<h2>Produktets funktioner<\/h2>\n<ul>\n<li>\n<h3>H\u00f8j styrke og holdbarhed<\/h3>\n<p>Skovlcylindre er typisk lavet af h\u00f8jstyrkest\u00e5l eller aluminium, som kan modst\u00e5 h\u00f8jt tryk og tunge belastninger og tilpasser sig barske arbejdsmilj\u00f8er. De er designet til at tage hensyn til slidstyrke og korrosionsbestandighed, hvilket forl\u00e6nger deres levetid.<\/p>\n<\/li>\n<li>\n<h3>Effektiv hydraulisk drift<\/h3>\n<p>Skovlcylindre udnytter trykket fra hydraulikolien til at opn\u00e5 j\u00e6vn ud- og indtr\u00e6kning, hvilket muligg\u00f8r hurtig reaktion p\u00e5 styrekommandoer og giver en kraftig skubbe- og tr\u00e6kkraft, der er velegnet til h\u00e5ndtering af tunge belastninger og komplekse driftsopgaver.<\/p>\n<\/li>\n<li>\n<h3>Forskellige typer<\/h3>\n<p>Skovlcylindre kan v\u00e6lges som enkeltvirkende (hydraulisk i kun \u00e9n retning) eller dobbeltvirkende (hydraulisk i begge retninger) alt efter behov for at opfylde forskellige driftskrav. Nogle modeller er teleskopiske, hvilket giver mulighed for st\u00f8rre udtr\u00e6k uden at \u00f8ge de ydre dimensioner, hvilket g\u00f8r dem velegnede til applikationer med begr\u00e6nset plads.<\/p>\n<\/li>\n<li>\n<h3>Udskifteligt produkt<\/h3>\n<p>Vi kan producere dette produkt, og vores produkt kan perfekt erstatte disse hydrauliske cylindre.<\/p>\n<\/li>\n<\/ul>\n<p><img decoding=\"async\" src=\"https:\/\/www.hydraulic-cylinders.net\/wp-content\/uploads\/2025\/01\/songte-cylinder-head-with-all-kinds-excavator-models.webp\" alt=\"Billede af modeller af skovlcylinder\"><\/p>\n<h2>Produktets anvendelser<\/h2>\n<ul>\n<li>\n<h3>Entrepren\u00f8rudstyr<\/h3>\n<p>I gravemaskiner er de afg\u00f8rende for udgravning, lastning og flytning af jord eller affald. I rendegravere hj\u00e6lper skovlcylindre b\u00e5de med udgravning og l\u00f8ft. I frontl\u00e6ssere hj\u00e6lper de med at l\u00f8fte og vippe gods effektivt.<\/p>\n<\/li>\n<li>\n<h3>Landbrugsmaskiner<\/h3>\n<p>Bruges i frontl\u00e6ssere til at opgrave, l\u00f8fte og transportere jord, h\u00f8 og andre materialer. Skovlcylindre i gravemaskiner opn\u00e5r udgravning ved at lade skovlen tr\u00e6nge ned i jorden.<\/p>\n<\/li>\n<\/ul>\n<h2>Designovervejelser og udv\u00e6lgelseskriterier<\/h2>\n<ul>\n<li>\n<h3>B\u00e6reevne<\/h3>\n<p>Cylinderen skal kunne modst\u00e5 den maksimale belastning i den anvendelse, den er designet til.<\/p>\n<\/li>\n<li>\n<h3>T\u00e6tning og sm\u00f8ring<\/h3>\n<p>Cylinderen b\u00f8r v\u00e6re udstyret med forskellige t\u00e6tninger, s\u00e5som stempelt\u00e6tninger og stangt\u00e6tninger, lavet af slidst\u00e6rke materialer som polyurethan og nitrilgummi, for at sikre effektiv sm\u00f8ring og forl\u00e6nge levetiden. Cylinderhuset og gevindenden er fint forarbejdet for at forbedre slidstyrken. Regelm\u00e6ssig sm\u00f8ring med den passende m\u00e6ngde hydraulikolie er ogs\u00e5 n\u00f8dvendig.<\/p>\n<\/li>\n<li>\n<h3>Holdbarhed og sikkerhed<\/h3>\n<p>Cylinderen skal v\u00e6re designet og fremstillet til at modst\u00e5 barske arbejdsmilj\u00f8er, hvilket sikrer lang levetid og operat\u00f8rsikkerhed. Regelm\u00e6ssig kontrol og forebyggende vedligeholdelse anbefales for at undg\u00e5 for tidlige svigt og ulykker.<\/p>\n<\/li>\n<\/ul>\n<p><img decoding=\"async\" src=\"https:\/\/www.hydraulic-cylinders.net\/wp-content\/uploads\/2025\/01\/songte-oil-pipes-and-spare-parts.webp\" alt=\"Billede af hydrauliske cylinderdele\"><\/p>\n<h2>Vedligeholdelses- og installationsvejledning<\/h2>\n<p>En regelm\u00e6ssig vedligeholdelsesplan er afg\u00f8rende for at sikre skovlcylindrenes levetid og optimale ydeevne. F\u00f8lgende vedligeholdelsesopgaver b\u00f8r udf\u00f8res:<\/p>\n<ul>\n<li>\n<h3>Regelm\u00e6ssige kontroller<\/h3>\n<p>Kontroller for l\u00e6kager, skader og slitage. Regelm\u00e6ssige kontroller kan opdage sm\u00e5 problemer, f\u00f8r de bliver til st\u00f8rre problemer.<\/p>\n<\/li>\n<li>\n<h3>Sm\u00f8ring<\/h3>\n<p>Korrekt sm\u00f8ring med den passende m\u00e6ngde hydraulikolie er n\u00f8dvendig for at sikre optimal ydeevne.<\/p>\n<\/li>\n<li>\n<h3>Udskiftning af pakning og kalibreringskontrol<\/h3>\n<p>Udskiftning af slidte pakninger og regelm\u00e6ssig kalibrering af cylinderen kan forhindre potentielle problemer og opretholde optimal ydeevne.<\/p>\n<\/li>\n<\/ul>\n<p>Korrekt installation er afg\u00f8rende for at sikre sikkerheden og optimal ydeevnen af \u200b\u200b\u200b\u200bskovlcylinderen. F\u00f8lgende retningslinjer skal f\u00f8lges:<\/p>\n<ul>\n<li>\n<h3>Korrekt justering<\/h3>\n<p>Cylinderen skal justeres korrekt for at forhindre beskadigelse af stempelstangen og cylinderboringen.<\/p>\n<\/li>\n<li>\n<h3>Brug af korrekt monteringsbeslag<\/h3>\n<p>Der skal anvendes korrekte monteringsbeslag til at fastg\u00f8re cylinderen p\u00e5 plads og forhindre den i at bev\u00e6ge sig.<\/p>\n<\/li>\n<li>\n<h3>Anbefalede inspektions-, reparations- og udskiftningsprocedurer<\/h3>\n<p>Anbefalede inspektions-, reparations- og udskiftningsprocedurer b\u00f8r f\u00f8lges for at sikre skovlcylinderens levetid og optimale ydeevne.<\/p>\n<\/li>\n<\/ul>\n<p><img decoding=\"async\" src=\"https:\/\/www.hydraulic-cylinders.net\/wp-content\/uploads\/2025\/01\/songte-chushion-collar.webp\" alt=\"Billede af installation af hydrauliske cylindere\"><\/p>\n<h2>Produktsikkerhed og milj\u00f8hensyn<\/h2>\n<p>Der b\u00f8r tr\u00e6ffes passende sikkerhedsforanstaltninger ved brug af skovlcylinderen for at forhindre ulykker og skader. Milj\u00f8hensyn b\u00f8r ogs\u00e5 tages i betragtning, og hydraulikolie og andre v\u00e6sker b\u00f8r bortskaffes korrekt for at forhindre forurening.<\/p>\n<p><img decoding=\"async\" src=\"https:\/\/www.hydraulic-cylinders.net\/wp-content\/uploads\/2025\/01\/songte-bushings-with-all-kinds-of-excavator-models.webp\" alt=\"Billede af hydrauliske cylinderb\u00f8sninger\"><\/p>\n<h2>Om vores virksomhed<\/h2>\n<p>Vi er en producent af hydrauliske cylindre, der kan erstatte traditionelle hydrauliske cylindre. Vores virksomhed har et komplet produktsortiment og er blevet en af \u200b\u200bde f\u00f8rende producenter og engrosdistribut\u00f8rer af hydrauliske cylindre p\u00e5 det indenlandske og internationale marked. Vi f\u00f8lger princippet om fremragende kvalitet og s\u00e6tter vores lid til den industrialiserede produktionsstyringsstrategi fra et sofistikeret produktionsv\u00e6rksted. Vores virksomhed forbedrer l\u00f8bende v\u00e6rkstedets produktionsplatform, perfektionerer produktionslinjen med produktkvalitet og har en st\u00e6rk innovativ evne til at im\u00f8dekomme kundernes forskellige behov med principper for h\u00f8j effektivitet, h\u00f8j pr\u00e6cision og h\u00f8j kvalitet.<\/p>\n<p><img decoding=\"async\" src=\"https:\/\/hzpt.com\/wp-content\/uploads\/2024\/11\/songte-company-1.webp\" alt=\"Virksomhedens image\"><\/p>\n<h3>Vores virksomhed i korte tr\u00e6k<\/h3>\n<ul>\n<li>\n<h4>Professionalitet<\/h4>\n<p>Vi har et team af h\u00f8jt kvalificerede fagfolk med omfattende erfaring inden for design og fremstilling af hydrauliske cylindre.<\/p>\n<\/li>\n<li>\n<h4>International certificering<\/h4>\n<p>Vores virksomhed har opn\u00e5et forskellige internationale certificeringer, s\u00e5som ISO 9001:2015 og CE-certificering, hvilket demonstrerer vores engagement i kvalitet og sikkerhed.<\/p>\n<\/li>\n<li>\n<h4>Tilpasningstjenester<\/h4>\n<p>Vi tilbyder tilpasningstjenester for at im\u00f8dekomme vores kunders unikke behov.<\/p>\n<\/li>\n<li>\n<h4>Produktionsudstyr<\/h4>\n<p>Vi bruger avanceret digitalt produktionsudstyr for at sikre n\u00f8jagtighed og effektivitet i vores produktionsproces.<\/p>\n<\/li>\n<li>\n<h4>Eftersalgsservice<\/h4>\n<p>Vi tilbyder fremragende eftersalgsservice for at sikre kundetilfredshed.<\/p>\n<\/li>\n<\/ul>\n<h4>Forfatter: lyl<\/h4>","protected":false},"excerpt":{"rendered":"<p>Bucket Cylinder For Jove JV365LC About the product A bucket cylinder is a specialized hydraulic cylinder primarily used to control the movement of the bucket in heavy machinery such as excavators, backhoes, and front-end loaders. Its main function is to enable the bucket to lift, lower, and tilt, making it easier to handle various material [&hellip;]<\/p>","protected":false},"featured_media":14761,"comment_status":"open","ping_status":"closed","template":"","meta":{"_et_pb_use_builder":"","_et_pb_old_content":"","_et_gb_content_width":""},"product_brand":[],"product_cat":[1494],"product_tag":[1495,1496],"class_list":{"0":"post-15776","1":"product","2":"type-product","3":"status-publish","4":"has-post-thumbnail","6":"product_cat-bucket-cylinders","7":"product_tag-bucket-cylinders","8":"product_tag-hydraulic-cylinders","10":"first","11":"instock","12":"shipping-taxable","13":"product-type-simple"},"amp_enabled":true,"_links":{"self":[{"href":"https:\/\/www.hydraulic-cylinders.net\/da\/wp-json\/wp\/v2\/product\/15776","targetHints":{"allow":["GET"]}}],"collection":[{"href":"https:\/\/www.hydraulic-cylinders.net\/da\/wp-json\/wp\/v2\/product"}],"about":[{"href":"https:\/\/www.hydraulic-cylinders.net\/da\/wp-json\/wp\/v2\/types\/product"}],"replies":[{"embeddable":true,"href":"https:\/\/www.hydraulic-cylinders.net\/da\/wp-json\/wp\/v2\/comments?post=15776"}],"wp:featuredmedia":[{"embeddable":true,"href":"https:\/\/www.hydraulic-cylinders.net\/da\/wp-json\/wp\/v2\/media\/14761"}],"wp:attachment":[{"href":"https:\/\/www.hydraulic-cylinders.net\/da\/wp-json\/wp\/v2\/media?parent=15776"}],"wp:term":[{"taxonomy":"product_brand","embeddable":true,"href":"https:\/\/www.hydraulic-cylinders.net\/da\/wp-json\/wp\/v2\/product_brand?post=15776"},{"taxonomy":"product_cat","embeddable":true,"href":"https:\/\/www.hydraulic-cylinders.net\/da\/wp-json\/wp\/v2\/product_cat?post=15776"},{"taxonomy":"product_tag","embeddable":true,"href":"https:\/\/www.hydraulic-cylinders.net\/da\/wp-json\/wp\/v2\/product_tag?post=15776"}],"curies":[{"name":"wp","href":"https:\/\/api.w.org\/{rel}","templated":true}]}}