{"id":15777,"date":"2025-01-19T14:58:01","date_gmt":"2025-01-19T14:58:01","guid":{"rendered":"https:\/\/www.hydraulic-cylinders.net\/product\/bucket-cylinder-for-tck-hd1023lc-8h\/"},"modified":"2025-01-19T14:58:03","modified_gmt":"2025-01-19T14:58:03","slug":"bucket-cylinder-for-tck-hd1023lc-8h","status":"publish","type":"product","link":"https:\/\/www.hydraulic-cylinders.net\/da\/vare\/bucket-cylinder-for-tck-hd1023lc-8h\/","title":{"rendered":"Skovlcylinder til TCK HD1023LC-8H"},"content":{"rendered":"<h1>Skovlcylinder til TCK HD1023LC-8H<\/h1>\n<h2>Indledning<\/h2>\n<p>En skovlcylinder er en specialdesignet hydraulisk cylinder, der prim\u00e6rt bruges til at styre bev\u00e6gelsen af \u200b\u200bskovle i tunge maskiner s\u00e5som gravemaskiner, rendegravere og frontl\u00e6ssere. Dens hovedfunktion er at tillade, at skovlen kan l\u00f8ftes, s\u00e6nkes og vippes til forskellige materialeh\u00e5ndteringsopgaver. I det hydrauliske system styrer skovlcylinderen skovlens pr\u00e6cise bev\u00e6gelse gennem \u00e6ndringer i hydraulikolietrykket, hvilket giver operat\u00f8rer mulighed for effektivt at h\u00e5ndtere tunge l\u00e6s og tilpasse sig komplekse arbejdsmilj\u00f8er og forskellige jobkrav.<\/p>\n<p><img decoding=\"async\" src=\"https:\/\/www.hydraulic-cylinders.net\/wp-content\/uploads\/2025\/01\/songte-company-2.webp\" alt=\"Billede af spandcylinder\"><\/p>\n<h2>Funktioner<\/h2>\n<ul>\n<li>H\u00f8j styrke og holdbarhed: Normalt fremstillet af h\u00f8jstyrkest\u00e5l eller aluminium, i stand til at modst\u00e5 h\u00f8jt tryk og tunge belastninger, egnet til barske arbejdsmilj\u00f8er, designet med hensyntagen til slidstyrke og korrosionsbestandighed samt forl\u00e6nget levetid.<\/li>\n<li>Effektiv hydraulisk betjening: J\u00e6vn teleskopfunktion ved hj\u00e6lp af hydraulisk olietryk, i stand til at reagere hurtigt p\u00e5 styrekommandoer, give kraftige skubbe- og tr\u00e6kkr\u00e6fter, velegnet til h\u00e5ndtering af tunge belastninger og komplekse opgaver.<\/li>\n<li>Forskellige typer: Cylindertyper inkluderer enkeltvirkende (hydraulisk anvendt i kun \u00e9n retning) eller dobbeltvirkende (hydraulisk anvendt i begge retninger) for at opfylde forskellige driftskrav; nogle modeller er teleskopiske, hvilket giver mulighed for st\u00f8rre udtr\u00e6k uden at \u00f8ge de udvendige dimensioner, velegnede til applikationer med begr\u00e6nset plads.<\/li>\n<li>Perfekt udskiftningsmulighed: Vores produkt kan nemt bruges til at udskifte lignende hydrauliske cylindre.<\/li>\n<\/ul>\n<p><img decoding=\"async\" src=\"https:\/\/www.hydraulic-cylinders.net\/wp-content\/uploads\/2025\/01\/songte-cylinder-head-with-all-kinds-excavator-models.webp\" alt=\"Billede af spandcylinder\"><\/p>\n<h2>Anvendelse<\/h2>\n<p>Skovlcylinder har en bred vifte af anvendelser i tunge maskiner:<\/p>\n<ul>\n<li>Entrepren\u00f8rudstyr: I gravemaskiner er de afg\u00f8rende for at grave, l\u00e6sse og flytte jord eller affald. I rendegravere hj\u00e6lper skovlcylindre med at grave og l\u00f8fte. I frontl\u00e6ssere hj\u00e6lper de med effektivt at l\u00f8fte og vippe last.<\/li>\n<li>Landbrugsmaskiner: Bruges til frontl\u00e6ssere, der opsamler, l\u00f8fter og transporterer jord, h\u00f8 og andre materialer. I gravemaskiner fungerer skovlcylindrene ved at lade skovlen tr\u00e6nge ned i jorden under udgravning.<\/li>\n<\/ul>\n<h2>Designovervejelser og udv\u00e6lgelsesstandarder<\/h2>\n<p>N\u00e5r man designer skovlcylindre, er der flere vigtige faktorer at overveje:<\/p>\n<ul>\n<li>B\u00e6reevne: Cylinderen skal kunne b\u00e6re belastningen fra det udstyr og de materialer, den transporterer.<\/li>\n<li>T\u00e6tning: Forskellige typer t\u00e6tninger, s\u00e5som stempelt\u00e6tninger og stangt\u00e6tninger, bruges til at forhindre l\u00e6kager og kontaminering af hydraulikv\u00e6ske.<\/li>\n<li>Holdbarhed: Cylindre er designet til at modst\u00e5 barske milj\u00f8er og h\u00f8jt tryk, og materialerne er udvalgt med hensyn til slidstyrke og korrosionsbestandighed.<\/li>\n<li>Sikkerhed: Sikkerhedsfunktioner s\u00e5som overtryksventiler er inkluderet for at forhindre overbelastning og beskadigelse af cylinderen.<\/li>\n<li>Vedligeholdelse: Tilg\u00e6ngelighed og nem vedligeholdelse anses for at reducere nedetid og forbedre levetiden.<\/li>\n<\/ul>\n<p><img decoding=\"async\" src=\"https:\/\/www.hydraulic-cylinders.net\/wp-content\/uploads\/2025\/01\/songte-oil-pipes-and-spare-parts.webp\" alt=\"Billede af spandcylinder\"><\/p>\n<h2>T\u00e6tning og sm\u00f8ring<\/h2>\n<p>Skovlcylindre bruger forskellige t\u00e6tninger, s\u00e5som stempelt\u00e6tninger og stangt\u00e6tninger, lavet af slidst\u00e6rke materialer som polyurethan eller nitrilgummi, for at forhindre l\u00e6kage og kontaminering. Cylinderhuset og gevindfladerne er pr\u00e6cist behandlet for at forbedre slidstyrken. Regelm\u00e6ssig tils\u00e6tning af passende hydraulikolie er n\u00f8dvendig for at sm\u00f8re cylinderen og sikre problemfri drift.<\/p>\n<p><img decoding=\"async\" src=\"https:\/\/www.hydraulic-cylinders.net\/wp-content\/uploads\/2025\/01\/songte-chushion-collar.webp\" alt=\"Billede af spandcylinder\"><\/p>\n<h2>Forebyggende vedligeholdelse<\/h2>\n<p>Regelm\u00e6ssig inspektion og vedligeholdelse er afg\u00f8rende for at sikre sikker og effektiv drift af skovlcylindre. Almindelige vedligeholdelsesopgaver omfatter:<\/p>\n<ul>\n<li>Regelm\u00e6ssig inspektion af cylinderen for l\u00e6kager, skader og slid.<\/li>\n<li>Regelm\u00e6ssig sm\u00f8ring af cylinderen for at sikre problemfri drift.<\/li>\n<li>Udskiftning af pakninger og omkalibrering af cylinderen efter behov.<\/li>\n<\/ul>\n<h2>Sikkerhedshensyn og milj\u00f8faktorer<\/h2>\n<p>N\u00e5r man bruger en skovlcylinder, er sikkerhedsforanstaltninger afg\u00f8rende for at forhindre ulykker. Det er vigtigt at f\u00f8lge alle sikkerhedsretningslinjer og bruge passende personlige v\u00e6rnemidler, s\u00e5som handsker, beskyttelsesbriller og sikkerhedshjelm. Milj\u00f8faktorer, s\u00e5som vejr og terr\u00e6n, b\u00f8r ogs\u00e5 tages i betragtning ved betjening af tunge maskiner.<\/p>\n<p><img decoding=\"async\" src=\"https:\/\/www.hydraulic-cylinders.net\/wp-content\/uploads\/2025\/01\/songte-bushings-with-all-kinds-of-excavator-models.webp\" alt=\"Billede af spandcylinder\"><\/p>\n<h2>Almindelige problemer og fejlfinding<\/h2>\n<p>Almindelige problemer med skovlcylindre omfatter l\u00e6kager, skader og slid. S\u00e5dan foretager du fejlfinding af disse problemer:<\/p>\n<ul>\n<li>Unders\u00f8g cylinderen for l\u00e6kager og skader.<\/li>\n<li>Udskift alle slidte eller beskadigede dele, s\u00e5som pakninger eller lejer.<\/li>\n<li>Kalibrer cylinderen igen efter behov.<\/li>\n<\/ul>\n<h2>Om vores virksomhed<\/h2>\n<p>Vi er en producent af hydrauliske cylindre, og vores produkter er anerkendt som en af \u200b\u200bde f\u00f8rende producenter og grossister af hydrauliske cylindre p\u00e5 indenlandske og internationale markeder. Vores virksomhed overholder principperne om fremragende kvalitet, er afh\u00e6ngig af de industrialiserede produktionsstyringsstrategier fra sofistikerede produktionsv\u00e6rksteder og forbedrer l\u00f8bende produktionsplatformen i vores v\u00e6rksteder gennem brug af teknisk personale, digitalt avanceret produktionsudstyr og professionelle testsystemer. Vi har st\u00e6rke kreative evner og leverer produkter med h\u00f8j effektivitet, h\u00f8j pr\u00e6cision og h\u00f8j kvalitet for at im\u00f8dekomme vores kunders forskellige behov.<\/p>\n<p><img decoding=\"async\" src=\"https:\/\/hzpt.com\/wp-content\/uploads\/2024\/11\/songte-company-1.webp\" alt=\"Billede af spandcylinder\"><\/p>\n<h2>Vores virksomheds fordele<\/h2>\n<ul>\n<li>Professionalitet: Vi har omfattende erfaring inden for hydrauliske cylinderbranchen og har opbygget en stor viden og ekspertise p\u00e5 dette omr\u00e5de.<\/li>\n<li>International certificering: Vores produkter har modtaget international certificering og er af h\u00f8jeste kvalitet.<\/li>\n<li>Tilpasningstjenester: Vi tilbyder skr\u00e6ddersyede cylinderdesigntjenester for at im\u00f8dekomme vores kunders specifikke behov.<\/li>\n<li>Produktionsudstyr: Vores produktionsudstyr er topmoderne og g\u00f8r det muligt for os at producere cylindre af h\u00f8j kvalitet effektivt.<\/li>\n<li>Eftersalgsservice: Vi tilbyder fremragende eftersalgsservice, herunder udskiftning af dele og reparation, for at forl\u00e6nge levetiden p\u00e5 vores cylindre.<\/li>\n<\/ul>\n<p>Forfatter: lyl<\/p>","protected":false},"excerpt":{"rendered":"<p>Bucket Cylinder for TCK HD1023LC-8H Introduction Bucket cylinder is a specially designed hydraulic cylinder used primarily for controlling the movement of buckets in heavy machinery such as excavators, backhoe excavators, and front loaders. Its main function is to allow the bucket to be lifted, lowered, and tilted for various material handling tasks. In the hydraulic [&hellip;]<\/p>","protected":false},"featured_media":14789,"comment_status":"open","ping_status":"closed","template":"","meta":{"_et_pb_use_builder":"","_et_pb_old_content":"","_et_gb_content_width":""},"product_brand":[],"product_cat":[1494],"product_tag":[1495,1496],"class_list":{"0":"post-15777","1":"product","2":"type-product","3":"status-publish","4":"has-post-thumbnail","6":"product_cat-bucket-cylinders","7":"product_tag-bucket-cylinders","8":"product_tag-hydraulic-cylinders","10":"first","11":"instock","12":"shipping-taxable","13":"product-type-simple"},"amp_enabled":true,"_links":{"self":[{"href":"https:\/\/www.hydraulic-cylinders.net\/da\/wp-json\/wp\/v2\/product\/15777","targetHints":{"allow":["GET"]}}],"collection":[{"href":"https:\/\/www.hydraulic-cylinders.net\/da\/wp-json\/wp\/v2\/product"}],"about":[{"href":"https:\/\/www.hydraulic-cylinders.net\/da\/wp-json\/wp\/v2\/types\/product"}],"replies":[{"embeddable":true,"href":"https:\/\/www.hydraulic-cylinders.net\/da\/wp-json\/wp\/v2\/comments?post=15777"}],"wp:featuredmedia":[{"embeddable":true,"href":"https:\/\/www.hydraulic-cylinders.net\/da\/wp-json\/wp\/v2\/media\/14789"}],"wp:attachment":[{"href":"https:\/\/www.hydraulic-cylinders.net\/da\/wp-json\/wp\/v2\/media?parent=15777"}],"wp:term":[{"taxonomy":"product_brand","embeddable":true,"href":"https:\/\/www.hydraulic-cylinders.net\/da\/wp-json\/wp\/v2\/product_brand?post=15777"},{"taxonomy":"product_cat","embeddable":true,"href":"https:\/\/www.hydraulic-cylinders.net\/da\/wp-json\/wp\/v2\/product_cat?post=15777"},{"taxonomy":"product_tag","embeddable":true,"href":"https:\/\/www.hydraulic-cylinders.net\/da\/wp-json\/wp\/v2\/product_tag?post=15777"}],"curies":[{"name":"wp","href":"https:\/\/api.w.org\/{rel}","templated":true}]}}