{"id":15787,"date":"2025-01-19T14:59:07","date_gmt":"2025-01-19T14:59:07","guid":{"rendered":"https:\/\/www.hydraulic-cylinders.net\/product\/bucket-cylinder-for-sgzg-sd25b\/"},"modified":"2025-01-19T14:59:09","modified_gmt":"2025-01-19T14:59:09","slug":"bucket-cylinder-for-sgzg-sd25b","status":"publish","type":"product","link":"https:\/\/www.hydraulic-cylinders.net\/da\/vare\/bucket-cylinder-for-sgzg-sd25b\/","title":{"rendered":"Skovlcylinder til SGZG SD25B"},"content":{"rendered":"<h1>Skovlcylinder til SGZG SD25B<\/h1>\n<h2>Indledning<\/h2>\n<p>En skovlcylinder er en specialdesignet hydraulisk cylinder, der prim\u00e6rt bruges til at styre bev\u00e6gelsen af \u200b\u200bskovle i tunge maskiner s\u00e5som gravemaskiner, rendegravere og frontl\u00e6ssere. Dens hovedfunktion er at g\u00f8re det muligt for skovlen at l\u00f8fte, s\u00e6nke og vippe, hvilket g\u00f8r det lettere at h\u00e5ndtere forskellige materialeh\u00e5ndteringsopgaver. I det hydrauliske system opn\u00e5r skovlcylinderen pr\u00e6cis kontrol over skovlen ved hj\u00e6lp af tryk\u00e6ndringen i hydraulikolien, hvilket g\u00f8r det muligt for f\u00f8reren effektivt at h\u00e5ndtere tunge genstande og tilpasse sig komplekse arbejdsmilj\u00f8er og forskellige driftsbehov.<\/p>\n<p><img decoding=\"async\" src=\"https:\/\/www.hydraulic-cylinders.net\/wp-content\/uploads\/2025\/01\/songte-company-2.webp\" alt=\"Billede af spandcylinder\"><\/p>\n<h2>Funktioner<\/h2>\n<ul>\n<li>H\u00f8j styrke og holdbarhed: Typisk lavet af h\u00f8jstyrkest\u00e5l eller aluminium, kan den modst\u00e5 h\u00f8jt tryk og tunge belastninger, tilpasse sig barske arbejdsmilj\u00f8er og er designet med slidstyrke og korrosionsbestandighed i tankerne for at forl\u00e6nge dens levetid.<\/li>\n<li>Effektiv hydraulisk drift: J\u00e6vne forl\u00e6ngelses- og sammentr\u00e6kningsbev\u00e6gelser opn\u00e5s ved at bruge trykket fra hydraulikolien, hvilket muligg\u00f8r hurtig reaktion p\u00e5 styrekommandoer, giver st\u00e6rke skubbe- og tr\u00e6kkr\u00e6fter og er egnet til h\u00e5ndtering af tunge genstande og komplekse driftsopgaver.<\/li>\n<li>Forskellige typer: Enkeltvirkende (hydraulisk bruges kun i \u00e9n retning) eller dobbeltvirkende (hydraulisk bruges i begge retninger) cylindre kan v\u00e6lges efter behov for at opfylde forskellige driftskrav. Nogle modeller er teleskopiske, hvilket giver mulighed for st\u00f8rre udtr\u00e6k uden at \u00f8ge de udvendige dimensioner, hvilket g\u00f8r dem velegnede til applikationer med begr\u00e6nset plads.<\/li>\n<li>Perfekt udskiftning: Vores produkter kan perfekt erstatte disse hydrauliske cylindre. <\/li>\n<\/ul>\n<p><img decoding=\"async\" src=\"https:\/\/www.hydraulic-cylinders.net\/wp-content\/uploads\/2025\/01\/songte-cylinder-head-with-all-kinds-excavator-models.webp\" alt=\"Billede af spandcylinder\"><\/p>\n<h2>Applikationer<\/h2>\n<p>Skovlcylindre bruges almindeligvis i forskellige entrepren\u00f8r- og landbrugsmaskiner:<\/p>\n<ul>\n<li>Entrepren\u00f8rudstyr: I gravemaskiner er de afg\u00f8rende for udgravning, l\u00e6sning og flytning af jord eller affald. I rendegravere hj\u00e6lper skovlcylindre med b\u00e5de gravning og l\u00f8ft. <\/li>\n<li>Landbrugsmaskiner: Bruges i frontl\u00e6ssere til at grave, l\u00f8fte og transportere jord, h\u00f8 og andre materialer. <\/li>\n<li>Gravemaskiner: Skovlcylindere tillader skovlen at tr\u00e6nge ned i jorden for at opn\u00e5 gravefunktion. <\/li>\n<li>L\u00e6ssere: I frontl\u00e6ssere hj\u00e6lper de med at l\u00f8fte og vippe gods effektivt. <\/li>\n<\/ul>\n<h2>Designovervejelser og udv\u00e6lgelseskriterier<\/h2>\n<p>Ved design af skovlcylindre skal forskellige faktorer tages i betragtning, s\u00e5som:<\/p>\n<ul>\n<li>B\u00e6reevne: Cylinderen skal kunne modst\u00e5 den maksimale belastning, den vil blive udsat for under drift. <\/li>\n<li>T\u00e6tning: Cylinderen skal v\u00e6re hermetisk forseglet for at undg\u00e5 l\u00e6kage af hydraulikv\u00e6ske. <\/li>\n<li>Holdbarhed: Cylinderen skal kunne fungere under barske forhold og modst\u00e5 slid over tid.<\/li>\n<li>Sikkerhed: Cylinderen skal v\u00e6re konstrueret med sikkerhed i tankerne for at forhindre ulykker under drift. <\/li>\n<li>Vedligeholdelsesvenlighed: Cylinderen skal v\u00e6re nem at vedligeholde og reparere for at minimere nedetid.<\/li>\n<\/ul>\n<p><img decoding=\"async\" src=\"https:\/\/www.hydraulic-cylinders.net\/wp-content\/uploads\/2025\/01\/songte-oil-pipes-and-spare-parts.webp\" alt=\"Billede af spandcylinder\"><\/p>\n<h2>T\u00e6tning og sm\u00f8ring<\/h2>\n<p>Forskellige t\u00e6tningskomponenter, s\u00e5som stempelt\u00e6tninger og stangt\u00e6tninger, anvendes til at sikre luftt\u00e6thed i skovlcylindre. T\u00e6tningskomponenterne er lavet af slidst\u00e6rke materialer som polyurethan og nitrilgummi. Cylinderhuset og gevindenden er blevet fint bearbejdet for at \u00f8ge slidstyrken. Regelm\u00e6ssig efterfyldning af hydraulikolie er n\u00f8dvendig for at sikre korrekt sm\u00f8ring.<\/p>\n<h2>Vedligeholdelse og reparation<\/h2>\n<p>Regelm\u00e6ssig inspektion, passende sm\u00f8ring, udskiftning af pakninger og kalibreringstjek er almindelige vedligeholdelsesopgaver for skovlcylindre. Korrekt installation, sm\u00f8ring og justering er afg\u00f8rende for at sikre sikker og p\u00e5lidelig drift. Der gives korrekt justeringsvejledning under installationen, og passende monteringsbeslag anbefales til at fastg\u00f8re cylinderen. Der gives anbefalede inspektions-, reparations- og udskiftningsprocedurer sammen med tips til at \u00f8ge skovlcylinderens levetid.<\/p>\n<p><img decoding=\"async\" src=\"https:\/\/www.hydraulic-cylinders.net\/wp-content\/uploads\/2025\/01\/songte-chushion-collar.webp\" alt=\"Billede af spandcylinder\"><\/p>\n<h2>Sikkerheds- og milj\u00f8hensyn<\/h2>\n<p>Sikkerhedsforanstaltninger er afg\u00f8rende ved brug af skovlcylindre. Operat\u00f8rer skal gennemg\u00e5 tr\u00e6ning for at sikre, at de har de f\u00e6rdigheder og den viden, der kr\u00e6ves for at betjene cylinderen sikkert. Milj\u00f8hensyn s\u00e5som forebyggelse af olieudslip og korrekt bortskaffelse af hydraulikolie skal ogs\u00e5 tages i betragtning.<\/p>\n<h2>Diagnose og fejlfinding<\/h2>\n<p>Almindelige problemer med skovlcylindre omfatter l\u00e6kage, reduceret ydeevne og beskadigelse af t\u00e6tningskomponenter. Der gives fejlfindingstips og l\u00f8sninger for at hj\u00e6lpe l\u00e6serne med at diagnosticere og l\u00f8se problemer effektivt. Forebyggende foranstaltninger foresl\u00e5s ogs\u00e5 for at minimere potentielle problemer.<\/p>\n<p><img decoding=\"async\" src=\"https:\/\/www.hydraulic-cylinders.net\/wp-content\/uploads\/2025\/01\/songte-bushings-with-all-kinds-of-excavator-models.webp\" alt=\"Billede af spandcylinder\"><\/p>\n<h2>Om vores virksomhed<\/h2>\n<p>Vi er en producent af hydrauliske udskiftningscylindre med et komplet produktsortiment og er blevet en af \u200b\u200bde f\u00f8rende producenter og engrosdistribut\u00f8rer af hydrauliske cylindre p\u00e5 det indenlandske og internationale marked. Vi overholder princippet om fremragende kvalitet, bruger industrialiserede produktionsstyringsstrategier i fine produktionsv\u00e6rksteder og forbedrer l\u00f8bende v\u00e6rkstedets produktionsplatform med teknologiske talenter, digitalt avanceret produktionsudstyr og professionelle testsystemer. Vi har st\u00e6rke kreative evner og leverer effektive, pr\u00e6cise og h\u00f8jkvalitetsprodukter til kunderne, der opfylder deres forskellige behov.<\/p>\n<p><img decoding=\"async\" src=\"https:\/\/hzpt.com\/wp-content\/uploads\/2024\/11\/songte-company-1.webp\" alt=\"Billede af spandcylinder\"><\/p>\n<h3>Professionel<\/h3>\n<p>Vores virksomhed har et professionelt team af teknikere og ingeni\u00f8rer, der har stor erfaring inden for udvikling, design og fremstilling af hydrauliske cylindre.<\/p>\n<h3>International certificering<\/h3>\n<p>Vores produkter er certificeret i henhold til ISO9001, ISO14001 og andre relaterede standarder, hvilket sikrer, at vores produkter opfylder internationale kvalitets- og milj\u00f8standarder.<\/p>\n<h3>Tilpassede tjenester<\/h3>\n<p>Vi tilbyder tilpasningstjenester for at im\u00f8dekomme kundernes s\u00e6rlige krav, s\u00e5som specielle materialer, specifikke st\u00f8rrelser og unikke designs.<\/p>\n<h3>Produktionsudstyr<\/h3>\n<p>Vi har avanceret produktionsudstyr, herunder CNC-bearbejdningscentre, automatiske svejsemaskiner og h\u00f8jpr\u00e6cisions testudstyr, som sikrer kvaliteten af \u200b\u200bvores produkter.<\/p>\n<h3>Eftersalgsservice<\/h3>\n<p>Vi tilbyder kunderne rettidig og effektiv eftersalgsservice, herunder teknisk support, vedligeholdelse og reparation, for at sikre, at kunderne kan bruge vores produkter med tillid.<\/p>\n<p>Forfatter: lyl<\/p>","protected":false},"excerpt":{"rendered":"<p>Bucket Cylinder For SGZG SD25B Introduction A bucket cylinder is a specially designed hydraulic cylinder primarily used to control the movement of buckets in heavy machinery such as excavators, backhoe loaders, and front-end loaders. Its main function is to enable the bucket to lift, lower and tilt, making it easier to handle various material handling [&hellip;]<\/p>","protected":false},"featured_media":14771,"comment_status":"open","ping_status":"closed","template":"","meta":{"_et_pb_use_builder":"","_et_pb_old_content":"","_et_gb_content_width":""},"product_brand":[],"product_cat":[1494],"product_tag":[1495,1496],"class_list":{"0":"post-15787","1":"product","2":"type-product","3":"status-publish","4":"has-post-thumbnail","6":"product_cat-bucket-cylinders","7":"product_tag-bucket-cylinders","8":"product_tag-hydraulic-cylinders","10":"first","11":"instock","12":"shipping-taxable","13":"product-type-simple"},"amp_enabled":true,"_links":{"self":[{"href":"https:\/\/www.hydraulic-cylinders.net\/da\/wp-json\/wp\/v2\/product\/15787","targetHints":{"allow":["GET"]}}],"collection":[{"href":"https:\/\/www.hydraulic-cylinders.net\/da\/wp-json\/wp\/v2\/product"}],"about":[{"href":"https:\/\/www.hydraulic-cylinders.net\/da\/wp-json\/wp\/v2\/types\/product"}],"replies":[{"embeddable":true,"href":"https:\/\/www.hydraulic-cylinders.net\/da\/wp-json\/wp\/v2\/comments?post=15787"}],"wp:featuredmedia":[{"embeddable":true,"href":"https:\/\/www.hydraulic-cylinders.net\/da\/wp-json\/wp\/v2\/media\/14771"}],"wp:attachment":[{"href":"https:\/\/www.hydraulic-cylinders.net\/da\/wp-json\/wp\/v2\/media?parent=15787"}],"wp:term":[{"taxonomy":"product_brand","embeddable":true,"href":"https:\/\/www.hydraulic-cylinders.net\/da\/wp-json\/wp\/v2\/product_brand?post=15787"},{"taxonomy":"product_cat","embeddable":true,"href":"https:\/\/www.hydraulic-cylinders.net\/da\/wp-json\/wp\/v2\/product_cat?post=15787"},{"taxonomy":"product_tag","embeddable":true,"href":"https:\/\/www.hydraulic-cylinders.net\/da\/wp-json\/wp\/v2\/product_tag?post=15787"}],"curies":[{"name":"wp","href":"https:\/\/api.w.org\/{rel}","templated":true}]}}