{"id":15788,"date":"2025-01-19T14:59:11","date_gmt":"2025-01-19T14:59:11","guid":{"rendered":"https:\/\/www.hydraulic-cylinders.net\/product\/bucket-cylinder-for-sgzg-sd25-9\/"},"modified":"2025-01-19T14:59:13","modified_gmt":"2025-01-19T14:59:13","slug":"bucket-cylinder-for-sgzg-sd25-9","status":"publish","type":"product","link":"https:\/\/www.hydraulic-cylinders.net\/da\/vare\/bucket-cylinder-for-sgzg-sd25-9\/","title":{"rendered":"Skovlcylinder til SGZG SD25-9"},"content":{"rendered":"<h1>Skovlcylinder til SGZG SD25-9<\/h1>\n<h2>Indledning<\/h2>\n<p>En skovlcylinder er en specialiseret hydraulisk cylinder, der er designet til at styre bev\u00e6gelsen af \u200b\u200bskovle i tunge maskiner s\u00e5som gravemaskiner, rendegravere og frontl\u00e6ssere. Dens hovedfunktion er at g\u00f8re det muligt at l\u00f8fte, s\u00e6nke og vippe skovlen, hvilket g\u00f8r det lettere at h\u00e5ndtere forskellige materialetransportopgaver. I det hydrauliske system bruger skovlcylinderen \u00e6ndringer i hydraulikolietrykket til at opn\u00e5 pr\u00e6cis kontrol over skovlen, hvilket giver operat\u00f8rer mulighed for effektivt at h\u00e5ndtere tunge genstande, tilpasse sig komplekse arbejdsmilj\u00f8er og forskellige driftskrav.<\/p>\n<p><img decoding=\"async\" src=\"https:\/\/www.hydraulic-cylinders.net\/wp-content\/uploads\/2025\/01\/songte-company-2.webp\" alt=\"Skovlcylinder til SGZG SD25-9\" \/><\/p>\n<h2>Funktioner<\/h2>\n<ul>\n<li>H\u00f8j styrke og holdbarhed: Skovlcylindre er typisk lavet af h\u00f8jstyrkest\u00e5l eller aluminium, kan modst\u00e5 h\u00f8jt tryk og tunge belastninger, tilpasse sig barske arbejdsmilj\u00f8er og er designet til slidstyrke og korrosionsbestandighed for at forl\u00e6nge deres levetid.<\/li>\n<li>Effektiv hydraulisk betjening: J\u00e6vne ud- og indtr\u00e6ksbev\u00e6gelser opn\u00e5s ved at bruge hydraulisk olietryk, hvilket giver kraftige skubbe- og tr\u00e6kkr\u00e6fter og reagerer hurtigt p\u00e5 styrekommandoer, hvilket g\u00f8r dem velegnede til h\u00e5ndtering af tunge genstande og komplekse arbejdsopgaver.<\/li>\n<li>Forskellige typer: Enkeltvirkende (hydraulisk i kun \u00e9n retning) eller dobbeltvirkende (hydraulisk i to retninger) cylindre kan v\u00e6lges efter behov for at opfylde forskellige driftskrav. Nogle modeller er teleskopiske, hvilket giver mulighed for st\u00f8rre udtr\u00e6k uden at \u00f8ge de ydre dimensioner, hvilket g\u00f8r dem velegnede til pladsbegr\u00e6nsede applikationer.<\/li>\n<li>Udskiftelige: Vores produkter kan perfekt erstatte disse hydrauliske cylindre.<\/li>\n<\/ul>\n<p><img decoding=\"async\" src=\"https:\/\/www.hydraulic-cylinders.net\/wp-content\/uploads\/2025\/01\/songte-cylinder-head-with-all-kinds-excavator-models.webp\" alt=\"Skovlcylinder til SGZG SD25-9\" \/><\/p>\n<h2>Applikationer<\/h2>\n<h3>Entrepren\u00f8rudstyr<\/h3>\n<p>I gravemaskiner er de afg\u00f8rende for at grave, l\u00e6sse og flytte jord eller affald. I rendegravere hj\u00e6lper skovlcylindre med b\u00e5de gravning og l\u00f8ft. De bruges ogs\u00e5 i frontl\u00e6ssere til at udgrave, l\u00f8fte og transportere jord, h\u00f8 og andre materialer.<\/p>\n<h3>Landbrugsmaskiner<\/h3>\n<p>Skovlcylindre bruges til frontl\u00e6ssere og bruges til at udgrave, l\u00f8fte og transportere jord, h\u00f8 og andre materialer. I gravemaskiner opn\u00e5r skovlcylinderen en gravefunktion ved at lade skovlen tr\u00e6nge ned i jorden. I frontl\u00e6ssere hj\u00e6lper de med effektiv t\u00f8mning og nivellering af last.<\/p>\n<h2>Designovervejelser og udv\u00e6lgelseskriterier<\/h2>\n<ul>\n<li>B\u00e6reevne: Skovlcylinderen skal v\u00e6re konstrueret til at modst\u00e5 h\u00f8je belastninger og tryk.<\/li>\n<li>T\u00e6tning: Forskellige t\u00e6tningskomponenter, s\u00e5som stempelt\u00e6tningsringe og stangt\u00e6tningsringe, bruges til at forhindre oliel\u00e6kage og sikre effektiv drift.<\/li>\n<li>Holdbarhed: Cylinderhuset og gevindenden er fint forarbejdet for at forbedre slidstyrken.<\/li>\n<li>Sikkerhed: Der skal tr\u00e6ffes passende sikkerhedsforanstaltninger for at forhindre ulykker under drift.<\/li>\n<li>Vedligeholdelse: Cylinderen skal v\u00e6re konstrueret til nem vedligeholdelse, med nem adgang til udskiftelige komponenter og regelm\u00e6ssig sm\u00f8ring.<\/li>\n<\/ul>\n<p><img decoding=\"async\" src=\"https:\/\/www.hydraulic-cylinders.net\/wp-content\/uploads\/2025\/01\/songte-oil-pipes-and-spare-parts.webp\" alt=\"Skovlcylinder til SGZG SD25-9\" \/><\/p>\n<h2>T\u00e6tning og sm\u00f8ring<\/h2>\n<p>Forskellige t\u00e6tningskomponenter anvendes til at forhindre oliel\u00e6kage og sikre effektiv drift af skovlcylinderen. Materialer som polyurethan og nitrilgummi anvendes almindeligvis til t\u00e6tningsringe. Cylinderhuset og gevindenden er fint forarbejdet for at forbedre slidstyrken. Regelm\u00e6ssig oliering er n\u00f8dvendig for at sm\u00f8re cylinderen og sikre dens effektive drift.<\/p>\n<h2>Vedligeholdelse og reparation<\/h2>\n<p>Regelm\u00e6ssig vedligeholdelse og forebyggende foranstaltninger er vigtige for at forl\u00e6nge skovlcylinderens levetid. Almindelige vedligeholdelsesopgaver omfatter regelm\u00e6ssige kontroller, korrekt sm\u00f8ring samt udskiftning af pakninger og kalibrering. Korrekt installation af cylinderen er ogs\u00e5 vigtig, med korrekt justeringsvejledning for at sikre dens effektive drift. Det anbefales at bruge passende monteringsbeslag til at fastg\u00f8re cylinderen. Der gives anbefalede inspektions-, reparations- og udskiftningsprocedurer samt tips til at forbedre skovlcylinderens levetid.<\/p>\n<p><img decoding=\"async\" src=\"https:\/\/www.hydraulic-cylinders.net\/wp-content\/uploads\/2025\/01\/songte-chushion-collar.webp\" alt=\"Skovlcylinder til SGZG SD25-9\" \/><\/p>\n<h2>Sikkerheds- og milj\u00f8hensyn<\/h2>\n<p>Der b\u00f8r tr\u00e6ffes passende sikkerhedsforanstaltninger under installation og drift af skovlcylinderen for at forhindre ulykker. Milj\u00f8faktorer b\u00f8r ogs\u00e5 tages i betragtning under drift for at minimere p\u00e5virkningen af \u200b\u200bdet omgivende milj\u00f8.<\/p>\n<h2>Diagnose og fejlfinding<\/h2>\n<p>Almindelige problemer, der kan opst\u00e5 med skovlcylindre, omfatter oliel\u00e6kage, utilstr\u00e6kkeligt tryk og unormale lyde under drift. Der gives fejlfindingstips og l\u00f8sninger for at hj\u00e6lpe l\u00e6serne med effektivt at diagnosticere og l\u00f8se disse problemer.<\/p>\n<p><img decoding=\"async\" src=\"https:\/\/www.hydraulic-cylinders.net\/wp-content\/uploads\/2025\/01\/songte-bushings-with-all-kinds-of-excavator-models.webp\" alt=\"Skovlcylinder til SGZG SD25-9\" \/><\/p>\n<h2>Om vores virksomhed<\/h2>\n<p>Vi er producent af hydrauliske cylindre og har et komplet produktsortiment. Vi er en af \u200b\u200bde f\u00f8rende producenter og engrosdistribut\u00f8rer af hydrauliske cylindre p\u00e5 indenlandske og internationale markeder. Vi f\u00f8lger princippet om fremragende kvalitet og bruger industrialiserede produktionsstyringsstrategier i fine produktionsv\u00e6rksteder. Ved hj\u00e6lp af tekniske talenter, digitalt avanceret produktionsudstyr og professionelle testsystemer forbedrer vi l\u00f8bende v\u00e6rkstedets produktionsplatform, forbedrer produktets produktionskvalitet og har en st\u00e6rk produktionsevne. Vi opfylder forskellige kundebehov efter principperne om h\u00f8j effektivitet, h\u00f8j pr\u00e6cision og h\u00f8j kvalitet.<\/p>\n<p>Vi tilbyder professionelle, internationalt certificerede og skr\u00e6ddersyede tjenester. Vi har avanceret produktionsudstyr og leverer eftersalgsservice af h\u00f8j kvalitet.<\/p>\n<p><img decoding=\"async\" src=\"https:\/\/www.hydraulic-cylinders.net\/wp-content\/uploads\/2025\/01\/songte-company-3.webp\" alt=\"Skovlcylinder til SGZG SD25-9\" \/><\/p>\n<p>Forfatter: lyl<\/p>","protected":false},"excerpt":{"rendered":"<p>Bucket Cylinder for SGZG SD25-9 Introduction A bucket cylinder is a specialized hydraulic cylinder designed to control the movement of buckets in heavy machinery such as excavators, backhoe loaders, and front loaders. Its main function is to enable the bucket to be lifted, lowered, and tilted, making it easier to handle various material transport tasks. [&hellip;]<\/p>","protected":false},"featured_media":14769,"comment_status":"open","ping_status":"closed","template":"","meta":{"_et_pb_use_builder":"","_et_pb_old_content":"","_et_gb_content_width":""},"product_brand":[],"product_cat":[1494],"product_tag":[1495,1496],"class_list":{"0":"post-15788","1":"product","2":"type-product","3":"status-publish","4":"has-post-thumbnail","6":"product_cat-bucket-cylinders","7":"product_tag-bucket-cylinders","8":"product_tag-hydraulic-cylinders","10":"first","11":"instock","12":"shipping-taxable","13":"product-type-simple"},"amp_enabled":true,"_links":{"self":[{"href":"https:\/\/www.hydraulic-cylinders.net\/da\/wp-json\/wp\/v2\/product\/15788","targetHints":{"allow":["GET"]}}],"collection":[{"href":"https:\/\/www.hydraulic-cylinders.net\/da\/wp-json\/wp\/v2\/product"}],"about":[{"href":"https:\/\/www.hydraulic-cylinders.net\/da\/wp-json\/wp\/v2\/types\/product"}],"replies":[{"embeddable":true,"href":"https:\/\/www.hydraulic-cylinders.net\/da\/wp-json\/wp\/v2\/comments?post=15788"}],"wp:featuredmedia":[{"embeddable":true,"href":"https:\/\/www.hydraulic-cylinders.net\/da\/wp-json\/wp\/v2\/media\/14769"}],"wp:attachment":[{"href":"https:\/\/www.hydraulic-cylinders.net\/da\/wp-json\/wp\/v2\/media?parent=15788"}],"wp:term":[{"taxonomy":"product_brand","embeddable":true,"href":"https:\/\/www.hydraulic-cylinders.net\/da\/wp-json\/wp\/v2\/product_brand?post=15788"},{"taxonomy":"product_cat","embeddable":true,"href":"https:\/\/www.hydraulic-cylinders.net\/da\/wp-json\/wp\/v2\/product_cat?post=15788"},{"taxonomy":"product_tag","embeddable":true,"href":"https:\/\/www.hydraulic-cylinders.net\/da\/wp-json\/wp\/v2\/product_tag?post=15788"}],"curies":[{"name":"wp","href":"https:\/\/api.w.org\/{rel}","templated":true}]}}