{"id":15810,"date":"2025-01-19T15:01:05","date_gmt":"2025-01-19T15:01:05","guid":{"rendered":"https:\/\/www.hydraulic-cylinders.net\/product\/bucket-cylinder-for-kym-ky85b\/"},"modified":"2025-01-19T15:01:07","modified_gmt":"2025-01-19T15:01:07","slug":"bucket-cylinder-for-kym-ky85b","status":"publish","type":"product","link":"https:\/\/www.hydraulic-cylinders.net\/da\/vare\/bucket-cylinder-for-kym-ky85b\/","title":{"rendered":"Skovlcylinder til KYM KY85B"},"content":{"rendered":"<p><!DOCTYPE html><br \/>\n<html><br \/>\n<head><br \/>\n  <title>Skovlcylinder til KYM KY85B<\/title><br \/>\n<\/head><br \/>\n<body><\/p>\n<h1>Skovlcylinder til KYM KY85B<\/h1>\n<h2>Indledning<\/h2>\n<p>En skovlcylinder er en specialdesignet hydraulisk cylinder, der bruges til at styre bev\u00e6gelsen af \u200b\u200bskovle i tunge maskiner s\u00e5som gravemaskiner, rendegravere og frontl\u00e6ssere. Dens hovedfunktion er at muligg\u00f8re l\u00f8ft, s\u00e6nkning og vipning af skovlen, hvilket letter forskellige materialeh\u00e5ndteringsopgaver. I et hydraulisk system opn\u00e5r skovlcylinderen pr\u00e6cis kontrol over skovlen ved at udnytte \u00e6ndringer i hydraulikolietrykket, hvilket giver operat\u00f8rer mulighed for effektivt at h\u00e5ndtere tunge l\u00e6s og tilpasse sig komplekse arbejdsmilj\u00f8er og forskellige jobkrav.<\/p>\n<p>  <img decoding=\"async\" src=\"https:\/\/www.hydraulic-cylinders.net\/wp-content\/uploads\/2025\/01\/songte-company-2.webp\" alt=\"Billede af spandcylinder\"><\/p>\n<h2>Funktioner<\/h2>\n<ul>\n<li>H\u00f8j styrke og holdbarhed: Typisk fremstillet af h\u00f8jstyrkest\u00e5l eller aluminium, i stand til at modst\u00e5 h\u00f8jt tryk og tunge belastninger, tilpasningsdygtig til barske arbejdsmilj\u00f8er, designet med hensyntagen til slidstyrke og korrosionsbestandighed, hvilket forl\u00e6nger levetiden.<\/li>\n<li>Effektiv hydraulisk drift: Udnytter hydraulikolietrykket til at opn\u00e5 j\u00e6vne ud- og tilbagetr\u00e6kningsbev\u00e6gelser, er i stand til at reagere hurtigt p\u00e5 kontrolkommandoer, hvilket giver kraftige skubbe- og tr\u00e6kkr\u00e6fter, velegnet til h\u00e5ndtering af tunge belastninger og komplekse arbejdsopgaver.<\/li>\n<li>Forskellige typer: V\u00e6lg mellem enkeltvirkende (hydraulisk tryk kun i \u00e9n retning) eller dobbeltvirkende (hydraulisk tryk i begge retninger) cylindre baseret p\u00e5 behov. Visse modeller er teleskopiske, hvilket muligg\u00f8r st\u00f8rre udtr\u00e6k uden at \u00f8ge de udvendige dimensioner, ideelt til applikationer med begr\u00e6nset plads.<\/li>\n<li>Perfekt udskiftning: Vores produkter kan perfekt erstatte disse hydrauliske cylindre.<\/li>\n<\/ul>\n<p>  <img decoding=\"async\" src=\"https:\/\/www.hydraulic-cylinders.net\/wp-content\/uploads\/2025\/01\/songte-cylinder-head-with-all-kinds-excavator-models.webp\" alt=\"Billede af hydraulisk cylinder\"><\/p>\n<h2>Applikationer<\/h2>\n<p>Skovlcylindre finder anvendelse i forskellige brancher, s\u00e5som:<\/p>\n<ul>\n<li>Entrepren\u00f8rudstyr: Essentielt i gravemaskiner til gravning, lastning og flytning af jord eller affald. I rendegravere hj\u00e6lper skovlcylindre med b\u00e5de gravning og l\u00f8ft.<\/li>\n<li>Landbrugsmaskiner: Bruges i frontl\u00e6ssere til at udgrave, l\u00f8fte og transportere jord, h\u00f8 og andre materialer.<\/li>\n<li>Gravemaskiner: Skovlcylindere muligg\u00f8r gravefunktioner ved at lade skovlen tr\u00e6nge ned i jorden.<\/li>\n<li>Frontl\u00e6ssere: Frontl\u00e6ssere hj\u00e6lper med at l\u00f8fte og losse gods effektivt.<\/li>\n<\/ul>\n<h2>Designovervejelser og udv\u00e6lgelseskriterier<\/h2>\n<p>Ved design af skovlcylinderen tages der hensyn til forskellige faktorer, s\u00e5som:<\/p>\n<ul>\n<li>B\u00e6reevne<\/li>\n<li>Forsegling<\/li>\n<li>Holdbarhed<\/li>\n<li>Sikkerhed<\/li>\n<li>Vedligeholdelsesevne<\/li>\n<\/ul>\n<p>  <img decoding=\"async\" src=\"https:\/\/www.hydraulic-cylinders.net\/wp-content\/uploads\/2025\/01\/songte-oil-pipes-and-spare-parts.webp\" alt=\"Billede af hydrauliske cylinderdele\"><\/p>\n<h2>T\u00e6tning og sm\u00f8ring<\/h2>\n<p>Skovlcylinderen anvender forskellige t\u00e6tningskomponenter, s\u00e5som stempelt\u00e6tninger og stangt\u00e6tninger, der er fremstillet af slidst\u00e6rke materialer som polyurethan og nitrilgummi. Cylinderhuset og gevindenderne er fint behandlet for at forbedre slidstyrken. Regelm\u00e6ssig sm\u00f8ring med den passende m\u00e6ngde hydraulikolie er n\u00f8dvendig for problemfri drift.<\/p>\n<h2>Regelm\u00e6ssig inspektion og forebyggende vedligeholdelse<\/h2>\n<p>For at sikre optimal ydeevne og levetid b\u00f8r der implementeres regelm\u00e6ssige inspektions- og forebyggende vedligeholdelsesforanstaltninger, herunder:<\/p>\n<ul>\n<li>Regelm\u00e6ssige kontroller<\/li>\n<li>Korrekt sm\u00f8ring<\/li>\n<li>Udskiftning af pakning<\/li>\n<li>Kalibreringstjek<\/li>\n<\/ul>\n<p>  <img decoding=\"async\" src=\"https:\/\/www.hydraulic-cylinders.net\/wp-content\/uploads\/2025\/01\/songte-chushion-collar.webp\" alt=\"Billede af vedligeholdelse af hydrauliske cylindere\"><\/p>\n<h2>Sikkerhedshensyn og milj\u00f8faktorer<\/h2>\n<p>N\u00e5r man bruger skovlcylinderen, er det vigtigt at prioritere sikkerhedsforanstaltninger for at forhindre ulykker og minimere milj\u00f8p\u00e5virkningen.<\/p>\n<h2>Fejlfinding og almindelige problemer<\/h2>\n<p>Her er nogle almindelige tips til fejlfinding og l\u00f8sninger til at l\u00f8se problemer, der kan opst\u00e5:<\/p>\n<p>  <img decoding=\"async\" src=\"https:\/\/www.hydraulic-cylinders.net\/wp-content\/uploads\/2025\/01\/songte-bushings-with-all-kinds-of-excavator-models.webp\" alt=\"Billede af problemer med hydrauliske cylindere\"><\/p>\n<h2>Virksomhedsoversigt<\/h2>\n<p>Vi er en producent af hydrauliske udskiftningscylindre og tilbyder en bred vifte af produkter. Vores virksomhed er blevet en af \u200b\u200bde f\u00f8rende producenter og engrosdistribut\u00f8rer af hydrauliske cylindre p\u00e5 b\u00e5de indenlandske og internationale markeder. Vi prioriterer fremragende kvalitet og bruger industrialiserede produktionsstyringsstrategier i vores topmoderne produktionsv\u00e6rksted. Med fokus p\u00e5 teknologisk talent, avanceret digitalt produktionsudstyr og professionelle testsystemer forbedrer vi l\u00f8bende vores produktionsplatform og forbedrer produktkvaliteten. Vi besidder st\u00e6rke innovationsevner med v\u00e6gt p\u00e5 effektivitet, pr\u00e6cision og h\u00f8j kvalitet for at im\u00f8dekomme forskellige kundekrav.<\/p>\n<p>  <img decoding=\"async\" src=\"https:\/\/www.hydraulic-cylinders.net\/wp-content\/uploads\/2025\/01\/songte-company-3.webp\" alt=\"Virksomhedens image\"><\/p>\n<h2>Virksomhedsoplysninger<\/h2>\n<ul>\n<li>Ekspertise<\/li>\n<li>Internationale certificeringer<\/li>\n<li>Tilpasningstjenester<\/li>\n<li>Produktionsudstyr<\/li>\n<li>Eftersalgsservice<\/li>\n<\/ul>\n<p>Forfatter: lyl<\/p>\n<p>  <img decoding=\"async\" src=\"https:\/\/hzpt.com\/wp-content\/uploads\/2024\/11\/songte-company-1.webp\" alt=\"Virksomhedens image\"><br \/>\n<\/body><br \/>\n<\/html><\/p>","protected":false},"excerpt":{"rendered":"<p>Bucket Cylinder For KYM KY85B Bucket Cylinder For KYM KY85B Introduction A bucket cylinder is a specially designed hydraulic cylinder used to control the movement of buckets in heavy machinery such as excavators, backhoe loaders, and front loaders. Its main function is to enable the lifting, lowering, and tilting of the bucket, facilitating various material [&hellip;]<\/p>","protected":false},"featured_media":14785,"comment_status":"open","ping_status":"closed","template":"","meta":{"_et_pb_use_builder":"","_et_pb_old_content":"","_et_gb_content_width":""},"product_brand":[],"product_cat":[1494],"product_tag":[1495,1496],"class_list":{"0":"post-15810","1":"product","2":"type-product","3":"status-publish","4":"has-post-thumbnail","6":"product_cat-bucket-cylinders","7":"product_tag-bucket-cylinders","8":"product_tag-hydraulic-cylinders","10":"first","11":"instock","12":"shipping-taxable","13":"product-type-simple"},"amp_enabled":true,"_links":{"self":[{"href":"https:\/\/www.hydraulic-cylinders.net\/da\/wp-json\/wp\/v2\/product\/15810","targetHints":{"allow":["GET"]}}],"collection":[{"href":"https:\/\/www.hydraulic-cylinders.net\/da\/wp-json\/wp\/v2\/product"}],"about":[{"href":"https:\/\/www.hydraulic-cylinders.net\/da\/wp-json\/wp\/v2\/types\/product"}],"replies":[{"embeddable":true,"href":"https:\/\/www.hydraulic-cylinders.net\/da\/wp-json\/wp\/v2\/comments?post=15810"}],"wp:featuredmedia":[{"embeddable":true,"href":"https:\/\/www.hydraulic-cylinders.net\/da\/wp-json\/wp\/v2\/media\/14785"}],"wp:attachment":[{"href":"https:\/\/www.hydraulic-cylinders.net\/da\/wp-json\/wp\/v2\/media?parent=15810"}],"wp:term":[{"taxonomy":"product_brand","embeddable":true,"href":"https:\/\/www.hydraulic-cylinders.net\/da\/wp-json\/wp\/v2\/product_brand?post=15810"},{"taxonomy":"product_cat","embeddable":true,"href":"https:\/\/www.hydraulic-cylinders.net\/da\/wp-json\/wp\/v2\/product_cat?post=15810"},{"taxonomy":"product_tag","embeddable":true,"href":"https:\/\/www.hydraulic-cylinders.net\/da\/wp-json\/wp\/v2\/product_tag?post=15810"}],"curies":[{"name":"wp","href":"https:\/\/api.w.org\/{rel}","templated":true}]}}