{"id":15812,"date":"2025-01-19T15:01:14","date_gmt":"2025-01-19T15:01:14","guid":{"rendered":"https:\/\/www.hydraulic-cylinders.net\/product\/bucket-cylinder-for-pengpu-sw60e\/"},"modified":"2025-01-19T15:01:16","modified_gmt":"2025-01-19T15:01:16","slug":"bucket-cylinder-for-pengpu-sw60e","status":"publish","type":"product","link":"https:\/\/www.hydraulic-cylinders.net\/da\/vare\/bucket-cylinder-for-pengpu-sw60e\/","title":{"rendered":"Skovlcylinder til Pengpu SW60E"},"content":{"rendered":"<h1>Skovlcylinder til Pengpu SW60E<\/h1>\n<h2>Indledning<\/h2>\n<p>Skovlcylinderen, ogs\u00e5 kendt som en hydraulisk cylinder, er en specialdesignet hydraulisk aktuator, der bruges til at styre skovlens bev\u00e6gelse i tunge maskiner s\u00e5som gravemaskiner, rendegravere og frontl\u00e6ssere. Dens hovedfunktion er at give skovlen mulighed for at l\u00f8fte, s\u00e6nke og vippe, hvilket g\u00f8r det lettere at h\u00e5ndtere forskellige materialeh\u00e5ndteringsopgaver. I det hydrauliske system styrer skovlcylinderen skovlens pr\u00e6cise bev\u00e6gelse gennem \u00e6ndringer i hydraulikolietrykket, hvilket giver operat\u00f8rerne mulighed for effektivt at h\u00e5ndtere tunge l\u00e6s og tilpasse sig komplekse arbejdsmilj\u00f8er og forskellige driftskrav.<\/p>\n<p><img decoding=\"async\" src=\"https:\/\/www.hydraulic-cylinders.net\/wp-content\/uploads\/2025\/01\/songte-company-2.webp\" alt=\"Skovlcylinder til Pengpu SW60E\" \/><\/p>\n<h2>Funktioner<\/h2>\n<ul>\n<li><strong>H\u00f8j styrke og holdbarhed:<\/strong> Typisk fremstillet af h\u00f8jstyrkest\u00e5l eller aluminium, kan den modst\u00e5 h\u00f8jt tryk og tunge belastninger, tilpasse sig barske arbejdsmilj\u00f8er og er designet med slidstyrke og korrosionsbestandighed i tankerne for at forl\u00e6nge levetiden.<\/li>\n<li><strong>Effektiv hydraulisk drift:<\/strong> Ved at udnytte hydraulisk olietryk til at opn\u00e5 j\u00e6vne forl\u00e6ngelses- og sammentr\u00e6kningsbev\u00e6gelser kan den hurtigt reagere p\u00e5 kontrolkommandoer, yde st\u00e6rke skubbe- og tr\u00e6kkr\u00e6fter og er velegnet til h\u00e5ndtering af tunge belastninger og komplekse driftsopgaver.<\/li>\n<li><strong>Forskellige typer:<\/strong> Skovlcylinderen kan v\u00e6lges som enkeltvirkende (hydraulisk brug i kun \u00e9n retning) eller dobbeltvirkende (hydraulisk brug i to retninger) cylinder alt efter driftsbehov. Nogle modeller er teleskopiske, hvilket giver mulighed for st\u00f8rre udtr\u00e6k uden at \u00f8ge de udvendige dimensioner, hvilket g\u00f8r dem velegnede til applikationer med begr\u00e6nset plads.<\/li>\n<li><strong>Kan produceres af vores virksomhed:<\/strong> Vores produkter kan perfekt erstatte disse hydrauliske cylindre.<\/li>\n<\/ul>\n<p><img decoding=\"async\" src=\"https:\/\/www.hydraulic-cylinders.net\/wp-content\/uploads\/2025\/01\/songte-cylinder-head-with-all-kinds-excavator-models.webp\" alt=\"Skovlcylinder til Pengpu SW60E\" \/><\/p>\n<h2>Applikationer<\/h2>\n<p>Skovlcylinderen bruges i vid udstr\u00e6kning i forskellige tunge maskiner, herunder:<\/p>\n<ul>\n<li>Entrepren\u00f8rudstyr: I gravemaskiner er de afg\u00f8rende for at grave, l\u00e6sse og flytte jord eller affald. I rendegravere hj\u00e6lper skovlcylindre med b\u00e5de at grave og l\u00f8fte. I frontl\u00e6ssere hj\u00e6lper de med at l\u00f8fte og t\u00f8mme last effektivt.<\/li>\n<li>Landbrugsmaskiner: Bruges i frontl\u00e6ssere til at udgrave, l\u00f8fte og transportere jord, h\u00f8 og andre materialer. I gravemaskiner muligg\u00f8r skovlcylindre gravefunktionen ved at lade skovlen tr\u00e6nge ned i jorden.<\/li>\n<\/ul>\n<p>Nedenfor er nogle specifikke anvendelser for skovlcylindre:<\/p>\n<ul>\n<li><strong>Konstruktion:<\/strong> Skovlcylindre er afg\u00f8rende for udgravning, lastning og transport af jord, grus og andre materialer. De bruges ogs\u00e5 til at l\u00f8fte og flytte tunge maskiner og udstyr p\u00e5 byggepladser.<\/li>\n<li><strong>Minedrift:<\/strong> Skovlcylindre bruges i minedrift til at grave og transportere materialer som kul og mineraler.<\/li>\n<li><strong>Skovbrug:<\/strong> I skovbrugsarbejde bruges skovlcylindre i udstyr som udl\u00f8jninger og f\u00e6lderbunkere til at flytte tr\u00e6stammer og andre tunge materialer.<\/li>\n<\/ul>\n<h2>Designovervejelser og udv\u00e6lgelseskriterier<\/h2>\n<p>N\u00e5r man designer skovlcylindre, er det vigtigt at overveje flere faktorer for at sikre optimal ydeevne, holdbarhed, sikkerhed og nem vedligeholdelse. Disse faktorer omfatter:<\/p>\n<ul>\n<li><strong>Belastningsevne:<\/strong> Cylinderen skal v\u00e6re konstrueret til at kunne h\u00e5ndtere v\u00e6gten af \u200b\u200bden last, den skal l\u00f8fte eller flytte.<\/li>\n<li><strong>Forsegling:<\/strong> Cylinderen skal v\u00e6re korrekt forseglet for at forhindre l\u00e6kager og sikre korrekt drift.<\/li>\n<li><strong>Holdbarhed:<\/strong> Cylinderen skal v\u00e6re lavet af holdbare materialer, der kan modst\u00e5 de barske milj\u00f8er og tunge belastninger, den vil blive udsat for under drift.<\/li>\n<li><strong>Sikkerhed:<\/strong> Cylinderen skal v\u00e6re konstrueret med sikkerhedsfunktioner for at forhindre ulykker og skader under drift.<\/li>\n<li><strong>Opretholdelse:<\/strong> Cylinderen skal designes med nem vedligeholdelse i tankerne for at minimere nedetid og reducere vedligeholdelsesomkostninger.<\/li>\n<\/ul>\n<p><img decoding=\"async\" src=\"https:\/\/www.hydraulic-cylinders.net\/wp-content\/uploads\/2025\/01\/songte-oil-pipes-and-spare-parts.webp\" alt=\"Skovlcylinder til Pengpu SW60E\" \/><\/p>\n<h2>T\u00e6tning og sm\u00f8ring<\/h2>\n<p>Skovlcylinderen bruger forskellige t\u00e6tningskomponenter, s\u00e5som stempelt\u00e6tninger og stangt\u00e6tninger, og der er valgt slidst\u00e6rke materialer, s\u00e5som polyurethan og nitrilgummi, for at \u00f8ge slidstyrken. Cylinderhuset og gevindenden er fint forarbejdet for at forbedre slidstyrken. Regelm\u00e6ssig p\u00e5f\u00f8ring af passende m\u00e6ngder hydraulikolie kan ogs\u00e5 hj\u00e6lpe med at sm\u00f8re cylinderen og forl\u00e6nge dens levetid.<\/p>\n<h2>Vedligeholdelse og fejlfinding<\/h2>\n<p>Regelm\u00e6ssig vedligeholdelse og inspektion af skovlcylinderen er n\u00f8dvendig for at sikre optimal ydeevne og forhindre nedbrud. Almindelige vedligeholdelsesopgaver omfatter korrekt installation, regelm\u00e6ssig sm\u00f8ring, udskiftning af pakninger og kalibreringskontroller. Det er ogs\u00e5 vigtigt at diagnosticere og fejlfinde eventuelle problemer, der m\u00e5tte opst\u00e5, s\u00e5som l\u00e6kager eller funktionsfejl, for at minimere nedetid og reparationsomkostninger. Forholdsregler kan tr\u00e6ffes for at minimere potentielle problemer.<\/p>\n<p><img decoding=\"async\" src=\"https:\/\/www.hydraulic-cylinders.net\/wp-content\/uploads\/2025\/01\/songte-chushion-collar.webp\" alt=\"Skovlcylinder til Pengpu SW60E\" \/><\/p>\n<h2>Sikkerhedshensyn og milj\u00f8faktorer<\/h2>\n<p>N\u00e5r du bruger skovlcylinderen, er det vigtigt at f\u00f8lge de korrekte sikkerhedsprocedurer for at forhindre ulykker og skader. Dette omfatter at b\u00e6re passende personlige v\u00e6rnemidler, f\u00f8lge korrekte driftsprocedurer og overholde alle sikkerhedsforskrifter og retningslinjer. Milj\u00f8faktorer, s\u00e5som temperatur og fugtighed, b\u00f8r ogs\u00e5 tages i betragtning ved brug af skovlcylinderen for at sikre optimal ydeevne og levetid.<\/p>\n<h2>Om vores virksomhed<\/h2>\n<p>Vi er en producent af hydrauliske udskiftningscylindre, der tilbyder et komplet produktsortiment og er blevet en af \u200b\u200bde f\u00f8rende producenter og engrosdistribut\u00f8rer af hydrauliske cylindre p\u00e5 det indenlandske og internationale marked. Vi overholder principperne om fremragende kvalitet og bygger p\u00e5 den industrielle produktionsstyringsstrategi, der kendetegner et fint produktionsv\u00e6rksted. Ved at anvende tekniske talenter, digitalt avanceret produktionsudstyr og professionelle testsystemer forbedrer vores virksomhed l\u00f8bende produktionsplatformen, perfektionerer produktionslinjen af \u200b\u200bproduktkvaliteten og har en st\u00e6rk innovationsevne til at tilfredsstille kundernes forskellige behov med principperne om h\u00f8j effektivitet, h\u00f8j pr\u00e6cision og h\u00f8j kvalitet.<\/p>\n<p>Vores virksomhed tilbyder specialiserede tjenester, international certificering og skr\u00e6ddersyede l\u00f8sninger, der opfylder vores kunders behov. Vi har avanceret produktionsudstyr og omfattende eftersalgsservice.<\/p>\n<p><img decoding=\"async\" src=\"https:\/\/www.hydraulic-cylinders.net\/wp-content\/uploads\/2025\/01\/songte-company-3.webp\" alt=\"Skovlcylinder til Pengpu SW60E\" \/><\/p>\n<p>Forfatter: lyl<\/p>","protected":false},"excerpt":{"rendered":"<p>Bucket Cylinder For Pengpu SW60E Introduction The bucket cylinder, also known as a hydraulic cylinder, is a specially designed hydraulic actuator used to control the movement of the bucket in heavy machinery such as excavators, backhoes, and front-end loaders. Its main function is to allow the bucket to lift, lower, and tilt, making it easier [&hellip;]<\/p>","protected":false},"featured_media":14782,"comment_status":"open","ping_status":"closed","template":"","meta":{"_et_pb_use_builder":"","_et_pb_old_content":"","_et_gb_content_width":""},"product_brand":[],"product_cat":[1494],"product_tag":[1495,1496],"class_list":{"0":"post-15812","1":"product","2":"type-product","3":"status-publish","4":"has-post-thumbnail","6":"product_cat-bucket-cylinders","7":"product_tag-bucket-cylinders","8":"product_tag-hydraulic-cylinders","10":"first","11":"instock","12":"shipping-taxable","13":"product-type-simple"},"amp_enabled":true,"_links":{"self":[{"href":"https:\/\/www.hydraulic-cylinders.net\/da\/wp-json\/wp\/v2\/product\/15812","targetHints":{"allow":["GET"]}}],"collection":[{"href":"https:\/\/www.hydraulic-cylinders.net\/da\/wp-json\/wp\/v2\/product"}],"about":[{"href":"https:\/\/www.hydraulic-cylinders.net\/da\/wp-json\/wp\/v2\/types\/product"}],"replies":[{"embeddable":true,"href":"https:\/\/www.hydraulic-cylinders.net\/da\/wp-json\/wp\/v2\/comments?post=15812"}],"wp:featuredmedia":[{"embeddable":true,"href":"https:\/\/www.hydraulic-cylinders.net\/da\/wp-json\/wp\/v2\/media\/14782"}],"wp:attachment":[{"href":"https:\/\/www.hydraulic-cylinders.net\/da\/wp-json\/wp\/v2\/media?parent=15812"}],"wp:term":[{"taxonomy":"product_brand","embeddable":true,"href":"https:\/\/www.hydraulic-cylinders.net\/da\/wp-json\/wp\/v2\/product_brand?post=15812"},{"taxonomy":"product_cat","embeddable":true,"href":"https:\/\/www.hydraulic-cylinders.net\/da\/wp-json\/wp\/v2\/product_cat?post=15812"},{"taxonomy":"product_tag","embeddable":true,"href":"https:\/\/www.hydraulic-cylinders.net\/da\/wp-json\/wp\/v2\/product_tag?post=15812"}],"curies":[{"name":"wp","href":"https:\/\/api.w.org\/{rel}","templated":true}]}}