{"id":15817,"date":"2025-01-19T15:01:36","date_gmt":"2025-01-19T15:01:36","guid":{"rendered":"https:\/\/www.hydraulic-cylinders.net\/product\/bucket-cylinder-for-pushhm-pz35-7\/"},"modified":"2025-01-19T15:01:38","modified_gmt":"2025-01-19T15:01:38","slug":"bucket-cylinder-for-pushhm-pz35-7","status":"publish","type":"product","link":"https:\/\/www.hydraulic-cylinders.net\/da\/vare\/bucket-cylinder-for-pushhm-pz35-7\/","title":{"rendered":"Skovlcylinder til Pushhm PZ35-7"},"content":{"rendered":"<p><!--h2-->Skovlcylinder til Pushhm PZ35-7<!--\/h2--><\/p>\n<p><!--p-->I denne artikel vil vi unders\u00f8ge definitionen og forklaringen af \u200b\u200b\u200b\u200bspandcylinderen til Pushhm PZ35-7.<!--\/p--><\/p>\n<p><!--h3-->Definition<!--\/h3--><br \/>\n<!--ul--><br \/>\n<!--li-->Skovlcylinderen er en specialdesignet hydraulisk cylinder, der bruges til at styre skovlens bev\u00e6gelse i tunge maskiner s\u00e5som gravemaskiner, rendegravere og hjull\u00e6ssere.<!--\/li--><br \/>\n<!--li-->Dens hovedfunktion er at g\u00f8re det muligt for skovlen at l\u00f8fte, s\u00e6nke og vippe, hvilket g\u00f8r det lettere at h\u00e5ndtere forskellige materialeh\u00e5ndteringsopgaver.<!--\/li--><br \/>\n<!--li-->I det hydrauliske system opn\u00e5r skovlcylinderen pr\u00e6cis kontrol over skovlen ved at udnytte tryk\u00e6ndringen i hydraulikolien, hvilket g\u00f8r det muligt for f\u00f8reren effektivt at h\u00e5ndtere tunge belastninger og tilpasse sig komplekse arbejdsmilj\u00f8er og forskellige jobkrav.<!--\/li--><br \/>\n<!--\/ul--><\/p>\n<p><!--img-->https:\/\/www.hydraulic-cylinders.net\/wp-content\/uploads\/2025\/01\/songte-company-2.webp<\/p>\n<p><!--h3-->Funktioner<!--\/h3--><br \/>\n<!--ul--><br \/>\n<!--li-->H\u00f8j styrke og holdbarhed: Typisk fremstillet af h\u00f8jstyrkest\u00e5l eller aluminium, kan den modst\u00e5 h\u00f8jt tryk og tunge belastninger og tilpasse sig barske arbejdsmilj\u00f8er. Designet tager h\u00f8jde for slidstyrke og korrosionsbestandighed for at forl\u00e6nge dens levetid.<!--\/li--><br \/>\n<!--li-->Effektiv hydraulisk drift: Ved at udnytte trykket fra hydraulikolien opn\u00e5r den j\u00e6vne ud- og indtr\u00e6ksbev\u00e6gelser, hvilket giver kraftige skubbe- og tr\u00e6kkr\u00e6fter, hvilket g\u00f8r den velegnet til h\u00e5ndtering af tunge belastninger og komplekse arbejdsopgaver.<!--\/li--><br \/>\n<!--li-->Forskellige typer: Den kan v\u00e6lges som enkeltvirkende (hydraulisk kun i \u00e9n retning) eller dobbeltvirkende (hydraulisk i begge retninger) cylindre efter behov for at opfylde forskellige driftskrav. Nogle modeller er teleskopiske, hvilket muligg\u00f8r st\u00f8rre udtr\u00e6k uden at \u00f8ge de udvendige dimensioner, velegnede til applikationer med begr\u00e6nset plads.<!--\/li--><br \/>\n<!--li-->Perfekt udskiftning: Vores produkter kan perfekt erstatte disse hydrauliske cylindre.<!--\/li--><br \/>\n<!--\/ul--><\/p>\n<p><!--img-->https:\/\/www.hydraulic-cylinders.net\/wp-content\/uploads\/2025\/01\/songte-cylinder-head-with-all-kinds-excavator-models.webp<\/p>\n<p><!--h3-->Applikationer<!--\/h3--><br \/>\n<!--ul--><br \/>\n<!--li-->Entrepren\u00f8rudstyr: De findes i gravemaskiner og er afg\u00f8rende for udgravning, l\u00e6sning og flytning af jord eller affald. I rendegravere hj\u00e6lper skovlcylinderen med b\u00e5de at grave og l\u00f8fte.<!--\/li--><br \/>\n<!--li-->Landbrugsmaskiner: Bruges i frontl\u00e6ssere til at udgrave, l\u00f8fte og transportere jord, h\u00f8 og andre materialer.<!--\/li--><br \/>\n<!--li-->Gravemaskiner: Skovlcylinderen muligg\u00f8r gravehandlinger ved at lade skovlen tr\u00e6nge ned i jorden.<!--\/li--><br \/>\n<!--li-->Hjull\u00e6ssere: I hjull\u00e6ssere hj\u00e6lper de med effektiv l\u00f8ft og t\u00f8mning af gods.<!--\/li--><br \/>\n<!--\/ul--><\/p>\n<p><!--h3-->Designovervejelser og udv\u00e6lgelseskriterier<!--\/h3--><br \/>\n<!--ul--><br \/>\n<!--li-->B\u00e6reevne: Diskuter b\u00e6reevnen og dens betydning i designet.<!--\/li--><br \/>\n<!--li-->T\u00e6tning, holdbarhed og sikkerhed: Udforsk brugen af \u200b\u200bforskellige t\u00e6tninger, s\u00e5som stempelt\u00e6tninger og stangt\u00e6tninger, lavet af slidst\u00e6rke materialer som polyurethan og nitrilgummi. Diskuter vigtigheden af \u200b\u200bfint behandlet cylinderhus og gevindsk\u00e5rne endeflader for at forbedre slidstyrken.<!--\/li--><br \/>\n<!--\/ul--><\/p>\n<p><!--img-->https:\/\/www.hydraulic-cylinders.net\/wp-content\/uploads\/2025\/01\/songte-oil-pipes-and-spare-parts.webp<\/p>\n<p><!--h3-->T\u00e6tning og sm\u00f8ring<!--\/h3--><br \/>\n<!--p-->Der anvendes forskellige t\u00e6tninger, s\u00e5som stempelt\u00e6tninger og stangt\u00e6tninger, som er lavet af slidst\u00e6rke materialer som polyurethan og nitrilgummi. Cylinderhuset og gevindfladerne er fint behandlet for at forbedre slidstyrken. Regelm\u00e6ssig sm\u00f8ring med den passende m\u00e6ngde hydraulikolie er n\u00f8dvendig for korrekt funktion.<!--\/p--><\/p>\n<p><!--h3-->Regelm\u00e6ssig inspektion og forebyggende vedligeholdelse<!--\/h3--><br \/>\n<!--ul--><br \/>\n<!--li-->Inspicer regelm\u00e6ssigt cylinderen for tegn p\u00e5 slid, l\u00e6kage eller skader.<!--\/li--><br \/>\n<!--li-->Korrekt sm\u00f8ring og udskiftning af pakninger, n\u00e5r det er n\u00f8dvendigt.<!--\/li--><br \/>\n<!--\/ul--><\/p>\n<p><!--h3-->Produktinstallationsvejledning<!--\/h3--><br \/>\n<!--p-->Korrekt installation er afg\u00f8rende for optimal ydeevne af skovlcylinderen. F\u00f8lg disse retningslinjer for korrekt installation:<!--\/p--><br \/>\n<!--ul--><br \/>\n<!--li-->Juster cylinderen korrekt under installationsprocessen.<!--\/li--><br \/>\n<!--li-->Brug passende monteringsbeslag til at fastg\u00f8re cylinderen.<!--\/li--><br \/>\n<!--li-->Anbefalede procedurer for inspektion, reparation og udskiftning.<!--\/li--><br \/>\n<!--li-->Giv tips til at forl\u00e6nge spandcylinderens levetid.<!--\/li--><br \/>\n<!--\/ul--><\/p>\n<p><!--img-->https:\/\/www.hydraulic-cylinders.net\/wp-content\/uploads\/2025\/01\/songte-chushion-collar.webp<\/p>\n<p><!--h3-->Sikkerhedshensyn og milj\u00f8faktorer<!--\/h3--><br \/>\n<!--p-->Understreg vigtigheden af \u200b\u200bsikkerhedsforanstaltninger ved h\u00e5ndtering af skovlcylinderen, og overvej brugen af \u200b\u200bn\u00f8gleord.<!--\/p--><\/p>\n<p><!--h3-->Fejldiagnose og almindelige problemer<!--\/h3--><br \/>\n<!--p-->Diskuter almindelige fejl og potentielle problemer relateret til skovlcylinderen, efterfulgt af fejlfindingstips og l\u00f8sninger. Giv forebyggende foranstaltninger for at minimere potentielle problemer.<!--\/p--><\/p>\n<p><!--img-->https:\/\/www.hydraulic-cylinders.net\/wp-content\/uploads\/2025\/01\/songte-bushings-with-all-kinds-of-excavator-models.webp<\/p>\n<p><!--p-->Husk at organisere artiklen logisk, bruge underoverskrifter for nem navigation og inkorporere relevante billeder eller diagrammer for at forbedre forst\u00e5elsen. S\u00f8rg for, at indholdet er klart, pr\u00e6cist og egnet til l\u00e6sere med forskellige niveauer af teknisk viden.<!--\/p--><\/p>\n<p><!--h2-->Om vores virksomhed<!--\/h2--><br \/>\n<!--p-->Vi er en producent af hydrauliske udskiftningscylindre og tilbyder en bred vifte af produkter. Vi er blevet en af \u200b\u200bde f\u00f8rende producenter og engrosdistribut\u00f8rer af hydrauliske cylindre p\u00e5 b\u00e5de indenlandske og internationale markeder. Med fokus p\u00e5 fremragende kvalitet og industrialiserede produktionsstyringsstrategier baseret p\u00e5 sofistikerede produktionsv\u00e6rksteder forbedrer vores virksomhed l\u00f8bende produktionsplatformen, perfektionerer produktionskvaliteten og besidder st\u00e6rke kreative evner. Ved at f\u00f8lge principperne om h\u00f8j effektivitet, h\u00f8j pr\u00e6cision og h\u00f8j kvalitet opfylder vi vores kunders forskellige behov.<!--\/p--><\/p>\n<p><!--img-->https:\/\/www.hydraulic-cylinders.net\/wp-content\/uploads\/2025\/01\/songte-company-3.webp<\/p>\n<p><!--p-->Udvid introduktionen af \u200b\u200bvirksomheden med hensyn til professionalisme, internationale certificeringer, kundeservice, produktionsudstyr og eftersalgsservice.<!--\/p--><\/p>\n<p><!--img-->https:\/\/hzpt.com\/wp-content\/uploads\/2024\/11\/songte-company-1.webp<\/p>\n<p><!--p-->Forfatter: LYL<!--\/p--><\/p>","protected":false},"excerpt":{"rendered":"<p>Bucket Cylinder For Pushhm PZ35-7 In this article, we will explore the definition and explanation of the Bucket Cylinder For Pushhm PZ35-7. Definition The bucket cylinder is a specially designed hydraulic cylinder used to control the movement of the bucket in heavy machinery such as excavators, backhoe loaders, and wheel loaders. Its main function is [&hellip;]<\/p>","protected":false},"featured_media":14771,"comment_status":"open","ping_status":"closed","template":"","meta":{"_et_pb_use_builder":"","_et_pb_old_content":"","_et_gb_content_width":""},"product_brand":[],"product_cat":[1494],"product_tag":[1495,1496],"class_list":{"0":"post-15817","1":"product","2":"type-product","3":"status-publish","4":"has-post-thumbnail","6":"product_cat-bucket-cylinders","7":"product_tag-bucket-cylinders","8":"product_tag-hydraulic-cylinders","10":"first","11":"instock","12":"shipping-taxable","13":"product-type-simple"},"amp_enabled":true,"_links":{"self":[{"href":"https:\/\/www.hydraulic-cylinders.net\/da\/wp-json\/wp\/v2\/product\/15817","targetHints":{"allow":["GET"]}}],"collection":[{"href":"https:\/\/www.hydraulic-cylinders.net\/da\/wp-json\/wp\/v2\/product"}],"about":[{"href":"https:\/\/www.hydraulic-cylinders.net\/da\/wp-json\/wp\/v2\/types\/product"}],"replies":[{"embeddable":true,"href":"https:\/\/www.hydraulic-cylinders.net\/da\/wp-json\/wp\/v2\/comments?post=15817"}],"wp:featuredmedia":[{"embeddable":true,"href":"https:\/\/www.hydraulic-cylinders.net\/da\/wp-json\/wp\/v2\/media\/14771"}],"wp:attachment":[{"href":"https:\/\/www.hydraulic-cylinders.net\/da\/wp-json\/wp\/v2\/media?parent=15817"}],"wp:term":[{"taxonomy":"product_brand","embeddable":true,"href":"https:\/\/www.hydraulic-cylinders.net\/da\/wp-json\/wp\/v2\/product_brand?post=15817"},{"taxonomy":"product_cat","embeddable":true,"href":"https:\/\/www.hydraulic-cylinders.net\/da\/wp-json\/wp\/v2\/product_cat?post=15817"},{"taxonomy":"product_tag","embeddable":true,"href":"https:\/\/www.hydraulic-cylinders.net\/da\/wp-json\/wp\/v2\/product_tag?post=15817"}],"curies":[{"name":"wp","href":"https:\/\/api.w.org\/{rel}","templated":true}]}}