{"id":15843,"date":"2025-01-19T15:03:53","date_gmt":"2025-01-19T15:03:53","guid":{"rendered":"https:\/\/www.hydraulic-cylinders.net\/product\/bucket-cylinder-for-yishan-ys220\/"},"modified":"2025-01-19T15:03:59","modified_gmt":"2025-01-19T15:03:59","slug":"bucket-cylinder-for-yishan-ys220","status":"publish","type":"product","link":"https:\/\/www.hydraulic-cylinders.net\/da\/vare\/bucket-cylinder-for-yishan-ys220\/","title":{"rendered":"Skovlcylinder til Yishan YS220"},"content":{"rendered":"<h1>Skovlcylinder til Yishan YS220<\/h1>\n<h2>Indledning<\/h2>\n<p>Skovlcylinderen til Yishan YS220 er en specialiseret hydraulisk cylinder designet til at styre bev\u00e6gelsen af \u200b\u200bskovle i tunge maskiner s\u00e5som gravemaskiner, rendegravere og frontl\u00e6ssere. Dens prim\u00e6re funktion er at g\u00f8re det muligt for skovlen at l\u00f8fte, s\u00e6nke og vippe, hvilket g\u00f8r det lettere at udf\u00f8re forskellige materialeh\u00e5ndteringsopgaver. I hydrauliske systemer bruger skovlcylinderen tryk\u00e6ndringen i hydraulikolien til at opn\u00e5 pr\u00e6cis kontrol over skovlen, hvilket g\u00f8r det muligt for operat\u00f8rer effektivt at h\u00e5ndtere tunge l\u00e6s, tilpasse sig komplekse arbejdsmilj\u00f8er og forskellige driftskrav.<\/p>\n<p><img decoding=\"async\" src=\"https:\/\/www.hydraulic-cylinders.net\/wp-content\/uploads\/2025\/01\/songte-company-2.webp\" alt=\"Skovlcylinder til Yishan YS220\"><\/p>\n<h2>Funktioner<\/h2>\n<ul>\n<li>H\u00f8j styrke og holdbarhed: Normalt lavet af h\u00f8jstyrkest\u00e5l eller aluminium, kan den modst\u00e5 h\u00f8jt tryk og tunge belastninger og tilpasse sig barske arbejdsmilj\u00f8er. Designet tager h\u00f8jde for slidstyrke og korrosionsbestandighed, hvilket forl\u00e6nger dens levetid.<\/li>\n<li>Effektiv hydraulisk drift: J\u00e6vne forl\u00e6ngelses- og sammentr\u00e6kningsbev\u00e6gelser opn\u00e5s ved hj\u00e6lp af hydraulisk olietryk, hvilket muligg\u00f8r hurtig reaktion p\u00e5 styrekommandoer og giver kraftige skubbe- og tr\u00e6kkr\u00e6fter, der er velegnede til h\u00e5ndtering af tunge genstande og komplekse arbejdsopgaver.<\/li>\n<li>Forskellige typer: Enkeltvirkende (hydraulisk kun anvendt i \u00e9n retning) eller dobbeltvirkende (hydraulisk anvendt i begge retninger) cylindre kan v\u00e6lges efter driftskrav. Nogle modeller er teleskopiske, hvilket muligg\u00f8r st\u00f8rre udtr\u00e6k uden at \u00f8ge de udvendige dimensioner, og er velegnede til applikationer med begr\u00e6nset plads.<\/li>\n<li>Perfekt udskiftning: Vores produkter kan perfekt erstatte disse hydrauliske cylindre.<\/li>\n<\/ul>\n<p><img decoding=\"async\" src=\"https:\/\/www.hydraulic-cylinders.net\/wp-content\/uploads\/2025\/01\/songte-cylinder-head-with-all-kinds-excavator-models.webp\" alt=\"Skovlcylinder til Yishan YS220\"><\/p>\n<h2>Applikationer<\/h2>\n<h3>Entrepren\u00f8rudstyr:<\/h3>\n<p>I gravemaskiner er de afg\u00f8rende for at grave, l\u00e6sse og flytte jord eller affald. I rendegravere hj\u00e6lper skovlcylindre med b\u00e5de at grave og l\u00f8fte. I frontl\u00e6ssere hj\u00e6lper de med at l\u00f8fte og vippe last effektivt.<\/p>\n<h3>Landbrugsmaskiner:<\/h3>\n<p>Bruges i frontl\u00e6ssere til at opgrave, l\u00f8fte og transportere jord, h\u00f8 og andre materialer. I gravemaskiner muligg\u00f8r skovlcylinderen gravning ved at lade skovlen tr\u00e6nge ned i jorden.<\/p>\n<h2>Designovervejelser og udv\u00e6lgelseskriterier<\/h2>\n<ul>\n<li>B\u00e6reevne: Den hydrauliske cylinder skal have tilstr\u00e6kkelig b\u00e6reevne til at opfylde kravene til applikationen.<\/li>\n<li>T\u00e6tningsevne: Forskellige t\u00e6tningskomponenter, s\u00e5som stempelt\u00e6tninger og stangt\u00e6tninger, lavet af slidst\u00e6rke materialer som polyurethan og nitrilgummi, anvendes for at forbedre t\u00e6tningsevnen.<\/li>\n<li>Holdbarhed: Cylinderhuset og gevindenden er pr\u00e6cist forarbejdet for at forbedre slidstyrken. Regelm\u00e6ssig sm\u00f8ring er n\u00f8dvendig for at forhindre slid og sikre normal drift.<\/li>\n<li>Sikkerhed: Der skal tr\u00e6ffes passende sikkerhedsforanstaltninger under installation og drift for at sikre sikker brug.<\/li>\n<li>Vedligeholdelse: Regelm\u00e6ssig inspektion og vedligeholdelse er n\u00f8dvendig for at opdage og forebygge potentielle problemer. Udskiftning af reservedele og reparation er ogs\u00e5 tilg\u00e6ngelig.<\/li>\n<\/ul>\n<p><img decoding=\"async\" src=\"https:\/\/www.hydraulic-cylinders.net\/wp-content\/uploads\/2025\/01\/songte-oil-pipes-and-spare-parts.webp\" alt=\"Skovlcylinder til Yishan YS220\"><\/p>\n<h2>T\u00e6tning og sm\u00f8ring<\/h2>\n<p>Forskellige t\u00e6tningskomponenter, s\u00e5som stempelt\u00e6tninger og stangt\u00e6tninger, fremstillet af slidst\u00e6rke materialer som polyurethan og nitrilgummi, anvendes for at forbedre t\u00e6tningsydelsen. Cylinderhuset og gevindenden er pr\u00e6cist forarbejdet for at forbedre slidstyrken. Regelm\u00e6ssig sm\u00f8ring er n\u00f8dvendig for at forhindre slid og sikre normal drift.<\/p>\n<h2>Vedligeholdelse og reparation<\/h2>\n<p>Regelm\u00e6ssig inspektion og vedligeholdelse er n\u00f8dvendig for at opdage og forebygge potentielle problemer. Almindelige vedligeholdelsesopgaver omfatter regelm\u00e6ssig kontrol, passende sm\u00f8ring og udskiftning af pakninger. Korrekt installation, sm\u00f8ring og justering er afg\u00f8rende for at sikre produktets levetid. Det anbefales at bruge passende monteringsbeslag til at fastg\u00f8re cylinderen. Vi tilbyder anbefalede inspektions-, reparations- og udskiftningsprocedurer, reservedele og ombygningstjenester for at forbedre produktets levetid.<\/p>\n<p><img decoding=\"async\" src=\"https:\/\/www.hydraulic-cylinders.net\/wp-content\/uploads\/2025\/01\/songte-chushion-collar.webp\" alt=\"Skovlcylinder til Yishan YS220\"><\/p>\n<h2>Sikkerheds- og milj\u00f8hensyn<\/h2>\n<p>Korrekt brug af sikkerhedsforanstaltninger er afg\u00f8rende ved brug af hydrauliske cylindre. Der skal udvises forsigtighed for at undg\u00e5 l\u00e6kager af hydraulisk v\u00e6ske, som kan skade milj\u00f8et og bringe personalet i fare.<\/p>\n<h2>Fejldiagnose og fejlfinding<\/h2>\n<p>Nogle almindelige problemer med hydrauliske cylindre omfatter pakningsfejl, l\u00e6kager og manglende ud- eller indtr\u00e6kning. Disse kan l\u00f8ses ved at identificere \u00e5rsagen og udskifte de beskadigede dele. Forebyggende foranstaltninger s\u00e5som regelm\u00e6ssig vedligeholdelse og inspektioner kan hj\u00e6lpe med at forhindre problemer, f\u00f8r de opst\u00e5r.<\/p>\n<p><img decoding=\"async\" src=\"https:\/\/www.hydraulic-cylinders.net\/wp-content\/uploads\/2025\/01\/songte-bushings-with-all-kinds-of-excavator-models.webp\" alt=\"Skovlcylinder til Yishan YS220\"><\/p>\n<h2>Om os<\/h2>\n<p>Vi er en producent af hydrauliske cylindre, der producerer et komplet produktsortiment og er blevet en af \u200b\u200bde f\u00f8rende producenter og engrosdistribut\u00f8rer af hydrauliske cylindre p\u00e5 b\u00e5de indenlandske og internationale markeder. Vi overholder princippet om fremragende kvalitet og bruger branchens produktionsstrategi i vores sofistikerede produktionsv\u00e6rksted. Med vores brug af teknologiske talenter, digitalt avanceret produktionsudstyr og professionelle testsystemer forbedrer vi l\u00f8bende vores produktionsplatform, forfiner produktionslinjer af h\u00f8j kvalitet og har st\u00e6rke kreative evner. Vi opfylder kundernes forskellige behov med principper for h\u00f8j effektivitet, h\u00f8j pr\u00e6cision og h\u00f8j kvalitet.<\/p>\n<ul>\n<li>Professionalitet: Vi har et team af professionelle, der har viden om hydrauliske cylindre og deres anvendelser.<\/li>\n<li>International certificering: Vores produkter har opn\u00e5et internationale certificeringer s\u00e5som CE og ISO9001.<\/li>\n<li>Tilpasningstjenester: Vi tilbyder skr\u00e6ddersyede tjenester, der im\u00f8dekommer vores kunders specifikke behov.<\/li>\n<li>Produktionsudstyr: Vi bruger avanceret produktionsudstyr, s\u00e5som pr\u00e6cisions-CNC-maskiner og svejserobotter, for at sikre produkter af h\u00f8j kvalitet.<\/li>\n<li>Eftersalgsservice: Vi tilbyder eftersalgsservice til vores kunder, herunder teknisk support, udskiftning af reservedele og ombygningstjenester.<\/li>\n<\/ul>\n<p><img decoding=\"async\" src=\"https:\/\/hzpt.com\/wp-content\/uploads\/2024\/11\/songte-company-1.webp\" alt=\"Skovlcylinder til Yishan YS220\"><\/p>\n<p>Forfatter: lyl<\/p>","protected":false},"excerpt":{"rendered":"<p>Bucket Cylinder For Yishan YS220 Introduction The Bucket Cylinder for Yishan YS220 is a specialized hydraulic cylinder designed to control the movement of buckets in heavy machinery such as excavators, backhoe loaders, and front loaders. Its primary function is to enable the bucket to lift, lower, and tilt, making it easier to carry out various [&hellip;]<\/p>","protected":false},"featured_media":14780,"comment_status":"open","ping_status":"closed","template":"","meta":{"_et_pb_use_builder":"","_et_pb_old_content":"","_et_gb_content_width":""},"product_brand":[],"product_cat":[1494],"product_tag":[1495,1496],"class_list":{"0":"post-15843","1":"product","2":"type-product","3":"status-publish","4":"has-post-thumbnail","6":"product_cat-bucket-cylinders","7":"product_tag-bucket-cylinders","8":"product_tag-hydraulic-cylinders","10":"first","11":"instock","12":"shipping-taxable","13":"product-type-simple"},"amp_enabled":true,"_links":{"self":[{"href":"https:\/\/www.hydraulic-cylinders.net\/da\/wp-json\/wp\/v2\/product\/15843","targetHints":{"allow":["GET"]}}],"collection":[{"href":"https:\/\/www.hydraulic-cylinders.net\/da\/wp-json\/wp\/v2\/product"}],"about":[{"href":"https:\/\/www.hydraulic-cylinders.net\/da\/wp-json\/wp\/v2\/types\/product"}],"replies":[{"embeddable":true,"href":"https:\/\/www.hydraulic-cylinders.net\/da\/wp-json\/wp\/v2\/comments?post=15843"}],"wp:featuredmedia":[{"embeddable":true,"href":"https:\/\/www.hydraulic-cylinders.net\/da\/wp-json\/wp\/v2\/media\/14780"}],"wp:attachment":[{"href":"https:\/\/www.hydraulic-cylinders.net\/da\/wp-json\/wp\/v2\/media?parent=15843"}],"wp:term":[{"taxonomy":"product_brand","embeddable":true,"href":"https:\/\/www.hydraulic-cylinders.net\/da\/wp-json\/wp\/v2\/product_brand?post=15843"},{"taxonomy":"product_cat","embeddable":true,"href":"https:\/\/www.hydraulic-cylinders.net\/da\/wp-json\/wp\/v2\/product_cat?post=15843"},{"taxonomy":"product_tag","embeddable":true,"href":"https:\/\/www.hydraulic-cylinders.net\/da\/wp-json\/wp\/v2\/product_tag?post=15843"}],"curies":[{"name":"wp","href":"https:\/\/api.w.org\/{rel}","templated":true}]}}