{"id":15850,"date":"2025-01-19T15:04:26","date_gmt":"2025-01-19T15:04:26","guid":{"rendered":"https:\/\/www.hydraulic-cylinders.net\/product\/bucket-cylinder-for-john-deere-e300lc\/"},"modified":"2025-01-19T15:04:28","modified_gmt":"2025-01-19T15:04:28","slug":"bucket-cylinder-for-john-deere-e300lc","status":"publish","type":"product","link":"https:\/\/www.hydraulic-cylinders.net\/da\/vare\/bucket-cylinder-for-john-deere-e300lc\/","title":{"rendered":"Skovlcylinder til John Deere E300LC"},"content":{"rendered":"<h2>Skovlcylinder til John Deere E300LC<\/h2>\n<h3>Indledning<\/h3>\n<p>En skovlcylinder er en specielt designet hydraulisk cylinder, der prim\u00e6rt bruges til at styre bev\u00e6gelsen af \u200b\u200ben skovl i tunge maskiner s\u00e5som gravemaskiner, rendegravere og frontl\u00e6ssere. Dens hovedfunktion er at g\u00f8re det muligt for skovlen at l\u00f8fte, s\u00e6nke og vippe for at lette materialeh\u00e5ndteringsopgaver. I det hydrauliske system opn\u00e5r skovlcylinderen pr\u00e6cis kontrol over skovlen gennem \u00e6ndringer i hydraulikolietrykket, hvilket g\u00f8r det muligt for operat\u00f8rer effektivt at h\u00e5ndtere tunge l\u00e6s og tilpasse sig komplekse arbejdsmilj\u00f8er og jobkrav.<\/p>\n<p><img decoding=\"async\" src=\"https:\/\/www.hydraulic-cylinders.net\/wp-content\/uploads\/2025\/01\/songte-company-2.webp\"><\/p>\n<h3>Funktioner<\/h3>\n<ul>\n<li><strong>H\u00f8j styrke og holdbarhed:<\/strong> Den er typisk lavet af h\u00f8jstyrkest\u00e5l eller aluminium, kan modst\u00e5 h\u00f8jt tryk og tunge belastninger, tilpasse sig barske arbejdsmilj\u00f8er og er designet med slidstyrke og korrosionsbestandighed for at forl\u00e6nge dens levetid.<\/li>\n<li><strong>Effektiv hydraulisk drift:<\/strong> Ved at udnytte hydraulisk olietryk til at opn\u00e5 j\u00e6vne forl\u00e6ngelses- og sammentr\u00e6kningsbev\u00e6gelser kan den hurtigt reagere p\u00e5 kontrolkommandoer og yde st\u00e6rke skubbe- og tr\u00e6kkr\u00e6fter, hvilket g\u00f8r den velegnet til h\u00e5ndtering af tunge belastninger og komplekse arbejdsopgaver.<\/li>\n<li><strong>Forskellige typer:<\/strong> Enkeltvirkende (kun hydraulisk i \u00e9n retning) eller dobbeltvirkende (hydraulisk i begge retninger) cylindre kan v\u00e6lges efter driftsbehov. Nogle modeller er teleskopiske, hvilket giver mulighed for st\u00f8rre udtr\u00e6k uden at \u00f8ge de ydre dimensioner, hvilket g\u00f8r dem velegnede til pladsbegr\u00e6nsede applikationer.<\/li>\n<li><strong>Kan produceres af os:<\/strong> Vores produkt kan perfekt erstatte disse hydrauliske cylindre.<\/li>\n<\/ul>\n<p><img decoding=\"async\" src=\"https:\/\/www.hydraulic-cylinders.net\/wp-content\/uploads\/2025\/01\/songte-cylinder-head-with-all-kinds-excavator-models.webp\"><\/p>\n<h3>Applikationer<\/h3>\n<p>Skovlcylinderen bruges i vid udstr\u00e6kning i forskellige industrier, herunder:<\/p>\n<ul>\n<li><strong>Entrepren\u00f8rudstyr:<\/strong> I gravemaskiner er de afg\u00f8rende for at grave, l\u00e6sse og flytte jord eller affald. I rendegravere bidrager skovlcylindrene til b\u00e5de gravning og l\u00f8ft. <\/li>\n<li><strong>Landbrugsmaskiner:<\/strong> Anvendes til frontl\u00e6ssere, til opsamling, l\u00f8ft og transport af jord, h\u00f8 og andre materialer. <\/li>\n<li><strong>Gravemaskiner:<\/strong> Skovlcylinderen udf\u00f8rer gravefunktionen ved at lade skovlen tr\u00e6nge ned i jorden. <\/li>\n<li><strong>L\u00e6ssere:<\/strong> I frontl\u00e6ssere hj\u00e6lper de med effektivt at l\u00f8fte og vippe gods. <\/li>\n<\/ul>\n<h3>Designovervejelser og udv\u00e6lgelseskriterier<\/h3>\n<p>Ud fra designm\u00e6ssige overvejelser, s\u00e5som b\u00e6reevne, t\u00e6tning, holdbarhed, sikkerhed og vedligeholdelsesvenlighed, b\u00f8r skovlcylinderen v\u00e6lges ud fra specifikke driftsbehov. <\/p>\n<ul>\n<li><strong>B\u00e6reevne:<\/strong> Cylinderen skal kunne b\u00e6re de belastninger, den forventes at kunne b\u00e6re. I betragtning af arbejdsmilj\u00f8et skal den opfylde designstandarder, der sikrer, at den er i stand til at h\u00e5ndtere de belastninger og belastninger, den vil blive udsat for. <\/li>\n<li><strong>Forsegling:<\/strong> Cylinderen skal have t\u00e6tninger af h\u00f8j kvalitet for at forhindre l\u00e6kage, hvilket kan for\u00e5rsage skade p\u00e5 cylinderen og det omgivende udstyr. <\/li>\n<li><strong>Holdbarhed:<\/strong> Cylinderen skal v\u00e6re lavet af materialer af h\u00f8j kvalitet, der er modstandsdygtige over for slid og korrosion, hvilket kan forl\u00e6nge dens levetid og reducere vedligeholdelsesomkostningerne. <\/li>\n<li><strong>Sikkerhed:<\/strong> Cylinderen b\u00f8r designes med sikkerhed i tankerne for at forhindre ulykker og minimere risiko, s\u00e5som at undg\u00e5 pludselige bev\u00e6gelser og sikre korrekt montering. <\/li>\n<li><strong>Vedligeholdelsesevne:<\/strong> Cylinderen skal v\u00e6re nem at vedligeholde og reparere, med let tilg\u00e6ngelige reservedele og have klare og pr\u00e6cise vedligeholdelsesinstruktioner.<\/li>\n<\/ul>\n<p><img decoding=\"async\" src=\"https:\/\/www.hydraulic-cylinders.net\/wp-content\/uploads\/2025\/01\/songte-oil-pipes-and-spare-parts.webp\"><\/p>\n<h3>T\u00e6tning og sm\u00f8ring<\/h3>\n<p>Skovlcylinderen bruger forskellige t\u00e6tninger, s\u00e5som stempelt\u00e6tninger, stangt\u00e6tninger osv., lavet af slidst\u00e6rke materialer som polyurethan og nitrilgummi, hvilket effektivt forhindrer oliel\u00e6kage. Cylinderhuset og gevindenden gennemg\u00e5r pr\u00e6cisionsbehandling for at forbedre slidstyrke og holdbarhed. Cylinderen kr\u00e6ver regelm\u00e6ssig sm\u00f8ring med den passende hydraulikolie for at sikre problemfri drift. <\/p>\n<h3>Vedligeholdelse og reparation<\/h3>\n<p>Regelm\u00e6ssig vedligeholdelse og forebyggende foranstaltninger kan medvirke til at forl\u00e6nge skovlcylinderens levetid, herunder:<\/p>\n<ul>\n<li>Regelm\u00e6ssig inspektion <\/li>\n<li>Passende sm\u00f8ring <\/li>\n<li>Udskiftning af pakning og kalibreringskontrol <\/li>\n<\/ul>\n<p>Det er vigtigt at justere og installere cylinderen korrekt, bruge passende monteringsbeslag til at fastg\u00f8re cylinderen og f\u00f8lge de anbefalede inspektions-, reparations- og udskiftningsprocedurer. Reservedele og ombygningstjenester er ogs\u00e5 tilg\u00e6ngelige for at forl\u00e6nge cylinderens levetid.<\/p>\n<p><img decoding=\"async\" src=\"https:\/\/www.hydraulic-cylinders.net\/wp-content\/uploads\/2025\/01\/songte-chushion-collar.webp\"><\/p>\n<h3>Sikkerhedshensyn og milj\u00f8faktorer<\/h3>\n<p>N\u00e5r man bruger spandcylinderen, er det vigtigt at f\u00f8lge sikkerhedsforanstaltninger for at forhindre ulykker og skader. Milj\u00f8faktorer som temperatur og fugtighed b\u00f8r ogs\u00e5 tages i betragtning ved valg af den passende cylinder.<\/p>\n<h3>Fejlfinding og almindelige problemer<\/h3>\n<p>Almindelige problemer med skovlcylinderen omfatter l\u00e6kage, beskadigede pakninger og langsom eller uj\u00e6vn bev\u00e6gelse. Fejlfinding kan identificere problemet og bestemme den passende l\u00f8sning. Forebyggende foranstaltninger kan hj\u00e6lpe med at minimere potentielle problemer, s\u00e5som regelm\u00e6ssig inspektion og vedligeholdelse.<\/p>\n<p><img decoding=\"async\" src=\"https:\/\/www.hydraulic-cylinders.net\/wp-content\/uploads\/2025\/01\/songte-bushings-with-all-kinds-of-excavator-models.webp\"><\/p>\n<h3>Om os<\/h3>\n<p>Vi er en f\u00f8rende producent og engrosdistribut\u00f8r af hydrauliske cylindre p\u00e5 det indenlandske og internationale marked. Vi tilbyder et komplet produktsortiment og overholder fremragende kvalitetsstandarder. Vi bruger industrialiserede produktionsstyringsstrategier gennem vores fine produktionsv\u00e6rksteder, som l\u00f8bende forbedrer produktionsplatforme, perfektionerer produktionslinjer af h\u00f8j produktkvalitet og har st\u00e6rke kreative evner til at im\u00f8dekomme kundernes behov effektivt, pr\u00e6cist og med h\u00f8j kvalitet. <\/p>\n<p>Vi er forpligtet til at levere professionelle, internationalt certificerede, skr\u00e6ddersyede tjenester, og vi har blandt andet avanceret produktionsudstyr og professionel eftersalgsservice, der hj\u00e6lper os med at skille os ud p\u00e5 markedet.<\/p>\n<p><img decoding=\"async\" src=\"https:\/\/hzpt.com\/wp-content\/uploads\/2024\/11\/songte-company-1.webp\"><\/p>\n<p>Forfatter: lyl<\/p>","protected":false},"excerpt":{"rendered":"<p>Bucket Cylinder For John Deere E300LC Introduction A bucket cylinder is a specifically designed hydraulic cylinder primarily used to control the movement of a bucket in heavy machinery such as excavators, backhoe loaders, and front-end loaders. Its main function is to enable the bucket to lift, lower, and tilt for ease of material handling tasks. [&hellip;]<\/p>","protected":false},"featured_media":14762,"comment_status":"open","ping_status":"closed","template":"","meta":{"_et_pb_use_builder":"","_et_pb_old_content":"","_et_gb_content_width":""},"product_brand":[],"product_cat":[1494],"product_tag":[1495,1496],"class_list":{"0":"post-15850","1":"product","2":"type-product","3":"status-publish","4":"has-post-thumbnail","6":"product_cat-bucket-cylinders","7":"product_tag-bucket-cylinders","8":"product_tag-hydraulic-cylinders","10":"first","11":"instock","12":"shipping-taxable","13":"product-type-simple"},"amp_enabled":true,"_links":{"self":[{"href":"https:\/\/www.hydraulic-cylinders.net\/da\/wp-json\/wp\/v2\/product\/15850","targetHints":{"allow":["GET"]}}],"collection":[{"href":"https:\/\/www.hydraulic-cylinders.net\/da\/wp-json\/wp\/v2\/product"}],"about":[{"href":"https:\/\/www.hydraulic-cylinders.net\/da\/wp-json\/wp\/v2\/types\/product"}],"replies":[{"embeddable":true,"href":"https:\/\/www.hydraulic-cylinders.net\/da\/wp-json\/wp\/v2\/comments?post=15850"}],"wp:featuredmedia":[{"embeddable":true,"href":"https:\/\/www.hydraulic-cylinders.net\/da\/wp-json\/wp\/v2\/media\/14762"}],"wp:attachment":[{"href":"https:\/\/www.hydraulic-cylinders.net\/da\/wp-json\/wp\/v2\/media?parent=15850"}],"wp:term":[{"taxonomy":"product_brand","embeddable":true,"href":"https:\/\/www.hydraulic-cylinders.net\/da\/wp-json\/wp\/v2\/product_brand?post=15850"},{"taxonomy":"product_cat","embeddable":true,"href":"https:\/\/www.hydraulic-cylinders.net\/da\/wp-json\/wp\/v2\/product_cat?post=15850"},{"taxonomy":"product_tag","embeddable":true,"href":"https:\/\/www.hydraulic-cylinders.net\/da\/wp-json\/wp\/v2\/product_tag?post=15850"}],"curies":[{"name":"wp","href":"https:\/\/api.w.org\/{rel}","templated":true}]}}