{"id":15852,"date":"2025-01-19T15:04:34","date_gmt":"2025-01-19T15:04:34","guid":{"rendered":"https:\/\/www.hydraulic-cylinders.net\/product\/bucket-cylinder-for-yuchai-yc08-8\/"},"modified":"2025-01-19T15:04:36","modified_gmt":"2025-01-19T15:04:36","slug":"bucket-cylinder-for-yuchai-yc08-8","status":"publish","type":"product","link":"https:\/\/www.hydraulic-cylinders.net\/da\/vare\/bucket-cylinder-for-yuchai-yc08-8\/","title":{"rendered":"Skovlcylinder til Yuchai YC08-8"},"content":{"rendered":"<h1>Skovlcylinder til Yuchai YC08-8<\/h1>\n<h2>Indledning<\/h2>\n<p>Skovlcylinderen til Yuchai YC08-8 er en specialdesignet hydraulisk cylinder, der prim\u00e6rt bruges til at styre bev\u00e6gelsen af \u200b\u200bskovle i tunge maskiner, s\u00e5som gravemaskiner, rendegravere og frontl\u00e6ssere. Dens hovedfunktion er at f\u00e5 skovlen til at h\u00e6ve, s\u00e6nke og vippe, hvilket g\u00f8r det lettere at h\u00e5ndtere forskellige materialeh\u00e5ndteringsopgaver. I det hydrauliske system styrer skovlcylinderen skovlens pr\u00e6cise bev\u00e6gelse ved at \u00e6ndre trykket i hydraulikolien, hvilket g\u00f8r det muligt for f\u00f8reren at h\u00e5ndtere tunge genstande effektivt og tilpasse sig komplekse arbejdsmilj\u00f8er og forskellige jobkrav.<\/p>\n<p><img decoding=\"async\" src=\"https:\/\/www.hydraulic-cylinders.net\/wp-content\/uploads\/2025\/01\/songte-company-2.webp\"><\/p>\n<h2>Funktioner<\/h2>\n<ul>\n<li>H\u00f8j styrke og holdbarhed: Typisk lavet af h\u00f8jstyrkest\u00e5l eller aluminium, kan den modst\u00e5 h\u00f8jt tryk og tunge belastninger, tilpasse sig barske arbejdsmilj\u00f8er og er designet med slidstyrke og korrosionsbestandighed for at forl\u00e6nge dens levetid.<\/li>\n<li>Effektiv hydraulisk drift: J\u00e6vne ekspansions- og sammentr\u00e6kningsbev\u00e6gelser opn\u00e5s ved hj\u00e6lp af trykket fra hydraulikolien, hvilket muligg\u00f8r hurtig reaktion p\u00e5 styrekommandoer, giver kraftige skubbe- og tr\u00e6kkr\u00e6fter og er egnet til h\u00e5ndtering af tunge genstande og komplekse operationer.<\/li>\n<li>Forskellige typer: Enkeltvirkende (hydraulisk kun anvendt i \u00e9n retning) eller dobbeltvirkende (hydraulisk anvendt i begge retninger) cylindre kan v\u00e6lges efter behov for at opfylde forskellige driftskrav, og nogle modeller er teleskopiske, hvilket giver mulighed for st\u00f8rre udtr\u00e6k uden at \u00f8ge de udvendige dimensioner, velegnede til applikationer med begr\u00e6nset plads.<\/li>\n<li>Kan tilpasses: Vores produkter kan perfekt erstatte disse hydrauliske cylindre.<\/li>\n<\/ul>\n<p><img decoding=\"async\" src=\"https:\/\/www.hydraulic-cylinders.net\/wp-content\/uploads\/2025\/01\/songte-cylinder-head-with-all-kinds-excavator-models.webp\"><\/p>\n<h2>Applikationer<\/h2>\n<p>Skovlcylindre anvendes i vid udstr\u00e6kning i forskellige industrier, herunder:<\/p>\n<ul>\n<li>Entrepren\u00f8rudstyr: I gravemaskiner er de afg\u00f8rende for at grave, l\u00e6sse og flytte jord eller affald. I rendegravere hj\u00e6lper skovlcylinderen med at grave og l\u00f8fte. <\/li>\n<li>Landbrugsmaskiner: Anvendes til frontl\u00e6ssere, opgravning, l\u00f8ft og transport af jord, h\u00f8 og andre materialer. <\/li>\n<li>Gravemaskiner: Skovlcylinderen g\u00f8r det muligt for skovlen at tr\u00e6nge ned i jorden under gravning. <\/li>\n<li>L\u00e6ssere: Frontl\u00e6ssere hj\u00e6lper med effektivt at l\u00f8fte og vippe laster. <\/li>\n<\/ul>\n<h2>Designovervejelser og udv\u00e6lgelseskriterier<\/h2>\n<ul>\n<li>B\u00e6reevne: Cylinderen skal kunne modst\u00e5 lastens v\u00e6gt og trykket fra hydraulikv\u00e6sken uden at svigte. <\/li>\n<li>T\u00e6tning: Forskellige t\u00e6tninger s\u00e5som stempelt\u00e6tninger og stangt\u00e6tninger bruges til at forhindre l\u00e6kage af hydraulikv\u00e6ske.<\/li>\n<li>Holdbarhed: Cylinderen skal v\u00e6re lavet af h\u00f8jstyrkematerialer, der kan modst\u00e5 slid og korrosion.<\/li>\n<li>Sikkerhed: Cylinderen skal v\u00e6re konstrueret med sikkerhedsfunktioner for at forhindre ulykker.<\/li>\n<li>Vedligeholdelsesvenlighed: Cylinderen skal v\u00e6re nem at vedligeholde og reparere for at sikre dens lange levetid.<\/li>\n<\/ul>\n<p><img decoding=\"async\" src=\"https:\/\/www.hydraulic-cylinders.net\/wp-content\/uploads\/2025\/01\/songte-oil-pipes-and-spare-parts.webp\"><\/p>\n<h2>T\u00e6tning og sm\u00f8ring<\/h2>\n<p>Forskellige pakninger lavet af slidst\u00e6rke materialer s\u00e5som polyurethan og nitrilgummi anvendes i skovlcylindre for at forhindre l\u00e6kage af hydraulisk v\u00e6ske. Cylinderhuset og gevindets endeflade er fint behandlet for at forbedre slidstyrken. Regelm\u00e6ssig sm\u00f8ring med den passende m\u00e6ngde hydraulisk olie er n\u00f8dvendig for at opretholde korrekt cylinderfunktion.<\/p>\n<h2>Vedligeholdelse og reparation<\/h2>\n<p>Regelm\u00e6ssig inspektion, korrekt sm\u00f8ring, udskiftning af pakninger og kalibreringstjek er almindelige vedligeholdelsesopgaver. Korrekt installation, sm\u00f8ring og justering er afg\u00f8rende for at forl\u00e6nge cylinderens levetid. Der gives korrekt vejledning i justering under installationen, og passende installationsbeslag anbefales til at fastg\u00f8re cylinderen. Der tilbydes anbefalede inspektions-, reparations- og udskiftningsprocedurer, og der tilbydes reparationstjenester for at forl\u00e6nge cylinderens levetid.<\/p>\n<p><img decoding=\"async\" src=\"https:\/\/www.hydraulic-cylinders.net\/wp-content\/uploads\/2025\/01\/songte-chushion-collar.webp\"><\/p>\n<h2>Sikkerheds- og milj\u00f8hensyn<\/h2>\n<p>N\u00e5r man bruger skovlcylindre, er sikkerhedsforanstaltninger afg\u00f8rende for at forhindre ulykker. Milj\u00f8et skal tages i betragtning ved valg af den rette cylindertype og materiale.<\/p>\n<h2>Fejlfinding og almindelige problemer<\/h2>\n<p>Almindelige problemer med skovlcylindre omfatter l\u00e6kage, cylinderdrift og utilstr\u00e6kkelig kraft. Der gives fejlfindingstips og l\u00f8sninger til diagnosticering og l\u00f8sning af problemer, sammen med forebyggende foranstaltninger for at minimere potentielle problemer.<\/p>\n<p><img decoding=\"async\" src=\"https:\/\/www.hydraulic-cylinders.net\/wp-content\/uploads\/2025\/01\/songte-bushings-with-all-kinds-of-excavator-models.webp\"><\/p>\n<h2>Om os<\/h2>\n<p>Vi er en producent af hydrauliske cylindre, der kan erstatte OEM-dele. Vi tilbyder et komplet udvalg af produkter og er blevet en af \u200b\u200bde f\u00f8rende producenter og engrosdistribut\u00f8rer af hydrauliske cylindre p\u00e5 det indenlandske og internationale marked. Vi overholder princippet om fremragende kvalitet og bruger industrialiserede produktionsstyringsstrategier i fine produktionsv\u00e6rksteder. Vi forbedrer l\u00f8bende v\u00e6rkstedernes produktionsplatform ved hj\u00e6lp af tekniske talenter, digitalt avanceret produktionsudstyr og professionelle testsystemer, forbedrer produkternes produktionskvalitet og har st\u00e6rke produktionskapaciteter til at im\u00f8dekomme kundernes forskellige behov med principper for h\u00f8j effektivitet, h\u00f8j pr\u00e6cision og h\u00f8j kvalitet.<\/p>\n<p><img decoding=\"async\" src=\"https:\/\/hzpt.com\/wp-content\/uploads\/2024\/11\/songte-company-1.webp\"><\/p>\n<h3>Professionalitet<\/h3>\n<p>Vi har et professionelt team og en komplet produktionslinje, fra design til produktion, test og kvalitetskontrol, for at sikre det h\u00f8jeste niveau af professionalisme i fremstillingsprocessen.<\/p>\n<h3>International certificering<\/h3>\n<p>Vores produkter har best\u00e5et forskellige internationale certificeringer, s\u00e5som ISO, CE og RoHS, for at sikre kvaliteten og sikkerheden af \u200b\u200bvores produkter.<\/p>\n<h3>Tilpasningstjenester<\/h3>\n<p>Vi tilbyder kundetilpassede tjenester for at im\u00f8dekomme kundernes specifikke krav til produktspecifikationer, dimensioner og materialer, og yder professionel r\u00e5dgivning til kunderne gennem hele processen.<\/p>\n<h3>Produktionsudstyr<\/h3>\n<p>Vi bruger avanceret produktionsudstyr for at sikre kvaliteten og n\u00f8jagtigheden af \u200b\u200bvores produkter, herunder CNC-drejeb\u00e6nke, overfladeslibere og pletteringsudstyr.<\/p>\n<h3>Eftersalgsservice<\/h3>\n<p>Vi tilbyder fremragende eftersalgsservice for at sikre kundetilfredshed, herunder installationsvejledning, teknisk support samt udskiftnings- og reparationstjenester.<\/p>\n<h4>Forfatter: lyl.<\/h4>","protected":false},"excerpt":{"rendered":"<p>Bucket Cylinder For Yuchai YC08-8 Introduction The bucket cylinder for Yuchai YC08-8 is a specially designed hydraulic cylinder mainly used to control the movement of shovels in heavy machinery, such as excavators, backhoe excavators, and front loaders. Its main function is to make the bucket lift, lower and tilt, making it easier to handle various [&hellip;]<\/p>","protected":false},"featured_media":14789,"comment_status":"open","ping_status":"closed","template":"","meta":{"_et_pb_use_builder":"","_et_pb_old_content":"","_et_gb_content_width":""},"product_brand":[],"product_cat":[1494],"product_tag":[1495,1496],"class_list":{"0":"post-15852","1":"product","2":"type-product","3":"status-publish","4":"has-post-thumbnail","6":"product_cat-bucket-cylinders","7":"product_tag-bucket-cylinders","8":"product_tag-hydraulic-cylinders","10":"first","11":"instock","12":"shipping-taxable","13":"product-type-simple"},"amp_enabled":true,"_links":{"self":[{"href":"https:\/\/www.hydraulic-cylinders.net\/da\/wp-json\/wp\/v2\/product\/15852","targetHints":{"allow":["GET"]}}],"collection":[{"href":"https:\/\/www.hydraulic-cylinders.net\/da\/wp-json\/wp\/v2\/product"}],"about":[{"href":"https:\/\/www.hydraulic-cylinders.net\/da\/wp-json\/wp\/v2\/types\/product"}],"replies":[{"embeddable":true,"href":"https:\/\/www.hydraulic-cylinders.net\/da\/wp-json\/wp\/v2\/comments?post=15852"}],"wp:featuredmedia":[{"embeddable":true,"href":"https:\/\/www.hydraulic-cylinders.net\/da\/wp-json\/wp\/v2\/media\/14789"}],"wp:attachment":[{"href":"https:\/\/www.hydraulic-cylinders.net\/da\/wp-json\/wp\/v2\/media?parent=15852"}],"wp:term":[{"taxonomy":"product_brand","embeddable":true,"href":"https:\/\/www.hydraulic-cylinders.net\/da\/wp-json\/wp\/v2\/product_brand?post=15852"},{"taxonomy":"product_cat","embeddable":true,"href":"https:\/\/www.hydraulic-cylinders.net\/da\/wp-json\/wp\/v2\/product_cat?post=15852"},{"taxonomy":"product_tag","embeddable":true,"href":"https:\/\/www.hydraulic-cylinders.net\/da\/wp-json\/wp\/v2\/product_tag?post=15852"}],"curies":[{"name":"wp","href":"https:\/\/api.w.org\/{rel}","templated":true}]}}