{"id":15853,"date":"2025-01-19T15:04:38","date_gmt":"2025-01-19T15:04:38","guid":{"rendered":"https:\/\/www.hydraulic-cylinders.net\/product\/bucket-cylinder-for-yuchai-yc18sr\/"},"modified":"2025-01-19T15:04:43","modified_gmt":"2025-01-19T15:04:43","slug":"bucket-cylinder-for-yuchai-yc18sr","status":"publish","type":"product","link":"https:\/\/www.hydraulic-cylinders.net\/da\/vare\/bucket-cylinder-for-yuchai-yc18sr\/","title":{"rendered":"Skovlcylinder til Yuchai YC18SR"},"content":{"rendered":"<h2>Skovlcylinder til Yuchai YC18SR<\/h2>\n<h3>Indledning<\/h3>\n<p>En skovlcylinder er en specialdesignet hydraulisk cylinder, der prim\u00e6rt bruges til at styre skovlens bev\u00e6gelse i tunge maskiner s\u00e5som gravemaskiner, rendegravere og frontl\u00e6ssere. Dens hovedfunktion er at give skovlen mulighed for at l\u00f8fte, s\u00e6nke og vippe, hvilket g\u00f8r det lettere at udf\u00f8re forskellige materialeh\u00e5ndteringsopgaver. I det hydrauliske system opn\u00e5r skovlcylinderen pr\u00e6cis kontrol over skovlen ved at \u00e6ndre trykket i hydraulikolien, hvilket g\u00f8r det muligt for operat\u00f8rer effektivt at h\u00e5ndtere tunge materialer, tilpasse sig komplekse arbejdsmilj\u00f8er og forskellige driftskrav.<\/p>\n<p><img decoding=\"async\" src=\"https:\/\/www.hydraulic-cylinders.net\/wp-content\/uploads\/2025\/01\/songte-company-2.webp\" \/><\/p>\n<h3>Funktioner<\/h3>\n<ul>\n<li><strong>H\u00f8j styrke og holdbarhed:<\/strong> Den er typisk lavet af h\u00f8jstyrkest\u00e5l eller aluminium, kan modst\u00e5 h\u00f8jt tryk og tunge belastninger, tilpasse sig barske arbejdsmilj\u00f8er og er designet med slidstyrke og korrosionsbestandighed i tankerne, hvilket forl\u00e6nger levetiden.<\/li>\n<li><strong>Effektiv hydraulisk drift:<\/strong> Bruger trykket fra hydraulikolien til at opn\u00e5 j\u00e6vne ud- og tilbagetr\u00e6kningsbev\u00e6gelser, kan hurtigt reagere p\u00e5 styrekommandoer, yde kraftige skubbe- og tr\u00e6kkr\u00e6fter og er velegnet til h\u00e5ndtering af tunge materialer og komplekse driftsopgaver.<\/li>\n<li><strong>Forskellige typer:<\/strong> Enkeltvirkende (hydraulisk kun i \u00e9n retning) eller dobbeltvirkende (hydraulisk i begge retninger) cylindre kan v\u00e6lges efter driftskrav, og nogle modeller er teleskopiske, hvilket giver mulighed for st\u00f8rre udtr\u00e6k uden at \u00f8ge de udvendige dimensioner, hvilket g\u00f8r dem velegnede til applikationer med begr\u00e6nset plads.<\/li>\n<li><strong>Kompatibilitet:<\/strong> Vores produkt kan perfekt erstatte disse hydrauliske cylindre, og vi kan producere dette produkt.<\/li>\n<\/ul>\n<p><img decoding=\"async\" src=\"https:\/\/www.hydraulic-cylinders.net\/wp-content\/uploads\/2025\/01\/songte-cylinder-head-with-all-kinds-excavator-models.webp\" \/><\/p>\n<h3>Applikationer<\/h3>\n<p>Skovlcylindre anvendes i vid udstr\u00e6kning i forskellige industrier, herunder:<\/p>\n<ul>\n<li><strong>Entrepren\u00f8rudstyr:<\/strong> I gravemaskiner er de afg\u00f8rende for at grave, l\u00e6sse og flytte jord eller affald. I rendegravere hj\u00e6lper skovlcylinderen med b\u00e5de at grave og l\u00f8fte. <\/li>\n<li><strong>Landbrugsmaskiner:<\/strong> Anvendes i frontl\u00e6ssere til at opgrave, l\u00f8fte og transportere jord, h\u00f8 og andre materialer. <\/li>\n<li><strong>Gravemaskiner:<\/strong> Skovlcylinderen opn\u00e5r gravefunktionen ved at lade skovlen tr\u00e6nge ned i jorden. <\/li>\n<li><strong>L\u00e6ssere:<\/strong> I frontl\u00e6ssere hj\u00e6lper de med at l\u00f8fte og vippe gods effektivt. <\/li>\n<\/ul>\n<h3>Design- og udv\u00e6lgelseskriterier<\/h3>\n<p>Ved design af skovlcylindre skal der tages h\u00f8jde for flere overvejelser, s\u00e5som:<\/p>\n<ul>\n<li><strong>B\u00e6reevne:<\/strong> Cylinderen skal kunne modst\u00e5 v\u00e6gten af \u200b\u200bdet materiale, der l\u00f8ftes, uden deformation eller svigt.<\/li>\n<li><strong>Forsegling:<\/strong> Forskellige t\u00e6tningskomponenter, s\u00e5som stempelt\u00e6tninger og stangt\u00e6tninger, b\u00f8r anvendes for at forhindre l\u00e6kager og opretholde trykket.<\/li>\n<li><strong>Holdbarhed:<\/strong> Cylindermaterialet skal v\u00e6re modstandsdygtigt over for slid, korrosion og udmattelse, og overfladen skal gennemg\u00e5 en finbehandling for at \u00f8ge slidstyrken.<\/li>\n<li><strong>Sikkerhed:<\/strong> Cylinderen skal v\u00e6re konstrueret til at forhindre ulykker s\u00e5som l\u00e6kage, overbelastning og pludselige svigt.<\/li>\n<li><strong>Opretholdelse:<\/strong> Cylinderen skal v\u00e6re nem at skille ad og reparere, med passende reservedele let tilg\u00e6ngelige.<\/li>\n<\/ul>\n<p><img decoding=\"async\" src=\"https:\/\/www.hydraulic-cylinders.net\/wp-content\/uploads\/2025\/01\/songte-oil-pipes-and-spare-parts.webp\" \/><\/p>\n<h3>T\u00e6tning og sm\u00f8ring<\/h3>\n<p>Skovlcylindre bruger forskellige t\u00e6tningskomponenter, s\u00e5som stempelt\u00e6tninger og stangt\u00e6tninger, lavet af slidst\u00e6rke materialer som polyurethan og nitrilgummi. Cylinderhuset og gevindendefladerne gennemg\u00e5r en finbehandling for at \u00f8ge slidstyrken. Regelm\u00e6ssig sm\u00f8ring med hydraulikolie er n\u00f8dvendig for at sikre j\u00e6vn bev\u00e6gelse og reducere slitage.<\/p>\n<h3>Vedligeholdelse og reparation<\/h3>\n<p>Regelm\u00e6ssig inspektion og forebyggende vedligeholdelse b\u00f8r tr\u00e6ffes for at sikre skovlcylindrenes levetid og p\u00e5lidelige drift. Almindelige vedligeholdelsesopgaver omfatter:<\/p>\n<ul>\n<li><strong>Regelm\u00e6ssig inspektion:<\/strong> Kontroller for l\u00e6kager, l\u00f8se forbindelser og tegn p\u00e5 slitage.<\/li>\n<li><strong>Sm\u00f8ring:<\/strong> Hold cylinderen godt smurt med hydraulikolie som anbefalet af producenten.<\/li>\n<li><strong>Udskiftning af pakning:<\/strong> Udskift slidte eller beskadigede pakninger hurtigst muligt for at forhindre l\u00e6kager og tryktab.<\/li>\n<li><strong>Justeringskontrol:<\/strong> Juster cylinderen korrekt under installationen for at forhindre skader og sikre problemfri drift.<\/li>\n<li><strong>Reparation og udskiftning:<\/strong> F\u00f8lg de anbefalede procedurer for reparation eller udskiftning af beskadigede komponenter, og overvej at genopbygge service for at forl\u00e6nge cylinderens levetid.<\/li>\n<\/ul>\n<p><img decoding=\"async\" src=\"https:\/\/www.hydraulic-cylinders.net\/wp-content\/uploads\/2025\/01\/songte-chushion-collar.webp\" \/><\/p>\n<h3>Sikkerheds- og milj\u00f8hensyn<\/h3>\n<p>Ved brug af skovlcylindre skal der tr\u00e6ffes sikkerhedsforanstaltninger for at forhindre ulykker s\u00e5som overbelastning, pludselige svigt og l\u00e6kage. Korrekt bortskaffelse af gamle eller beskadigede cylindre og hydraulikolie er afg\u00f8rende for at forhindre milj\u00f8forurening og -skader.<\/p>\n<h3>Fejldiagnose og fejlfinding<\/h3>\n<p>Almindelige problemer med skovlcylindre omfatter l\u00e6kager, utilstr\u00e6kkeligt tryk og unormal st\u00f8j. Fejlfinding b\u00f8r udf\u00f8res hurtigt ved at kontrollere for l\u00f8se forbindelser, beskadigede pakninger og andre potentielle \u00e5rsager. Regelm\u00e6ssig inspektion og vedligeholdelse kan hj\u00e6lpe med at forhindre mange problemer.<\/p>\n<p><img decoding=\"async\" src=\"https:\/\/www.hydraulic-cylinders.net\/wp-content\/uploads\/2025\/01\/songte-bushings-with-all-kinds-of-excavator-models.webp\" \/><\/p>\n<h2>Vores virksomhed<\/h2>\n<p>Vi er en producent af hydrauliske udskiftningscylindre med en bred vifte af produkttyper. Vi er en af \u200b\u200bde f\u00f8rende producenter og engrosdistribut\u00f8rer af hydrauliske cylindre p\u00e5 det indenlandske og internationale marked. Vi overholder fremragende kvalitet og s\u00e6tter vores lid til industrielle produktionsstyringsstrategier i fint udformede produktionsv\u00e6rksteder. Virksomheden forbedrer l\u00f8bende v\u00e6rkstedets produktionsplatform ved hj\u00e6lp af tekniske talenter, digitalt avanceret produktionsudstyr og professionelle testsystemer, hvilket forbedrer produktionslinjens produktkvalitet og perfektionerer produktionsruten. Virksomheden har st\u00e6rke kreative evner og overholder principperne om h\u00f8j effektivitet, h\u00f8j pr\u00e6cision og h\u00f8j kvalitet for at im\u00f8dekomme kundernes forskellige behov.<\/p>\n<p><img decoding=\"async\" src=\"https:\/\/hzpt.com\/wp-content\/uploads\/2024\/11\/songte-company-1.webp\" \/><\/p>\n<h3>Professionalitet<\/h3>\n<p>Vores team best\u00e5r af h\u00f8jt kvalificerede fagfolk med omfattende erfaring inden for design og fremstilling af hydrauliske cylindre. Vi bruger avancerede design- og fremstillingsprocesser for at sikre, at vores produkter opfylder de h\u00f8jeste branchestandarder.<\/p>\n<h3>International certificering<\/h3>\n<p>Vores produkter er blevet certificeret af internationale standardiseringsorganisationer, herunder ISO 9001 og CE. Dette demonstrerer vores engagement i kvalitet og vores evne til at levere produkter, der opfylder de mest kr\u00e6vende kundekrav.<\/p>\n<h3>Tilpasningstjenester<\/h3>\n<p>Vi tilbyder tilpasningstjenester for at im\u00f8dekomme vores kunders specifikke behov. Vores team af eksperter kan samarbejde med kunder om at designe og fremstille brugerdefinerede hydrauliske cylindre, der opfylder deres unikke krav.<\/p>\n<h3>Produktionsudstyr<\/h3>\n<p>Vi bruger topmoderne produktionsudstyr for at sikre, at vores produkter er af h\u00f8jeste kvalitet. Vores produktionsudstyr omfatter CNC-bearbejdningscentre, hydraulisk testudstyr og andre h\u00f8jteknologiske maskiner.<\/p>\n<h3>Eftersalgsservice<\/h3>\n<p>Vi tilbyder fremragende eftersalgsservice for at sikre, at vores kunder er tilfredse med deres k\u00f8b. Vores team af eksperter st\u00e5r til r\u00e5dighed for at besvare eventuelle sp\u00f8rgsm\u00e5l og yde support gennem hele produktets levetid.<\/p>\n<h4>Forfatter: lyl<\/h4>","protected":false},"excerpt":{"rendered":"<p>Bucket Cylinder for Yuchai YC18SR Introduction A bucket cylinder is a specially designed hydraulic cylinder that is primarily used to control the movement of the bucket in heavy machinery such as excavators, backhoe excavators, and front loaders. Its main function is to allow the bucket to lift, lower, and tilt, making it easier to carry [&hellip;]<\/p>","protected":false},"featured_media":14788,"comment_status":"open","ping_status":"closed","template":"","meta":{"_et_pb_use_builder":"","_et_pb_old_content":"","_et_gb_content_width":""},"product_brand":[],"product_cat":[1494],"product_tag":[1495,1496],"class_list":{"0":"post-15853","1":"product","2":"type-product","3":"status-publish","4":"has-post-thumbnail","6":"product_cat-bucket-cylinders","7":"product_tag-bucket-cylinders","8":"product_tag-hydraulic-cylinders","10":"first","11":"instock","12":"shipping-taxable","13":"product-type-simple"},"amp_enabled":true,"_links":{"self":[{"href":"https:\/\/www.hydraulic-cylinders.net\/da\/wp-json\/wp\/v2\/product\/15853","targetHints":{"allow":["GET"]}}],"collection":[{"href":"https:\/\/www.hydraulic-cylinders.net\/da\/wp-json\/wp\/v2\/product"}],"about":[{"href":"https:\/\/www.hydraulic-cylinders.net\/da\/wp-json\/wp\/v2\/types\/product"}],"replies":[{"embeddable":true,"href":"https:\/\/www.hydraulic-cylinders.net\/da\/wp-json\/wp\/v2\/comments?post=15853"}],"wp:featuredmedia":[{"embeddable":true,"href":"https:\/\/www.hydraulic-cylinders.net\/da\/wp-json\/wp\/v2\/media\/14788"}],"wp:attachment":[{"href":"https:\/\/www.hydraulic-cylinders.net\/da\/wp-json\/wp\/v2\/media?parent=15853"}],"wp:term":[{"taxonomy":"product_brand","embeddable":true,"href":"https:\/\/www.hydraulic-cylinders.net\/da\/wp-json\/wp\/v2\/product_brand?post=15853"},{"taxonomy":"product_cat","embeddable":true,"href":"https:\/\/www.hydraulic-cylinders.net\/da\/wp-json\/wp\/v2\/product_cat?post=15853"},{"taxonomy":"product_tag","embeddable":true,"href":"https:\/\/www.hydraulic-cylinders.net\/da\/wp-json\/wp\/v2\/product_tag?post=15853"}],"curies":[{"name":"wp","href":"https:\/\/api.w.org\/{rel}","templated":true}]}}