{"id":15854,"date":"2025-01-19T15:04:45","date_gmt":"2025-01-19T15:04:45","guid":{"rendered":"https:\/\/www.hydraulic-cylinders.net\/product\/bucket-cylinder-for-yuchai-yc35-8\/"},"modified":"2025-01-19T15:04:47","modified_gmt":"2025-01-19T15:04:47","slug":"bucket-cylinder-for-yuchai-yc35-8","status":"publish","type":"product","link":"https:\/\/www.hydraulic-cylinders.net\/da\/vare\/bucket-cylinder-for-yuchai-yc35-8\/","title":{"rendered":"Skovlcylinder til Yuchai YC35-8"},"content":{"rendered":"<p><!DOCTYPE html><br \/>\n<html><br \/>\n<head><br \/>\n<title>Skovlcylinder til Yuchai YC35-8<\/title><br \/>\n<\/head><br \/>\n<body><\/p>\n<h1>Skovlcylinder til Yuchai YC35-8<\/h1>\n<h2>Indledning<\/h2>\n<p>Skovlcylinderen til Yuchai YC35-8 er en specialdesignet hydraulisk cylinder, der bruges til at styre skovlens bev\u00e6gelse i tunge maskiner s\u00e5som gravemaskiner, rendegravere og frontl\u00e6ssere. Dens hovedfunktion er at g\u00f8re det muligt for skovlen at l\u00f8fte, s\u00e6nke og vippe, hvilket letter forskellige materialeh\u00e5ndteringsopgaver. I det hydrauliske system opn\u00e5r skovlcylinderen pr\u00e6cis kontrol over skovlen ved hj\u00e6lp af tryk\u00e6ndringer i hydraulikolien, hvilket g\u00f8r det muligt for operat\u00f8rer effektivt at h\u00e5ndtere tunge belastninger og tilpasse sig komplekse arbejdsmilj\u00f8er og forskellige jobkrav.<\/p>\n<p><img decoding=\"async\" src=\"https:\/\/www.hydraulic-cylinders.net\/wp-content\/uploads\/2025\/01\/songte-company-2.webp\" alt=\"Billede af spandcylinder\"><\/p>\n<h2>Funktioner<\/h2>\n<ul>\n<li><strong>H\u00f8j styrke og holdbarhed:<\/strong> Den er typisk fremstillet af h\u00f8jstyrkest\u00e5l eller aluminium og kan modst\u00e5 h\u00f8jt tryk og tunge belastninger og tilpasse sig barske arbejdsmilj\u00f8er. Designet tager h\u00f8jde for slidstyrke og korrosionsbestandighed, hvilket forl\u00e6nger levetiden.<\/li>\n<li><strong>Effektiv hydraulisk drift:<\/strong> Ved at udnytte trykket fra hydraulikolien til at opn\u00e5 j\u00e6vne ud- og tilbagetr\u00e6kningsbev\u00e6gelser kan den hurtigt reagere p\u00e5 kontrolkommandoer og levere kraftige skubbe- og tr\u00e6kkr\u00e6fter til h\u00e5ndtering af tunge belastninger og komplekse opgaver.<\/li>\n<li><strong>Forskellige typer:<\/strong> F\u00e5s som enkeltvirkende (hydraulisk tryk anvendt i \u00e9n retning) eller dobbeltvirkende (hydraulisk tryk anvendt i begge retninger) cylindre for at im\u00f8dekomme forskellige driftsbehov. Nogle modeller er teleskopiske, hvilket muligg\u00f8r st\u00f8rre udtr\u00e6k uden at \u00f8ge de udvendige dimensioner, velegnede til applikationer med begr\u00e6nset plads.<\/li>\n<li><strong>Perfekt erstatning:<\/strong> Vores produkter kan perfekt erstatte disse hydrauliske cylindre.<\/li>\n<\/ul>\n<p><img decoding=\"async\" src=\"https:\/\/www.hydraulic-cylinders.net\/wp-content\/uploads\/2025\/01\/songte-cylinder-head-with-all-kinds-excavator-models.webp\" alt=\"Udskiftningscylinderbillede\"><\/p>\n<h2>Applikationer<\/h2>\n<p>Skovlcylinderen til Yuchai YC35-8 finder anvendelse i forskelligt udstyr:<\/p>\n<ul>\n<li><strong>Entrepren\u00f8rudstyr:<\/strong> De findes i gravemaskiner og er afg\u00f8rende for udgravning, lastning og flytning af jord eller affald. I rendegravere hj\u00e6lper skovlcylinderen med b\u00e5de gravning og l\u00f8ft.<\/li>\n<li><strong>Landbrugsmaskiner:<\/strong> Anvendes i frontl\u00e6ssere til at opgrave, l\u00f8fte og transportere jord, h\u00f8 og andre materialer.<\/li>\n<li><strong>Gravemaskiner:<\/strong> Skovlcylinderen muligg\u00f8r udgravning ved at lade skovlen tr\u00e6nge ned i jorden.<\/li>\n<li><strong>L\u00e6ssere:<\/strong> I frontl\u00e6ssere hj\u00e6lper de med at l\u00f8fte og vippe for effektivt at t\u00f8mme lasten.<\/li>\n<\/ul>\n<h2>Designovervejelser og udv\u00e6lgelseskriterier<\/h2>\n<p>N\u00e5r det kommer til designhensyn og udv\u00e6lgelseskriterier for skovlcylinderen, skal flere faktorer tages i betragtning:<\/p>\n<ul>\n<li><strong>B\u00e6reevne:<\/strong> Cylinderen skal kunne modst\u00e5 de forventede belastninger og tryk.<\/li>\n<li><strong>Forsegling:<\/strong> Korrekt t\u00e6tning er afg\u00f8rende for at forhindre l\u00e6kage og opretholde optimal ydeevne. Der anvendes forskellige t\u00e6tningskomponenter s\u00e5som stempelt\u00e6tninger og stangt\u00e6tninger lavet af slidst\u00e6rke materialer som polyurethan og nitrilgummi.<\/li>\n<li><strong>Holdbarhed:<\/strong> Cylinderens konstruktion skal v\u00e6re holdbar for at modst\u00e5 de kr\u00e6vende arbejdsforhold og sikre en lang levetid.<\/li>\n<li><strong>Sikkerhed:<\/strong> Der b\u00f8r indarbejdes sikkerhedsforanstaltninger for at forhindre ulykker og sikre operat\u00f8rernes og det omkringliggende personales velbefindende.<\/li>\n<li><strong>Vedligeholdelsesevne:<\/strong> Nem adgang til vedligeholdelse og reparationer er afg\u00f8rende for at minimere nedetid og holde cylinderen i optimal driftstilstand.<\/li>\n<\/ul>\n<p><img decoding=\"async\" src=\"https:\/\/www.hydraulic-cylinders.net\/wp-content\/uploads\/2025\/01\/songte-oil-pipes-and-spare-parts.webp\" alt=\"Billede af hydrauliske cylinderdele\"><\/p>\n<h2>T\u00e6tning og sm\u00f8ring<\/h2>\n<p>Skovlcylinderen anvender forskellige t\u00e6tningskomponenter, s\u00e5som stempelt\u00e6tninger og stangt\u00e6tninger, som er lavet af slidst\u00e6rke materialer som polyurethan og nitrilgummi. Cylinderhuset og gevindfladerne er fint forarbejdet for at forbedre slidstyrken. Regelm\u00e6ssig sm\u00f8ring med passende hydraulikolie er n\u00f8dvendig for at sikre problemfri drift.<\/p>\n<h2>Regelm\u00e6ssig inspektion og forebyggende vedligeholdelse<\/h2>\n<p>For at sikre optimal ydeevne og levetid for skovlcylinderen b\u00f8r der udf\u00f8res regelm\u00e6ssig inspektion og forebyggende vedligeholdelse:<\/p>\n<ul>\n<li>Unders\u00f8g for tegn p\u00e5 slid, skader eller l\u00e6kage.<\/li>\n<li>Sm\u00f8r alle bev\u00e6gelige dele ordentligt.<\/li>\n<li>Udskift pakninger n\u00e5r det er n\u00f8dvendigt.<\/li>\n<li>Udf\u00f8r kalibreringskontroller for at sikre n\u00f8jagtig drift.<\/li>\n<\/ul>\n<p><img decoding=\"async\" src=\"https:\/\/www.hydraulic-cylinders.net\/wp-content\/uploads\/2025\/01\/songte-chushion-collar.webp\" alt=\"Billede af pudekrave\"><\/p>\n<h2>Sikkerhedshensyn og milj\u00f8faktorer<\/h2>\n<p>N\u00e5r man bruger cylinderen med spand, er det vigtigt at overholde sikkerhedsforanstaltninger for at forhindre ulykker og sikre et sikkert arbejdsmilj\u00f8. Der skal tr\u00e6ffes sikkerhedsforanstaltninger i forbindelse med brugen af \u200b\u200bcylinderen.<\/p>\n<h2>Fejldiagnose og almindelige problemer<\/h2>\n<p>I tilf\u00e6lde af fejl er det vigtigt at diagnosticere og afhj\u00e6lpe dem hurtigt. Nogle almindelige problemer, der kan opst\u00e5 med skovlcylinderen, omfatter:<\/p>\n<ul>\n<li>L\u00e6kage af hydraulikolie<\/li>\n<li>Str\u00f8mtab eller langsom drift<\/li>\n<li>Unormal st\u00f8j eller vibrationer<\/li>\n<\/ul>\n<p><img decoding=\"async\" src=\"https:\/\/www.hydraulic-cylinders.net\/wp-content\/uploads\/2025\/01\/songte-bushings-with-all-kinds-of-excavator-models.webp\" alt=\"B\u00f8sninger Billede\"><\/p>\n<h2>Tips til fejlfinding og vedligeholdelse<\/h2>\n<p>For effektiv fejlfinding og probleml\u00f8sning kan f\u00f8lgende tips v\u00e6re nyttige:<\/p>\n<ul>\n<li>Giv vejledning til korrekt justering af cylinderen under installationen.<\/li>\n<li>Det anbefales at bruge egnede monteringsbeslag til at fastg\u00f8re cylinderen.<\/li>\n<li>R\u00e5dgive om anbefalede procedurer for inspektion, reparation og udskiftning.<\/li>\n<li>Giv tips til at forl\u00e6nge spandcylinderens levetid.<\/li>\n<\/ul>\n<h2>Vores virksomhed<\/h2>\n<p>Vi er producent af hydrauliske udskiftningscylindre og en af \u200b\u200bde f\u00f8rende producenter og grossister p\u00e5 det indenlandske og internationale marked. Vi overholder principperne om fremragende kvalitet og bruger strategier for industriel produktionsstyring i vores sofistikerede produktionsv\u00e6rksteder. Med vores tekniske talenter, avanceret digitalt produktionsudstyr og professionelle testsystemer forbedrer vi l\u00f8bende vores produktionsplatform og perfektionerer produktionsruten for produktkvalitet. Vi har en st\u00e6rk kreativ kapacitet og str\u00e6ber efter at im\u00f8dekomme forskellige kunders behov med h\u00f8j effektivitet, pr\u00e6cision og kvalitet.<\/p>\n<p><img decoding=\"async\" src=\"https:\/\/www.hydraulic-cylinders.net\/wp-content\/uploads\/2025\/01\/songte-company-3.webp\" alt=\"Virksomhedens image\"><\/p>\n<p>Vores virksomhed er kendt for:<\/p>\n<ul>\n<li>Professionalitet<\/li>\n<li>Internationale certificeringer<\/li>\n<li>Tilpasningstjenester<\/li>\n<li>Avanceret produktionsudstyr<\/li>\n<li>Eftersalgsservice<\/li>\n<\/ul>\n<p>Forfatter: lyl<\/p>\n<p><\/body><br \/>\n<\/html><\/p>","protected":false},"excerpt":{"rendered":"<p>Bucket Cylinder For Yuchai YC35-8 Bucket Cylinder For Yuchai YC35-8 Introduction The bucket cylinder for Yuchai YC35-8 is a specially designed hydraulic cylinder used to control the movement of the bucket in heavy machinery such as excavators, backhoe loaders, and front-end loaders. Its main function is to enable the bucket to lift, lower, and tilt, [&hellip;]<\/p>","protected":false},"featured_media":14787,"comment_status":"open","ping_status":"closed","template":"","meta":{"_et_pb_use_builder":"","_et_pb_old_content":"","_et_gb_content_width":""},"product_brand":[],"product_cat":[1494],"product_tag":[1495,1496],"class_list":{"0":"post-15854","1":"product","2":"type-product","3":"status-publish","4":"has-post-thumbnail","6":"product_cat-bucket-cylinders","7":"product_tag-bucket-cylinders","8":"product_tag-hydraulic-cylinders","10":"first","11":"instock","12":"shipping-taxable","13":"product-type-simple"},"amp_enabled":true,"_links":{"self":[{"href":"https:\/\/www.hydraulic-cylinders.net\/da\/wp-json\/wp\/v2\/product\/15854","targetHints":{"allow":["GET"]}}],"collection":[{"href":"https:\/\/www.hydraulic-cylinders.net\/da\/wp-json\/wp\/v2\/product"}],"about":[{"href":"https:\/\/www.hydraulic-cylinders.net\/da\/wp-json\/wp\/v2\/types\/product"}],"replies":[{"embeddable":true,"href":"https:\/\/www.hydraulic-cylinders.net\/da\/wp-json\/wp\/v2\/comments?post=15854"}],"wp:featuredmedia":[{"embeddable":true,"href":"https:\/\/www.hydraulic-cylinders.net\/da\/wp-json\/wp\/v2\/media\/14787"}],"wp:attachment":[{"href":"https:\/\/www.hydraulic-cylinders.net\/da\/wp-json\/wp\/v2\/media?parent=15854"}],"wp:term":[{"taxonomy":"product_brand","embeddable":true,"href":"https:\/\/www.hydraulic-cylinders.net\/da\/wp-json\/wp\/v2\/product_brand?post=15854"},{"taxonomy":"product_cat","embeddable":true,"href":"https:\/\/www.hydraulic-cylinders.net\/da\/wp-json\/wp\/v2\/product_cat?post=15854"},{"taxonomy":"product_tag","embeddable":true,"href":"https:\/\/www.hydraulic-cylinders.net\/da\/wp-json\/wp\/v2\/product_tag?post=15854"}],"curies":[{"name":"wp","href":"https:\/\/api.w.org\/{rel}","templated":true}]}}