{"id":15859,"date":"2025-01-19T15:05:13","date_gmt":"2025-01-19T15:05:13","guid":{"rendered":"https:\/\/www.hydraulic-cylinders.net\/product\/bucket-cylinder-for-yuchai-yc13-8\/"},"modified":"2025-01-19T15:05:15","modified_gmt":"2025-01-19T15:05:15","slug":"bucket-cylinder-for-yuchai-yc13-8","status":"publish","type":"product","link":"https:\/\/www.hydraulic-cylinders.net\/da\/vare\/bucket-cylinder-for-yuchai-yc13-8\/","title":{"rendered":"Skovlcylinder til Yuchai YC13-8"},"content":{"rendered":"<p><!DOCTYPE html><br \/>\n<html><\/p>\n<p><head><br \/>\n  <title>Skovlcylinder til Yuchai YC13-8<\/title><br \/>\n<\/head><\/p>\n<p><body><\/p>\n<h1>Skovlcylinder til Yuchai YC13-8<\/h1>\n<h2>Indledning<\/h2>\n<p>Skovlcylinderen er en specialdesignet hydraulisk cylinder, der bruges til at styre skovlens bev\u00e6gelse i tunge maskiner s\u00e5som gravemaskiner, rendegravere og frontl\u00e6ssere. Dens hovedfunktion er at muligg\u00f8re l\u00f8ft, s\u00e6nkning og vipning af skovlen, hvilket g\u00f8r det lettere at udf\u00f8re forskellige materialeh\u00e5ndteringsopgaver. I et hydraulisk system opn\u00e5r skovlcylinderen pr\u00e6cis kontrol over skovlen ved at bruge tryk\u00e6ndringer i hydraulikolien, hvilket giver operat\u00f8rer mulighed for effektivt at h\u00e5ndtere tunge belastninger og tilpasse sig komplekse arbejdsmilj\u00f8er og forskellige jobkrav.<\/p>\n<p>  <img decoding=\"async\" src=\"https:\/\/www.hydraulic-cylinders.net\/wp-content\/uploads\/2025\/01\/songte-company-2.webp\"><\/p>\n<h2>Funktioner<\/h2>\n<ul>\n<li>H\u00f8j styrke og holdbarhed: Typisk fremstillet af h\u00f8jstyrkest\u00e5l eller aluminium, der kan modst\u00e5 h\u00f8jt tryk og tunge belastninger og tilpasser sig barske arbejdsmilj\u00f8er. Designet tager h\u00f8jde for slidstyrke og korrosionsbestandighed, hvilket forl\u00e6nger levetiden.<\/li>\n<li>Effektiv hydraulisk drift: Udnyttelse af hydraulikoliens tryk til at opn\u00e5 j\u00e6vn forl\u00e6ngelse og sammentr\u00e6kning, hurtig reaktion p\u00e5 styrekommandoer og kraftig skubbe- og tr\u00e6kkr\u00e6ft, der er egnet til h\u00e5ndtering af tunge belastninger og komplekse opgaver.<\/li>\n<li>Forskellige typer: Kan v\u00e6lge mellem enkeltvirkende (hydraulisk anvendt i \u00e9n retning) eller dobbeltvirkende (hydraulisk anvendt i begge retninger) cylindre alt efter behov, der opfylder forskellige driftsbehov. Nogle modeller er teleskopiske, hvilket muligg\u00f8r st\u00f8rre udtr\u00e6k uden at \u00f8ge de udvendige dimensioner, og er velegnede til applikationer med begr\u00e6nset plads.<\/li>\n<\/ul>\n<p>  <img decoding=\"async\" src=\"https:\/\/www.hydraulic-cylinders.net\/wp-content\/uploads\/2025\/01\/songte-cylinder-head-with-all-kinds-excavator-models.webp\"><\/p>\n<h2>Applikationer<\/h2>\n<ul>\n<li>Entrepren\u00f8rudstyr: De findes i gravemaskiner og er afg\u00f8rende for at grave, l\u00e6sse og flytte jord eller affald. I rendegravere hj\u00e6lper skovlcylinderen med b\u00e5de udgravning og l\u00f8ft.<\/li>\n<li>Landbrugsmaskiner: Bruges i frontl\u00e6ssere til at udgrave, l\u00f8fte og transportere jord, h\u00f8 og andre materialer.<\/li>\n<li>Gravemaskiner: Skovlcylinderen muligg\u00f8r gravefunktion ved at lade skovlen tr\u00e6nge ned i jorden.<\/li>\n<li>L\u00e6ssere: I frontl\u00e6ssere hj\u00e6lper de med at l\u00f8fte og vippe last effektivt.<\/li>\n<\/ul>\n<h2>Designovervejelser og udv\u00e6lgelseskriterier<\/h2>\n<ul>\n<li>B\u00e6reevne: Diskuter cylinderens evne til at modst\u00e5 og underst\u00f8tte den specificerede belastning.<\/li>\n<li>T\u00e6tning: Unders\u00f8g brugen af \u200b\u200bforskellige t\u00e6tningskomponenter, s\u00e5som stempelt\u00e6tninger og stangt\u00e6tninger, lavet af holdbare materialer som polyurethan og nitrilgummi. Fremh\u00e6v vigtigheden af \u200b\u200bfint behandlet cylinderhus og gevindsk\u00e5rne endeflader for at forbedre slidstyrken.<\/li>\n<li>Holdbarhed: Diskuter de foranstaltninger, der er truffet i designet for at sikre cylinderens levetid og p\u00e5lidelighed.<\/li>\n<li>Sikkerhed: Tag h\u00f8jde for de sikkerhedshensyn, der er taget i betragtning under design- og fremstillingsprocessen.<\/li>\n<li>Vedligeholdelsesvenlighed: Diskuter hvor let det er at vedligeholde og reparere cylinderen.<\/li>\n<\/ul>\n<p>  <img decoding=\"async\" src=\"https:\/\/www.hydraulic-cylinders.net\/wp-content\/uploads\/2025\/01\/songte-oil-pipes-and-spare-parts.webp\"><\/p>\n<h2>T\u00e6tning og sm\u00f8ring<\/h2>\n<p>Skovlcylinderen anvender forskellige t\u00e6tninger, s\u00e5som stempelt\u00e6tninger og stangt\u00e6tninger, lavet af slidst\u00e6rke materialer som polyurethan og nitrilgummi. Cylinderhuset og gevindfladerne er fint behandlet for at forbedre slidstyrken. Regelm\u00e6ssig sm\u00f8ring med den passende m\u00e6ngde hydraulikolie er n\u00f8dvendig for problemfri drift.<\/p>\n<h2>Forebyggende vedligeholdelse og inspektion<\/h2>\n<ul>\n<li>Regelm\u00e6ssig inspektion: Fremh\u00e6v vigtigheden af \u200b\u200bat udf\u00f8re regelm\u00e6ssige inspektioner for at identificere eventuelle problemer eller slitage.<\/li>\n<li>Korrekt sm\u00f8ring: Fremh\u00e6v vigtigheden af \u200b\u200bkorrekt sm\u00f8ring for at sikre optimal ydeevne og forl\u00e6nge cylinderens levetid.<\/li>\n<li>Udskiftning af pakninger: Giv vejledning i, hvorn\u00e5r og hvordan pakninger skal udskiftes for at opretholde cylinderens t\u00e6tningseffektivitet.<\/li>\n<li>Kalibreringstjek: Diskuter behovet for periodiske kalibreringstjek for at sikre n\u00f8jagtig drift.<\/li>\n<\/ul>\n<p>  <img decoding=\"async\" src=\"https:\/\/www.hydraulic-cylinders.net\/wp-content\/uploads\/2025\/01\/songte-chushion-collar.webp\"><\/p>\n<h2>Sikkerhedshensyn og milj\u00f8faktorer<\/h2>\n<p>Unders\u00f8g vigtigheden af \u200b\u200bat implementere sikkerhedsforanstaltninger ved brug af skovlcylinderen, og overvej milj\u00f8p\u00e5virkningen af \u200b\u200bdens drift.<\/p>\n<h2>Fejlfinding og almindelige problemer<\/h2>\n<p>Diskuter almindelige problemer, der kan opst\u00e5 ved brug af skovlcylinderen, og giv tips til fejlfinding og l\u00f8sninger, der kan hj\u00e6lpe l\u00e6serne med effektivt at diagnosticere og l\u00f8se disse problemer. Foresl\u00e5 ogs\u00e5 forebyggende foranstaltninger for at minimere potentielle problemer.<\/p>\n<p>  <img decoding=\"async\" src=\"https:\/\/www.hydraulic-cylinders.net\/wp-content\/uploads\/2025\/01\/songte-bushings-with-all-kinds-of-excavator-models.webp\"><\/p>\n<h2>Om vores virksomhed<\/h2>\n<p>Vi er en producent af hydrauliske udskiftningscylindre og tilbyder et omfattende udvalg af produkter. Vi er blevet en af \u200b\u200bde f\u00f8rende producenter og engrosdistribut\u00f8rer af hydrauliske cylindre p\u00e5 b\u00e5de indenlandske og internationale markeder. Vores virksomhed overholder principperne om fremragende kvalitet og industriel produktionsstyring og bygger p\u00e5 et sofistikeret produktionsv\u00e6rksted, tekniske talenter, avanceret digitalt produktionsudstyr og professionelle testsystemer. Vi forbedrer l\u00f8bende vores produktionsplatform og produktkvalitetsrute og besidder st\u00e6rke innovationsevner. Vi str\u00e6ber efter at im\u00f8dekomme forskellige kundebehov med h\u00f8j effektivitet, pr\u00e6cision og kvalitet.<\/p>\n<p>  <img decoding=\"async\" src=\"https:\/\/www.hydraulic-cylinders.net\/wp-content\/uploads\/2025\/01\/songte-company-3.webp\"><\/p>\n<p>Vores virksomhed skiller sig ud med hensyn til professionalisme, internationale certificeringer, kundeservice, produktionsudstyr og eftersalgsservice.<\/p>\n<h3>Professionalitet<\/h3>\n<p>Vores team best\u00e5r af fagfolk med omfattende erfaring og ekspertise inden for fremstilling af hydrauliske cylindre. Vi er forpligtet til at levere produkter af h\u00f8j kvalitet.<\/p>\n<h3>Internationale certificeringer<\/h3>\n<p>Vi har opn\u00e5et forskellige internationale certificeringer, hvilket sikrer, at vores produkter opfylder de h\u00f8jeste standarder for kvalitet og sikkerhed.<\/p>\n<h3>Tilpassede tjenester<\/h3>\n<p>Vi tilbyder skr\u00e6ddersyede l\u00f8sninger, der opfylder specifikke kundekrav, og leverer personlige tjenester.<\/p>\n<h3>Produktionsudstyr<\/h3>\n<p>Vi har investeret i avanceret digitalt produktionsudstyr, der g\u00f8r det muligt for os at opn\u00e5 h\u00f8j effektivitet og pr\u00e6cision i produktionen.<\/p>\n<h3>Eftersalgsservice<\/h3>\n<p>Vi tilbyder omfattende eftersalgsservice, herunder reservedele og reparationer, for at forl\u00e6nge vores produkters levetid.<\/p>\n<p>Forfatter: lyl<\/p>\n<p><\/body><\/p>\n<p><\/html><\/p>","protected":false},"excerpt":{"rendered":"<p>Bucket Cylinder For Yuchai YC13-8 Bucket Cylinder For Yuchai YC13-8 Introduction The bucket cylinder is a specially designed hydraulic cylinder used to control the movement of the bucket in heavy machinery such as excavators, backhoe loaders, and front-end loaders. Its main function is to enable the lifting, lowering, and tilting of the bucket, making it [&hellip;]<\/p>","protected":false},"featured_media":14778,"comment_status":"open","ping_status":"closed","template":"","meta":{"_et_pb_use_builder":"","_et_pb_old_content":"","_et_gb_content_width":""},"product_brand":[],"product_cat":[1494],"product_tag":[1495,1496],"class_list":{"0":"post-15859","1":"product","2":"type-product","3":"status-publish","4":"has-post-thumbnail","6":"product_cat-bucket-cylinders","7":"product_tag-bucket-cylinders","8":"product_tag-hydraulic-cylinders","10":"first","11":"instock","12":"shipping-taxable","13":"product-type-simple"},"amp_enabled":true,"_links":{"self":[{"href":"https:\/\/www.hydraulic-cylinders.net\/da\/wp-json\/wp\/v2\/product\/15859","targetHints":{"allow":["GET"]}}],"collection":[{"href":"https:\/\/www.hydraulic-cylinders.net\/da\/wp-json\/wp\/v2\/product"}],"about":[{"href":"https:\/\/www.hydraulic-cylinders.net\/da\/wp-json\/wp\/v2\/types\/product"}],"replies":[{"embeddable":true,"href":"https:\/\/www.hydraulic-cylinders.net\/da\/wp-json\/wp\/v2\/comments?post=15859"}],"wp:featuredmedia":[{"embeddable":true,"href":"https:\/\/www.hydraulic-cylinders.net\/da\/wp-json\/wp\/v2\/media\/14778"}],"wp:attachment":[{"href":"https:\/\/www.hydraulic-cylinders.net\/da\/wp-json\/wp\/v2\/media?parent=15859"}],"wp:term":[{"taxonomy":"product_brand","embeddable":true,"href":"https:\/\/www.hydraulic-cylinders.net\/da\/wp-json\/wp\/v2\/product_brand?post=15859"},{"taxonomy":"product_cat","embeddable":true,"href":"https:\/\/www.hydraulic-cylinders.net\/da\/wp-json\/wp\/v2\/product_cat?post=15859"},{"taxonomy":"product_tag","embeddable":true,"href":"https:\/\/www.hydraulic-cylinders.net\/da\/wp-json\/wp\/v2\/product_tag?post=15859"}],"curies":[{"name":"wp","href":"https:\/\/api.w.org\/{rel}","templated":true}]}}