{"id":15861,"date":"2025-01-19T15:05:21","date_gmt":"2025-01-19T15:05:21","guid":{"rendered":"https:\/\/www.hydraulic-cylinders.net\/product\/bucket-cylinder-for-yuchai-yc35sr\/"},"modified":"2025-01-19T15:05:23","modified_gmt":"2025-01-19T15:05:23","slug":"bucket-cylinder-for-yuchai-yc35sr","status":"publish","type":"product","link":"https:\/\/www.hydraulic-cylinders.net\/da\/vare\/bucket-cylinder-for-yuchai-yc35sr\/","title":{"rendered":"Skovlcylinder til Yuchai YC35SR"},"content":{"rendered":"<h2>Skovlcylinder til Yuchai YC35SR<\/h2>\n<h3>Indledning<\/h3>\n<p>En skovlcylinder er en specialdesignet hydraulisk cylinder, der bruges til at styre bev\u00e6gelsen af \u200b\u200bskovle i tunge maskiner s\u00e5som gravemaskiner, rendegravere og frontl\u00e6ssere. Dens hovedfunktion er at g\u00f8re det muligt for skovlen at l\u00f8fte, s\u00e6nke og vippe til forskellige materialeh\u00e5ndteringsopgaver. I det hydrauliske system opn\u00e5r skovlcylinderen pr\u00e6cis kontrol over skovlen gennem \u00e6ndringer i hydraulikolietrykket, hvilket g\u00f8r det muligt for operat\u00f8rer effektivt at h\u00e5ndtere tunge l\u00e6s, tilpasse sig komplekse arbejdsmilj\u00f8er og forskellige driftsbehov.<\/p>\n<p><img decoding=\"async\" src=\"https:\/\/www.hydraulic-cylinders.net\/wp-content\/uploads\/2025\/01\/songte-company-2.webp\"><\/p>\n<h3>Funktioner<\/h3>\n<ul>\n<li><strong>H\u00f8j styrke og holdbarhed:<\/strong> Den er typisk fremstillet af h\u00f8jstyrkest\u00e5l eller aluminium og kan modst\u00e5 h\u00f8jt tryk og tunge belastninger og tilpasse sig barske arbejdsforhold. Den er designet med hensyn til slidstyrke og korrosionsbestandighed for at forl\u00e6nge dens levetid.<\/li>\n<li><strong>Effektiv hydraulisk drift:<\/strong> Udnytter hydraulisk olietryk til at opn\u00e5 j\u00e6vne ud- og tilbagetr\u00e6kningsbev\u00e6gelser, reagerer hurtigt p\u00e5 kontrolkommandoer og leverer kraftige skubbe- og tr\u00e6kkr\u00e6fter, er velegnede til h\u00e5ndtering af tunge belastninger og komplekse driftsopgaver.<\/li>\n<li><strong>Forskellige typer:<\/strong> Enkeltvirkende (hydraulisk kun anvendt i \u00e9n retning) eller dobbeltvirkende (hydraulisk anvendt i begge retninger) cylindre kan v\u00e6lges efter behov for at im\u00f8dekomme forskellige driftsbehov. Nogle modeller er teleskopiske, hvilket giver mulighed for st\u00f8rre udtr\u00e6k uden at \u00f8ge de udvendige dimensioner og er velegnede til applikationer med begr\u00e6nset plads.<\/li>\n<li><strong>Perfekt erstatning:<\/strong> Vores produkt kan perfekt erstatte disse hydrauliske cylindre.<\/li>\n<\/ul>\n<p><img decoding=\"async\" src=\"https:\/\/www.hydraulic-cylinders.net\/wp-content\/uploads\/2025\/01\/songte-cylinder-head-with-all-kinds-excavator-models.webp\"><\/p>\n<h3>Applikationer<\/h3>\n<p><strong>Entrepren\u00f8rudstyr:<\/strong> De findes i gravemaskiner og er afg\u00f8rende for at grave, l\u00e6sse og flytte jord eller affald. I rendegravere hj\u00e6lper skovlcylindre med at grave og l\u00f8fte. I frontl\u00e6ssere hj\u00e6lper de med at l\u00f8fte og t\u00f8mme gods effektivt.<\/p>\n<p><strong>Landbrugsmaskiner:<\/strong> Bruges til frontl\u00e6ssere, hvor de skovler, l\u00f8fter og transporterer jord, h\u00f8 og andre materialer. I gravemaskiner muligg\u00f8r skovlcylindre gravning ved at lade skovlen tr\u00e6nge ned i jorden. I l\u00e6ssere hj\u00e6lper de med at l\u00f8fte og t\u00f8mme gods effektivt.<\/p>\n<h3>Designovervejelser og udv\u00e6lgelseskriterier<\/h3>\n<p>Ud fra designhensyn s\u00e5som b\u00e6reevne, t\u00e6tning, holdbarhed, sikkerhed og vedligeholdelsesvenlighed diskuterer vi f\u00f8lgende punkter:<\/p>\n<ul>\n<li><strong>B\u00e6reevne:<\/strong> S\u00f8rg for, at cylinderen kan modst\u00e5 den maksimale belastning, og at den designede sikkerhedsfaktor skal v\u00e6re passende for at sikre sikker drift.<\/li>\n<li><strong>Forsegling:<\/strong> Forskellige t\u00e6tningskomponenter, s\u00e5som stempelt\u00e6tninger og stangt\u00e6tninger, bruges til at forhindre l\u00e6kage af hydraulisk v\u00e6ske og holde forurenende stoffer ude.<\/li>\n<li><strong>Holdbarhed:<\/strong> Cylinderhuset og ended\u00e6kslerne er normalt lavet af h\u00f8jstyrkematerialer for at modst\u00e5 slid og korrosion.<\/li>\n<li><strong>Sikkerhed:<\/strong> Sikkerhedsventiler og andre sikkerhedsanordninger kan tilf\u00f8jes for at sikre sikker drift og forhindre ulykker.<\/li>\n<li><strong>Vedligeholdelsesevne:<\/strong> Cylinderen skal v\u00e6re nem at skille ad og reparere, og reservedele skal v\u00e6re let tilg\u00e6ngelige.<\/li>\n<\/ul>\n<p><img decoding=\"async\" src=\"https:\/\/www.hydraulic-cylinders.net\/wp-content\/uploads\/2025\/01\/songte-oil-pipes-and-spare-parts.webp\"><\/p>\n<h3>T\u00e6tning og sm\u00f8ring<\/h3>\n<p>Cylinderen bruger forskellige t\u00e6tningskomponenter, s\u00e5som stempelt\u00e6tninger og stangt\u00e6tninger, lavet af slidst\u00e6rke materialer som polyurethan og nitrilgummi, for at forhindre l\u00e6kage af hydraulisk v\u00e6ske og holde forurenende stoffer ude. Cylinderhuset og skruens endeflade er fint forarbejdet for at forbedre slidstyrken. Regelm\u00e6ssig sm\u00f8ring med den passende m\u00e6ngde hydraulisk olie er n\u00f8dvendig for at opretholde en problemfri drift.<\/p>\n<h3>Vedligeholdelse og reparation<\/h3>\n<p>Regelm\u00e6ssig inspektion og forebyggende vedligeholdelse er n\u00f8dvendige for at holde cylinderen i god stand. F\u00f8lgende er almindelige vedligeholdelsesopgaver:<\/p>\n<ul>\n<li><strong>Regelm\u00e6ssig inspektion:<\/strong> Inspicer regelm\u00e6ssigt cylinderen for tegn p\u00e5 skader, slid eller l\u00e6kage, og udskift eventuelle beskadigede dele.<\/li>\n<li><strong>Korrekt sm\u00f8ring:<\/strong> S\u00f8rg for, at cylinderen er smurt med den rette m\u00e6ngde hydraulikolie for at opretholde dens j\u00e6vne drift.<\/li>\n<li><strong>Udskiftning af pakning:<\/strong> Udskift stempel- og stangt\u00e6tningerne regelm\u00e6ssigt for at forhindre l\u00e6kage af hydraulikv\u00e6ske og holde forurenende stoffer ude.<\/li>\n<\/ul>\n<p>Korrekt installation, sm\u00f8ring og justering er afg\u00f8rende for sikker og effektiv drift af cylinderen. Der b\u00f8r gives korrekt vejledning i justering under installationen, og der b\u00f8r anvendes passende monteringsbeslag til at fastg\u00f8re cylinderen. Anbefalede inspektions-, reparations- og udskiftningsprocedurer samt ombygningsservice for at forbedre cylinderens levetid.<\/p>\n<p><img decoding=\"async\" src=\"https:\/\/www.hydraulic-cylinders.net\/wp-content\/uploads\/2025\/01\/songte-chushion-collar.webp\"><\/p>\n<h3>Sikkerheds- og milj\u00f8hensyn<\/h3>\n<p>Sikker betjening af cylinderen er afg\u00f8rende, og der b\u00f8r tr\u00e6ffes sikkerhedsforanstaltninger under brugen. Operat\u00f8rer b\u00f8r tr\u00e6nes i korrekt brug af cylinderen, og alle sikkerhedsanordninger skal v\u00e6re i god stand. Cylinderen skal h\u00e5ndteres forsigtigt for at undg\u00e5 skader eller personskader. Milj\u00f8hensyn b\u00f8r ogs\u00e5 tages i betragtning ved bortskaffelse af cylinderen eller udskiftning af dens dele.<\/p>\n<h3>Fejlfinding og almindelige problemer<\/h3>\n<p>F\u00f8lgende er almindelige problemer, der kan opst\u00e5 under brug af cylinderen:<\/p>\n<ul>\n<li><strong>Ut\u00e6t v\u00e6ske:<\/strong> Kontroller pakninger og andre komponenter for skader, og udskift dem om n\u00f8dvendigt.<\/li>\n<li><strong>Mangel p\u00e5 str\u00f8m:<\/strong> Kontroller det hydrauliske system for l\u00e6kager eller blokeringer, og reparer efter behov.<\/li>\n<li><strong>M\u00e6rkelige lyde:<\/strong> Kontroller cylinderen for tegn p\u00e5 skader eller slid, og udskift eventuelle beskadigede komponenter.<\/li>\n<\/ul>\n<p>Korrekt diagnose og hurtig l\u00f8sning af problemer er n\u00f8dvendig for at forhindre mere alvorlige problemer. Regelm\u00e6ssig inspektion og forebyggende vedligeholdelse kan forhindre mange problemer i at opst\u00e5.<\/p>\n<p><img decoding=\"async\" src=\"https:\/\/www.hydraulic-cylinders.net\/wp-content\/uploads\/2025\/01\/songte-bushings-with-all-kinds-of-excavator-models.webp\"><\/p>\n<h3>Om os<\/h3>\n<p>Vi er en producent af udskiftningsdele til hydrauliske cylindre og tilbyder et komplet produktsortiment. Vi er blevet en af \u200b\u200bde f\u00f8rende producenter og engrosdistribut\u00f8rer af hydrauliske cylindre p\u00e5 det indenlandske og internationale marked. Vi holder fast i vores engagement i kvalitetsbevidsthed og bruger industrialiserede produktionsstyringsstrategier i vores fint fremstillede produktionsv\u00e6rksteder. Vi forbedrer l\u00f8bende vores produktionsplatform og forbedrer vores produktionslinjer med teknisk personale, digitalt avanceret produktionsudstyr og professionelle testsystemer. Vi har en st\u00e6rk kreativ evne til at tilfredsstille kundernes forskellige behov med h\u00f8j effektivitet, h\u00f8j pr\u00e6cision og principper for h\u00f8j kvalitet.<\/p>\n<p>Vi tilbyder professionel, international certificering, brugerdefinerede tjenester, produktionsudstyr og eftersalgsservice.<\/p>\n<p><img decoding=\"async\" src=\"https:\/\/hzpt.com\/wp-content\/uploads\/2024\/11\/songte-company-1.webp\"><\/p>\n<p>Forfatter: lyl.<\/p>","protected":false},"excerpt":{"rendered":"<p>Bucket Cylinder For Yuchai YC35SR Introduction A bucket cylinder is a specially designed hydraulic cylinder used to control the movement of buckets in heavy machinery such as excavators, backhoe excavators, and front-end loaders. Its main function is to enable the bucket to lift, lower, and tilt for various material handling tasks. In the hydraulic system, [&hellip;]<\/p>","protected":false},"featured_media":14773,"comment_status":"open","ping_status":"closed","template":"","meta":{"_et_pb_use_builder":"","_et_pb_old_content":"","_et_gb_content_width":""},"product_brand":[],"product_cat":[1494],"product_tag":[1495,1496],"class_list":{"0":"post-15861","1":"product","2":"type-product","3":"status-publish","4":"has-post-thumbnail","6":"product_cat-bucket-cylinders","7":"product_tag-bucket-cylinders","8":"product_tag-hydraulic-cylinders","10":"first","11":"instock","12":"shipping-taxable","13":"product-type-simple"},"amp_enabled":true,"_links":{"self":[{"href":"https:\/\/www.hydraulic-cylinders.net\/da\/wp-json\/wp\/v2\/product\/15861","targetHints":{"allow":["GET"]}}],"collection":[{"href":"https:\/\/www.hydraulic-cylinders.net\/da\/wp-json\/wp\/v2\/product"}],"about":[{"href":"https:\/\/www.hydraulic-cylinders.net\/da\/wp-json\/wp\/v2\/types\/product"}],"replies":[{"embeddable":true,"href":"https:\/\/www.hydraulic-cylinders.net\/da\/wp-json\/wp\/v2\/comments?post=15861"}],"wp:featuredmedia":[{"embeddable":true,"href":"https:\/\/www.hydraulic-cylinders.net\/da\/wp-json\/wp\/v2\/media\/14773"}],"wp:attachment":[{"href":"https:\/\/www.hydraulic-cylinders.net\/da\/wp-json\/wp\/v2\/media?parent=15861"}],"wp:term":[{"taxonomy":"product_brand","embeddable":true,"href":"https:\/\/www.hydraulic-cylinders.net\/da\/wp-json\/wp\/v2\/product_brand?post=15861"},{"taxonomy":"product_cat","embeddable":true,"href":"https:\/\/www.hydraulic-cylinders.net\/da\/wp-json\/wp\/v2\/product_cat?post=15861"},{"taxonomy":"product_tag","embeddable":true,"href":"https:\/\/www.hydraulic-cylinders.net\/da\/wp-json\/wp\/v2\/product_tag?post=15861"}],"curies":[{"name":"wp","href":"https:\/\/api.w.org\/{rel}","templated":true}]}}