{"id":15865,"date":"2025-01-19T15:05:37","date_gmt":"2025-01-19T15:05:37","guid":{"rendered":"https:\/\/www.hydraulic-cylinders.net\/product\/bucket-cylinder-for-yuchai-yc230lc-8\/"},"modified":"2025-01-19T15:05:39","modified_gmt":"2025-01-19T15:05:39","slug":"bucket-cylinder-for-yuchai-yc230lc-8","status":"publish","type":"product","link":"https:\/\/www.hydraulic-cylinders.net\/da\/vare\/bucket-cylinder-for-yuchai-yc230lc-8\/","title":{"rendered":"Skovlcylinder til Yuchai YC230LC-8"},"content":{"rendered":"<h1>Skovlcylinder til Yuchai YC230LC-8<\/h1>\n<h2>Indledning<\/h2>\n<p>En skovlcylinder er en hydraulisk cylinder, der er specielt designet til at styre skovlens bev\u00e6gelse i tunge maskiner, s\u00e5som gravemaskiner, rendegravere og frontl\u00e6ssere. Dens hovedfunktion er at give skovlen mulighed for at l\u00f8fte, s\u00e6nke og vippe, hvilket g\u00f8r det lettere at h\u00e5ndtere forskellige materialeh\u00e5ndteringsopgaver. I hydrauliske systemer opn\u00e5r skovlcylinderen pr\u00e6cis kontrol over skovlen gennem \u00e6ndringer i hydraulikolietrykket, hvilket g\u00f8r det muligt for operat\u00f8rer at h\u00e5ndtere tunge l\u00e6s effektivt, tilpasse sig komplekse arbejdsmilj\u00f8er og forskellige driftsbehov.<\/p>\n<p><img decoding=\"async\" src=\"https:\/\/www.hydraulic-cylinders.net\/wp-content\/uploads\/2025\/01\/songte-company-2.webp\" alt=\"Spandens cylinder\"><\/p>\n<h2>Funktioner<\/h2>\n<ul>\n<li>\n<h3>H\u00f8j styrke og holdbarhed<\/h3>\n<p>Skovlcylindre er typisk lavet af h\u00f8jstyrkest\u00e5l eller aluminium, der er i stand til at modst\u00e5 h\u00f8jt tryk og tunge belastninger, tilpasser sig barske arbejdsmilj\u00f8er og er designet med slidstyrke og korrosionsbestandighed i tankerne, hvorved deres levetid forl\u00e6nges.<\/p>\n<\/li>\n<li>\n<h3>Effektiv hydraulisk drift<\/h3>\n<p>Skovlcylinderen bruger hydraulisk olietryk til at opn\u00e5 j\u00e6vne forl\u00e6ngelses- og sammentr\u00e6kningsbev\u00e6gelser, hvilket muligg\u00f8r en hurtig reaktion p\u00e5 kontrolkommandoer, giver en kraftig skubbe- og tr\u00e6kkraft og er egnet til h\u00e5ndtering af tunge belastninger og komplekse driftsopgaver.<\/p>\n<\/li>\n<li>\n<h3>Forskellige typer<\/h3>\n<p>Skovlcylindre kan v\u00e6re enkeltvirkende (kun hydrauliske i \u00e9n retning) eller dobbeltvirkende (hydrauliske i begge retninger) afh\u00e6ngigt af driftsbehovet. Nogle modeller er teleskopiske, hvilket giver mulighed for st\u00f8rre udvidelse uden at \u00f8ge de ydre dimensioner, hvilket g\u00f8r dem velegnede til applikationer med begr\u00e6nset plads.<\/p>\n<\/li>\n<li>\n<h3>Perfekt erstatningsmulighed<\/h3>\n<p>Vores produkter kan perfekt erstatte disse hydrauliske cylindre, og vi kan producere dette produkt.<\/p>\n<\/li>\n<p><img decoding=\"async\" src=\"https:\/\/www.hydraulic-cylinders.net\/wp-content\/uploads\/2025\/01\/songte-cylinder-head-with-all-kinds-excavator-models.webp\" alt=\"Udskiftning af spandcylinder\"><\/p>\n<\/ul>\n<h2>Applikationer<\/h2>\n<p>Skovlcylindre bruges i forskellige maskiner, herunder:<\/p>\n<ul>\n<li>\n<h3>Entrepren\u00f8rudstyr<\/h3>\n<p>I gravemaskiner er de afg\u00f8rende for udgravning, lastning og flytning af jord eller affald. I rendegravere hj\u00e6lper skovlcylinderen med gravning og l\u00f8ft. <\/p>\n<\/li>\n<li>\n<h3>Landbrugsmaskiner<\/h3>\n<p>Anvendes i frontl\u00e6ssere til at opgrave, l\u00f8fte og transportere jord, h\u00f8 og andre materialer. <\/p>\n<\/li>\n<li>\n<h3>Gravemaskiner<\/h3>\n<p>Skovlcylinderen udf\u00f8rer udgravningen ved at lade skovlen tr\u00e6nge ned i jorden. <\/p>\n<\/li>\n<li>\n<h3>Frontl\u00e6ssere<\/h3>\n<p>I frontl\u00e6ssere hj\u00e6lper de med at l\u00f8fte og vippe last effektivt.<\/p>\n<\/li>\n<\/ul>\n<h2>Designovervejelser og udv\u00e6lgelseskriterier<\/h2>\n<p>N\u00e5r det kommer til designhensyn, skal skovlcylindre opfylde specifikke kriterier for at fungere optimalt. Her er nogle n\u00f8glefaktorer:<\/p>\n<ul>\n<li>\n<h3>B\u00e6reevne<\/h3>\n<p>Cylinderens b\u00e6reevne skal kunne b\u00e6re lastens v\u00e6gt uden deformation eller brud.<\/p>\n<\/li>\n<li>\n<h3>Forsegling<\/h3>\n<p>Cylinderen skal v\u00e6re tilstr\u00e6kkeligt forseglet for at forhindre l\u00e6kage af hydraulikv\u00e6ske.<\/p>\n<\/li>\n<li>\n<h3>Holdbarhed<\/h3>\n<p>Cylinderen skal v\u00e6re holdbar nok til at modst\u00e5 det barske arbejdsmilj\u00f8 og modst\u00e5 slid.<\/p>\n<\/li>\n<li>\n<h3>Sikkerhed<\/h3>\n<p>Skovlcylindre skal v\u00e6re konstrueret til at forhindre potentielle farer s\u00e5som l\u00e6kager, brud eller eksplosioner.<\/p>\n<\/li>\n<li>\n<h3>Opretholdelse<\/h3>\n<p>Cylinderen skal v\u00e6re designet til nem vedligeholdelse og reparation, hvilket reducerer nedetid.<\/p>\n<\/li>\n<\/ul>\n<p><img decoding=\"async\" src=\"https:\/\/www.hydraulic-cylinders.net\/wp-content\/uploads\/2025\/01\/songte-oil-pipes-and-spare-parts.webp\" alt=\"Dele af spandcylinder\"><\/p>\n<h2>T\u00e6tning og sm\u00f8ring<\/h2>\n<p>Skovlcylinderen bruger forskellige t\u00e6tninger, s\u00e5som stempelt\u00e6tninger og stangt\u00e6tninger, lavet af slidst\u00e6rke materialer som polyurethan og nitrilgummi. Cylinderhuset og gevindoverfladen gennemg\u00e5r en pr\u00e6cis behandling for at forbedre slidstyrken. Regelm\u00e6ssig tils\u00e6tning af den passende m\u00e6ngde hydraulikolie er afg\u00f8rende for sm\u00f8ring og opretholdelse af optimal ydeevne.<\/p>\n<h2>Vedligeholdelse og reparation<\/h2>\n<p>Regelm\u00e6ssig inspektion og forebyggende vedligeholdelse er afg\u00f8rende for at forl\u00e6nge levetiden p\u00e5 skovlcylindre. Her er nogle almindelige vedligeholdelsesopgaver:<\/p>\n<ul>\n<li>\n<h3>Regelm\u00e6ssig inspektion<\/h3>\n<p>Inspicer cylinderen regelm\u00e6ssigt for tegn p\u00e5 slid, skader eller l\u00e6kager.<\/p>\n<\/li>\n<li>\n<h3>Sm\u00f8ring<\/h3>\n<p>S\u00f8rg for, at cylinderen er tilstr\u00e6kkeligt smurt for at opretholde optimal ydeevne.<\/p>\n<\/li>\n<li>\n<h3>Udskiftning af pakning<\/h3>\n<p>Udskift cylinderpakningerne, n\u00e5r der registreres tegn p\u00e5 slid, skader eller l\u00e6kager.<\/p>\n<\/li>\n<li>\n<h3>Kalibreringstjek<\/h3>\n<p>Kontroll\u00e9r cylinderens kalibrering med j\u00e6vne mellemrum for at sikre optimal ydeevne.<\/p>\n<\/li>\n<\/ul>\n<p><img decoding=\"async\" src=\"https:\/\/www.hydraulic-cylinders.net\/wp-content\/uploads\/2025\/01\/songte-chushion-collar.webp\" alt=\"Montering af spandcylinder\"><\/p>\n<h2>Sikkerhedshensyn og milj\u00f8faktorer<\/h2>\n<p>Skovlcylindre skal h\u00e5ndteres forsigtigt og installeres korrekt for at undg\u00e5 potentielle farer s\u00e5som l\u00e6kager, brud eller eksplosioner. Milj\u00f8faktorer, s\u00e5som temperatur, fugtighed og eksponering for \u00e6tsende stoffer, kan p\u00e5virke cylinderens ydeevne og holdbarhed. Derfor er det vigtigt at tage de n\u00f8dvendige forholdsregler ved h\u00e5ndtering og betjening af skovlcylindre.<\/p>\n<h2>Diagnose og fejlfinding<\/h2>\n<p>Almindelige problemer med skovlcylindre omfatter l\u00e6kager, nedsat ydeevne og funktionsfejl. Fejlfindingstips og l\u00f8sninger p\u00e5 disse problemer omfatter kontrol af pakningerne, verificering af hydraulikv\u00e6skeniveauet og vurdering af cylinderens kalibrering. Forebyggende foranstaltninger, s\u00e5som regelm\u00e6ssig vedligeholdelse og korrekt h\u00e5ndtering, kan minimere potentielle problemer.<\/p>\n<p><img decoding=\"async\" src=\"https:\/\/www.hydraulic-cylinders.net\/wp-content\/uploads\/2025\/01\/songte-bushings-with-all-kinds-of-excavator-models.webp\" alt=\"Skovlcylinderb\u00f8sninger\"><\/p>\n<h2>Om vores virksomhed<\/h2>\n<p>Vi er en producent af udskiftningsdele til hydrauliske cylindre med et komplet produktsortiment og er blevet en af \u200b\u200bde f\u00f8rende producenter og engrosdistribut\u00f8rer af hydrauliske cylindre p\u00e5 det indenlandske og internationale marked. Vi overholder princippet om fremragende kvalitet og s\u00e6tter vores afh\u00e6ngighed af den industrielle produktionsstyringsstrategi i sofistikerede produktionsv\u00e6rksteder. Vi forbedrer l\u00f8bende vores v\u00e6rkstedsproduktionsplatform, forbedrer produktkvaliteten og har st\u00e6rke kreative evner til at im\u00f8dekomme kundernes forskellige behov med produkter af h\u00f8j effektivitet, h\u00f8j pr\u00e6cision og h\u00f8j kvalitet.<\/p>\n<ul>\n<li>\n<h3>Professionalitet<\/h3>\n<p>Vores virksomhed best\u00e5r af et team af tekniske eksperter og fagfolk med mange \u00e5rs erfaring inden for udskiftning af hydrauliske cylindre.<\/p>\n<\/li>\n<li>\n<h3>International certificering<\/h3>\n<p>Vores produkter har internationale certificeringer som ISO, CE og ROHS, hvilket sikrer overholdelse af globale standarder.<\/p>\n<\/li>\n<li>\n<h3>Tilpasning<\/h3>\n<p>Vi tilbyder skr\u00e6ddersyede tjenester, der im\u00f8dekommer kundernes unikke behov og pr\u00e6ferencer.<\/p>\n<\/li>\n<li>\n<h3>Produktionsudstyr<\/h3>\n<p>Vores virksomhed har sofistikeret og avanceret produktionsudstyr, herunder CNC-drejeb\u00e6nke, fr\u00e6semaskiner og testfaciliteter.<\/p>\n<\/li>\n<li>\n<h3>Eftersalgsservice<\/h3>\n<p>Vi tilbyder fremragende eftersalgsservice, herunder reparation, udskiftning og genopbygning, for at sikre kundetilfredshed og langvarige kunderelationer.<\/p>\n<\/li>\n<\/ul>\n<p><img decoding=\"async\" src=\"https:\/\/hzpt.com\/wp-content\/uploads\/2024\/11\/songte-company-1.webp\" alt=\"Virksomhedsoversigt\"><\/p>\n<p>Forfatter: lyl<\/p>","protected":false},"excerpt":{"rendered":"<p>Bucket Cylinder For Yuchai YC230LC-8 Introduction A bucket cylinder is a hydraulic cylinder specially designed to control the movement of the bucket in heavy machinery, such as excavators, backhoe loaders, and front loaders. Its main function is to allow the bucket to lift, lower, and tilt, making it easier to handle various material handling tasks. [&hellip;]<\/p>","protected":false},"featured_media":14762,"comment_status":"open","ping_status":"closed","template":"","meta":{"_et_pb_use_builder":"","_et_pb_old_content":"","_et_gb_content_width":""},"product_brand":[],"product_cat":[1494],"product_tag":[1495,1496],"class_list":{"0":"post-15865","1":"product","2":"type-product","3":"status-publish","4":"has-post-thumbnail","6":"product_cat-bucket-cylinders","7":"product_tag-bucket-cylinders","8":"product_tag-hydraulic-cylinders","10":"first","11":"instock","12":"shipping-taxable","13":"product-type-simple"},"amp_enabled":true,"_links":{"self":[{"href":"https:\/\/www.hydraulic-cylinders.net\/da\/wp-json\/wp\/v2\/product\/15865","targetHints":{"allow":["GET"]}}],"collection":[{"href":"https:\/\/www.hydraulic-cylinders.net\/da\/wp-json\/wp\/v2\/product"}],"about":[{"href":"https:\/\/www.hydraulic-cylinders.net\/da\/wp-json\/wp\/v2\/types\/product"}],"replies":[{"embeddable":true,"href":"https:\/\/www.hydraulic-cylinders.net\/da\/wp-json\/wp\/v2\/comments?post=15865"}],"wp:featuredmedia":[{"embeddable":true,"href":"https:\/\/www.hydraulic-cylinders.net\/da\/wp-json\/wp\/v2\/media\/14762"}],"wp:attachment":[{"href":"https:\/\/www.hydraulic-cylinders.net\/da\/wp-json\/wp\/v2\/media?parent=15865"}],"wp:term":[{"taxonomy":"product_brand","embeddable":true,"href":"https:\/\/www.hydraulic-cylinders.net\/da\/wp-json\/wp\/v2\/product_brand?post=15865"},{"taxonomy":"product_cat","embeddable":true,"href":"https:\/\/www.hydraulic-cylinders.net\/da\/wp-json\/wp\/v2\/product_cat?post=15865"},{"taxonomy":"product_tag","embeddable":true,"href":"https:\/\/www.hydraulic-cylinders.net\/da\/wp-json\/wp\/v2\/product_tag?post=15865"}],"curies":[{"name":"wp","href":"https:\/\/api.w.org\/{rel}","templated":true}]}}