{"id":15866,"date":"2025-01-19T15:05:41","date_gmt":"2025-01-19T15:05:41","guid":{"rendered":"https:\/\/www.hydraulic-cylinders.net\/product\/bucket-cylinder-for-yuchai-yc240lc-8\/"},"modified":"2025-01-19T15:05:46","modified_gmt":"2025-01-19T15:05:46","slug":"bucket-cylinder-for-yuchai-yc240lc-8","status":"publish","type":"product","link":"https:\/\/www.hydraulic-cylinders.net\/da\/vare\/bucket-cylinder-for-yuchai-yc240lc-8\/","title":{"rendered":"Skovlcylinder til Yuchai YC240LC-8"},"content":{"rendered":"<h1>Skovlcylinder til Yuchai YC240LC-8<\/h1>\n<h2>Indledning<\/h2>\n<p>En skovlcylinder er en specialdesignet hydraulisk cylinder, der prim\u00e6rt bruges til at styre skovlens bev\u00e6gelse i tunge maskiner s\u00e5som gravemaskiner, rendegravere og frontl\u00e6ssere. Dens hovedfunktion er at g\u00f8re det muligt for skovlen at l\u00f8fte, s\u00e6nke og vippe, hvilket g\u00f8r det lettere at h\u00e5ndtere forskellige materialeh\u00e5ndteringsopgaver. I det hydrauliske system opn\u00e5r skovlcylinderen pr\u00e6cis kontrol over skovlens bev\u00e6gelser gennem \u00e6ndringer i hydraulikolietrykket, hvilket g\u00f8r det muligt for operat\u00f8rer effektivt at h\u00e5ndtere tunge l\u00e6s, tilpasse sig komplekse arbejdsmilj\u00f8er og forskellige driftsbehov.<\/p>\n<p><img decoding=\"async\" src=\"https:\/\/www.hydraulic-cylinders.net\/wp-content\/uploads\/2025\/01\/songte-company-2.webp\" alt=\"Spandens cylinder\" \/><\/p>\n<h2>Funktioner<\/h2>\n<ul>\n<li>\n<h3>H\u00f8j styrke og holdbarhed<\/h3>\n<p>Skovlcylindre er typisk lavet af h\u00f8jstyrkest\u00e5l eller aluminium, der er i stand til at modst\u00e5 h\u00f8jt tryk og tunge belastninger, og er designet med slidstyrke og korrosionsbestandighed i tankerne, hvilket forl\u00e6nger deres levetid.<\/p>\n<\/li>\n<li>\n<h3>Effektiv hydraulisk drift<\/h3>\n<p>Skovlcylindre udnytter trykket fra hydraulikolien til at opn\u00e5 j\u00e6vn ud- og indtr\u00e6kning, reagerer hurtigt p\u00e5 kontrolkommandoer og giver en st\u00e6rk skubbe- og tr\u00e6kkraft, der er velegnet til h\u00e5ndtering af tunge belastninger og komplekse driftsopgaver.<\/p>\n<\/li>\n<li>\n<h3>Forskellige typer<\/h3>\n<p>Skovlcylindre kan v\u00e6lges som enkeltvirkende (hydraulisk bruges kun i \u00e9n retning) eller dobbeltvirkende (hydraulisk bruges i begge retninger) alt efter behov, og nogle modeller er teleskopiske, hvilket muligg\u00f8r l\u00e6ngere udtr\u00e6k uden at \u00f8ge de udvendige dimensioner, velegnede til applikationer med begr\u00e6nset plads.<\/p>\n<\/li>\n<li>\n<h3>Perfekt erstatning<\/h3>\n<p>Vores virksomhed producerer skovlcylindre, der perfekt kan erstatte disse hydrauliske cylindre.<\/p>\n<p><img decoding=\"async\" src=\"https:\/\/www.hydraulic-cylinders.net\/wp-content\/uploads\/2025\/01\/songte-cylinder-head-with-all-kinds-excavator-models.webp\" alt=\"Udskiftning af spandcylinder\" \/><\/p>\n<\/li>\n<li>\n<h3>Bred anvendelse<\/h3>\n<p>Skovlcylindre anvendes i vid udstr\u00e6kning i forskellige tunge maskiner, herunder:<\/p>\n<ul>\n<li><strong>Entrepren\u00f8rudstyr:<\/strong> Skovlcylindre er afg\u00f8rende for gravning, lastning og flytning af jord eller affald i gravemaskiner. I rendegravere hj\u00e6lper skovlcylindre med gravning og l\u00f8ft.<\/li>\n<li><strong>Landbrugsmaskiner:<\/strong> Bruges til frontl\u00e6ssere. Skovlcylindre opsamler, l\u00f8fter og transporterer jord, h\u00f8 og andre materialer. I gravemaskiner tr\u00e6nger skovlcylinderen ned i jorden for at opn\u00e5 gravefunktion.<\/li>\n<li><strong>L\u00e6sser:<\/strong> I frontl\u00e6ssere hj\u00e6lper skovlcylindre med effektivt at l\u00f8fte og t\u00f8mme gods.<\/li>\n<\/ul>\n<\/li>\n<\/ul>\n<h2>Designovervejelser og udv\u00e6lgelseskriterier<\/h2>\n<p><img decoding=\"async\" src=\"https:\/\/www.hydraulic-cylinders.net\/wp-content\/uploads\/2025\/01\/songte-oil-pipes-and-spare-parts.webp\" alt=\"Design af spandcylinder\" \/><\/p>\n<ul>\n<li>\n<h3>B\u00e6reevne<\/h3>\n<p>Skovlcylindre er designet til at modst\u00e5 h\u00f8jt tryk og tunge belastninger, hvilket sikrer, at deres b\u00e6reevne opfylder branchestandarder.<\/p>\n<\/li>\n<li>\n<h3>Forsegling og holdbarhed<\/h3>\n<p>Skovlcylindre bruger forskellige t\u00e6tningskomponenter s\u00e5som stempelt\u00e6tninger, stangt\u00e6tninger og viskert\u00e6tninger, lavet af materialer som polyurethan og nitrilgummi, der giver slidstyrke. Cylinderhuset og gevindenden gennemg\u00e5r finbearbejdning for at forbedre slidstyrken. Regelm\u00e6ssig tils\u00e6tning af den passende m\u00e6ngde hydraulikolie er n\u00f8dvendig for sm\u00f8ring.<\/p>\n<\/li>\n<li>\n<h3>Sikkerhed<\/h3>\n<p>Skovlcylindre skal yde p\u00e5lidelig st\u00f8tte og stabilitet for at sikre sikkerhed under drift. Det er n\u00f8dvendigt at f\u00f8lge sikkerhedsretningslinjerne og v\u00e6lge passende sikkerhedsforanstaltninger for at forhindre ulykker under brug.<\/p>\n<\/li>\n<li>\n<h3>Vedligeholdelsesevne<\/h3>\n<p>Skovlcylindre skal v\u00e6re konstrueret til nem vedligeholdelse og reparation. Regelm\u00e6ssig inspektion, rettidig udskiftning af slidte dele og kalibreringskontroller er afg\u00f8rende for at forl\u00e6nge deres levetid.<\/p>\n<\/li>\n<\/ul>\n<h2>Installationsvejledning<\/h2>\n<p>Korrekt installation er afg\u00f8rende for at sikre, at skovlcylinderen fungerer optimalt. F\u00f8lgende trin b\u00f8r tages:<\/p>\n<ul>\n<li>\n<h3>Justering<\/h3>\n<p>Juster cylinderstangen med lastens centerlinje.<\/p>\n<\/li>\n<li>\n<h3>Monteringsbeslag<\/h3>\n<p>Brug et passende monteringsbeslag til at fastg\u00f8re cylinderen.<\/p>\n<\/li>\n<li>\n<h3>Sm\u00f8ring<\/h3>\n<p>Tils\u00e6t den passende m\u00e6ngde hydraulikolie til cylinderen, og kontroll\u00e9r, at den er fuldt smurt.<\/p>\n<\/li>\n<\/ul>\n<h2>Vedligeholdelse og reparation<\/h2>\n<p><img decoding=\"async\" src=\"https:\/\/www.hydraulic-cylinders.net\/wp-content\/uploads\/2025\/01\/songte-chushion-collar.webp\" alt=\"Vedligeholdelse og reparation af skovlcylinder\" \/><\/p>\n<ul>\n<li>\n<h3>Regelm\u00e6ssig inspektion<\/h3>\n<p>Regelm\u00e6ssig inspektion af skovlcylinderen for slid, skader og l\u00e6kager.<\/p>\n<\/li>\n<li>\n<h3>Sm\u00f8ring<\/h3>\n<p>Regelm\u00e6ssig sm\u00f8ring hj\u00e6lper med at forhindre slid p\u00e5 cylinderkomponenter.<\/p>\n<\/li>\n<li>\n<h3>Udskiftning af pakning<\/h3>\n<p>Regelm\u00e6ssig udskiftning af pakninger og t\u00e6tninger for at sikre korrekt t\u00e6tning og forhindre l\u00e6kager.<\/p>\n<\/li>\n<li>\n<h3>Kalibreringstjek<\/h3>\n<p>Regelm\u00e6ssige kalibreringskontroller sikrer, at cylinderen fungerer optimalt og effektivt.<\/p>\n<\/li>\n<\/ul>\n<h2>Sikkerhedshensyn og milj\u00f8faktorer<\/h2>\n<p>Det er vigtigt at f\u00f8lge sikkerhedsforanstaltningerne ved brug af skovlcylindre for at forhindre ulykker og sikre sikker drift. Derudover b\u00f8r milj\u00f8faktorer tages i betragtning ved valg af hydrauliske cylindre for at forhindre skader p\u00e5 milj\u00f8et.<\/p>\n<p><img decoding=\"async\" src=\"https:\/\/hzpt.com\/wp-content\/uploads\/2024\/11\/songte-company-1.webp\" alt=\"Sikkerhed i skovlcylinderen\" \/><\/p>\n<h2>Fejldiagnose og almindelige problemer<\/h2>\n<p><img decoding=\"async\" src=\"https:\/\/www.hydraulic-cylinders.net\/wp-content\/uploads\/2025\/01\/songte-bushings-with-all-kinds-of-excavator-models.webp\" alt=\"Diagnose af fejl i skovlcylinderen\" \/><\/p>\n<ul>\n<li>\n<h3>L\u00e6kage<\/h3>\n<p>Kontroll\u00e9r t\u00e6tninger og pakninger for skader eller slid, og udskift dem om n\u00f8dvendigt.<\/p>\n<\/li>\n<li>\n<h3>Reduceret ydeevne<\/h3>\n<p>Kontroller det hydrauliske system for tilsmudsning eller forkert v\u00e6skeniveau, og s\u00f8rg for, at det er rent og korrekt fyldt.<\/p>\n<\/li>\n<li>\n<h3>St\u00f8j<\/h3>\n<p>Kontroller cylinderen for skader eller slid, og udskift de ber\u00f8rte dele.<\/p>\n<\/li>\n<\/ul>\n<h2>Om vores virksomhed<\/h2>\n<p><img decoding=\"async\" src=\"https:\/\/www.hydraulic-cylinders.net\/wp-content\/uploads\/2025\/01\/songte-company-3.webp\" alt=\"Om vores virksomhed\" \/><\/p>\n<p>Vi er en producent af hydrauliske udskiftningscylindre med et komplet produktsortiment og er blevet en af \u200b\u200bde f\u00f8rende producenter og grossister af hydrauliske cylindre p\u00e5 det indenlandske og udenlandske marked. Vi overholder principperne om fremragende kvalitet, s\u00e6tter vores kernev\u00e6rdier i den industrialiserede produktionsstyringsstrategi fra fine produktionsv\u00e6rksteder, forbedrer l\u00f8bende v\u00e6rkstedets produktionsplatform, forbedrer produktets produktionskvalitet og har st\u00e6rke kreative evner, der tilfredsstiller kundernes forskellige behov med h\u00f8j effektivitet, h\u00f8j pr\u00e6cision og h\u00f8j kvalitet.<\/p>\n<ul>\n<li>\n<h3>Professionalitet<\/h3>\n<p>Vores virksomhed er forpligtet til l\u00f8bende udvikling af hydraulisk cylinderteknologi med et professionelt team af ingeni\u00f8rer og tekniske eksperter, der er f\u00f8rende i branchen inden for produktdesign og -udvikling.<\/p>\n<\/li>\n<li>\n<h3>International certificering<\/h3>\n<p>Vores virksomhed har opn\u00e5et ISO9001:2015 kvalitetsstyringssystemcertificering, hvilket sikrer, at vores produkter opfylder internationale kvalitetsstandarder.<\/p>\n<\/li>\n<li>\n<h3>Tilpasset service<\/h3>\n<p>Vores virksomhed leverer skr\u00e6ddersyede hydrauliske cylindre, der opfylder kundernes specifikke behov, og leverer l\u00f8sninger af h\u00f8j kvalitet til komplekse hydrauliske krav.<\/p>\n<\/li>\n<li>\n<h3>Produktionsudstyr<\/h3>\n<p>Vores virksomhed har avanceret produktionsudstyr, herunder CNC-bearbejdningscentre, h\u00f8jpr\u00e6cisionsdrejeb\u00e6nke og andet specialiseret udstyr til produktion af hydrauliske cylindre, for at sikre produkter af h\u00f8j kvalitet.<\/p>\n<\/li>\n<li>\n<h3>Eftersalgsservice<\/h3>\n<p>Vores virksomhed tilbyder omfattende eftersalgsservice, herunder vedligeholdelse, reparation og ombygning, hvilket sikrer, at vores produkter altid er i topform.<\/p>\n<\/li>\n<\/ul>\n<p>Artikel skrevet af lyl.<\/p>","protected":false},"excerpt":{"rendered":"<p>Bucket Cylinder For Yuchai YC240LC-8 Introduction Bucket Cylinder is a specially designed hydraulic cylinder primarily used to control the movement of the bucket in heavy machinery such as excavators, backhoe loaders, and front-end loaders. Its main function is to enable the bucket to lift, lower, and tilt, making it easier to handle various material-handling tasks. [&hellip;]<\/p>","protected":false},"featured_media":14761,"comment_status":"open","ping_status":"closed","template":"","meta":{"_et_pb_use_builder":"","_et_pb_old_content":"","_et_gb_content_width":""},"product_brand":[],"product_cat":[1494],"product_tag":[1495,1496],"class_list":{"0":"post-15866","1":"product","2":"type-product","3":"status-publish","4":"has-post-thumbnail","6":"product_cat-bucket-cylinders","7":"product_tag-bucket-cylinders","8":"product_tag-hydraulic-cylinders","10":"first","11":"instock","12":"shipping-taxable","13":"product-type-simple"},"amp_enabled":true,"_links":{"self":[{"href":"https:\/\/www.hydraulic-cylinders.net\/da\/wp-json\/wp\/v2\/product\/15866","targetHints":{"allow":["GET"]}}],"collection":[{"href":"https:\/\/www.hydraulic-cylinders.net\/da\/wp-json\/wp\/v2\/product"}],"about":[{"href":"https:\/\/www.hydraulic-cylinders.net\/da\/wp-json\/wp\/v2\/types\/product"}],"replies":[{"embeddable":true,"href":"https:\/\/www.hydraulic-cylinders.net\/da\/wp-json\/wp\/v2\/comments?post=15866"}],"wp:featuredmedia":[{"embeddable":true,"href":"https:\/\/www.hydraulic-cylinders.net\/da\/wp-json\/wp\/v2\/media\/14761"}],"wp:attachment":[{"href":"https:\/\/www.hydraulic-cylinders.net\/da\/wp-json\/wp\/v2\/media?parent=15866"}],"wp:term":[{"taxonomy":"product_brand","embeddable":true,"href":"https:\/\/www.hydraulic-cylinders.net\/da\/wp-json\/wp\/v2\/product_brand?post=15866"},{"taxonomy":"product_cat","embeddable":true,"href":"https:\/\/www.hydraulic-cylinders.net\/da\/wp-json\/wp\/v2\/product_cat?post=15866"},{"taxonomy":"product_tag","embeddable":true,"href":"https:\/\/www.hydraulic-cylinders.net\/da\/wp-json\/wp\/v2\/product_tag?post=15866"}],"curies":[{"name":"wp","href":"https:\/\/api.w.org\/{rel}","templated":true}]}}