{"id":15868,"date":"2025-01-19T15:05:52","date_gmt":"2025-01-19T15:05:52","guid":{"rendered":"https:\/\/www.hydraulic-cylinders.net\/product\/bucket-cylinder-for-yangong-yg85e\/"},"modified":"2025-01-19T15:05:54","modified_gmt":"2025-01-19T15:05:54","slug":"bucket-cylinder-for-yangong-yg85e","status":"publish","type":"product","link":"https:\/\/www.hydraulic-cylinders.net\/da\/vare\/bucket-cylinder-for-yangong-yg85e\/","title":{"rendered":"Skovlcylinder til Yangong YG85E"},"content":{"rendered":"<h2>Skovlcylinder til Yangong YG85E<\/h2>\n<h3>Indledning<\/h3>\n<p>Skovlcylinderen til Yangong YG85E er en specialiseret hydraulisk cylinder designet til at styre bev\u00e6gelsen af \u200b\u200bskovle i tunge maskiner, s\u00e5som gravemaskiner, rendegravere og frontl\u00e6ssere. Dens prim\u00e6re funktion er at g\u00f8re det muligt for skovlen at l\u00f8fte, s\u00e6nke og vippe, hvilket g\u00f8r det lettere at h\u00e5ndtere forskellige materialeh\u00e5ndteringsopgaver. I det hydrauliske system opn\u00e5r skovlcylinderen pr\u00e6cis kontrol over skovlen ved hj\u00e6lp af tryk\u00e6ndringen i hydraulikolien, hvilket g\u00f8r det muligt for operat\u00f8rer effektivt at h\u00e5ndtere tunge l\u00e6s og tilpasse sig komplekse arbejdsmilj\u00f8er og forskellige jobkrav.<\/p>\n<p><img decoding=\"async\" src=\"https:\/\/www.hydraulic-cylinders.net\/wp-content\/uploads\/2025\/01\/songte-company-2.webp\" alt=\"Skovlcylinder til Yangong YG85E\"><\/p>\n<h3>Funktioner<\/h3>\n<ul>\n<li>H\u00f8j styrke og holdbarhed: Skovlcylinderen, der typisk er lavet af h\u00f8jstyrkest\u00e5l eller aluminium, kan modst\u00e5 h\u00f8jt tryk og tunge belastninger og tilpasse sig barske arbejdsmilj\u00f8er. Designet tager h\u00f8jde for slidstyrke og korrosionsbestandighed, hvilket forl\u00e6nger levetiden.<\/li>\n<li>Effektiv hydraulisk drift: Ved at udnytte trykket fra hydraulikolien til at opn\u00e5 j\u00e6vne forl\u00e6ngelses- og sammentr\u00e6kningsbev\u00e6gelser kan cylinderen hurtigt reagere p\u00e5 styrekommandoer og levere kraftige skubbe- og tr\u00e6kkr\u00e6fter, der er egnede til h\u00e5ndtering af tunge belastninger og komplekse arbejdsopgaver.<\/li>\n<li>Forskellige typer: Enkeltvirkende (hydraulisk i kun \u00e9n retning) eller dobbeltvirkende (hydraulisk i to retninger) cylindre kan v\u00e6lges efter behov for at opfylde forskellige driftskrav. Nogle modeller er teleskopiske, hvilket muligg\u00f8r st\u00f8rre udtr\u00e6k uden at \u00f8ge de udvendige dimensioner, og er velegnede til pladsbegr\u00e6nsede anvendelser.<\/li>\n<li>Udskiftelig: Vores produkt kan perfekt erstatte disse hydrauliske cylindre.<\/li>\n<\/ul>\n<p><img decoding=\"async\" src=\"https:\/\/www.hydraulic-cylinders.net\/wp-content\/uploads\/2025\/01\/songte-cylinder-head-with-all-kinds-excavator-models.webp\" alt=\"Skovlcylinder til Yangong YG85E\"><\/p>\n<h3>Applikationer<\/h3>\n<p>Skovlcylinderen til Yangong YG85E bruges i vid udstr\u00e6kning i forskellige tunge maskiner, herunder:<\/p>\n<ul>\n<li>Entrepren\u00f8rudstyr: I gravemaskiner er de afg\u00f8rende for at grave, l\u00e6sse og flytte jord eller affald. I rendegravere hj\u00e6lper skovlcylinderen b\u00e5de med gravning og l\u00f8ft.<\/li>\n<li>Landbrugsmaskiner: Bruges i frontl\u00e6ssere til at udgrave, l\u00f8fte og transportere jord, h\u00f8 og andre materialer. I gravemaskiner muligg\u00f8r skovlcylinderen gravning ved at lade skovlen tr\u00e6nge ned i jorden. I frontl\u00e6ssere hj\u00e6lper de med at l\u00f8fte og vippe gods effektivt.<\/li>\n<\/ul>\n<h3>Designovervejelser og udv\u00e6lgelseskriterier<\/h3>\n<p>Ud fra designovervejelserne kan vi unders\u00f8ge b\u00e6ltekapaciteten, t\u00e6tningen, holdbarheden, sikkerheden og vedligeholdelsen af \u200b\u200b\u200b\u200bskovlcylinderen. F\u00f8lgende punkter kan diskuteres:<\/p>\n<ul>\n<li>B\u00e6reevne: Skovlcylinderen skal kunne modst\u00e5 lastens v\u00e6gt og trykket fra hydraulikolien.<\/li>\n<li>T\u00e6tning: Forskellige t\u00e6tningskomponenter, s\u00e5som stempelt\u00e6tninger og stangt\u00e6tninger, bruges til at forhindre l\u00e6kage af hydraulikolie. T\u00e6tningskomponenterne er lavet af slidst\u00e6rke materialer som polyurethan og nitrilgummi for at \u00f8ge holdbarheden. Cylinderhuset og gevindoverfladen er fint forarbejdet for at forbedre slidstyrken.<\/li>\n<li>Holdbarhed: Skovlcylinderen er designet til at modst\u00e5 barske driftsmilj\u00f8er, herunder ekstreme temperaturer, eksponering for snavs og affald samt \u00e6tsende materialer.<\/li>\n<li>Sikkerhed: Der skal tr\u00e6ffes passende sikkerhedsforanstaltninger for at forhindre ulykker. Skovlcylinderen skal installeres, vedligeholdes og anvendes korrekt i henhold til producentens anvisninger.<\/li>\n<li>Vedligeholdelse: Regelm\u00e6ssig inspektion og vedligeholdelse kan sikre skovlcylinderens problemfri drift og forl\u00e6nge dens levetid.<\/li>\n<\/ul>\n<p><img decoding=\"async\" src=\"https:\/\/www.hydraulic-cylinders.net\/wp-content\/uploads\/2025\/01\/songte-oil-pipes-and-spare-parts.webp\" alt=\"Skovlcylinder til Yangong YG85E\"><\/p>\n<h3>T\u00e6tning og sm\u00f8ring<\/h3>\n<p>Skovlcylinderen bruger forskellige t\u00e6tningskomponenter, s\u00e5som stempelt\u00e6tninger og stangt\u00e6tninger, for at forhindre l\u00e6kage af hydraulikolie. Disse t\u00e6tningskomponenter er lavet af slidst\u00e6rke materialer s\u00e5som polyurethan og nitrilgummi. Cylinderhuset og gevindenden er fint forarbejdet for at forbedre slidstyrken. Regelm\u00e6ssig sm\u00f8ring med den passende m\u00e6ngde hydraulikolie er n\u00f8dvendig for at sikre cylinderens problemfri drift og forl\u00e6nge dens levetid.<\/p>\n<h3>Inspektion og vedligeholdelse<\/h3>\n<p>Regelm\u00e6ssig inspektion og vedligeholdelse er afg\u00f8rende for at sikre, at skovlcylinderen fungerer problemfrit og forl\u00e6nger dens levetid. F\u00f8lgende opgaver b\u00f8r udf\u00f8res:<\/p>\n<ul>\n<li>Regelm\u00e6ssig inspektion<\/li>\n<li>Passende sm\u00f8ring<\/li>\n<li>Udskiftning af pakning<\/li>\n<li>Kalibreringskontrol<\/li>\n<\/ul>\n<p>Under installationen er korrekt justering af cylinderen afg\u00f8rende. Det anbefales at bruge passende monteringsbeslag til at fastg\u00f8re cylinderen. Vigtigheden af \u200b\u200bkorrekt installation, sm\u00f8ring og justering b\u00f8r understreges. Anbefalede inspektions-, reparations- og udskiftningsprocedurer er angivet for at forl\u00e6nge skovlcylinderens levetid.<\/p>\n<p><img decoding=\"async\" src=\"https:\/\/www.hydraulic-cylinders.net\/wp-content\/uploads\/2025\/01\/songte-chushion-collar.webp\" alt=\"Skovlcylinder til Yangong YG85E\"><\/p>\n<h3>Sikkerhedshensyn og milj\u00f8faktorer<\/h3>\n<p>Sikkerhedsforanstaltninger er afg\u00f8rende ved brug af skovlcylinderen. Det er vigtigt at f\u00f8lge sikkerhedsregler og retningslinjer for at forhindre ulykker og skader. Skovlcylinderen skal vedligeholdes korrekt og bruges i henhold til producentens anvisninger for at sikre sikkerheden. Milj\u00f8faktorer b\u00f8r tages i betragtning ved brug af skovlcylinderen. Der b\u00f8r tr\u00e6ffes korrekte foranstaltninger til bortskaffelse af affald og milj\u00f8beskyttelse for at minimere milj\u00f8forurening.<\/p>\n<h3>Fejlfinding og almindelige problemer<\/h3>\n<p>Skovlcylinderen kan have adskillige problemer, s\u00e5som l\u00e6kage, langsom drift og beskadigelse af t\u00e6tningskomponenterne. Tips til fejlfinding og probleml\u00f8sning kan hj\u00e6lpe l\u00e6serne med at diagnosticere og l\u00f8se problemer effektivt. Forebyggende foranstaltninger kan reducere potentielle problemer.<\/p>\n<p><img decoding=\"async\" src=\"https:\/\/www.hydraulic-cylinders.net\/wp-content\/uploads\/2025\/01\/songte-bushings-with-all-kinds-of-excavator-models.webp\" alt=\"Skovlcylinder til Yangong YG85E\"><\/p>\n<h2>Om os<\/h2>\n<p>Vi er en producent af hydrauliske udskiftningscylindre. Vi tilbyder et komplet produktsortiment og er blevet en af \u200b\u200bde f\u00f8rende producenter og engrosdistribut\u00f8rer af hydrauliske cylindre p\u00e5 b\u00e5de indenlandske og internationale markeder. Vi f\u00f8lger princippet om fremragende kvalitet og s\u00e6tter vores lid til den industrialiserede produktionsstyringsstrategi fra sofistikerede produktionsv\u00e6rksteder. Ved at bruge tekniske talenter, digitalt avanceret produktionsudstyr og professionelle testsystemer forbedrer vi l\u00f8bende v\u00e6rkstedets produktionsplatform, forbedrer produktkvaliteten i produktionslinjen og har en st\u00e6rk kreativ evne. Vi leverer effektive, pr\u00e6cise og h\u00f8jkvalitetsprodukter, der opfylder kundernes forskellige behov.<\/p>\n<p><img decoding=\"async\" src=\"https:\/\/hzpt.com\/wp-content\/uploads\/2024\/11\/songte-company-1.webp\" alt=\"Om os\"><\/p>\n<h3>Professionalitet<\/h3>\n<p>Vi har et team af professionelle, der er dygtige til at designe og fremstille hydrauliske cylindre. Vi tilbyder skr\u00e6ddersyede l\u00f8sninger, der opfylder vores kunders specifikke behov.<\/p>\n<h3>International certificering<\/h3>\n<p>Vores produkter har best\u00e5et internationale certificeringer som CE, ISO og SGS, hvilket sikrer deres kvalitet og p\u00e5lidelighed.<\/p>\n<h3>Tilpasningstjenester<\/h3>\n<p>Vi tilbyder tilpasningstjenester til hydrauliske cylindre for at im\u00f8dekomme vores kunders specifikke behov.<\/p>\n<h3>Produktionsudstyr<\/h3>\n<p>Vi bruger avanceret produktionsudstyr for at sikre n\u00f8jagtigheden og effektiviteten af \u200b\u200bvores produkter.<\/p>\n<h3>Eftersalgsservice<\/h3>\n<p>Vi tilbyder eftersalgsservice til vores kunder og sikrer, at de er tilfredse med vores produkter og tjenester.<\/p>\n<h4>Forfatter: lyl<\/h4>","protected":false},"excerpt":{"rendered":"<p>Bucket Cylinder for Yangong YG85E Introduction The bucket cylinder for Yangong YG85E is a specialized hydraulic cylinder designed to control the movement of buckets in heavy machinery, such as excavators, backhoe loaders, and front-end loaders. Its primary function is to enable the bucket to lift, lower, and tilt, making it easier to handle various material [&hellip;]<\/p>","protected":false},"featured_media":14788,"comment_status":"open","ping_status":"closed","template":"","meta":{"_et_pb_use_builder":"","_et_pb_old_content":"","_et_gb_content_width":""},"product_brand":[],"product_cat":[1494],"product_tag":[1495,1496],"class_list":{"0":"post-15868","1":"product","2":"type-product","3":"status-publish","4":"has-post-thumbnail","6":"product_cat-bucket-cylinders","7":"product_tag-bucket-cylinders","8":"product_tag-hydraulic-cylinders","10":"first","11":"instock","12":"shipping-taxable","13":"product-type-simple"},"amp_enabled":true,"_links":{"self":[{"href":"https:\/\/www.hydraulic-cylinders.net\/da\/wp-json\/wp\/v2\/product\/15868","targetHints":{"allow":["GET"]}}],"collection":[{"href":"https:\/\/www.hydraulic-cylinders.net\/da\/wp-json\/wp\/v2\/product"}],"about":[{"href":"https:\/\/www.hydraulic-cylinders.net\/da\/wp-json\/wp\/v2\/types\/product"}],"replies":[{"embeddable":true,"href":"https:\/\/www.hydraulic-cylinders.net\/da\/wp-json\/wp\/v2\/comments?post=15868"}],"wp:featuredmedia":[{"embeddable":true,"href":"https:\/\/www.hydraulic-cylinders.net\/da\/wp-json\/wp\/v2\/media\/14788"}],"wp:attachment":[{"href":"https:\/\/www.hydraulic-cylinders.net\/da\/wp-json\/wp\/v2\/media?parent=15868"}],"wp:term":[{"taxonomy":"product_brand","embeddable":true,"href":"https:\/\/www.hydraulic-cylinders.net\/da\/wp-json\/wp\/v2\/product_brand?post=15868"},{"taxonomy":"product_cat","embeddable":true,"href":"https:\/\/www.hydraulic-cylinders.net\/da\/wp-json\/wp\/v2\/product_cat?post=15868"},{"taxonomy":"product_tag","embeddable":true,"href":"https:\/\/www.hydraulic-cylinders.net\/da\/wp-json\/wp\/v2\/product_tag?post=15868"}],"curies":[{"name":"wp","href":"https:\/\/api.w.org\/{rel}","templated":true}]}}