{"id":15872,"date":"2025-01-19T15:06:14","date_gmt":"2025-01-19T15:06:14","guid":{"rendered":"https:\/\/www.hydraulic-cylinders.net\/product\/bucket-cylinder-for-xinyuan-crawler-excavator-xy60-8\/"},"modified":"2025-01-19T15:06:16","modified_gmt":"2025-01-19T15:06:16","slug":"bucket-cylinder-for-xinyuan-crawler-excavator-xy60-8","status":"publish","type":"product","link":"https:\/\/www.hydraulic-cylinders.net\/da\/vare\/bucket-cylinder-for-xinyuan-crawler-excavator-xy60-8\/","title":{"rendered":"Skovlcylinder til Xinyuan b\u00e6ltegraver XY60-8"},"content":{"rendered":"<h1>Skovlcylinder til Xinyuan b\u00e6ltegraver XY60-8<\/h1>\n<h2>Indledning<\/h2>\n<p>En skovlcylinder er en specialiseret hydraulisk cylinder designet til at styre skovlens bev\u00e6gelse i tunge maskiner s\u00e5som gravemaskiner, rendegravere og frontl\u00e6ssere. Dens hovedfunktion er at g\u00f8re det muligt for skovlen at l\u00f8fte, s\u00e6nke og vippe for at lette forskellige materialeh\u00e5ndteringsopgaver. I det hydrauliske system opn\u00e5r skovlcylinderen pr\u00e6cis kontrol over skovlens bev\u00e6gelse gennem \u00e6ndringer i hydraulikolietrykket, hvilket g\u00f8r det muligt for operat\u00f8rer effektivt at h\u00e5ndtere tunge l\u00e6s og tilpasse sig komplekse arbejdsmilj\u00f8er og forskellige driftsbehov.<\/p>\n<p><img decoding=\"async\" src=\"https:\/\/www.hydraulic-cylinders.net\/wp-content\/uploads\/2025\/01\/songte-company-2.webp\"><\/p>\n<h2>Funktioner<\/h2>\n<ul>\n<li>H\u00f8j styrke og holdbarhed: Normalt lavet af h\u00f8jstyrkest\u00e5l eller aluminium, kan det modst\u00e5 h\u00f8jt tryk og tunge belastninger, tilpasse sig barske arbejdsmilj\u00f8er og er designet med slidstyrke og korrosionsbestandighed i tankerne, hvilket forl\u00e6nger dets levetid.<\/li>\n<li>Effektiv hydraulisk betjening: J\u00e6vn ud- og indtr\u00e6kning opn\u00e5s ved hj\u00e6lp af hydraulisk olietryk, hvilket muligg\u00f8r hurtig reaktion p\u00e5 styrekommandoer og giver en kraftig skubbe- og tr\u00e6kkraft, der er velegnet til h\u00e5ndtering af tunge belastninger og komplekse arbejdsopgaver.<\/li>\n<li>Forskellige typer: Enkeltvirkende (hydraulisk anvendt i kun \u00e9n retning) eller dobbeltvirkende (hydraulisk anvendt i begge retninger) cylindre kan v\u00e6lges efter behov for at im\u00f8dekomme forskellige driftsbehov. Nogle modeller er teleskopiske, hvilket giver mulighed for st\u00f8rre udtr\u00e6k uden at \u00f8ge de udvendige dimensioner, hvilket g\u00f8r dem velegnede til pladsbegr\u00e6nsede applikationer.<\/li>\n<li>Kan tilpasses: Vores produkt kan perfekt erstatte disse hydrauliske cylindre.<\/li>\n<\/ul>\n<p><img decoding=\"async\" src=\"https:\/\/www.hydraulic-cylinders.net\/wp-content\/uploads\/2025\/01\/songte-cylinder-head-with-all-kinds-excavator-models.webp\"><\/p>\n<h2>Applikationer<\/h2>\n<p>Skovlcylinderen har forskellige anvendelser i f\u00f8lgende entrepren\u00f8rmaskiner:<\/p>\n<h3>Gravemaskiner<\/h3>\n<p>Skovlcylinderen muligg\u00f8r gravefunktion ved at lade skovlen tr\u00e6nge ned i jorden.<\/p>\n<h3>Gravemaskiner med rendegraver<\/h3>\n<p>Skovlcylinderen hj\u00e6lper med b\u00e5de at grave og l\u00f8fte.<\/p>\n<h3>Frontl\u00e6ssere<\/h3>\n<p>Skovlcylinderen hj\u00e6lper med at l\u00f8fte og vippe for effektivt at t\u00f8mme materialet.<\/p>\n<h3>Landbrugsmaskiner<\/h3>\n<p>Bruges til frontl\u00e6ssere, bruges den til at udgrave, l\u00f8fte og transportere jord, h\u00f8 og andre materialer.<\/p>\n<p>I hver applikation spiller skovlcylindre en afg\u00f8rende rolle i maskineriets drift.<\/p>\n<h2>Designovervejelser og udv\u00e6lgelseskriterier<\/h2>\n<p>Ved design af skovlcylindre skal flere faktorer tages i betragtning. F\u00f8lgende er nogle af de vigtigste overvejelser:<\/p>\n<h3>Lastkapacitet<\/h3>\n<p>Skovlcylindre skal have den styrke og holdbarhed, der er n\u00f8dvendig for at modst\u00e5 v\u00e6gten af \u200b\u200bdet materiale, der h\u00e5ndteres.<\/p>\n<h3>Forsegling<\/h3>\n<p>Brugen af \u200b\u200bforskellige t\u00e6tningselementer s\u00e5som stempelt\u00e6tningsringe og stangt\u00e6tningsringe, valg af slidst\u00e6rke materialer s\u00e5som polyurethan og nitrilgummi til t\u00e6tningselementer og finforarbejdning af cylinderhuse og gevindender for at forbedre slidstyrken.<\/p>\n<h3>Holdbarhed<\/h3>\n<p>Skovlcylindre skal designes med slidstyrke og korrosionsbestandighed i tankerne for at \u00f8ge deres levetid.<\/p>\n<h3>Sikkerhed<\/h3>\n<p>Skovlcylindre skal v\u00e6re konstrueret til at forhindre l\u00e6kager og sikre operat\u00f8rernes sikkerhed, mens maskinen er i drift.<\/p>\n<h3>Vedligeholdelsesevne<\/h3>\n<p>Skovlcylindre skal v\u00e6re konstrueret, s\u00e5 de nemt kan vedligeholdes og repareres, n\u00e5r det er n\u00f8dvendigt.<\/p>\n<p><img decoding=\"async\" src=\"https:\/\/www.hydraulic-cylinders.net\/wp-content\/uploads\/2025\/01\/songte-oil-pipes-and-spare-parts.webp\"><\/p>\n<h2>T\u00e6tning og sm\u00f8ring<\/h2>\n<p>Skovlcylindre bruger forskellige t\u00e6tningselementer, s\u00e5som stempelt\u00e6tningsringe og stangt\u00e6tningsringe, som er lavet af slidst\u00e6rke materialer som polyurethan og nitrilgummi. Cylinderhuset og gevindenderne er forarbejdet for at forbedre deres slidstyrke. Det er ogs\u00e5 n\u00f8dvendigt regelm\u00e6ssigt at tils\u00e6tte passende m\u00e6ngder hydraulikolie til sm\u00f8ring.<\/p>\n<h2>Vedligeholdelse og reparation<\/h2>\n<p>Regelm\u00e6ssig inspektion, korrekt sm\u00f8ring, udskiftning af pakninger og kalibreringstjek er almindelige vedligeholdelsesopgaver for skovlcylindre. Korrekt installation, sm\u00f8ring og justering er afg\u00f8rende, og det anbefales at give korrekt vejledning til justering af cylinderen under installationen. Brug af passende monteringsbeslag til at fastg\u00f8re cylinderen og anbefalede inspektions-, reparations- og udskiftningsprocedurer kan forl\u00e6nge skovlcylinderens levetid.<\/p>\n<p><img decoding=\"async\" src=\"https:\/\/www.hydraulic-cylinders.net\/wp-content\/uploads\/2025\/01\/songte-chushion-collar.webp\"><\/p>\n<h2>Sikkerhedshensyn og milj\u00f8faktorer<\/h2>\n<p>Skovlcylinderen skal designes og anvendes med sikkerhed i tankerne, og operat\u00f8rer skal f\u00f8lge sikkerhedsprotokoller og retningslinjer, n\u00e5r de arbejder med maskiner. Skovlcylindere skal ogs\u00e5 bortskaffes ansvarligt for at undg\u00e5 negative p\u00e5virkninger af milj\u00f8et.<\/p>\n<h2>Fejlfinding og almindelige problemer<\/h2>\n<p>Almindelige problemer med skovlcylindre omfatter l\u00e6kage, deformation og rust. Fejlfindingstips og l\u00f8sninger kan hj\u00e6lpe l\u00e6serne med effektivt at diagnosticere og l\u00f8se disse problemer. Forebyggende foranstaltninger kan ogs\u00e5 implementeres for at minimere potentielle problemer.<\/p>\n<p><img decoding=\"async\" src=\"https:\/\/www.hydraulic-cylinders.net\/wp-content\/uploads\/2025\/01\/songte-bushings-with-all-kinds-of-excavator-models.webp\"><\/p>\n<h2>Om vores virksomhed<\/h2>\n<p>Vi er en producent af hydrauliske cylindre, der kan erstatte konventionelle hydrauliske cylindre. Vores virksomhed tilbyder et komplet produktsortiment og er blevet en af \u200b\u200bde f\u00f8rende producenter og engrosdistribut\u00f8rer af hydrauliske cylindre p\u00e5 b\u00e5de indenlandske og internationale markeder. Vi overholder principperne om fremragende kvalitet og bruger industrialiserede produktionsstyringsstrategier i fine produktionsv\u00e6rksteder med brug af tekniske talenter, digitalt avanceret produktionsudstyr og professionelle testsystemer. Vi forbedrer l\u00f8bende vores produktionsplatform i v\u00e6rkstedet, forbedrer produktionsruten for produktkvalitet og har st\u00e6rke kreative evner til at im\u00f8dekomme vores kunders forskellige behov med h\u00f8j effektivitet, h\u00f8j pr\u00e6cision og h\u00f8j kvalitet.<\/p>\n<p><img decoding=\"async\" src=\"https:\/\/hzpt.com\/wp-content\/uploads\/2024\/11\/songte-company-1.webp\"><\/p>\n<h3>Professionalitet<\/h3>\n<p>Vi har et team af yderst professionelle og dygtige medarbejdere, der str\u00e6ber efter at levere produkter af h\u00f8j kvalitet til vores kunder.<\/p>\n<h3>International certificering<\/h3>\n<p>Vores produkter er certificeret af internationale organisationer som ISO og CE.<\/p>\n<h3>Tilpasningstjenester<\/h3>\n<p>Vi tilbyder skr\u00e6ddersyede tjenester for at im\u00f8dekomme vores kunders specifikke behov.<\/p>\n<h3>Produktionsudstyr<\/h3>\n<p>Vi bruger avanceret og h\u00f8jtydende produktionsudstyr til at producere vores produkter.<\/p>\n<h3>Eftersalgsservice<\/h3>\n<p>Vi tilbyder fremragende eftersalgsservice for at sikre kundetilfredshed.<\/p>\n<p>Forfatter: lyl<\/p>","protected":false},"excerpt":{"rendered":"<p>Bucket Cylinder For Xinyuan Crawler Excavator XY60-8 Introduction A bucket cylinder is a specialized hydraulic cylinder designed for controlling the movement of the bucket in heavy machinery such as excavators, backhoe excavators, and front-end loaders. Its main function is to enable the bucket to lift, lower, and tilt to facilitate various material handling tasks. In [&hellip;]<\/p>","protected":false},"featured_media":14782,"comment_status":"open","ping_status":"closed","template":"","meta":{"_et_pb_use_builder":"","_et_pb_old_content":"","_et_gb_content_width":""},"product_brand":[],"product_cat":[1494],"product_tag":[1495,1496],"class_list":{"0":"post-15872","1":"product","2":"type-product","3":"status-publish","4":"has-post-thumbnail","6":"product_cat-bucket-cylinders","7":"product_tag-bucket-cylinders","8":"product_tag-hydraulic-cylinders","10":"first","11":"instock","12":"shipping-taxable","13":"product-type-simple"},"amp_enabled":true,"_links":{"self":[{"href":"https:\/\/www.hydraulic-cylinders.net\/da\/wp-json\/wp\/v2\/product\/15872","targetHints":{"allow":["GET"]}}],"collection":[{"href":"https:\/\/www.hydraulic-cylinders.net\/da\/wp-json\/wp\/v2\/product"}],"about":[{"href":"https:\/\/www.hydraulic-cylinders.net\/da\/wp-json\/wp\/v2\/types\/product"}],"replies":[{"embeddable":true,"href":"https:\/\/www.hydraulic-cylinders.net\/da\/wp-json\/wp\/v2\/comments?post=15872"}],"wp:featuredmedia":[{"embeddable":true,"href":"https:\/\/www.hydraulic-cylinders.net\/da\/wp-json\/wp\/v2\/media\/14782"}],"wp:attachment":[{"href":"https:\/\/www.hydraulic-cylinders.net\/da\/wp-json\/wp\/v2\/media?parent=15872"}],"wp:term":[{"taxonomy":"product_brand","embeddable":true,"href":"https:\/\/www.hydraulic-cylinders.net\/da\/wp-json\/wp\/v2\/product_brand?post=15872"},{"taxonomy":"product_cat","embeddable":true,"href":"https:\/\/www.hydraulic-cylinders.net\/da\/wp-json\/wp\/v2\/product_cat?post=15872"},{"taxonomy":"product_tag","embeddable":true,"href":"https:\/\/www.hydraulic-cylinders.net\/da\/wp-json\/wp\/v2\/product_tag?post=15872"}],"curies":[{"name":"wp","href":"https:\/\/api.w.org\/{rel}","templated":true}]}}