{"id":15874,"date":"2025-01-19T15:06:22","date_gmt":"2025-01-19T15:06:22","guid":{"rendered":"https:\/\/www.hydraulic-cylinders.net\/product\/bucket-cylinder-for-xinyuan-wheel-excavator-xy65w-7-8\/"},"modified":"2025-01-19T15:06:24","modified_gmt":"2025-01-19T15:06:24","slug":"bucket-cylinder-for-xinyuan-wheel-excavator-xy65w-7-8","status":"publish","type":"product","link":"https:\/\/www.hydraulic-cylinders.net\/da\/vare\/bucket-cylinder-for-xinyuan-wheel-excavator-xy65w-7-8\/","title":{"rendered":"Skovlcylinder til Xinyuan hjulgraver XY65W-7-8"},"content":{"rendered":"<h1>Skovlcylinder til Xinyuan hjulgraver XY65W-7-8<\/h1>\n<h2>Indledning<\/h2>\n<p>En skovlcylinder er en specialdesignet hydraulisk cylinder, der prim\u00e6rt bruges i tunge maskiner s\u00e5som gravemaskiner, rendegravere og frontl\u00e6ssere til at styre skovlens bev\u00e6gelse. Dens hovedfunktion er at give skovlen mulighed for at l\u00f8fte, s\u00e6nke og vippe, hvilket g\u00f8r det lettere at h\u00e5ndtere forskellige materialer. I hydrauliske systemer styrer skovlcylinderen skovlens pr\u00e6cise bev\u00e6gelse gennem \u00e6ndringer i hydraulikolietrykket, hvilket g\u00f8r det muligt for operat\u00f8rer effektivt at h\u00e5ndtere tunge l\u00e6s og tilpasse sig komplekse arbejdsmilj\u00f8er og forskellige jobkrav.<\/p>\n<p><img decoding=\"async\" src=\"https:\/\/www.hydraulic-cylinders.net\/wp-content\/uploads\/2025\/01\/songte-company-2.webp\" alt=\"Billede af spandcylinder\" \/><\/p>\n<h2>Produktfunktioner<\/h2>\n<ul>\n<li><strong>H\u00f8j styrke og holdbarhed:<\/strong> Skovlcylindre, der typisk er fremstillet af h\u00f8jstyrkest\u00e5l eller aluminium, kan modst\u00e5 h\u00f8je tryk og tunge belastninger og er designet med hensyntagen til slidstyrke og korrosionsbestandighed for at forl\u00e6nge deres levetid.<\/li>\n<li><strong>Effektiv hydraulisk drift:<\/strong> Skovlcylindre bruger hydraulisk olietryk til at opn\u00e5 j\u00e6vne ud- og tilbagetr\u00e6kningsbev\u00e6gelser, hvilket muligg\u00f8r hurtig reaktion p\u00e5 kontrolkommandoer, giver kraftige skubbe- og tr\u00e6kkr\u00e6fter og er velegnede til h\u00e5ndtering af tunge belastninger og komplekse arbejdsopgaver.<\/li>\n<li><strong>Forskellige typer:<\/strong> Skovlcylindre kan v\u00e6re enkeltvirkende (hydraulisk tryk anvendes kun i \u00e9n retning) eller dobbeltvirkende (hydraulisk tryk anvendes i begge retninger) og kan v\u00e6lges i henhold til specifikke driftskrav. Nogle modeller er teleskopiske, hvilket giver mulighed for st\u00f8rre udtr\u00e6k uden at \u00f8ge de udvendige dimensioner, og er velegnede til applikationer med begr\u00e6nset plads.<\/li>\n<li><strong>Udskift eksisterende hydrauliske cylindre:<\/strong> Vores produkt kan perfekt erstatte eksisterende hydrauliske cylindre.<\/li>\n<li><strong>F\u00e5s til forskellige gravemaskinemodeller:<\/strong> Vores produkt er kompatibelt med forskellige gravemaskinemodeller.<\/li>\n<\/ul>\n<p><img decoding=\"async\" src=\"https:\/\/www.hydraulic-cylinders.net\/wp-content\/uploads\/2025\/01\/songte-cylinder-head-with-all-kinds-excavator-models.webp\" alt=\"Billede af gravemaskinemodeller\" \/><\/p>\n<h2>Applikationer<\/h2>\n<h3>Entrepren\u00f8rudstyr<\/h3>\n<p>Skovlcylindre er afg\u00f8rende for gravemaskiner, der bruges til at grave, l\u00e6sse og flytte jord eller affald. I rendegravere hj\u00e6lper skovlcylindre med udgravning og l\u00f8ft. I frontl\u00e6ssere hj\u00e6lper de med at l\u00f8fte og t\u00f8mme gods effektivt.<\/p>\n<h3>Landbrugsmaskiner<\/h3>\n<p>Skovlcylindre bruges i frontl\u00e6ssere til at udgrave, l\u00f8fte og transportere jord, h\u00f8 og andre materialer. I gravemaskiner muligg\u00f8r skovlcylindre gravning ved at lade skovlen tr\u00e6nge ned i jorden.<\/p>\n<h2>Designovervejelser og udv\u00e6lgelseskriterier<\/h2>\n<ul>\n<li><strong>B\u00e6reevne:<\/strong> Den hydrauliske cylinder skal kunne modst\u00e5 forskellige belastninger og tryk.<\/li>\n<li><strong>Forsegling:<\/strong> Forskellige t\u00e6tningskomponenter s\u00e5som stempelt\u00e6tninger og stangt\u00e6tninger kan bruges til at \u00f8ge cylinderens levetid.<\/li>\n<li><strong>Holdbarhed:<\/strong> Den hydrauliske cylinder skal v\u00e6re konstrueret til at modst\u00e5 slid.<\/li>\n<li><strong>Sikkerhed:<\/strong> Den hydrauliske cylinder skal v\u00e6re konstrueret s\u00e5ledes, at den ikke udg\u00f8r nogen sikkerhedsrisiko.<\/li>\n<li><strong>Vedligeholdelsesevne:<\/strong> Den hydrauliske cylinder skal v\u00e6re nem at vedligeholde og reparere.<\/li>\n<\/ul>\n<p><img decoding=\"async\" src=\"https:\/\/www.hydraulic-cylinders.net\/wp-content\/uploads\/2025\/01\/songte-oil-pipes-and-spare-parts.webp\" alt=\"Billede af olier\u00f8r og reservedele\" \/><\/p>\n<h2>T\u00e6tning og sm\u00f8ring<\/h2>\n<p>Forskellige t\u00e6tningskomponenter, s\u00e5som stempelt\u00e6tninger og stangt\u00e6tninger, kan bruges til at \u00f8ge den hydrauliske cylinders levetid. T\u00e6tningerne kan v\u00e6re lavet af slidst\u00e6rke materialer s\u00e5som polyurethan og nitrilgummi. Derudover er cylinderhuset og gevindfladerne fint bearbejdet for at forbedre slidstyrken. Regelm\u00e6ssig tils\u00e6tning af den passende m\u00e6ngde hydraulikolie er n\u00f8dvendig for sm\u00f8ring.<\/p>\n<h2>Vedligeholdelse og reparation<\/h2>\n<p>Regelm\u00e6ssig inspektion, korrekt sm\u00f8ring, udskiftning af pakninger og kalibreringskontroller er almindelige vedligeholdelsesopgaver. Korrekt installation, sm\u00f8ring og justering er afg\u00f8rende for cylinderens levetid og ydeevne. Under installationen anbefales det at justere cylinderen korrekt og bruge passende monteringsbeslag til at fastg\u00f8re cylinderen. De anbefalede inspektions-, reparations- og udskiftningsprocedurer vil forl\u00e6nge cylinderens levetid.<\/p>\n<p><img decoding=\"async\" src=\"https:\/\/www.hydraulic-cylinders.net\/wp-content\/uploads\/2025\/01\/songte-chushion-collar.webp\" alt=\"Billede af pudekrave\" \/><\/p>\n<h2>Sikkerheds- og milj\u00f8hensyn<\/h2>\n<p>Ved brug af hydrauliske cylindre er sikkerhedsforanstaltninger af st\u00f8rste vigtighed. Korrekt brug og vedligeholdelse af hydrauliske cylindre kan reducere risikoen for ulykker, og milj\u00f8venlig hydraulikv\u00e6ske b\u00f8r anvendes for at reducere forurening.<\/p>\n<h2>Fejldiagnose og fejlfinding<\/h2>\n<p>Almindelige problemer, der kan opst\u00e5 med hydrauliske cylindre, omfatter oliel\u00e6kage, b\u00f8jning af cylinderstangen og utilstr\u00e6kkelig kraft. Disse problemer kan diagnosticeres og l\u00f8ses ved hj\u00e6lp af korrekte fejlfindingsteknikker og ved at f\u00f8lge anbefalede forebyggende foranstaltninger.<\/p>\n<p><img decoding=\"async\" src=\"https:\/\/www.hydraulic-cylinders.net\/wp-content\/uploads\/2025\/01\/songte-bushings-with-all-kinds-of-excavator-models.webp\" alt=\"B\u00f8sninger Billede\" \/><\/p>\n<h2>Om os<\/h2>\n<p>Vi er en producent, der producerer hydrauliske cylindre, og vi tilbyder en bred vifte af produkter til hydrauliske cylindre. Vores virksomhed er en af \u200b\u200bde f\u00f8rende producenter og grossister af hydrauliske cylindre p\u00e5 det indenlandske og internationale marked. Vi f\u00f8lger princippet om fremragende kvalitet og bruger industrialiserede produktionsstyringsstrategier i vores sofistikerede produktionsv\u00e6rksteder. Vi forbedrer l\u00f8bende vores produktionsplatform, perfektionerer vores produktionslinjer af h\u00f8j produktkvalitet og besidder st\u00e6rke kreative evner. Med principperne om h\u00f8j effektivitet, h\u00f8j pr\u00e6cision og h\u00f8j kvalitet er vi i stand til at im\u00f8dekomme vores kunders forskellige behov.<\/p>\n<ul>\n<li><strong>Professionalitet:<\/strong> Vi specialiserer os i fremstilling af hydrauliske cylindre.<\/li>\n<li><strong>International certificering:<\/strong> Vores produkter har opn\u00e5et internationale certificeringer som ISO9001, CE og TUV.<\/li>\n<li><strong>Tilpasningstjenester:<\/strong> Vi tilbyder skr\u00e6ddersyede tjenester for at im\u00f8dekomme specifikke kundebehov.<\/li>\n<li><strong>Avanceret produktionsudstyr:<\/strong> Vi r\u00e5der over avanceret produktionsudstyr, herunder CNC-maskiner og robotsvejsemaskiner.<\/li>\n<li><strong>Eftersalgsservice:<\/strong> Vi tilbyder fremragende eftersalgsservice for at sikre kundetilfredshed.<\/li>\n<\/ul>\n<p><img decoding=\"async\" src=\"https:\/\/hzpt.com\/wp-content\/uploads\/2024\/11\/songte-company-1.webp\" alt=\"Virksomhedens image\" \/><\/p>\n<p>Forfatter: lyl<\/p>","protected":false},"excerpt":{"rendered":"<p>Bucket Cylinder For Xinyuan Wheel Excavator XY65W-7-8 Introduction A bucket cylinder is a specially designed hydraulic cylinder used primarily in heavy machinery such as excavators, backhoes, and front loaders to control the movement of the bucket. Its main function is to allow the bucket to lift, lower, and tilt, making it easier to handle various [&hellip;]<\/p>","protected":false},"featured_media":14778,"comment_status":"open","ping_status":"closed","template":"","meta":{"_et_pb_use_builder":"","_et_pb_old_content":"","_et_gb_content_width":""},"product_brand":[],"product_cat":[1494],"product_tag":[1495,1496],"class_list":{"0":"post-15874","1":"product","2":"type-product","3":"status-publish","4":"has-post-thumbnail","6":"product_cat-bucket-cylinders","7":"product_tag-bucket-cylinders","8":"product_tag-hydraulic-cylinders","10":"first","11":"instock","12":"shipping-taxable","13":"product-type-simple"},"amp_enabled":true,"_links":{"self":[{"href":"https:\/\/www.hydraulic-cylinders.net\/da\/wp-json\/wp\/v2\/product\/15874","targetHints":{"allow":["GET"]}}],"collection":[{"href":"https:\/\/www.hydraulic-cylinders.net\/da\/wp-json\/wp\/v2\/product"}],"about":[{"href":"https:\/\/www.hydraulic-cylinders.net\/da\/wp-json\/wp\/v2\/types\/product"}],"replies":[{"embeddable":true,"href":"https:\/\/www.hydraulic-cylinders.net\/da\/wp-json\/wp\/v2\/comments?post=15874"}],"wp:featuredmedia":[{"embeddable":true,"href":"https:\/\/www.hydraulic-cylinders.net\/da\/wp-json\/wp\/v2\/media\/14778"}],"wp:attachment":[{"href":"https:\/\/www.hydraulic-cylinders.net\/da\/wp-json\/wp\/v2\/media?parent=15874"}],"wp:term":[{"taxonomy":"product_brand","embeddable":true,"href":"https:\/\/www.hydraulic-cylinders.net\/da\/wp-json\/wp\/v2\/product_brand?post=15874"},{"taxonomy":"product_cat","embeddable":true,"href":"https:\/\/www.hydraulic-cylinders.net\/da\/wp-json\/wp\/v2\/product_cat?post=15874"},{"taxonomy":"product_tag","embeddable":true,"href":"https:\/\/www.hydraulic-cylinders.net\/da\/wp-json\/wp\/v2\/product_tag?post=15874"}],"curies":[{"name":"wp","href":"https:\/\/api.w.org\/{rel}","templated":true}]}}