{"id":15879,"date":"2025-01-19T15:06:43","date_gmt":"2025-01-19T15:06:43","guid":{"rendered":"https:\/\/www.hydraulic-cylinders.net\/product\/bucket-cylinder-for-volwa-small-excavator-dls818-9b\/"},"modified":"2025-01-19T15:06:47","modified_gmt":"2025-01-19T15:06:47","slug":"bucket-cylinder-for-volwa-small-excavator-dls818-9b","status":"publish","type":"product","link":"https:\/\/www.hydraulic-cylinders.net\/da\/vare\/bucket-cylinder-for-volwa-small-excavator-dls818-9b\/","title":{"rendered":"Skovlcylinder til Volwa lille gravemaskine DLS818-9B"},"content":{"rendered":"<h1>Skovlcylinder til Volwa lille gravemaskine DLS818-9B<\/h1>\n<h2>Indledning<\/h2>\n<h3>Definition<\/h3>\n<p>En skovlcylinder er en specialdesignet hydraulisk cylinder, der prim\u00e6rt bruges til at styre bev\u00e6gelsen af \u200b\u200bskovle i tunge maskiner s\u00e5som gravemaskiner, rendegravere og frontl\u00e6ssere. Dens hovedfunktion er at g\u00f8re det muligt at l\u00f8fte, s\u00e6nke og vippe skovlen, hvilket g\u00f8r det nemt at h\u00e5ndtere en r\u00e6kke forskellige materialer. I det hydrauliske system bruger skovlcylindre tryk\u00e6ndringerne i hydraulikolien til at opn\u00e5 pr\u00e6cis kontrol over skovlen, hvilket g\u00f8r det muligt for operat\u00f8rer effektivt at h\u00e5ndtere tunge materialer og tilpasse sig komplekse arbejdsmilj\u00f8er og forskellige driftsbehov.<\/p>\n<p><img decoding=\"async\" src=\"https:\/\/www.hydraulic-cylinders.net\/wp-content\/uploads\/2025\/01\/songte-company-2.webp\"><\/p>\n<h2>Funktioner<\/h2>\n<ul>\n<li>H\u00f8j styrke og holdbarhed: De er normalt lavet af h\u00f8jstyrkest\u00e5l eller aluminium, og de kan modst\u00e5 h\u00f8jt tryk og tunge belastninger og tilpasse sig barske arbejdsmilj\u00f8er. Designet tager h\u00f8jde for slidstyrke og korrosionsbestandighed, hvilket forl\u00e6nger levetiden.<\/li>\n<li>Effektiv hydraulisk drift: Ved at bruge hydraulisk olietryk til at opn\u00e5 j\u00e6vn ekspansion og sammentr\u00e6kning kan den hurtigt reagere p\u00e5 kontrolkommandoer og give en st\u00e6rk skubbe- og tr\u00e6kkraft, der er velegnet til h\u00e5ndtering af tunge materialer og komplekse opgaver.<\/li>\n<li>Forskellige typer: Enkeltvirkende (hydraulisk i kun \u00e9n retning) eller dobbeltvirkende (hydraulisk i to retninger) cylindre kan v\u00e6lges efter behov for at opfylde forskellige driftskrav. Nogle modeller er teleskopiske, hvilket giver mulighed for st\u00f8rre udtr\u00e6k uden at \u00f8ge de ydre dimensioner og er velegnede til applikationer med begr\u00e6nset plads.<\/li>\n<li>Perfekt udskiftning: Vores produkter kan perfekt erstatte disse hydrauliske cylindre.<\/li>\n<\/ul>\n<p><img decoding=\"async\" src=\"https:\/\/www.hydraulic-cylinders.net\/wp-content\/uploads\/2025\/01\/songte-cylinder-head-with-all-kinds-excavator-models.webp\"><\/p>\n<h2>Applikationer<\/h2>\n<p><strong>Entrepren\u00f8rudstyr:<\/strong> I gravemaskiner er de afg\u00f8rende for at grave, l\u00e6sse og flytte jord eller affald. I rendegravere hj\u00e6lper skovlcylindre med b\u00e5de udgravning og l\u00f8ft. I frontl\u00e6ssere hj\u00e6lper de med l\u00f8ft og vipning for effektiv t\u00f8mning af gods.<\/p>\n<p><strong>Landbrugsmaskiner:<\/strong> Bruges i frontl\u00e6ssere til at opgrave, l\u00f8fte og transportere jord, h\u00f8 og andre materialer. I gravemaskiner opn\u00e5r skovlcylindre udgravning ved at lade skovlen tr\u00e6nge ned i jorden. I l\u00e6ssere hj\u00e6lper de med l\u00f8ft og vipning for effektiv t\u00f8mning af gods.<\/p>\n<p><img decoding=\"async\" src=\"https:\/\/www.hydraulic-cylinders.net\/wp-content\/uploads\/2025\/01\/songte-bushings-with-all-kinds-of-excavator-models.webp\"><\/p>\n<h2>Designovervejelser og udv\u00e6lgelseskriterier<\/h2>\n<ul>\n<li>B\u00e6reevne: Cylinderen skal kunne modst\u00e5 v\u00e6gten af \u200b\u200bdet materiale, der skal h\u00e5ndteres.<\/li>\n<li>T\u00e6tning: Forskellige t\u00e6tninger s\u00e5som stempelt\u00e6tninger og stangt\u00e6tninger b\u00f8r anvendes, og t\u00e6tningsmaterialer som polyurethan og nitrilgummi b\u00f8r v\u00e6lges for slidstyrke.<\/li>\n<li>Holdbarhed: Cylinderhuset og den gevindsk\u00e5rne endeflade b\u00f8r finbearbejdes for at forbedre slidstyrken.<\/li>\n<li>Sikkerhed: Cylinderen skal have sikkerhedsforanstaltninger for at forhindre ulykker for\u00e5rsaget af h\u00f8jt tryk eller andre faktorer.<\/li>\n<li>Vedligeholdelsesvenlighed: Cylinderen skal v\u00e6re nem at adskille og udskifte dele, og nem at vedligeholde og reparere.<\/li>\n<\/ul>\n<p><img decoding=\"async\" src=\"https:\/\/www.hydraulic-cylinders.net\/wp-content\/uploads\/2025\/01\/songte-oil-pipes-and-spare-parts.webp\"><\/p>\n<h2>T\u00e6tning og sm\u00f8ring<\/h2>\n<p>Forskellige t\u00e6tningselementer s\u00e5som stempelt\u00e6tninger og stangt\u00e6tninger anvendes i skovlcylindre. T\u00e6tningsmaterialer som polyurethan og nitrilgummi er udvalgt for slidstyrke. Cylinderhuset og gevindenden er fint forarbejdet for at forbedre slidstyrken. Regelm\u00e6ssig tils\u00e6tning af passende hydraulikolie er n\u00f8dvendig for at sm\u00f8re cylinderen.<\/p>\n<h2>Inspektion og forebyggende vedligeholdelse<\/h2>\n<p>F\u00f8lgende er tre almindelige vedligeholdelsesopgaver:<\/p>\n<ul>\n<li>Regelm\u00e6ssig inspektion: Kontroller regelm\u00e6ssigt cylinderen for l\u00e6kager, unormale lyde og andre problemer.<\/li>\n<li>Sm\u00f8ring: Sm\u00f8r cylinderen regelm\u00e6ssigt for at opretholde en problemfri drift.<\/li>\n<li>Udskiftning af pakning og kalibreringskontrol: Udskift slidte pakninger, og kontroller kalibreringen efter behov.<\/li>\n<\/ul>\n<p>Korrekt installation, sm\u00f8ring og justering er afg\u00f8rende. Under installationen skal du s\u00f8rge for korrekt vejledning i justering af cylinderen, og bruge passende monteringsbeslag til at fastg\u00f8re cylinderen. Der gives anbefalede inspektions-, reparations- og udskiftningsprocedurer samt tips til at forl\u00e6nge cylinderens levetid.<\/p>\n<p><img decoding=\"async\" src=\"https:\/\/www.hydraulic-cylinders.net\/wp-content\/uploads\/2025\/01\/songte-chushion-collar.webp\"><\/p>\n<h2>Sikkerhedshensyn og milj\u00f8faktorer<\/h2>\n<p>Ved brug af spandcylindre er sikkerhedsforanstaltninger afg\u00f8rende for at forhindre ulykker p\u00e5 grund af h\u00f8jt tryk eller andre faktorer. Det skal sikres, at milj\u00f8faktorer som temperatur og fugtighed ikke p\u00e5virker cylinderens ydeevne negativt.<\/p>\n<h2>Fejlfinding og almindelige problemer<\/h2>\n<p>F\u00f8lgende er nogle almindelige problemer og l\u00f8sninger:<\/p>\n<ul>\n<li>Ut\u00e6t olie: Kontroller for beskadigede pakninger eller beskadigede cylinderoverflader.<\/li>\n<li>St\u00f8jende drift: Kontroller for v\u00e6skeforurening eller skader p\u00e5 stempel\/stang.<\/li>\n<li>Langsom drift: Kontroller for beskadigede pakninger eller lavt hydraulisk tryk.<\/li>\n<\/ul>\n<p>Der b\u00f8r tr\u00e6ffes forebyggende foranstaltninger for at minimere potentielle problemer.<\/p>\n<h2>Om vores virksomhed<\/h2>\n<p>Vi er en producent af hydrauliske udskiftningscylindre med et komplet produktsortiment og er blevet en af \u200b\u200bde f\u00f8rende producenter og engrosdistribut\u00f8rer af hydrauliske cylindre p\u00e5 det indenlandske og internationale marked. Vi f\u00f8lger princippet om fremragende kvalitet, bruger strategier for industriel produktionsstyring med raffinerede produktionsv\u00e6rksteder og forbedrer l\u00f8bende v\u00e6rkstedets produktionsplatform, forbedrer produktets produktionskvalitet og har st\u00e6rke kreative evner. Vi im\u00f8dekommer kundernes forskellige behov med h\u00f8j effektivitet, h\u00f8j pr\u00e6cision og h\u00f8j kvalitet.<\/p>\n<p><img decoding=\"async\" src=\"https:\/\/hzpt.com\/wp-content\/uploads\/2024\/11\/songte-company-1.webp\"><\/p>\n<h3>Professionalitet<\/h3>\n<p>Vi har et professionelt team med stor erfaring inden for fremstilling af hydrauliske cylindre.<\/p>\n<h3>International certificering<\/h3>\n<p>Vores produkter har best\u00e5et internationale certificeringer som ISO9001, CE og TUV.<\/p>\n<h3>Tilpasningstjeneste<\/h3>\n<p>Vi tilbyder skr\u00e6ddersyede tjenester, der im\u00f8dekommer kundernes specifikke behov.<\/p>\n<h3>Produktionsudstyr<\/h3>\n<p>Vi bruger avanceret numerisk styringsudstyr og testsystemer for at sikre kvaliteten af \u200b\u200bvores produkter.<\/p>\n<h3>Eftersalgsservice<\/h3>\n<p>Vi tilbyder kunderne omfattende eftersalgsservice, herunder vedligeholdelse, reparation og udskiftning.<\/p>\n<p>Forfatter: lyl<\/p>","protected":false},"excerpt":{"rendered":"<p>Bucket Cylinder For Volwa Small Excavator DLS818-9B Introduction Definition A bucket cylinder is a specially designed hydraulic cylinder used primarily for controlling the movement of buckets in heavy machinery such as excavators, backhoe loaders, and front-end loaders. Its main function is to enable the bucket to be lifted, lowered, and tilted, making it easy to [&hellip;]<\/p>","protected":false},"featured_media":14765,"comment_status":"open","ping_status":"closed","template":"","meta":{"_et_pb_use_builder":"","_et_pb_old_content":"","_et_gb_content_width":""},"product_brand":[],"product_cat":[1494],"product_tag":[1495,1496],"class_list":{"0":"post-15879","1":"product","2":"type-product","3":"status-publish","4":"has-post-thumbnail","6":"product_cat-bucket-cylinders","7":"product_tag-bucket-cylinders","8":"product_tag-hydraulic-cylinders","10":"first","11":"instock","12":"shipping-taxable","13":"product-type-simple"},"amp_enabled":true,"_links":{"self":[{"href":"https:\/\/www.hydraulic-cylinders.net\/da\/wp-json\/wp\/v2\/product\/15879","targetHints":{"allow":["GET"]}}],"collection":[{"href":"https:\/\/www.hydraulic-cylinders.net\/da\/wp-json\/wp\/v2\/product"}],"about":[{"href":"https:\/\/www.hydraulic-cylinders.net\/da\/wp-json\/wp\/v2\/types\/product"}],"replies":[{"embeddable":true,"href":"https:\/\/www.hydraulic-cylinders.net\/da\/wp-json\/wp\/v2\/comments?post=15879"}],"wp:featuredmedia":[{"embeddable":true,"href":"https:\/\/www.hydraulic-cylinders.net\/da\/wp-json\/wp\/v2\/media\/14765"}],"wp:attachment":[{"href":"https:\/\/www.hydraulic-cylinders.net\/da\/wp-json\/wp\/v2\/media?parent=15879"}],"wp:term":[{"taxonomy":"product_brand","embeddable":true,"href":"https:\/\/www.hydraulic-cylinders.net\/da\/wp-json\/wp\/v2\/product_brand?post=15879"},{"taxonomy":"product_cat","embeddable":true,"href":"https:\/\/www.hydraulic-cylinders.net\/da\/wp-json\/wp\/v2\/product_cat?post=15879"},{"taxonomy":"product_tag","embeddable":true,"href":"https:\/\/www.hydraulic-cylinders.net\/da\/wp-json\/wp\/v2\/product_tag?post=15879"}],"curies":[{"name":"wp","href":"https:\/\/api.w.org\/{rel}","templated":true}]}}