{"id":15881,"date":"2025-01-19T15:06:53","date_gmt":"2025-01-19T15:06:53","guid":{"rendered":"https:\/\/www.hydraulic-cylinders.net\/product\/bucket-cylinder-for-volwa-small-excavator-dls860-10b\/"},"modified":"2025-01-19T15:06:55","modified_gmt":"2025-01-19T15:06:55","slug":"bucket-cylinder-for-volwa-small-excavator-dls860-10b","status":"publish","type":"product","link":"https:\/\/www.hydraulic-cylinders.net\/da\/vare\/bucket-cylinder-for-volwa-small-excavator-dls860-10b\/","title":{"rendered":"Skovlcylinder til Volwa lille gravemaskine DLS860-10B"},"content":{"rendered":"<h1>Skovlcylinder til Volwa lille gravemaskine DLS860-10B<\/h1>\n<h2>Indledning<\/h2>\n<p>Skovlcylinderen er en specialdesignet hydraulisk cylinder, der prim\u00e6rt bruges til at styre skovlens bev\u00e6gelse i tunge maskiner s\u00e5som gravemaskiner, rendegravere og frontl\u00e6ssere. Dens hovedfunktion er at g\u00f8re det muligt at l\u00f8fte, s\u00e6nke og vippe skovlen, hvilket g\u00f8r det lettere at h\u00e5ndtere forskellige materialeh\u00e5ndteringsopgaver. I det hydrauliske system opn\u00e5r skovlcylinderen pr\u00e6cis kontrol over skovlen ved at \u00e6ndre trykket i hydraulikolien, hvilket g\u00f8r det muligt for operat\u00f8rer effektivt at h\u00e5ndtere tunge genstande, tilpasse sig komplekse arbejdsmilj\u00f8er og forskellige driftsbehov.<\/p>\n<p><img decoding=\"async\" src=\"https:\/\/www.hydraulic-cylinders.net\/wp-content\/uploads\/2025\/01\/songte-company-2.webp\"><\/p>\n<h2>Funktioner<\/h2>\n<h3>H\u00f8j styrke og holdbarhed<\/h3>\n<p>Skovlcylinderen er normalt lavet af h\u00f8jstyrkest\u00e5l eller aluminium, der er i stand til at modst\u00e5 h\u00f8jt tryk og tunge belastninger, tilpasser sig barske arbejdsmilj\u00f8er og er designet med hensyntagen til slidstyrke og korrosionsbestandighed for at forl\u00e6nge dens levetid.<\/p>\n<h3>Effektiv hydraulisk drift<\/h3>\n<p>Skovlcylinderen udnytter trykket fra hydraulikolien til at opn\u00e5 j\u00e6vn ud- og indtr\u00e6kning, hvilket g\u00f8r den i stand til at reagere hurtigt p\u00e5 styrekommandoer, give kraftige skubbe- og tr\u00e6kkr\u00e6fter og v\u00e6re egnet til h\u00e5ndtering af tunge genstande og komplekse driftsopgaver.<\/p>\n<h3>Forskellige typer<\/h3>\n<p>Skovlcylinderen kan v\u00e6lges efter behov for enkeltvirkende (hydraulisk anvendt i kun \u00e9n retning) eller dobbeltvirkende (hydraulisk anvendt i to retninger) cylindre for at im\u00f8dekomme forskellige driftsbehov. Visse modeller er teleskopiske, hvilket giver mulighed for st\u00f8rre udtr\u00e6k uden at \u00f8ge de udvendige dimensioner og er velegnede til applikationer med begr\u00e6nset plads.<\/p>\n<h3>Perfekt erstatning<\/h3>\n<p>Vores produkt kan perfekt erstatte disse hydrauliske cylindre.<\/p>\n<p><img decoding=\"async\" src=\"https:\/\/www.hydraulic-cylinders.net\/wp-content\/uploads\/2025\/01\/songte-cylinder-head-with-all-kinds-excavator-models.webp\"><\/p>\n<h2>Applikationer<\/h2>\n<p>Skovlcylinderen har en bred vifte af anvendelser, herunder, men ikke begr\u00e6nset til:<\/p>\n<h3>Entrepren\u00f8rudstyr<\/h3>\n<p>I gravemaskiner er de afg\u00f8rende for at grave, l\u00e6sse og flytte jord eller affald. I rendegravere hj\u00e6lper skovlcylindre med b\u00e5de gravning og l\u00f8ft. <\/p>\n<h3>Landbrugsmaskiner<\/h3>\n<p>Bruges i frontl\u00e6ssere til at opgrave, l\u00f8fte og transportere jord, h\u00f8 og andre materialer. I gravemaskiner muligg\u00f8r skovlcylinderen gravning ved at lade skovlen tr\u00e6nge ned i jorden. I frontl\u00e6ssere hj\u00e6lper de med effektiv l\u00f8ftning og t\u00f8mning af gods.<\/p>\n<h3>Andre applikationer<\/h3>\n<p>Skovlcylindre kan ogs\u00e5 bruges i forskellige andre tunge maskiner, s\u00e5som minedrift, skovbrugsmaskiner og materialeh\u00e5ndteringsudstyr.<\/p>\n<h2>Designovervejelser og udv\u00e6lgelseskriterier<\/h2>\n<h3>B\u00e6reevne<\/h3>\n<p>Skovlcylinderen skal v\u00e6re konstrueret til at modst\u00e5 udstyrets maksimale driftsbelastningskapacitet. Brugen af \u200b\u200bh\u00f8jstyrkematerialer og pr\u00e6cise bearbejdningsprocesser kan \u00f8ge dens b\u00e6reevne.<\/p>\n<h3>Forsegling og holdbarhed<\/h3>\n<p>Skovlcylinderen skal v\u00e6re konstrueret til at opretholde et h\u00f8jt niveau af t\u00e6tningsevne og holdbarhed, selv under barske arbejdsforhold. Brugen af \u200b\u200bforskellige t\u00e6tningskomponenter, s\u00e5som stempelt\u00e6tninger og stangt\u00e6tninger lavet af slidst\u00e6rke materialer som polyurethan og nitrilgummi, kan \u00f8ge dens holdbarhed.<\/p>\n<h3>Sikkerhed og vedligeholdelse<\/h3>\n<p>Skovlcylinderen skal v\u00e6re konstrueret til at sikre sikker drift og nem vedligeholdelse. Brug af sikkerhedsventiler og regelm\u00e6ssig vedligeholdelse kan sikre sikker drift, mens brugen af \u200b\u200bmaterialer af h\u00f8j kvalitet og pr\u00e6cise bearbejdningsprocesser kan reducere vedligeholdelsesbehovet.<\/p>\n<p><img decoding=\"async\" src=\"https:\/\/www.hydraulic-cylinders.net\/wp-content\/uploads\/2025\/01\/songte-oil-pipes-and-spare-parts.webp\"><\/p>\n<h2>T\u00e6tning og sm\u00f8ring<\/h2>\n<p>Skovlcylinderen skal v\u00e6re konstrueret til at opretholde et h\u00f8jt niveau af t\u00e6tningsevne og sm\u00f8ring. Brugen af \u200b\u200bforskellige t\u00e6tningskomponenter, s\u00e5som stempelt\u00e6tninger og stangt\u00e6tninger lavet af slidst\u00e6rke materialer som polyurethan og nitrilgummi, kan forhindre l\u00e6kager og sikre korrekt sm\u00f8ring. Regelm\u00e6ssig vedligeholdelse og brug af passende hydraulikolie kan ogs\u00e5 bidrage til at opretholde korrekt sm\u00f8ring.<\/p>\n<h2>Vedligeholdelse og reparation<\/h2>\n<p>Regelm\u00e6ssig vedligeholdelse og reparation er afg\u00f8rende for at forl\u00e6nge skovlcylinderens levetid. Tre almindelige vedligeholdelsesopgaver omfatter:<\/p>\n<h3>Regelm\u00e6ssig inspektion<\/h3>\n<p>Regelm\u00e6ssig inspektion af skovlcylinderen kan hj\u00e6lpe med at opdage og forebygge potentielle problemer, f\u00f8r de bliver til st\u00f8rre problemer. Det anbefales at inspicere cylinderen og dens komponenter for slid og skader mindst \u00e9n gang om \u00e5ret.<\/p>\n<h3>Sm\u00f8ring<\/h3>\n<p>Korrekt sm\u00f8ring af skovlcylinderen kan medvirke til at reducere friktion og slid og dermed forl\u00e6nge dens levetid. Det anbefales at sm\u00f8re cylinderen og dens komponenter med hydraulikolie med j\u00e6vne mellemrum.<\/p>\n<h3>Udskiftning af pakning og kalibreringskontrol<\/h3>\n<p>Pakninger spiller en afg\u00f8rende rolle i at opretholde det hydrauliske systems integritet og forhindre l\u00e6kager. Det anbefales at udskifte pakninger mindst \u00e9n gang om \u00e5ret og kontrollere cylinderens kalibrering for at sikre korrekt drift.<\/p>\n<p>Korrekt installation, sm\u00f8ring og justering er afg\u00f8rende for sikker og effektiv drift af skovlcylinderen. Det anbefales at justere cylinderen korrekt under installationen og bruge passende monteringsbeslag til at fastg\u00f8re cylinderen. Regelm\u00e6ssig inspektion, reparation og udskiftning kan medvirke til at reducere nedetid og forl\u00e6nge skovlcylinderens levetid.<\/p>\n<p><img decoding=\"async\" src=\"https:\/\/www.hydraulic-cylinders.net\/wp-content\/uploads\/2025\/01\/songte-chushion-collar.webp\"><\/p>\n<h2>Sikkerheds- og milj\u00f8hensyn<\/h2>\n<p>N\u00e5r du bruger skovlcylinderen, er det vigtigt at f\u00f8lge alle sikkerhedsforanstaltninger og retningslinjer. Tilstr\u00e6kkelig tr\u00e6ning og sikkerhedsudstyr kan hj\u00e6lpe med at forhindre ulykker og skader. Korrekt bortskaffelse af brugt hydraulikolie og andre farlige materialer kan hj\u00e6lpe med at beskytte milj\u00f8et.<\/p>\n<h2>Fejlfinding og almindelige problemer<\/h2>\n<p>N\u00e5r skovlcylinderen ikke fungerer korrekt, kan det skyldes en r\u00e6kke faktorer, herunder beskadigede pakninger, slidte komponenter eller forkert installation. Fejlfinding kan hj\u00e6lpe med at identificere \u00e5rsagen til problemet og bestemme den passende l\u00f8sning. Almindelige problemer kan omfatte l\u00e6kager, manglende sm\u00f8ring og forkert justering.<\/p>\n<h2>Virksomhedsintroduktion<\/h2>\n<p>Vi er en producent af hydrauliske cylindre, der kan erstatte de originale. Vores virksomhed har en bred vifte af produkter og er blevet en af \u200b\u200bde f\u00f8rende producenter og grossister af hydrauliske cylindre p\u00e5 det indenlandske og internationale marked. Vi overholder princippet om fremragende kvalitet og bruger industrialiserede produktionsstyringsstrategier i fine produktionsv\u00e6rksteder. Vi forbedrer l\u00f8bende v\u00e6rkstedets produktionsplatform, forbedrer produktkvaliteten i produktionslinjen og har en st\u00e6rk kreativitet. Vi kan tilfredsstille kundernes forskellige behov med h\u00f8j effektivitet, h\u00f8j pr\u00e6cision og h\u00f8j kvalitet.<\/p>\n<p>Vores virksomhed tilbyder professionelle tjenester, international certificering, skr\u00e6ddersyede tjenester, avanceret produktionsudstyr og eftersalgsservice. Vores produkter har vundet tillid og st\u00f8tte fra kunder i b\u00e5de ind- og udland. Vi er dedikeret til at levere hydrauliske cylindre af h\u00f8j kvalitet, der kan opfylde vores kunders forskellige behov.<\/p>\n<p><img decoding=\"async\" src=\"https:\/\/hzpt.com\/wp-content\/uploads\/2024\/11\/songte-company-1.webp\"><\/p>\n<p>Forfatter: lyl<\/p>","protected":false},"excerpt":{"rendered":"<p>Bucket Cylinder For Volwa Small Excavator DLS860-10B Introduction The bucket cylinder is a specially designed hydraulic cylinder used mainly to control the movement of the bucket in heavy machinery such as excavators, backhoe loaders, and front-end loaders. Its main function is to enable the bucket to be lifted, lowered, and tilted, making it easier to [&hellip;]<\/p>","protected":false},"featured_media":14761,"comment_status":"open","ping_status":"closed","template":"","meta":{"_et_pb_use_builder":"","_et_pb_old_content":"","_et_gb_content_width":""},"product_brand":[],"product_cat":[1494],"product_tag":[1495,1496],"class_list":{"0":"post-15881","1":"product","2":"type-product","3":"status-publish","4":"has-post-thumbnail","6":"product_cat-bucket-cylinders","7":"product_tag-bucket-cylinders","8":"product_tag-hydraulic-cylinders","10":"first","11":"instock","12":"shipping-taxable","13":"product-type-simple"},"amp_enabled":true,"_links":{"self":[{"href":"https:\/\/www.hydraulic-cylinders.net\/da\/wp-json\/wp\/v2\/product\/15881","targetHints":{"allow":["GET"]}}],"collection":[{"href":"https:\/\/www.hydraulic-cylinders.net\/da\/wp-json\/wp\/v2\/product"}],"about":[{"href":"https:\/\/www.hydraulic-cylinders.net\/da\/wp-json\/wp\/v2\/types\/product"}],"replies":[{"embeddable":true,"href":"https:\/\/www.hydraulic-cylinders.net\/da\/wp-json\/wp\/v2\/comments?post=15881"}],"wp:featuredmedia":[{"embeddable":true,"href":"https:\/\/www.hydraulic-cylinders.net\/da\/wp-json\/wp\/v2\/media\/14761"}],"wp:attachment":[{"href":"https:\/\/www.hydraulic-cylinders.net\/da\/wp-json\/wp\/v2\/media?parent=15881"}],"wp:term":[{"taxonomy":"product_brand","embeddable":true,"href":"https:\/\/www.hydraulic-cylinders.net\/da\/wp-json\/wp\/v2\/product_brand?post=15881"},{"taxonomy":"product_cat","embeddable":true,"href":"https:\/\/www.hydraulic-cylinders.net\/da\/wp-json\/wp\/v2\/product_cat?post=15881"},{"taxonomy":"product_tag","embeddable":true,"href":"https:\/\/www.hydraulic-cylinders.net\/da\/wp-json\/wp\/v2\/product_tag?post=15881"}],"curies":[{"name":"wp","href":"https:\/\/api.w.org\/{rel}","templated":true}]}}