{"id":15883,"date":"2025-01-19T15:07:07","date_gmt":"2025-01-19T15:07:07","guid":{"rendered":"https:\/\/www.hydraulic-cylinders.net\/product\/bucket-cylinder-for-volwa-small-excavator-dls815-9\/"},"modified":"2025-01-19T15:07:09","modified_gmt":"2025-01-19T15:07:09","slug":"bucket-cylinder-for-volwa-small-excavator-dls815-9","status":"publish","type":"product","link":"https:\/\/www.hydraulic-cylinders.net\/da\/vare\/bucket-cylinder-for-volwa-small-excavator-dls815-9\/","title":{"rendered":"Skovlcylinder til Volwa lille gravemaskine DLS815-9"},"content":{"rendered":"<h1>Skovlcylinder til Volwa lille gravemaskine DLS815-9<\/h1>\n<h2>Indledning<\/h2>\n<h3>Definition af spandcylinder<\/h3>\n<p>En skovlcylinder er en specialdesignet hydraulisk cylinder, der bruges til at styre skovlens bev\u00e6gelse i tunge maskiner s\u00e5som gravemaskiner, rendegravere og frontl\u00e6ssere. Dens hovedfunktion er at g\u00f8re det muligt for skovlen at l\u00f8fte, s\u00e6nke og vippe, hvilket g\u00f8r det lettere at h\u00e5ndtere forskellige materialeh\u00e5ndteringsopgaver. I det hydrauliske system opn\u00e5r skovlcylinderen pr\u00e6cis kontrol over skovlen ved at variere trykket i hydraulikolien, hvilket g\u00f8r det muligt for f\u00f8reren at h\u00e5ndtere tunge l\u00e6s effektivt, tilpasse sig komplekse arbejdsmilj\u00f8er og forskellige driftskrav.<\/p>\n<p><img decoding=\"async\" src=\"https:\/\/www.hydraulic-cylinders.net\/wp-content\/uploads\/2025\/01\/songte-company-2.webp\"\/><\/p>\n<h3>Funktioner<\/h3>\n<ul>\n<li><strong>H\u00f8j styrke og holdbarhed:<\/strong> Den er typisk lavet af h\u00f8jstyrkest\u00e5l eller aluminium, kan modst\u00e5 h\u00f8jt tryk og tunge belastninger, tilpasse sig barske arbejdsmilj\u00f8er og er designet med slidstyrke og korrosionsbestandighed i tankerne for at forl\u00e6nge dens levetid.<\/li>\n<li><strong>Effektiv hydraulisk drift:<\/strong> Ved at udnytte trykket fra hydraulikolien til at opn\u00e5 j\u00e6vn ud- og indtr\u00e6kning, kan den reagere hurtigt p\u00e5 betjeningskommandoer, yde st\u00e6rke skubbe- og tr\u00e6kkr\u00e6fter og er velegnet til h\u00e5ndtering af tunge belastninger og komplekse driftsopgaver.<\/li>\n<li><strong>Forskellige typer:<\/strong> Enkeltvirkende (hydraulisk anvendt i kun \u00e9n retning) eller dobbeltvirkende (hydraulisk anvendt i begge retninger) cylindre kan v\u00e6lges efter behov for at opfylde forskellige driftskrav. Nogle modeller er teleskopiske, hvilket giver mulighed for st\u00f8rre udtr\u00e6k uden at \u00f8ge de udvendige dimensioner og er velegnede til applikationer med begr\u00e6nset plads.<\/li>\n<li><strong>Perfekt erstatning:<\/strong> Vores produkter kan perfekt erstatte disse hydrauliske cylindre.<\/li>\n<\/ul>\n<p><img decoding=\"async\" src=\"https:\/\/www.hydraulic-cylinders.net\/wp-content\/uploads\/2025\/01\/songte-cylinder-head-with-all-kinds-excavator-models.webp\"\/><\/p>\n<h2>Applikationer<\/h2>\n<p>Skovlcylindre anvendes i vid udstr\u00e6kning i forskellige maskiner, herunder:<\/p>\n<ul>\n<li><strong>Entrepren\u00f8rudstyr:<\/strong> I gravemaskiner er de afg\u00f8rende for at grave, l\u00e6sse og flytte jord eller affald. I rendegravere hj\u00e6lper skovlcylindre med b\u00e5de gravning og l\u00f8ft. <\/li>\n<li><strong>Landbrugsmaskiner:<\/strong> Skovlcylindre i gravemaskiner, der bruges i frontl\u00e6ssere til at udgrave, l\u00f8fte og transportere jord, h\u00f8 og andre materialer, muligg\u00f8r gravning ved at lade skovlen tr\u00e6nge ned i jorden. <\/li>\n<li><strong>L\u00e6ssere:<\/strong> I frontl\u00e6ssere hj\u00e6lper de med effektivt at l\u00f8fte og t\u00f8mme gods.<\/li>\n<\/ul>\n<h2>Designovervejelser og udv\u00e6lgelseskriterier<\/h2>\n<h3>Vigtige designovervejelser<\/h3>\n<ul>\n<li><strong>Belastningskapacitet:<\/strong> Cylinderen skal kunne modst\u00e5 de forventede belastninger i applikationen. <\/li>\n<li><strong>Forsegling:<\/strong> Cylinderen skal kunne opretholde trykket og forhindre l\u00e6kager. <\/li>\n<li><strong>Holdbarhed:<\/strong> Cylinderen skal kunne modst\u00e5 den forventede levetid og de milj\u00f8m\u00e6ssige forhold. <\/li>\n<li><strong>Sikkerhed:<\/strong> Cylinderen skal v\u00e6re konstrueret med sikkerhedsfunktioner, der forhindrer ulykker. <\/li>\n<li><strong>Vedligeholdelsesevne:<\/strong> Cylinderen skal v\u00e6re konstrueret til nem vedligeholdelse og reparation.<\/li>\n<\/ul>\n<p><img decoding=\"async\" src=\"https:\/\/www.hydraulic-cylinders.net\/wp-content\/uploads\/2025\/01\/songte-oil-pipes-and-spare-parts.webp\"\/><\/p>\n<h3>T\u00e6tning og sm\u00f8ring<\/h3>\n<p>Forskellige typer t\u00e6tningskomponenter, s\u00e5som stempelt\u00e6tninger og stangt\u00e6tninger, anvendes i skovlcylindre. Disse t\u00e6tninger er lavet af slidst\u00e6rke materialer som polyurethan og nitrilgummi, og cylinderhuset og gevindfladerne er fint forarbejdet for at forbedre slidstyrken. Det er ogs\u00e5 n\u00f8dvendigt regelm\u00e6ssigt at tils\u00e6tte passende m\u00e6ngder hydraulikolie til sm\u00f8ring.<\/p>\n<h3>Forebyggende vedligeholdelsesforanstaltninger<\/h3>\n<ul>\n<li><strong>Regelm\u00e6ssig inspektion:<\/strong> Kontroller regelm\u00e6ssigt cylinderen og det hydrauliske system for tegn p\u00e5 slid eller skader. <\/li>\n<li><strong>Korrekt sm\u00f8ring:<\/strong> S\u00f8rg for, at cylinderen og dens komponenter er korrekt smurt. <\/li>\n<li><strong>Udskiftning af pakning:<\/strong> Udskift slidte eller beskadigede pakninger omg\u00e5ende for at forhindre l\u00e6kager. <\/li>\n<li><strong>Kalibreringstjek:<\/strong> Kontroll\u00e9r cylinderens kalibrering for at sikre korrekt funktion. <\/li>\n<\/ul>\n<p><img decoding=\"async\" src=\"https:\/\/www.hydraulic-cylinders.net\/wp-content\/uploads\/2025\/01\/songte-chushion-collar.webp\"\/><\/p>\n<h2>Sikkerhedshensyn og milj\u00f8faktorer<\/h2>\n<p>Ved brug af skovlcylindre skal der f\u00f8lges passende sikkerhedsforanstaltninger for at forhindre ulykker. Derudover skal milj\u00f8faktorer tages i betragtning, og der skal tr\u00e6ffes passende foranstaltninger for at minimere milj\u00f8p\u00e5virkningen.<\/p>\n<h2>Fejlfinding og almindelige problemer<\/h2>\n<ul>\n<li><strong>Ut\u00e6thed:<\/strong> Kontroller pakningerne, og udskift dem om n\u00f8dvendigt.<\/li>\n<li><strong>Langsom drift:<\/strong> Kontroller hydraulikv\u00e6skeniveauet, og s\u00f8rg for, at systemet er korrekt smurt.<\/li>\n<li><strong>Unormal st\u00f8j:<\/strong> Kontroller for l\u00f8se eller beskadigede komponenter.<\/li>\n<\/ul>\n<p>Regelm\u00e6ssig vedligeholdelse og inspektion kan hj\u00e6lpe med at forhindre disse problemer.<\/p>\n<p><img decoding=\"async\" src=\"https:\/\/www.hydraulic-cylinders.net\/wp-content\/uploads\/2025\/01\/songte-bushings-with-all-kinds-of-excavator-models.webp\"\/><\/p>\n<h2>Om os<\/h2>\n<p>Vi er en producent af hydrauliske cylindre, der kan erstatte de originale. Vores virksomhed tilbyder et komplet produktsortiment og er blevet en af \u200b\u200bde f\u00f8rende producenter og engrosdistribut\u00f8rer af hydrauliske cylindre p\u00e5 det indenlandske og internationale marked. Vi overholder princippet om fremragende kvalitet, s\u00e6tter vores lid til den industrielle produktionsstyringsstrategi fra fine produktionsv\u00e6rksteder, forbedrer l\u00f8bende v\u00e6rkstedets produktionsplatform, forbedrer kvaliteten af \u200b\u200bprodukternes produktionslinje og har en st\u00e6rk kreativ evne. Vi g\u00f8r vores bedste for at im\u00f8dekomme kundernes forskellige behov med princippet om h\u00f8j effektivitet, h\u00f8j pr\u00e6cision og h\u00f8j kvalitet.<\/p>\n<ul>\n<li><strong>Professionalitet:<\/strong> Vi har et team af professionelle med stor erfaring og viden inden for hydrauliske cylindre. <\/li>\n<li><strong>International certificering:<\/strong> Vores produkter har best\u00e5et internationale certificeringer som ISO9001 og CE. <\/li>\n<li><strong>Tilpasningstjeneste:<\/strong> Vi kan tilbyde skr\u00e6ddersyede tjenester for at im\u00f8dekomme kundernes specifikke behov. <\/li>\n<li><strong>Produktionsudstyr:<\/strong> Vi har avanceret produktionsudstyr for at sikre kvaliteten af \u200b\u200bvores produkter. <\/li>\n<li><strong>Eftersalgsservice:<\/strong> Vi tilbyder fremragende eftersalgsservice for at sikre kundetilfredshed.<\/li>\n<\/ul>\n<p><img decoding=\"async\" src=\"https:\/\/hzpt.com\/wp-content\/uploads\/2024\/11\/songte-company-1.webp\"\/><\/p>\n<p><em>Forfatter: lyl<\/em><\/p>","protected":false},"excerpt":{"rendered":"<p>Bucket Cylinder For Volwa Small Excavator DLS815-9 Introduction Definition of Bucket Cylinder A bucket cylinder is a specially designed hydraulic cylinder used to control the movement of the bucket in heavy machinery such as excavators, backhoe loaders, and front loaders. Its main function is to enable the bucket to lift, lower and tilt, making it [&hellip;]<\/p>","protected":false},"featured_media":14788,"comment_status":"open","ping_status":"closed","template":"","meta":{"_et_pb_use_builder":"","_et_pb_old_content":"","_et_gb_content_width":""},"product_brand":[],"product_cat":[1494],"product_tag":[1495,1496],"class_list":{"0":"post-15883","1":"product","2":"type-product","3":"status-publish","4":"has-post-thumbnail","6":"product_cat-bucket-cylinders","7":"product_tag-bucket-cylinders","8":"product_tag-hydraulic-cylinders","10":"first","11":"instock","12":"shipping-taxable","13":"product-type-simple"},"amp_enabled":true,"_links":{"self":[{"href":"https:\/\/www.hydraulic-cylinders.net\/da\/wp-json\/wp\/v2\/product\/15883","targetHints":{"allow":["GET"]}}],"collection":[{"href":"https:\/\/www.hydraulic-cylinders.net\/da\/wp-json\/wp\/v2\/product"}],"about":[{"href":"https:\/\/www.hydraulic-cylinders.net\/da\/wp-json\/wp\/v2\/types\/product"}],"replies":[{"embeddable":true,"href":"https:\/\/www.hydraulic-cylinders.net\/da\/wp-json\/wp\/v2\/comments?post=15883"}],"wp:featuredmedia":[{"embeddable":true,"href":"https:\/\/www.hydraulic-cylinders.net\/da\/wp-json\/wp\/v2\/media\/14788"}],"wp:attachment":[{"href":"https:\/\/www.hydraulic-cylinders.net\/da\/wp-json\/wp\/v2\/media?parent=15883"}],"wp:term":[{"taxonomy":"product_brand","embeddable":true,"href":"https:\/\/www.hydraulic-cylinders.net\/da\/wp-json\/wp\/v2\/product_brand?post=15883"},{"taxonomy":"product_cat","embeddable":true,"href":"https:\/\/www.hydraulic-cylinders.net\/da\/wp-json\/wp\/v2\/product_cat?post=15883"},{"taxonomy":"product_tag","embeddable":true,"href":"https:\/\/www.hydraulic-cylinders.net\/da\/wp-json\/wp\/v2\/product_tag?post=15883"}],"curies":[{"name":"wp","href":"https:\/\/api.w.org\/{rel}","templated":true}]}}