{"id":15889,"date":"2025-01-19T15:07:32","date_gmt":"2025-01-19T15:07:32","guid":{"rendered":"https:\/\/www.hydraulic-cylinders.net\/product\/bucket-cylinder-for-volwa-middle-excavator-dls210-8b\/"},"modified":"2025-01-19T15:07:34","modified_gmt":"2025-01-19T15:07:34","slug":"bucket-cylinder-for-volwa-middle-excavator-dls210-8b","status":"publish","type":"product","link":"https:\/\/www.hydraulic-cylinders.net\/da\/vare\/bucket-cylinder-for-volwa-middle-excavator-dls210-8b\/","title":{"rendered":"Skovlcylinder til Volwa mellemgraver DLS210-8B"},"content":{"rendered":"<h1>Skovlcylinder til Volwa mellemgraver DLS210-8B<\/h1>\n<h2>Indledning<\/h2>\n<p>En skovlcylinder er en specielt designet hydraulisk cylinder, der prim\u00e6rt bruges til at styre skovlens bev\u00e6gelse i tunge maskiner s\u00e5som gravemaskiner, rendegravere og frontl\u00e6ssere. Dens hovedfunktion er at give skovlen mulighed for at l\u00f8fte, s\u00e6nke og vippe, hvilket g\u00f8r det lettere at h\u00e5ndtere forskellige materialeh\u00e5ndteringsopgaver. I det hydrauliske system opn\u00e5r skovlcylinderen pr\u00e6cis kontrol over skovlen ved hj\u00e6lp af tryk\u00e6ndringen i hydraulikolien, hvilket giver operat\u00f8rerne mulighed for effektivt at h\u00e5ndtere tunge genstande og tilpasse sig komplekse arbejdsmilj\u00f8er og forskellige driftskrav.<\/p>\n<p><img decoding=\"async\" src=\"https:\/\/www.hydraulic-cylinders.net\/wp-content\/uploads\/2025\/01\/songte-company-2.webp\"><\/p>\n<h2>Funktioner<\/h2>\n<ul>\n<li>H\u00f8j styrke og holdbarhed: Typisk lavet af h\u00f8jstyrkest\u00e5l eller aluminium, er den i stand til at modst\u00e5 h\u00f8jt tryk og tunge belastninger, tilpasser sig barske arbejdsmilj\u00f8er og er designet med slidstyrke og korrosionsbestandighed for at forl\u00e6nge levetiden.<\/li>\n<li>Effektiv hydraulisk drift: J\u00e6vn ekspansions- og sammentr\u00e6kningsbev\u00e6gelse opn\u00e5s ved at udnytte trykket fra hydraulikolien, som hurtigt kan reagere p\u00e5 styrekommandoer, give kraftig skubbe- og tr\u00e6kkraft og er velegnet til h\u00e5ndtering af tunge genstande og komplekse arbejdsopgaver.<\/li>\n<li>Forskellige typer: Enkeltvirkende (hydraulisk bruges kun i \u00e9n retning) eller dobbeltvirkende (hydraulisk bruges i begge retninger) cylindre kan v\u00e6lges efter behov for at im\u00f8dekomme forskellige driftsbehov. Nogle modeller er teleskopiske, hvilket giver mulighed for st\u00f8rre udtr\u00e6k uden at \u00f8ge de udvendige dimensioner, velegnede til pladsbegr\u00e6nsede applikationer.<\/li>\n<li>Udskiftelig: Vores produkter kan perfekt erstatte disse hydrauliske cylindre.<\/li>\n<\/ul>\n<p><img decoding=\"async\" src=\"https:\/\/www.hydraulic-cylinders.net\/wp-content\/uploads\/2025\/01\/songte-cylinder-head-with-all-kinds-excavator-models.webp\"><\/p>\n<h2>Applikationer<\/h2>\n<p>Skovlcylindre er essentielle til forskellige tunge maskiner, herunder:<\/p>\n<ul>\n<li>Entrepren\u00f8rudstyr: I gravemaskiner er de afg\u00f8rende for at grave, l\u00e6sse og flytte jord eller affald. I rendegravere hj\u00e6lper skovlcylinderen med gravning og l\u00f8ft.<\/li>\n<li>Landbrugsmaskiner: Bruges til frontl\u00e6ssere, opgravning, l\u00f8ft og transport af jord, h\u00f8 og andre materialer. <\/li>\n<li>Gravemaskiner: Skovlcylinderen udf\u00f8rer gravefunktionen ved at lade skovlen tr\u00e6nge ned i jorden.<\/li>\n<li>L\u00e6ssere: De hj\u00e6lper med effektivt at l\u00f8fte og vippe gods i frontl\u00e6ssere.<\/li>\n<\/ul>\n<h2>Designovervejelser og udv\u00e6lgelseskriterier<\/h2>\n<p>Ud fra designhensyn som b\u00e6reevne, t\u00e6tning, holdbarhed, sikkerhed og vedligeholdelsesvenlighed er skovlcylindre designet med kvalitet i tankerne. Nedenfor er nogle vigtige designhensyn:<\/p>\n<ul>\n<li>B\u00e6reevne: Kapacitet til at modst\u00e5 h\u00f8jt tryk og tunge belastninger.<\/li>\n<li>T\u00e6tning: Forskellige anvendte t\u00e6tninger, s\u00e5som stempelt\u00e6tninger og stangt\u00e6tninger, er lavet af slidst\u00e6rke materialer som polyurethan og nitrilgummi, og cylinderhuset og gevindfladerne er fint forarbejdet for at forbedre slidstyrken. <\/li>\n<li>Holdbarhed: Skovlcylinderen er designet med slidstyrke og en korrosionsbestandig bel\u00e6gning for at forl\u00e6nge levetiden.<\/li>\n<li>Sikkerhed: Sikkerhedsfunktioner s\u00e5som trykaflastningsventiler er tilf\u00f8jet for at forhindre overbelastning, og cylinderen er designet til at forhindre pludselige fald.<\/li>\n<li>Vedligeholdelse: Cylinderen er designet til nem at kunne skilles ad og samles igen, og regelm\u00e6ssig vedligeholdelse er n\u00f8dvendig for at sikre lang levetid.<\/li>\n<\/ul>\n<p><img decoding=\"async\" src=\"https:\/\/www.hydraulic-cylinders.net\/wp-content\/uploads\/2025\/01\/songte-oil-pipes-and-spare-parts.webp\"><\/p>\n<h2>T\u00e6tning og sm\u00f8ring<\/h2>\n<p>I skovlcylindre anvendes forskellige t\u00e6tningselementer, s\u00e5som stempelt\u00e6tninger og stangt\u00e6tninger lavet af slidst\u00e6rke materialer som polyurethan og nitrilgummi. Cylinderhuset og gevindfladerne er fint forarbejdet for at forbedre slidstyrken. Korrekt sm\u00f8ring er p\u00e5kr\u00e6vet, og regelm\u00e6ssige olieskift er n\u00f8dvendige for at opretholde optimal ydeevne og forl\u00e6nge levetiden.<\/p>\n<h2>Inspektion og forebyggende vedligeholdelsesforanstaltninger<\/h2>\n<p>Regelm\u00e6ssig inspektion og forebyggende vedligeholdelse er n\u00f8dvendige for at sikre optimal ydeevne og forl\u00e6nge levetiden. Nedenfor er nogle vedligeholdelsesopgaver:<\/p>\n<ul>\n<li>Regelm\u00e6ssig inspektion: Inspicer cylinderen for tegn p\u00e5 slid eller skader.<\/li>\n<li>Korrekt sm\u00f8ring: Sm\u00f8r cylinderen i henhold til producentens anbefalinger.<\/li>\n<li>Udskiftning af pakninger: Udskift straks slidte eller beskadigede pakninger.<\/li>\n<li>Kalibreringskontrol: Regelm\u00e6ssige kalibreringskontroller sikrer, at cylinderen fungerer korrekt.<\/li>\n<li>Korrekt installation: Korrekt installation er afg\u00f8rende for optimal ydeevne. Juster cylinderen korrekt, og brug passende installationsbeslag til at fastg\u00f8re cylinderen.<\/li>\n<\/ul>\n<p><img decoding=\"async\" src=\"https:\/\/www.hydraulic-cylinders.net\/wp-content\/uploads\/2025\/01\/songte-chushion-collar.webp\"><\/p>\n<h2>Sikkerhedshensyn og milj\u00f8faktorer<\/h2>\n<p>Skovlcylindre er designet med sikkerhed i tankerne, og der skal tr\u00e6ffes passende sikkerhedsforanstaltninger, n\u00e5r de bruges. Milj\u00f8faktorer som temperatur og fugt kan p\u00e5virke cylindrenes ydeevne, hvilket f\u00f8rer til reduceret effektivitet og for tidligt slid.<\/p>\n<h2>Fejlfinding og almindelige problemer<\/h2>\n<p>Almindelige problemer med skovlcylindre omfatter l\u00e6kage, langsom drift og driftsvanskeligheder. Korrekt installation, regelm\u00e6ssig inspektion og vedligeholdelse kan minimere disse problemer.<\/p>\n<h2>Virksomhedsoplysninger<\/h2>\n<p>Vi er en producent af hydrauliske cylindre, der specialiserer sig i udskiftning af hydrauliske cylindre. Vi har et komplet produktsortiment og er blevet en af \u200b\u200bde f\u00f8rende producenter og grossister af hydrauliske cylindre p\u00e5 det indenlandske og internationale marked. Vi f\u00f8lger princippet om fremragende kvalitet og er afh\u00e6ngige af den industrialiserede produktionsstyringsstrategi fra fine produktionsv\u00e6rksteder. Vi forbedrer l\u00f8bende vores produktionsplatform, forbedrer produktkvaliteten af \u200b\u200bproduktionslinjerne og har st\u00e6rke innovationskapaciteter til at im\u00f8dekomme forskellige kundebehov med h\u00f8j effektivitet, h\u00f8j pr\u00e6cision og h\u00f8j kvalitet.<\/p>\n<p><img decoding=\"async\" src=\"https:\/\/hzpt.com\/wp-content\/uploads\/2024\/11\/songte-company-1.webp\"><\/p>\n<p>Vi er stolte af vores professionalisme, internationale certificering, skr\u00e6ddersyede tjenester, produktionsudstyr og eftersalgsservice.<\/p>\n<p>Forfatter: lyl<\/p>","protected":false},"excerpt":{"rendered":"<p>Bucket Cylinder For Volwa Middle Excavator DLS210-8B Introduction A bucket cylinder is a specifically designed hydraulic cylinder that is mainly used to control the movement of the shovel in heavy machinery such as excavators, backhoe excavators, and front-end loaders. Its main function is to allow the shovel to lift, lower, and tilt, making it easier [&hellip;]<\/p>","protected":false},"featured_media":14778,"comment_status":"open","ping_status":"closed","template":"","meta":{"_et_pb_use_builder":"","_et_pb_old_content":"","_et_gb_content_width":""},"product_brand":[],"product_cat":[1494],"product_tag":[1495,1496],"class_list":{"0":"post-15889","1":"product","2":"type-product","3":"status-publish","4":"has-post-thumbnail","6":"product_cat-bucket-cylinders","7":"product_tag-bucket-cylinders","8":"product_tag-hydraulic-cylinders","10":"first","11":"instock","12":"shipping-taxable","13":"product-type-simple"},"amp_enabled":true,"_links":{"self":[{"href":"https:\/\/www.hydraulic-cylinders.net\/da\/wp-json\/wp\/v2\/product\/15889","targetHints":{"allow":["GET"]}}],"collection":[{"href":"https:\/\/www.hydraulic-cylinders.net\/da\/wp-json\/wp\/v2\/product"}],"about":[{"href":"https:\/\/www.hydraulic-cylinders.net\/da\/wp-json\/wp\/v2\/types\/product"}],"replies":[{"embeddable":true,"href":"https:\/\/www.hydraulic-cylinders.net\/da\/wp-json\/wp\/v2\/comments?post=15889"}],"wp:featuredmedia":[{"embeddable":true,"href":"https:\/\/www.hydraulic-cylinders.net\/da\/wp-json\/wp\/v2\/media\/14778"}],"wp:attachment":[{"href":"https:\/\/www.hydraulic-cylinders.net\/da\/wp-json\/wp\/v2\/media?parent=15889"}],"wp:term":[{"taxonomy":"product_brand","embeddable":true,"href":"https:\/\/www.hydraulic-cylinders.net\/da\/wp-json\/wp\/v2\/product_brand?post=15889"},{"taxonomy":"product_cat","embeddable":true,"href":"https:\/\/www.hydraulic-cylinders.net\/da\/wp-json\/wp\/v2\/product_cat?post=15889"},{"taxonomy":"product_tag","embeddable":true,"href":"https:\/\/www.hydraulic-cylinders.net\/da\/wp-json\/wp\/v2\/product_tag?post=15889"}],"curies":[{"name":"wp","href":"https:\/\/api.w.org\/{rel}","templated":true}]}}