{"id":15890,"date":"2025-01-19T15:07:36","date_gmt":"2025-01-19T15:07:36","guid":{"rendered":"https:\/\/www.hydraulic-cylinders.net\/product\/bucket-cylinder-for-volwa-middle-excavator-dls230-8h\/"},"modified":"2025-01-19T15:07:38","modified_gmt":"2025-01-19T15:07:38","slug":"bucket-cylinder-for-volwa-middle-excavator-dls230-8h","status":"publish","type":"product","link":"https:\/\/www.hydraulic-cylinders.net\/da\/vare\/bucket-cylinder-for-volwa-middle-excavator-dls230-8h\/","title":{"rendered":"Skovlcylinder til Volwa mellemgraver DLS230-8H"},"content":{"rendered":"<p><!DOCTYPE html><br \/>\n<html><br \/>\n<head><br \/>\n<title>Skovlcylinder til Volwa mellemgraver DLS230-8H<\/title><br \/>\n<\/head><br \/>\n<body><\/p>\n<h1>Skovlcylinder til Volwa mellemgraver DLS230-8H<\/h1>\n<p>En skovlcylinder er en specialdesignet hydraulisk cylinder, der bruges til at styre skovlens bev\u00e6gelse i tunge maskiner s\u00e5som gravemaskiner, rendegravere og hjull\u00e6ssere. Dens hovedfunktion er at muligg\u00f8re l\u00f8ft, s\u00e6nkning og vipning af skovlen, hvilket g\u00f8r den velegnet til forskellige materialeh\u00e5ndteringsopgaver. I det hydrauliske system opn\u00e5r skovlcylinderen pr\u00e6cis kontrol over skovlen ved at udnytte tryk\u00e6ndringerne i hydraulikolien, hvilket giver operat\u00f8rer mulighed for effektivt at h\u00e5ndtere tunge belastninger og tilpasse sig komplekse arbejdsmilj\u00f8er og forskellige jobkrav.<\/p>\n<p><img decoding=\"async\" src=\"https:\/\/www.hydraulic-cylinders.net\/wp-content\/uploads\/2025\/01\/songte-company-2.webp\" alt=\"Billede af spandcylinder\"><\/p>\n<h2>Funktioner ved spandcylinder<\/h2>\n<ul>\n<li>H\u00f8j styrke og holdbarhed: Typisk fremstillet af h\u00f8jstyrkest\u00e5l eller aluminium, i stand til at modst\u00e5 h\u00f8jt tryk og tunge belastninger, egnet til barske arbejdsmilj\u00f8er. Designet med hensyntagen til slidstyrke og korrosionsbestandighed, hvilket forl\u00e6nger levetiden.<\/li>\n<li>Effektiv hydraulisk drift: Udnyttelse af hydraulikoliens tryk til at opn\u00e5 j\u00e6vne ud- og tilbagetr\u00e6kningsbev\u00e6gelser, i stand til hurtigt at reagere p\u00e5 kontrolkommandoer, hvilket giver kraftige skubbe- og tr\u00e6kkr\u00e6fter, velegnet til h\u00e5ndtering af tunge belastninger og komplekse arbejdsopgaver.<\/li>\n<li>Forskellige typer: F\u00e5s som enkeltvirkende (hydraulisk kun anvendt i \u00e9n retning) eller dobbeltvirkende (hydraulisk anvendt i begge retninger) cylindre baseret p\u00e5 behov, hvilket giver mulighed for forskellige driftskrav. Nogle modeller er teleskopiske, hvilket muligg\u00f8r st\u00f8rre udtr\u00e6k uden at \u00f8ge de udvendige dimensioner, velegnede til applikationer med begr\u00e6nset plads.<\/li>\n<li>Perfekt udskiftning: Vores produkter kan perfekt erstatte disse hydrauliske cylindre og give p\u00e5lidelig ydeevne og kompatibilitet.<\/li>\n<\/ul>\n<p><img decoding=\"async\" src=\"https:\/\/www.hydraulic-cylinders.net\/wp-content\/uploads\/2025\/01\/songte-cylinder-head-with-all-kinds-excavator-models.webp\" alt=\"Billede af udskiftning af spandcylinder\"><\/p>\n<h2>Anvendelser af spandcylinder<\/h2>\n<h3>Entrepren\u00f8rudstyr:<\/h3>\n<p>I gravemaskiner er de afg\u00f8rende for udgravning, l\u00e6sning og flytning af jord eller affald. I rendegravere hj\u00e6lper skovlcylinderen med b\u00e5de gravning og l\u00f8ft.<\/p>\n<h3>Landbrugsmaskiner:<\/h3>\n<p>Anvendes i frontl\u00e6ssere til at opgrave, l\u00f8fte og transportere jord, h\u00f8 og andre materialer.<\/p>\n<h3>Gravemaskiner:<\/h3>\n<p>Skovlcylinderen muligg\u00f8r gravefunktionen ved at lade skovlen tr\u00e6nge ned i jorden.<\/p>\n<h3>Hjull\u00e6ssere:<\/h3>\n<p>I hjull\u00e6ssere hj\u00e6lper de effektivt med at l\u00f8fte og t\u00f8mme gods.<\/p>\n<p><img decoding=\"async\" src=\"https:\/\/www.hydraulic-cylinders.net\/wp-content\/uploads\/2025\/01\/songte-oil-pipes-and-spare-parts.webp\" alt=\"Billede af anvendelser af skovlcylinder\"><\/p>\n<h2>Designovervejelser og udv\u00e6lgelseskriterier<\/h2>\n<ul>\n<li>B\u00e6reevne: Diskuter cylinderens evne til at modst\u00e5 belastninger.<\/li>\n<li>T\u00e6tning: Forklar vigtigheden af \u200b\u200bt\u00e6tninger for at forhindre l\u00e6kager og sikre effektiv drift.<\/li>\n<li>Holdbarhed: Diskuter designovervejelserne for langvarig ydeevne.<\/li>\n<li>Sikkerhed: Fremh\u00e6v sikkerhedsfunktioner og -overvejelser i forbindelse med cylinderens design.<\/li>\n<li>Vedligeholdelsesvenlighed: Diskuter, hvor let cylinderen er at vedligeholde og reparere.<\/li>\n<\/ul>\n<p><img decoding=\"async\" src=\"https:\/\/www.hydraulic-cylinders.net\/wp-content\/uploads\/2025\/01\/songte-bushings-with-all-kinds-of-excavator-models.webp\" alt=\"Billede af design af spandcylinder\"><\/p>\n<h2>T\u00e6tning og sm\u00f8ring<\/h2>\n<p>I skovlcylinderen anvendes forskellige t\u00e6tningselementer s\u00e5som stempelt\u00e6tninger, stangt\u00e6tninger osv. Disse t\u00e6tninger er lavet af slidst\u00e6rke materialer s\u00e5som polyurethan og nitrilgummi. Cylinderhuset og gevindenderne er fint behandlet for at forbedre slidstyrken. Regelm\u00e6ssig sm\u00f8ring med den passende m\u00e6ngde hydraulikolie er n\u00f8dvendig for at sikre problemfri drift.<\/p>\n<h2>Regelm\u00e6ssig inspektion og forebyggende vedligeholdelsesforanstaltninger<\/h2>\n<p>1. Unders\u00f8g regelm\u00e6ssigt alle komponenter for tegn p\u00e5 slid og skader.<\/p>\n<p>2. Sm\u00f8r alle bev\u00e6gelige dele ordentligt for at sikre problemfri drift.<\/p>\n<p>3. Kontroller og udskift pakninger om n\u00f8dvendigt for at forhindre l\u00e6kager.<\/p>\n<p><img decoding=\"async\" src=\"https:\/\/www.hydraulic-cylinders.net\/wp-content\/uploads\/2025\/01\/songte-chushion-collar.webp\" alt=\"Billede af vedligeholdelse af spandcylinder\"><\/p>\n<h2>Korrekt installationsvejledning<\/h2>\n<p>1. Just\u00e9r cylinderen korrekt under installationen.<\/p>\n<p>2. Brug passende monteringsbeslag til at fastg\u00f8re cylinderen.<\/p>\n<p>3. F\u00f8lg de anbefalede procedurer for inspektion, reparation og udskiftning.<\/p>\n<p>4. Giv tips til at forl\u00e6nge cylinderens levetid, s\u00e5som regelm\u00e6ssig vedligeholdelse og korrekt brug.<\/p>\n<h2>Sikkerhedshensyn og milj\u00f8faktorer<\/h2>\n<p>Diskuter vigtigheden af \u200b\u200bsikkerhedsforanstaltninger ved brug af skovlcylinderen, og overvej milj\u00f8faktorer, der kan p\u00e5virke dens ydeevne.<\/p>\n<h2>Fejldiagnose og almindelige problemer<\/h2>\n<p>1. Diskuter almindelige fejl og giv tips til fejlfinding.<\/p>\n<p>2. Tilbyd l\u00f8sninger til effektivt at diagnosticere og l\u00f8se problemer.<\/p>\n<p>3. Pr\u00e6senter forebyggende foranstaltninger for at minimere potentielle problemer.<\/p>\n<p><img decoding=\"async\" src=\"https:\/\/www.hydraulic-cylinders.net\/wp-content\/uploads\/2025\/01\/songte-company-1.webp\" alt=\"Billede af fejl i skovlcylinder\"><\/p>\n<h2>Konklusion<\/h2>\n<p>Opsummer de vigtigste punkter, der diskuteres i artiklen.<\/p>\n<p>Til sidst, introducer vores virksomhed:<\/p>\n<p><img decoding=\"async\" src=\"https:\/\/www.hydraulic-cylinders.net\/wp-content\/uploads\/2025\/01\/songte-company-3.webp\" alt=\"Virksomhedens image\"><\/p>\n<p>Vi er en f\u00f8rende producent og engrosdistribut\u00f8r af hydrauliske cylindre p\u00e5 det indenlandske og internationale marked. Vi prioriterer fremragende kvalitet og bruger industrialiserede produktionsstyringsstrategier i vores avancerede produktionsv\u00e6rksteder. Vores virksomhed forbedrer l\u00f8bende produktionsplatformen, perfektionerer produktionsruten for produktkvalitet og har st\u00e6rke innovative evner. Vi prioriterer effektivitet, pr\u00e6cision og h\u00f8j kvalitet for at im\u00f8dekomme forskellige kunders behov.<\/p>\n<p>Yderligere udbygge virksomhedens professionalisme, internationale certificeringer, kundeservice, produktionsudstyr og eftersalgsservice.<\/p>\n<p>Forfatter: lyl<\/p>\n<p><\/body><br \/>\n<\/html><\/p>","protected":false},"excerpt":{"rendered":"<p>Bucket Cylinder For Volwa Middle Excavator DLS230-8H Bucket Cylinder For Volwa Middle Excavator DLS230-8H Bucket Cylinder is a specially designed hydraulic cylinder used to control the movement of the bucket in heavy machinery such as excavators, backhoe loaders, and wheel loaders. Its main function is to enable the lifting, lowering, and tilting of the bucket, [&hellip;]<\/p>","protected":false},"featured_media":14776,"comment_status":"open","ping_status":"closed","template":"","meta":{"_et_pb_use_builder":"","_et_pb_old_content":"","_et_gb_content_width":""},"product_brand":[],"product_cat":[1494],"product_tag":[1495,1496],"class_list":{"0":"post-15890","1":"product","2":"type-product","3":"status-publish","4":"has-post-thumbnail","6":"product_cat-bucket-cylinders","7":"product_tag-bucket-cylinders","8":"product_tag-hydraulic-cylinders","10":"first","11":"instock","12":"shipping-taxable","13":"product-type-simple"},"amp_enabled":true,"_links":{"self":[{"href":"https:\/\/www.hydraulic-cylinders.net\/da\/wp-json\/wp\/v2\/product\/15890","targetHints":{"allow":["GET"]}}],"collection":[{"href":"https:\/\/www.hydraulic-cylinders.net\/da\/wp-json\/wp\/v2\/product"}],"about":[{"href":"https:\/\/www.hydraulic-cylinders.net\/da\/wp-json\/wp\/v2\/types\/product"}],"replies":[{"embeddable":true,"href":"https:\/\/www.hydraulic-cylinders.net\/da\/wp-json\/wp\/v2\/comments?post=15890"}],"wp:featuredmedia":[{"embeddable":true,"href":"https:\/\/www.hydraulic-cylinders.net\/da\/wp-json\/wp\/v2\/media\/14776"}],"wp:attachment":[{"href":"https:\/\/www.hydraulic-cylinders.net\/da\/wp-json\/wp\/v2\/media?parent=15890"}],"wp:term":[{"taxonomy":"product_brand","embeddable":true,"href":"https:\/\/www.hydraulic-cylinders.net\/da\/wp-json\/wp\/v2\/product_brand?post=15890"},{"taxonomy":"product_cat","embeddable":true,"href":"https:\/\/www.hydraulic-cylinders.net\/da\/wp-json\/wp\/v2\/product_cat?post=15890"},{"taxonomy":"product_tag","embeddable":true,"href":"https:\/\/www.hydraulic-cylinders.net\/da\/wp-json\/wp\/v2\/product_tag?post=15890"}],"curies":[{"name":"wp","href":"https:\/\/api.w.org\/{rel}","templated":true}]}}