{"id":15893,"date":"2025-01-19T15:07:50","date_gmt":"2025-01-19T15:07:50","guid":{"rendered":"https:\/\/www.hydraulic-cylinders.net\/product\/bucket-cylinder-for-volwa-large-excavator-dls360-8b\/"},"modified":"2025-01-19T15:07:52","modified_gmt":"2025-01-19T15:07:52","slug":"bucket-cylinder-for-volwa-large-excavator-dls360-8b","status":"publish","type":"product","link":"https:\/\/www.hydraulic-cylinders.net\/da\/vare\/bucket-cylinder-for-volwa-large-excavator-dls360-8b\/","title":{"rendered":"Skovlcylinder til Volwa stor gravemaskine DLS360-8B"},"content":{"rendered":"<h1>Skovlcylinder til Volwa stor gravemaskine DLS360-8B<\/h1>\n<h2>Indledning<\/h2>\n<p>Skovlcylinderen til den store Volwa gravemaskine DLS360-8B er en specialdesignet hydraulisk cylinder, der bruges til at styre skovlens bev\u00e6gelse i tunge maskiner s\u00e5som gravemaskiner, rendegravere og frontl\u00e6ssere. Dens hovedfunktion er at g\u00f8re det muligt for skovlen at l\u00f8fte, s\u00e6nke og vippe, hvilket g\u00f8r det lettere at udf\u00f8re forskellige materialeh\u00e5ndteringsopgaver. I det hydrauliske system opn\u00e5r skovlcylinderen pr\u00e6cis kontrol over skovlen ved at udnytte tryk\u00e6ndringerne i hydraulikolien, hvilket giver operat\u00f8rerne mulighed for at h\u00e5ndtere tunge l\u00e6s effektivt og tilpasse sig komplekse arbejdsmilj\u00f8er og forskellige jobkrav.<\/p>\n<p><img decoding=\"async\" src=\"https:\/\/www.hydraulic-cylinders.net\/wp-content\/uploads\/2025\/01\/songte-company-2.webp\" alt=\"Billede af spandcylinder\"><\/p>\n<h2>Funktioner<\/h2>\n<ul>\n<li>H\u00f8j styrke og holdbarhed: Typisk fremstillet af h\u00f8jstyrkest\u00e5l eller aluminium, i stand til at modst\u00e5 h\u00f8jt tryk og tunge belastninger, tilpasse sig barske arbejdsmilj\u00f8er og designet med hensyntagen til slidstyrke og korrosionsbestandighed for at forl\u00e6nge levetiden.<\/li>\n<li>Effektiv hydraulisk drift: Ved at udnytte trykket fra hydraulikolien til at opn\u00e5 j\u00e6vne ud- og indtr\u00e6ksbev\u00e6gelser kan skovlcylinderen hurtigt reagere p\u00e5 styrekommandoer og levere kraftige skubbe- og tr\u00e6kkr\u00e6fter, der er velegnede til h\u00e5ndtering af tunge belastninger og komplekse opgaver.<\/li>\n<li>Forskellige typer: F\u00e5s som enkeltvirkende (hydraulisk tryk kun i \u00e9n retning) eller dobbeltvirkende (hydraulisk tryk i begge retninger) cylindre for at im\u00f8dekomme forskellige driftsbehov. Nogle modeller er teleskopiske, hvilket muligg\u00f8r st\u00f8rre udtr\u00e6k uden at \u00f8ge de udvendige dimensioner, velegnede til applikationer med begr\u00e6nset plads.<\/li>\n<li>Perfekt udskiftning: Vores produkter kan perfekt erstatte disse hydrauliske cylindre. <\/li>\n<\/ul>\n<p><img decoding=\"async\" src=\"https:\/\/www.hydraulic-cylinders.net\/wp-content\/uploads\/2025\/01\/songte-cylinder-head-with-all-kinds-excavator-models.webp\" alt=\"Billede af hydraulisk cylinder\"><\/p>\n<h2>Applikationer<\/h2>\n<h3>Entrepren\u00f8rudstyr:<\/h3>\n<p>I gravemaskiner er de afg\u00f8rende for at grave, l\u00e6sse og flytte jord eller affald. I rendegravere hj\u00e6lper skovlcylinderen med b\u00e5de udgravning og l\u00f8ft. <\/p>\n<h3>Landbrugsmaskiner:<\/h3>\n<p>Anvendes i frontl\u00e6ssere til at udgrave, l\u00f8fte og transportere jord, h\u00f8 og andre materialer.<\/p>\n<h3>Gravemaskiner:<\/h3>\n<p>Skovlcylinderen muligg\u00f8r gravehandlinger ved at lade skovlen tr\u00e6nge ned i jorden.<\/p>\n<h3>L\u00e6ssere:<\/h3>\n<p>I frontl\u00e6ssere hj\u00e6lper de med effektivt at l\u00f8fte og t\u00f8mme last.<\/p>\n<h2>Designovervejelser og udv\u00e6lgelseskriterier<\/h2>\n<ul>\n<li>B\u00e6reevne: Diskuter skovlcylinderens evne til at modst\u00e5 tunge belastninger og give stabilitet.<\/li>\n<li>T\u00e6tning: Unders\u00f8g brugen af \u200b\u200bforskellige t\u00e6tningskomponenter s\u00e5som stempelt\u00e6tninger og stangt\u00e6tninger lavet af slidst\u00e6rke materialer som polyurethan og nitrilgummi, samt vigtigheden af \u200b\u200bfint behandlet cylinderhus og gevindsk\u00e5rne endeflader for at forbedre slidstyrken og behovet for regelm\u00e6ssig sm\u00f8ring med hydraulikolie.<\/li>\n<li>Holdbarhed: Diskuter designhensynene for levetid og modstandsdygtighed over for slid og korrosion.<\/li>\n<li>Sikkerhed: Tag h\u00f8jde for sikkerhedshensyn og vigtigheden af \u200b\u200bat f\u00f8lge sikkerhedsforanstaltningerne ved brug af skovlcylinderen.<\/li>\n<li>Vedligeholdelse: Beskriv de regelm\u00e6ssige inspektions- og forebyggende vedligeholdelsesforanstaltninger for at sikre optimal ydeevne og forl\u00e6nge skovlcylinderens levetid.<\/li>\n<\/ul>\n<p><img decoding=\"async\" src=\"https:\/\/www.hydraulic-cylinders.net\/wp-content\/uploads\/2025\/01\/songte-oil-pipes-and-spare-parts.webp\" alt=\"Billede af komponenter til hydrauliske cylindere\"><\/p>\n<h2>Sikkerheds- og milj\u00f8hensyn<\/h2>\n<p>N\u00e5r man bruger skovlcylinderen, er det afg\u00f8rende at overholde sikkerhedsforanstaltninger for at forhindre ulykker og sikre et sikkert arbejdsmilj\u00f8. Dette omfatter korrekt tr\u00e6ning, overholdelse af driftsvejledninger og brug af passende beskyttelsesudstyr.<\/p>\n<h2>Fejlfinding og almindelige problemer<\/h2>\n<p>Diskuter mulige fejl og almindelige problemer, som brugere kan st\u00f8de p\u00e5 med skovlcylinderen. Giv tips og l\u00f8sninger til diagnosticering og l\u00f8sning af disse problemer, samt forebyggende foranstaltninger for at minimere potentielle problemer.<\/p>\n<p><img decoding=\"async\" src=\"https:\/\/www.hydraulic-cylinders.net\/wp-content\/uploads\/2025\/01\/songte-bushings-with-all-kinds-of-excavator-models.webp\" alt=\"Billede af hydrauliske cylinderb\u00f8sninger\"><\/p>\n<h2>Vedligeholdelsesopgaver<\/h2>\n<p>Fremh\u00e6v tre almindelige vedligeholdelsesopgaver: regelm\u00e6ssige inspektioner, korrekt sm\u00f8ring og udskiftning af pakninger og kalibreringskontroller. Fremh\u00e6v vigtigheden af \u200b\u200bkorrekt installation, sm\u00f8ring og justering for at forl\u00e6nge skovlcylinderens levetid. Giv vejledning i korrekt justering af cylinderen under installationen, og foresl\u00e5 brug af passende installationsbeslag til fastg\u00f8relse af cylinderen. Anbefal inspektions-, reparations- og udskiftningsprocedurer, og giv tips til at forl\u00e6nge skovlcylinderens levetid.<\/p>\n<p><img decoding=\"async\" src=\"https:\/\/www.hydraulic-cylinders.net\/wp-content\/uploads\/2025\/01\/songte-chushion-collar.webp\" alt=\"Billede af installation af hydrauliske cylindere\"><\/p>\n<h2>Om vores virksomhed<\/h2>\n<p>Vi er en producent, der specialiserer sig i produktion af hydrauliske udskiftningscylindre. Med en bred vifte af produkter er vi blevet en af \u200b\u200bde f\u00f8rende producenter og engrosdistribut\u00f8rer af hydrauliske cylindre p\u00e5 indenlandske og internationale markeder. Vi overholder princippet om fremragende kvalitet og s\u00e6tter vores referencer til den industrielle produktionsstyringsstrategi, der anvendes i raffinerede v\u00e6rksteder. Ved at anvende tekniske talenter, digitaliseret avanceret produktionsudstyr og professionelle testsystemer forbedrer vi l\u00f8bende produktionsplatformen i vores v\u00e6rksteder, perfektionerer produktionsruten for produktkvalitet og har en st\u00e6rk kreativ evne til at im\u00f8dekomme forskellige kundebehov med h\u00f8j effektivitet, h\u00f8j pr\u00e6cision og h\u00f8j kvalitet.<\/p>\n<p>Derudover tilbyder vi professionalisme, internationale certificeringer, skr\u00e6ddersyede tjenester, avanceret produktionsudstyr og eftersalgsservice. <\/p>\n<p><img decoding=\"async\" src=\"https:\/\/www.hydraulic-cylinders.net\/wp-content\/uploads\/2025\/01\/songte-company-3.webp\" alt=\"Virksomhedens image\"><\/p>\n<p>Forfatter: lyl<\/p>","protected":false},"excerpt":{"rendered":"<p>Bucket Cylinder For Volwa Large Excavator DLS360-8B Introduction The bucket cylinder for Volwa large excavator DLS360-8B is a specially designed hydraulic cylinder used to control the movement of the bucket in heavy machinery such as excavators, backhoe loaders, and front loaders. Its main function is to enable the bucket to lift, lower, and tilt, making [&hellip;]<\/p>","protected":false},"featured_media":14769,"comment_status":"open","ping_status":"closed","template":"","meta":{"_et_pb_use_builder":"","_et_pb_old_content":"","_et_gb_content_width":""},"product_brand":[],"product_cat":[1494],"product_tag":[1495,1496],"class_list":{"0":"post-15893","1":"product","2":"type-product","3":"status-publish","4":"has-post-thumbnail","6":"product_cat-bucket-cylinders","7":"product_tag-bucket-cylinders","8":"product_tag-hydraulic-cylinders","10":"first","11":"instock","12":"shipping-taxable","13":"product-type-simple"},"amp_enabled":true,"_links":{"self":[{"href":"https:\/\/www.hydraulic-cylinders.net\/da\/wp-json\/wp\/v2\/product\/15893","targetHints":{"allow":["GET"]}}],"collection":[{"href":"https:\/\/www.hydraulic-cylinders.net\/da\/wp-json\/wp\/v2\/product"}],"about":[{"href":"https:\/\/www.hydraulic-cylinders.net\/da\/wp-json\/wp\/v2\/types\/product"}],"replies":[{"embeddable":true,"href":"https:\/\/www.hydraulic-cylinders.net\/da\/wp-json\/wp\/v2\/comments?post=15893"}],"wp:featuredmedia":[{"embeddable":true,"href":"https:\/\/www.hydraulic-cylinders.net\/da\/wp-json\/wp\/v2\/media\/14769"}],"wp:attachment":[{"href":"https:\/\/www.hydraulic-cylinders.net\/da\/wp-json\/wp\/v2\/media?parent=15893"}],"wp:term":[{"taxonomy":"product_brand","embeddable":true,"href":"https:\/\/www.hydraulic-cylinders.net\/da\/wp-json\/wp\/v2\/product_brand?post=15893"},{"taxonomy":"product_cat","embeddable":true,"href":"https:\/\/www.hydraulic-cylinders.net\/da\/wp-json\/wp\/v2\/product_cat?post=15893"},{"taxonomy":"product_tag","embeddable":true,"href":"https:\/\/www.hydraulic-cylinders.net\/da\/wp-json\/wp\/v2\/product_tag?post=15893"}],"curies":[{"name":"wp","href":"https:\/\/api.w.org\/{rel}","templated":true}]}}