{"id":15894,"date":"2025-01-19T15:07:54","date_gmt":"2025-01-19T15:07:54","guid":{"rendered":"https:\/\/www.hydraulic-cylinders.net\/product\/bucket-cylinder-for-volwa-large-excavator-dls450-8b\/"},"modified":"2025-01-19T15:07:57","modified_gmt":"2025-01-19T15:07:57","slug":"bucket-cylinder-for-volwa-large-excavator-dls450-8b","status":"publish","type":"product","link":"https:\/\/www.hydraulic-cylinders.net\/da\/vare\/bucket-cylinder-for-volwa-large-excavator-dls450-8b\/","title":{"rendered":"Skovlcylinder til Volwa stor gravemaskine DLS450-8B"},"content":{"rendered":"<p><!DOCTYPE html><br \/>\n<html lang=\"en\"><br \/>\n<head><br \/>\n    <meta charset=\"UTF-8\"><br \/>\n    <meta name=\"viewport\" content=\"width=device-width, initial-scale=1.0\"><br \/>\n    <title>Skovlcylinder til Volwa stor gravemaskine DLS450-8B<\/title><br \/>\n<\/head><br \/>\n<body><\/p>\n<h1>Skovlcylinder til Volwa stor gravemaskine DLS450-8B<\/h1>\n<h2>Indledning<\/h2>\n<p>Skovlcylinderen er en specialdesignet hydraulisk cylinder, der bruges til at styre skovlens bev\u00e6gelse i tunge maskiner s\u00e5som gravemaskiner, rendegravere og hjull\u00e6ssere. Dens hovedfunktion er at g\u00f8re det muligt for skovlen at l\u00f8fte, s\u00e6nke og vippe, hvilket g\u00f8r den velegnet til forskellige materialeh\u00e5ndteringsopgaver. I det hydrauliske system opn\u00e5r skovlcylinderen pr\u00e6cis kontrol over skovlen gennem \u00e6ndringer i hydraulikolietrykket, hvilket g\u00f8r det muligt for operat\u00f8rer effektivt at h\u00e5ndtere tunge l\u00e6s og tilpasse sig komplekse arbejdsmilj\u00f8er og forskellige jobkrav.<\/p>\n<p>    <img decoding=\"async\" src=\"https:\/\/www.hydraulic-cylinders.net\/wp-content\/uploads\/2025\/01\/songte-company-2.webp\" alt=\"Billede af spandcylinder\"><\/p>\n<h2>Funktioner<\/h2>\n<ul>\n<li>H\u00f8j styrke og holdbarhed: Typisk fremstillet af h\u00f8jstyrkest\u00e5l eller aluminium, i stand til at modst\u00e5 h\u00f8jt tryk og tunge belastninger, tilpasningsdygtig til barske arbejdsmilj\u00f8er, designet med slidstyrke og korrosionsbestandighed i tankerne for at forl\u00e6nge levetiden.<\/li>\n<li>Effektiv hydraulisk drift: Udnytter hydraulikolietrykket til at opn\u00e5 j\u00e6vne ud- og tilbagetr\u00e6kningsbev\u00e6gelser, er i stand til hurtigt at reagere p\u00e5 kontrolkommandoer og giver kraftige skubbe- og tr\u00e6kkr\u00e6fter, velegnet til h\u00e5ndtering af tunge belastninger og komplekse opgaver.<\/li>\n<li>Forskellige typer: Kan v\u00e6lge mellem enkeltvirkende (hydraulisk kun anvendt i \u00e9n retning) eller dobbeltvirkende (hydraulisk anvendt i begge retninger) cylindre baseret p\u00e5 krav for at opfylde forskellige driftsbehov, hvor nogle modeller er teleskopiske, hvilket giver mulighed for st\u00f8rre udtr\u00e6k uden at \u00f8ge de udvendige dimensioner, velegnet til applikationer med begr\u00e6nset plads.<\/li>\n<li>Perfekt udskiftning: Vores produkter kan perfekt erstatte disse hydrauliske cylindre. <\/li>\n<\/ul>\n<p>    <img decoding=\"async\" src=\"https:\/\/www.hydraulic-cylinders.net\/wp-content\/uploads\/2025\/01\/songte-cylinder-head-with-all-kinds-excavator-models.webp\" alt=\"Produktudskiftningsbillede\"><\/p>\n<h2>Applikationer<\/h2>\n<p>Skovlcylinderen finder anvendelse i forskellige entrepren\u00f8rmaskiner:<\/p>\n<ul>\n<li>Gravemaskiner: Vigtige for gravemaskiner, der muligg\u00f8r gravning, l\u00e6sning og flytning af jord eller affald.<\/li>\n<li>Rendegravere: Hj\u00e6lper med b\u00e5de grave- og l\u00f8ftefunktioner i rendegravere.<\/li>\n<li>Landbrugsmaskiner: Bruges i frontl\u00e6ssere til at udgrave, l\u00f8fte og transportere jord, h\u00f8 og andre materialer.<\/li>\n<li>Hjull\u00e6ssere: Frontl\u00e6ssere muligg\u00f8r effektiv l\u00f8ft og t\u00f8mning af gods.<\/li>\n<\/ul>\n<h2>Designovervejelser og udv\u00e6lgelseskriterier<\/h2>\n<p>Ved design af skovlcylinderen skal forskellige faktorer og udv\u00e6lgelseskriterier tages i betragtning:<\/p>\n<ul>\n<li>B\u00e6reevne: Diskuter kapaciteten til at h\u00e5ndtere tunge belastninger.<\/li>\n<li>T\u00e6tning: Diskuter brugen af \u200b\u200bforskellige t\u00e6tninger, s\u00e5som stempelt\u00e6tninger og stangt\u00e6tninger, lavet af holdbare materialer som polyurethan og nitrilgummi.<\/li>\n<li>Holdbarhed: Tal om den fine overfladebehandling af cylinderhuset og gevindenderne for at forbedre slidstyrken.<\/li>\n<li>Sikkerhed: Fremh\u00e6v vigtigheden af \u200b\u200bsikker drift og de foranstaltninger, der er truffet for at sikre produktsikkerheden.<\/li>\n<li>Vedligeholdelsesvenlighed: Diskuter den lette vedligeholdelse og tilg\u00e6ngeligheden af \u200b\u200breservedele og ombygningstjenester.<\/li>\n<\/ul>\n<p>    <img decoding=\"async\" src=\"https:\/\/www.hydraulic-cylinders.net\/wp-content\/uploads\/2025\/01\/songte-oil-pipes-and-spare-parts.webp\" alt=\"Billede af hydrauliske cylinderdele\"><\/p>\n<h2>T\u00e6tning og sm\u00f8ring<\/h2>\n<p>Forskellige t\u00e6tningskomponenter, s\u00e5som stempelt\u00e6tninger og stangt\u00e6tninger, anvendes i skovlcylinderen. Disse t\u00e6tninger er lavet af slidst\u00e6rke materialer s\u00e5som polyurethan og nitrilgummi. Cylinderhuset og gevindenderne gennemg\u00e5r en fin overfladebehandling for at forbedre slidstyrken. Regelm\u00e6ssig sm\u00f8ring med en passende m\u00e6ngde hydraulikolie er n\u00f8dvendig for at sikre problemfri drift og forl\u00e6nge cylinderens levetid.<\/p>\n<h2>Regelm\u00e6ssig inspektion og forebyggende vedligeholdelse<\/h2>\n<p>For at opretholde skovlcylinderens ydeevne b\u00f8r der udf\u00f8res regelm\u00e6ssige inspektioner og forebyggende vedligeholdelse:<\/p>\n<ul>\n<li>Unders\u00f8g for tegn p\u00e5 skader eller slid.<\/li>\n<li>S\u00f8rg for korrekt sm\u00f8ring af alle bev\u00e6gelige dele.<\/li>\n<li>Udskift regelm\u00e6ssigt slidte eller beskadigede pakninger.<\/li>\n<li>Udf\u00f8r kalibreringskontroller for at sikre n\u00f8jagtig drift.<\/li>\n<\/ul>\n<p>    <img decoding=\"async\" src=\"https:\/\/www.hydraulic-cylinders.net\/wp-content\/uploads\/2025\/01\/songte-chushion-collar.webp\" alt=\"Billede af vedligeholdelse af hydrauliske cylindere\"><\/p>\n<h2>Sikkerhedshensyn og milj\u00f8faktorer<\/h2>\n<p>N\u00e5r man bruger skovlcylinderen, er det af st\u00f8rste vigtighed at overholde sikkerhedsforanstaltningerne for at forhindre ulykker og sikre sikker drift. Milj\u00f8faktorer som temperatur, fugtighed og eksponering for \u00e6tsende stoffer b\u00f8r ogs\u00e5 tages i betragtning.<\/p>\n<h2>Fejldiagnose og almindelige problemer<\/h2>\n<p>Diskuter almindelige fejl, der kan opst\u00e5 med skovlcylinderen, og giv tips til fejlfinding og l\u00f8sninger, der kan hj\u00e6lpe l\u00e6serne med effektivt at diagnosticere og l\u00f8se problemer. Foresl\u00e5 ogs\u00e5 forebyggende foranstaltninger for at minimere potentielle problemer.<\/p>\n<p>    <img decoding=\"async\" src=\"https:\/\/www.hydraulic-cylinders.net\/wp-content\/uploads\/2025\/01\/songte-bushings-with-all-kinds-of-excavator-models.webp\" alt=\"Billede af hydrauliske cylinderb\u00f8sninger\"><\/p>\n<h2>Vedligeholdelsesopgaver<\/h2>\n<p>Beskriv tre almindelige vedligeholdelsesopgaver: regelm\u00e6ssige inspektioner, korrekt sm\u00f8ring og udskiftning af pakninger. Fremh\u00e6v vigtigheden af \u200b\u200bkorrekt installation, sm\u00f8ring og justeringer. Giv vejledning i korrekt justering af cylinderen under installationen, og anbefal brug af passende monteringsbeslag til at fastg\u00f8re cylinderen. Anbefal inspektions-, reparations- og udskiftningsprocedurer, og giv tips til at forl\u00e6nge spandcylinderens levetid.<\/p>\n<h2>Om vores virksomhed<\/h2>\n<p>Vi er producent af hydrauliske udskiftningscylindre og en af \u200b\u200bde f\u00f8rende producenter og grossister p\u00e5 det indenlandske og internationale marked. Vi overholder principperne om fremragende kvalitet og bruger strategier for industriel produktionsstyring i vores raffinerede produktionsv\u00e6rksted. Med vores team af tekniske eksperter, avanceret produktionsudstyr og professionelle testsystemer forbedrer vi l\u00f8bende vores produktionsplatform og produktkvalitet og sikrer, at vi opfylder vores kunders forskellige behov med h\u00f8j effektivitet, pr\u00e6cision og kvalitet.<\/p>\n<p>    <img decoding=\"async\" src=\"https:\/\/hzpt.com\/wp-content\/uploads\/2024\/11\/songte-company-1.webp\" alt=\"Virksomhedens image\"><\/p>\n<h3>Professionalitet:<\/h3>\n<p>Vi tilbyder professionelle hydrauliske cylinderl\u00f8sninger, der er skr\u00e6ddersyet til at opfylde vores kunders specifikke krav.<\/p>\n<h3>International certificering:<\/h3>\n<p>Vores produkter opfylder internationale kvalitetsstandarder og er certificeret for deres p\u00e5lidelighed og ydeevne.<\/p>\n<h3>Tilpasning:<\/h3>\n<p>Vi tilbyder skr\u00e6ddersyede tjenester, der im\u00f8dekommer unikke kundebehov og specifikationer.<\/p>\n<h3>Produktionsudstyr:<\/h3>\n<p>Vi har avanceret produktionsudstyr og anvender den nyeste teknologi for at sikre de h\u00f8jeste kvalitetsstandarder.<\/p>\n<h3>Eftersalgsservice:<\/h3>\n<p>Vi tilbyder omfattende eftersalgsservice og support for at sikre kundetilfredshed.<\/p>\n<p>    <img decoding=\"async\" src=\"https:\/\/www.hydraulic-cylinders.net\/wp-content\/uploads\/2025\/01\/songte-company-3.webp\" alt=\"Virksomhedsoversigtsbillede\"><\/p>\n<p>Forfatter: lyl<\/p>\n<p><\/body><br \/>\n<\/html><\/p>","protected":false},"excerpt":{"rendered":"<p>Bucket Cylinder For Volwa Large Excavator DLS450-8B Bucket Cylinder For Volwa Large Excavator DLS450-8B Introduction The bucket cylinder is a specially designed hydraulic cylinder used to control the movement of the bucket in heavy machinery such as excavators, backhoe loaders, and wheel loaders. Its main function is to enable the bucket to lift, lower, and [&hellip;]<\/p>","protected":false},"featured_media":14765,"comment_status":"open","ping_status":"closed","template":"","meta":{"_et_pb_use_builder":"","_et_pb_old_content":"","_et_gb_content_width":""},"product_brand":[],"product_cat":[1494],"product_tag":[1495,1496],"class_list":{"0":"post-15894","1":"product","2":"type-product","3":"status-publish","4":"has-post-thumbnail","6":"product_cat-bucket-cylinders","7":"product_tag-bucket-cylinders","8":"product_tag-hydraulic-cylinders","10":"first","11":"instock","12":"shipping-taxable","13":"product-type-simple"},"amp_enabled":true,"_links":{"self":[{"href":"https:\/\/www.hydraulic-cylinders.net\/da\/wp-json\/wp\/v2\/product\/15894","targetHints":{"allow":["GET"]}}],"collection":[{"href":"https:\/\/www.hydraulic-cylinders.net\/da\/wp-json\/wp\/v2\/product"}],"about":[{"href":"https:\/\/www.hydraulic-cylinders.net\/da\/wp-json\/wp\/v2\/types\/product"}],"replies":[{"embeddable":true,"href":"https:\/\/www.hydraulic-cylinders.net\/da\/wp-json\/wp\/v2\/comments?post=15894"}],"wp:featuredmedia":[{"embeddable":true,"href":"https:\/\/www.hydraulic-cylinders.net\/da\/wp-json\/wp\/v2\/media\/14765"}],"wp:attachment":[{"href":"https:\/\/www.hydraulic-cylinders.net\/da\/wp-json\/wp\/v2\/media?parent=15894"}],"wp:term":[{"taxonomy":"product_brand","embeddable":true,"href":"https:\/\/www.hydraulic-cylinders.net\/da\/wp-json\/wp\/v2\/product_brand?post=15894"},{"taxonomy":"product_cat","embeddable":true,"href":"https:\/\/www.hydraulic-cylinders.net\/da\/wp-json\/wp\/v2\/product_cat?post=15894"},{"taxonomy":"product_tag","embeddable":true,"href":"https:\/\/www.hydraulic-cylinders.net\/da\/wp-json\/wp\/v2\/product_tag?post=15894"}],"curies":[{"name":"wp","href":"https:\/\/api.w.org\/{rel}","templated":true}]}}