{"id":15896,"date":"2025-01-19T15:08:08","date_gmt":"2025-01-19T15:08:08","guid":{"rendered":"https:\/\/www.hydraulic-cylinders.net\/product\/bucket-cylinder-for-volwa-wheel-excavator-dls890-9a\/"},"modified":"2025-01-19T15:08:10","modified_gmt":"2025-01-19T15:08:10","slug":"bucket-cylinder-for-volwa-wheel-excavator-dls890-9a","status":"publish","type":"product","link":"https:\/\/www.hydraulic-cylinders.net\/da\/vare\/bucket-cylinder-for-volwa-wheel-excavator-dls890-9a\/","title":{"rendered":"Skovlcylinder til Volwa hjulgraver DLS890-9A"},"content":{"rendered":"<p><!DOCTYPE html><br \/>\n<html><br \/>\n<head><br \/>\n<title>Skovlcylinder til Volwa hjulgraver DLS890-9A<\/title><br \/>\n<\/head><br \/>\n<body><\/p>\n<h1>Skovlcylinder til Volwa hjulgraver DLS890-9A<\/h1>\n<h2>Indledning<\/h2>\n<p>Skovlcylinderen til Volwa Wheel Excavator DLS890-9A er en specialdesignet hydraulisk cylinder, der bruges til at styre skovlens bev\u00e6gelse i tunge maskiner s\u00e5som gravemaskiner, rendegravere og hjull\u00e6ssere. Dens hovedfunktion er at muligg\u00f8re l\u00f8ft, s\u00e6nkning og vipning af skovlen, hvilket g\u00f8r den praktisk til forskellige materialeh\u00e5ndteringsopgaver. I det hydrauliske system opn\u00e5r skovlcylinderen pr\u00e6cis kontrol over skovlen ved at udnytte tryk\u00e6ndringerne i hydraulikolien, hvilket giver operat\u00f8rerne mulighed for effektivt at h\u00e5ndtere tunge belastninger og tilpasse sig komplekse arbejdsmilj\u00f8er og forskellige driftskrav.<\/p>\n<p><img decoding=\"async\" src=\"https:\/\/www.hydraulic-cylinders.net\/wp-content\/uploads\/2025\/01\/songte-company-2.webp\" alt=\"Produktbillede\"><\/p>\n<h2>Funktioner<\/h2>\n<ul>\n<li>H\u00f8j styrke og holdbarhed: Typisk fremstillet af h\u00f8jstyrkest\u00e5l eller aluminium, kan den modst\u00e5 h\u00f8jt tryk og tunge belastninger og tilpasse sig barske arbejdsmilj\u00f8er. Designet tager h\u00f8jde for slidstyrke og korrosionsbestandighed for at forl\u00e6nge levetiden.<\/li>\n<li>Effektiv hydraulisk drift: Ved at udnytte trykket fra hydraulikolien opn\u00e5r den j\u00e6vne ud- og indtr\u00e6ksbev\u00e6gelser, hvilket muligg\u00f8r hurtig reaktion p\u00e5 styrekommandoer og leverer kraftige skubbe- og tr\u00e6kkr\u00e6fter til h\u00e5ndtering af tunge belastninger og komplekse driftsopgaver.<\/li>\n<li>Alsidige typer: Den kan v\u00e6lges som enkeltvirkende (hydraulisk anvendt i \u00e9n retning) eller dobbeltvirkende (hydraulisk anvendt i begge retninger) cylindre i henhold til specifikke driftsbehov. Nogle modeller er teleskopiske, hvilket muligg\u00f8r st\u00f8rre udtr\u00e6k uden at \u00f8ge de udvendige dimensioner, hvilket g\u00f8r dem velegnede til applikationer med begr\u00e6nset plads.<\/li>\n<li>Perfekt udskiftning: Vores produkt kan perfekt erstatte disse hydrauliske cylindre og giver p\u00e5lidelig ydeevne og problemfri kompatibilitet.<\/li>\n<\/ul>\n<p><img decoding=\"async\" src=\"https:\/\/www.hydraulic-cylinders.net\/wp-content\/uploads\/2025\/01\/songte-cylinder-head-with-all-kinds-excavator-models.webp\" alt=\"Produktbillede\"><\/p>\n<h2>Applikationer<\/h2>\n<ul>\n<li>Entrepren\u00f8rudstyr: De findes i gravemaskiner og er afg\u00f8rende for at grave, l\u00e6sse og flytte jord eller affald. I rendegravere hj\u00e6lper skovlcylinderen med b\u00e5de udgravning og l\u00f8ft.<\/li>\n<li>Landbrugsmaskiner: Bruges i frontl\u00e6ssere til at udgrave, l\u00f8fte og transportere jord, h\u00f8 og andre materialer.<\/li>\n<li>Gravemaskiner: Skovlcylinderen muligg\u00f8r gravehandlinger ved at lade skovlen tr\u00e6nge ned i jorden.<\/li>\n<li>Hjull\u00e6ssere: Frontl\u00e6ssere hj\u00e6lper med at l\u00f8fte og losse gods effektivt.<\/li>\n<\/ul>\n<h2>Designovervejelser og udv\u00e6lgelseskriterier<\/h2>\n<ul>\n<li>B\u00e6reevne: Diskuter kapaciteten til at b\u00e6re tunge belastninger og modst\u00e5 tryk.<\/li>\n<li>T\u00e6tning: Unders\u00f8g brugen af \u200b\u200bforskellige t\u00e6tninger s\u00e5som stempelt\u00e6tninger og stangt\u00e6tninger, v\u00e6lg slidst\u00e6rke materialer som polyurethan og nitrilgummi, og s\u00f8rg for korrekt overfladebehandling af cylinderhuset og gevindenderne for at forbedre slidstyrken.<\/li>\n<li>Holdbarhed: Diskuter de foranstaltninger, der er truffet for at sikre langvarig ydeevne under forskellige arbejdsforhold.<\/li>\n<li>Sikkerhed: Tag h\u00f8jde for de sikkerhedshensyn, der er taget i betragtning under designprocessen.<\/li>\n<li>Vedligeholdelsesevne: Diskuter, hvor nemt det er at vedligeholde og reparere, herunder rutinem\u00e6ssige kontroller og forebyggende foranstaltninger.<\/li>\n<\/ul>\n<p><img decoding=\"async\" src=\"https:\/\/www.hydraulic-cylinders.net\/wp-content\/uploads\/2025\/01\/songte-oil-pipes-and-spare-parts.webp\" alt=\"Produktbillede\"><\/p>\n<h2>T\u00e6tning og sm\u00f8ring<\/h2>\n<p>Skovlcylinderen anvender forskellige t\u00e6tningskomponenter, s\u00e5som stempelt\u00e6tninger og stangt\u00e6tninger, lavet af slidst\u00e6rke materialer som polyurethan og nitrilgummi. Cylinderhuset og gevindenderne gennemg\u00e5r en pr\u00e6cis overfladebehandling for at forbedre slidstyrken. Regelm\u00e6ssig sm\u00f8ring med den passende m\u00e6ngde hydraulikolie er n\u00f8dvendig for at sikre problemfri drift.<\/p>\n<h2>Vedligeholdelses- og forebyggende foranstaltninger<\/h2>\n<ul>\n<li>Regelm\u00e6ssige inspektioner: Fremh\u00e6v vigtigheden af \u200b\u200bregelm\u00e6ssige inspektioner for at opdage potentielle problemer.<\/li>\n<li>Korrekt sm\u00f8ring: Fremh\u00e6v vigtigheden af \u200b\u200btilstr\u00e6kkelig sm\u00f8ring for at forl\u00e6nge cylinderens levetid.<\/li>\n<li>Udskiftning af pakninger: Giv vejledning i, hvorn\u00e5r og hvordan pakninger skal udskiftes for optimal ydeevne.<\/li>\n<li>Kalibreringstjek: Forklar vigtigheden af \u200b\u200bperiodiske kalibreringstjek for at opretholde n\u00f8jagtighed.<\/li>\n<\/ul>\n<p><img decoding=\"async\" src=\"https:\/\/www.hydraulic-cylinders.net\/wp-content\/uploads\/2025\/01\/songte-chushion-collar.webp\" alt=\"Produktbillede\"><\/p>\n<h2>Sikkerhedshensyn og milj\u00f8faktorer<\/h2>\n<p>Beskriv vigtigheden af \u200b\u200bsikkerhedsforanstaltninger ved brug af skovlcylinderen, og diskuter eventuelle milj\u00f8faktorer, der kan p\u00e5virke dens drift.<\/p>\n<h2>Fejlfinding og almindelige problemer<\/h2>\n<p>Diskuter almindelige problemer og giv tips og l\u00f8sninger til fejlfinding for at hj\u00e6lpe l\u00e6serne med effektivt at diagnosticere og l\u00f8se problemer. Tilbyd forebyggende foranstaltninger for at minimere potentielle problemer.<\/p>\n<p><img decoding=\"async\" src=\"https:\/\/www.hydraulic-cylinders.net\/wp-content\/uploads\/2025\/01\/songte-bushings-with-all-kinds-of-excavator-models.webp\" alt=\"Produktbillede\"><\/p>\n<h2>Om vores virksomhed<\/h2>\n<p>Vi er en f\u00f8rende producent og engrosdistribut\u00f8r af hydrauliske cylindre p\u00e5 det indenlandske og internationale marked. Vores omfattende produktsortiment positionerer os som en betroet leverand\u00f8r af hydrauliske cylindre. Vi overholder principperne om fremragende kvalitet og anvender industrialiserede produktionsstyringsstrategier i vores raffinerede produktionsv\u00e6rksteder. Med vores tekniske talent, avancerede digitale produktionsudstyr og professionelle testsystemer forbedrer vi l\u00f8bende vores produktionsplatform og produktkvalitet. Vi har evnen til at im\u00f8dekomme forskellige kundekrav med h\u00f8j effektivitet, pr\u00e6cision og kvalitet.<\/p>\n<p><img decoding=\"async\" src=\"https:\/\/hzpt.com\/wp-content\/uploads\/2024\/11\/songte-company-1.webp\" alt=\"Virksomhedens image\"><\/p>\n<h3>Vigtigste h\u00f8jdepunkter:<\/h3>\n<ul>\n<li>Ekspertise<\/li>\n<li>Internationale certificeringer<\/li>\n<li>Tilpasningstjenester<\/li>\n<li>Produktionsudstyr<\/li>\n<li>Eftersalgsservice<\/li>\n<\/ul>\n<p><img decoding=\"async\" src=\"https:\/\/www.hydraulic-cylinders.net\/wp-content\/uploads\/2025\/01\/songte-company-3.webp\" alt=\"Virksomhedens image\"><\/p>\n<p>Forfatter: lyl<\/p>\n<p><\/body><br \/>\n<\/html><\/p>","protected":false},"excerpt":{"rendered":"<p>Bucket Cylinder For Volwa Wheel Excavator DLS890-9A Bucket Cylinder For Volwa Wheel Excavator DLS890-9A Introduction The bucket cylinder for Volwa Wheel Excavator DLS890-9A is a specially designed hydraulic cylinder used to control the movement of the bucket in heavy machinery such as excavators, backhoe excavators, and wheel loaders. Its main function is to enable the [&hellip;]<\/p>","protected":false},"featured_media":14761,"comment_status":"open","ping_status":"closed","template":"","meta":{"_et_pb_use_builder":"","_et_pb_old_content":"","_et_gb_content_width":""},"product_brand":[],"product_cat":[1494],"product_tag":[1495,1496],"class_list":{"0":"post-15896","1":"product","2":"type-product","3":"status-publish","4":"has-post-thumbnail","6":"product_cat-bucket-cylinders","7":"product_tag-bucket-cylinders","8":"product_tag-hydraulic-cylinders","10":"first","11":"instock","12":"shipping-taxable","13":"product-type-simple"},"amp_enabled":true,"_links":{"self":[{"href":"https:\/\/www.hydraulic-cylinders.net\/da\/wp-json\/wp\/v2\/product\/15896","targetHints":{"allow":["GET"]}}],"collection":[{"href":"https:\/\/www.hydraulic-cylinders.net\/da\/wp-json\/wp\/v2\/product"}],"about":[{"href":"https:\/\/www.hydraulic-cylinders.net\/da\/wp-json\/wp\/v2\/types\/product"}],"replies":[{"embeddable":true,"href":"https:\/\/www.hydraulic-cylinders.net\/da\/wp-json\/wp\/v2\/comments?post=15896"}],"wp:featuredmedia":[{"embeddable":true,"href":"https:\/\/www.hydraulic-cylinders.net\/da\/wp-json\/wp\/v2\/media\/14761"}],"wp:attachment":[{"href":"https:\/\/www.hydraulic-cylinders.net\/da\/wp-json\/wp\/v2\/media?parent=15896"}],"wp:term":[{"taxonomy":"product_brand","embeddable":true,"href":"https:\/\/www.hydraulic-cylinders.net\/da\/wp-json\/wp\/v2\/product_brand?post=15896"},{"taxonomy":"product_cat","embeddable":true,"href":"https:\/\/www.hydraulic-cylinders.net\/da\/wp-json\/wp\/v2\/product_cat?post=15896"},{"taxonomy":"product_tag","embeddable":true,"href":"https:\/\/www.hydraulic-cylinders.net\/da\/wp-json\/wp\/v2\/product_tag?post=15896"}],"curies":[{"name":"wp","href":"https:\/\/api.w.org\/{rel}","templated":true}]}}