{"id":15902,"date":"2025-01-19T15:08:32","date_gmt":"2025-01-19T15:08:32","guid":{"rendered":"https:\/\/www.hydraulic-cylinders.net\/product\/bucket-cylinder-for-volwa-cane-unloader-dls880-9ag\/"},"modified":"2025-01-19T15:08:34","modified_gmt":"2025-01-19T15:08:34","slug":"bucket-cylinder-for-volwa-cane-unloader-dls880-9ag","status":"publish","type":"product","link":"https:\/\/www.hydraulic-cylinders.net\/da\/vare\/bucket-cylinder-for-volwa-cane-unloader-dls880-9ag\/","title":{"rendered":"Skovlcylinder til Volwa-sugerr\u00f8r DLS880-9AG"},"content":{"rendered":"<p><!DOCTYPE html><br \/>\n<html><br \/>\n<head><br \/>\n<title>Skovlcylinder til Volwa-sugerr\u00f8r DLS880-9AG<\/title><br \/>\n<\/head><br \/>\n<body><\/p>\n<h1>Skovlcylinder til Volwa-sugerr\u00f8r DLS880-9AG<\/h1>\n<h2>Indledning<\/h2>\n<p>Skovlcylinderen er en specialiseret hydraulisk cylinder designet til at styre bev\u00e6gelsen af \u200b\u200bskovle i tunge maskiner s\u00e5som gravemaskiner, rendegravere og frontl\u00e6ssere. Dens hovedfunktion er at muligg\u00f8re l\u00f8ft, s\u00e6nkning og vipning af skovlen, hvilket letter forskellige materialeh\u00e5ndteringsopgaver. I et hydraulisk system opn\u00e5r skovlcylinderen pr\u00e6cis kontrol over skovlen ved at udnytte \u00e6ndringer i hydraulikolietrykket, hvilket giver f\u00f8reren mulighed for effektivt at h\u00e5ndtere tunge l\u00e6s og tilpasse sig forskellige arbejdsmilj\u00f8er og krav.<\/p>\n<p><img decoding=\"async\" src=\"https:\/\/www.hydraulic-cylinders.net\/wp-content\/uploads\/2025\/01\/songte-company-2.webp\" alt=\"Billede af spandcylinder\"><\/p>\n<h2>Funktioner<\/h2>\n<ul>\n<li>H\u00f8j styrke og holdbarhed: Typisk fremstillet af h\u00f8jstyrkest\u00e5l eller aluminium, i stand til at modst\u00e5 h\u00f8jt tryk og tunge belastninger, tilpasningsdygtig til barske arbejdsmilj\u00f8er, designet med hensyntagen til slidstyrke og korrosionsbestandighed, hvorved levetiden forl\u00e6nges.<\/li>\n<li>Effektiv hydraulisk drift: Udnytter hydraulisk olietryk til at opn\u00e5 j\u00e6vne ud- og tilbagetr\u00e6kningsbev\u00e6gelser, er i stand til hurtig respons p\u00e5 styrekommandoer, giver kraftige skubbe- og tr\u00e6kkr\u00e6fter, er velegnet til h\u00e5ndtering af tunge belastninger og komplekse driftsopgaver.<\/li>\n<li>Forskellige typer: V\u00e6lg mellem enkeltvirkende (hydraulisk tryk kun i \u00e9n retning) eller dobbeltvirkende (hydraulisk tryk i begge retninger) cylindre i henhold til specifikke driftskrav. Nogle modeller er teleskopiske, hvilket giver mulighed for st\u00f8rre udtr\u00e6k uden at \u00f8ge de udvendige dimensioner, velegnede til applikationer med begr\u00e6nset plads.<\/li>\n<li>Perfekt udskiftning: Vores produkter kan perfekt erstatte disse hydrauliske cylindre.<\/li>\n<\/ul>\n<p><img decoding=\"async\" src=\"https:\/\/www.hydraulic-cylinders.net\/wp-content\/uploads\/2025\/01\/songte-cylinder-head-with-all-kinds-excavator-models.webp\" alt=\"Produktudskiftningsbillede\"><\/p>\n<h2>Applikationer<\/h2>\n<p>Skovlcylindre finder anvendelse i forskellige udstyr, s\u00e5som:<\/p>\n<ul>\n<li>Entrepren\u00f8rmaskiner: De findes i gravemaskiner og er afg\u00f8rende for at grave, l\u00e6sse og flytte jord eller affald. I rendegravere hj\u00e6lper skovlcylindre med b\u00e5de at grave og l\u00f8fte.<\/li>\n<li>Landbrugsmaskiner: Bruges i frontl\u00e6ssere, og de hj\u00e6lper med at grave, l\u00f8fte og transportere jord, h\u00f8 og andre materialer.<\/li>\n<li>Gravemaskiner: Skovlcylindere muligg\u00f8r gravearbejde ved at lade skovlen tr\u00e6nge ned i jorden.<\/li>\n<li>L\u00e6ssere: Frontl\u00e6ssere hj\u00e6lper med at l\u00f8fte og losse last effektivt.<\/li>\n<\/ul>\n<h2>Designovervejelser og udv\u00e6lgelseskriterier<\/h2>\n<ul>\n<li>B\u00e6reevne: Diskuter n\u00f8gleordets evne til at b\u00e6re tunge belastninger.<\/li>\n<li>T\u00e6tning: Tal om vigtigheden af \u200b\u200bkorrekt t\u00e6tning for at forhindre l\u00e6kage og sikre optimal ydeevne.<\/li>\n<li>Holdbarhed: Fremh\u00e6v behovet for et holdbart design, der kan modst\u00e5 barske arbejdsforhold.<\/li>\n<li>Sikkerhed: Diskuter sikkerhedshensyn i designet, s\u00e5som trykaflastningsmekanismer og beskyttelsesfunktioner.<\/li>\n<li>Vedligeholdelsesvenlighed: Fremh\u00e6v vigtigheden af \u200b\u200bnem vedligeholdelse, herunder adgang til reparationer og udskiftning af komponenter.<\/li>\n<\/ul>\n<p><img decoding=\"async\" src=\"https:\/\/www.hydraulic-cylinders.net\/wp-content\/uploads\/2025\/01\/songte-oil-pipes-and-spare-parts.webp\" alt=\"Billede af t\u00e6tning og sm\u00f8ring\"><\/p>\n<h2>T\u00e6tning og sm\u00f8ring<\/h2>\n<p>Skovlcylinderen anvender forskellige t\u00e6tningselementer, s\u00e5som stempelt\u00e6tninger og stangt\u00e6tninger lavet af slidst\u00e6rke materialer som polyurethan og nitrilgummi. Cylinderhuset og gevindenderne er fint behandlet for at forbedre slidstyrken. Regelm\u00e6ssig sm\u00f8ring med passende hydraulikolie er n\u00f8dvendig for at sikre problemfri drift og forl\u00e6nge cylinderens levetid.<\/p>\n<h2>Regelm\u00e6ssig inspektion og forebyggende vedligeholdelse<\/h2>\n<ul>\n<li>Inspicer regelm\u00e6ssigt cylinderen for tegn p\u00e5 slid, skader eller l\u00e6kage.<\/li>\n<li>S\u00f8rg for korrekt sm\u00f8ring af alle bev\u00e6gelige dele.<\/li>\n<li>Udskift slidte eller beskadigede pakninger efter behov.<\/li>\n<li>Udf\u00f8r kalibreringstjek for at opretholde optimal ydeevne.<\/li>\n<\/ul>\n<h2>Retningslinjer for korrekt installation<\/h2>\n<p>Korrekt installation er afg\u00f8rende for optimal funktion af skovlcylinderen. F\u00f8lg disse retningslinjer:<\/p>\n<ul>\n<li>S\u00f8rg for korrekt justering af cylinderen.<\/li>\n<li>Brug passende monteringsbeslag til at fastg\u00f8re cylinderen.<\/li>\n<\/ul>\n<p><img decoding=\"async\" src=\"https:\/\/www.hydraulic-cylinders.net\/wp-content\/uploads\/2025\/01\/songte-chushion-collar.webp\" alt=\"Korrekt installationsbillede\"><\/p>\n<h2>Vedligeholdelsesopgaver<\/h2>\n<p>Almindelige vedligeholdelsesopgaver for skovlcylinderen omfatter:<\/p>\n<ul>\n<li>Regelm\u00e6ssige inspektioner<\/li>\n<li>Korrekt sm\u00f8ring<\/li>\n<li>Udskiftning af pakning<\/li>\n<li>Kalibreringstjek<\/li>\n<\/ul>\n<p>Understreg vigtigheden af \u200b\u200bkorrekt installation, sm\u00f8ring og justering. Giv vejledning i korrekt justering af cylinderen under installationen, og anbefal brugen af \u200b\u200bpassende monteringsbeslag til fastg\u00f8relse af cylinderen. Foresl\u00e5 inspektions-, reparations- og udskiftningsprocedurer samt tips til at forl\u00e6nge n\u00f8gleordets levetid.<\/p>\n<p><img decoding=\"async\" src=\"https:\/\/www.hydraulic-cylinders.net\/wp-content\/uploads\/2025\/01\/songte-bushings-with-all-kinds-of-excavator-models.webp\" alt=\"Fejlfindingsbillede\"><\/p>\n<h2>Sikkerhedshensyn og milj\u00f8faktorer<\/h2>\n<p>Diskuter vigtigheden af \u200b\u200bsikkerhedsforanstaltninger ved brug af n\u00f8gleordet og eventuelle milj\u00f8m\u00e6ssige hensyn forbundet med dets drift.<\/p>\n<h2>Fejlfinding og almindelige problemer<\/h2>\n<p>Giv tips og l\u00f8sninger til fejlfinding af almindelige problemer, der kan opst\u00e5 ved brug af skovlcylinderen. Tilbyd forebyggende foranstaltninger for at minimere potentielle problemer.<\/p>\n<p><img decoding=\"async\" src=\"https:\/\/www.hydraulic-cylinders.net\/wp-content\/uploads\/2025\/01\/songte-company-3.webp\" alt=\"Virksomhedens image\"><\/p>\n<h2>Om vores virksomhed<\/h2>\n<p>Vi er en f\u00f8rende producent og engrosdistribut\u00f8r af hydrauliske cylindre p\u00e5 det indenlandske og internationale marked. Vores produktsortiment er omfattende, og vi prioriterer fremragende kvalitet. Med vores raffinerede produktionsv\u00e6rksteder, avancerede udstyr og professionelle testsystemer forbedrer vi l\u00f8bende vores produktionsplatform, perfektionerer vores produktionsruter og besidder st\u00e6rke innovationsevner. Vi er forpligtet til at im\u00f8dekomme forskellige kundebehov med h\u00f8j effektivitet, pr\u00e6cision og kvalitet.<\/p>\n<p>Udvid vores virksomheds professionalisme, internationale certificeringer, kundeservice, produktionsudstyr og eftersalgsservice.<\/p>\n<footer>Forfatter: lyl<\/footer>\n<p><\/body><br \/>\n<\/html><\/p>","protected":false},"excerpt":{"rendered":"<p>Bucket Cylinder For Volwa Cane Unloader DLS880-9AG Bucket Cylinder For Volwa Cane Unloader DLS880-9AG Introduction The bucket cylinder is a specialized hydraulic cylinder designed for controlling the movement of buckets in heavy machinery such as excavators, backhoe loaders, and front-end loaders. Its main function is to enable the lifting, lowering, and tilting of the bucket, [&hellip;]<\/p>","protected":false},"featured_media":14782,"comment_status":"open","ping_status":"closed","template":"","meta":{"_et_pb_use_builder":"","_et_pb_old_content":"","_et_gb_content_width":""},"product_brand":[],"product_cat":[1494],"product_tag":[1495,1496],"class_list":{"0":"post-15902","1":"product","2":"type-product","3":"status-publish","4":"has-post-thumbnail","6":"product_cat-bucket-cylinders","7":"product_tag-bucket-cylinders","8":"product_tag-hydraulic-cylinders","10":"first","11":"instock","12":"shipping-taxable","13":"product-type-simple"},"amp_enabled":true,"_links":{"self":[{"href":"https:\/\/www.hydraulic-cylinders.net\/da\/wp-json\/wp\/v2\/product\/15902","targetHints":{"allow":["GET"]}}],"collection":[{"href":"https:\/\/www.hydraulic-cylinders.net\/da\/wp-json\/wp\/v2\/product"}],"about":[{"href":"https:\/\/www.hydraulic-cylinders.net\/da\/wp-json\/wp\/v2\/types\/product"}],"replies":[{"embeddable":true,"href":"https:\/\/www.hydraulic-cylinders.net\/da\/wp-json\/wp\/v2\/comments?post=15902"}],"wp:featuredmedia":[{"embeddable":true,"href":"https:\/\/www.hydraulic-cylinders.net\/da\/wp-json\/wp\/v2\/media\/14782"}],"wp:attachment":[{"href":"https:\/\/www.hydraulic-cylinders.net\/da\/wp-json\/wp\/v2\/media?parent=15902"}],"wp:term":[{"taxonomy":"product_brand","embeddable":true,"href":"https:\/\/www.hydraulic-cylinders.net\/da\/wp-json\/wp\/v2\/product_brand?post=15902"},{"taxonomy":"product_cat","embeddable":true,"href":"https:\/\/www.hydraulic-cylinders.net\/da\/wp-json\/wp\/v2\/product_cat?post=15902"},{"taxonomy":"product_tag","embeddable":true,"href":"https:\/\/www.hydraulic-cylinders.net\/da\/wp-json\/wp\/v2\/product_tag?post=15902"}],"curies":[{"name":"wp","href":"https:\/\/api.w.org\/{rel}","templated":true}]}}