{"id":15904,"date":"2025-01-19T15:08:40","date_gmt":"2025-01-19T15:08:40","guid":{"rendered":"https:\/\/www.hydraulic-cylinders.net\/product\/bucket-cylinder-for-volwa-cane-unloader-dls150-9a\/"},"modified":"2025-01-19T15:08:42","modified_gmt":"2025-01-19T15:08:42","slug":"bucket-cylinder-for-volwa-cane-unloader-dls150-9a","status":"publish","type":"product","link":"https:\/\/www.hydraulic-cylinders.net\/da\/vare\/bucket-cylinder-for-volwa-cane-unloader-dls150-9a\/","title":{"rendered":"Skovlcylinder til Volwa-sugerr\u00f8r DLS150-9A"},"content":{"rendered":"<h1>Skovlcylinder til Volwa-sugerr\u00f8r DLS150-9A<\/h1>\n<h2>Indledning<\/h2>\n<p>Skovlcylinderen til Volwa Cane Unloader DLS150-9A er en specialdesignet hydraulisk cylinder, der bruges til at styre skovlens bev\u00e6gelse i tunge maskiner s\u00e5som gravemaskiner, rendegravere og frontl\u00e6ssere. Dens hovedfunktion er at muligg\u00f8re l\u00f8ft, s\u00e6nkning og vipning af skovlen, hvilket g\u00f8r den velegnet til forskellige materialeh\u00e5ndteringsopgaver. I et hydraulisk system opn\u00e5r skovlcylinderen pr\u00e6cis kontrol over skovlen gennem \u00e6ndringer i hydraulikolietrykket, hvilket giver f\u00f8reren mulighed for effektivt at h\u00e5ndtere tunge l\u00e6s og tilpasse sig komplekse arbejdsmilj\u00f8er og forskellige driftsbehov.<\/p>\n<p><img decoding=\"async\" src=\"https:\/\/www.hydraulic-cylinders.net\/wp-content\/uploads\/2025\/01\/songte-company-2.webp\" alt=\"Billede af spandcylinder\"><\/p>\n<h2>Funktioner<\/h2>\n<ul>\n<li>H\u00f8j styrke og holdbarhed: Typisk fremstillet af h\u00f8jstyrkest\u00e5l eller aluminium, kan den modst\u00e5 h\u00f8jt tryk og tunge belastninger og tilpasse sig barske arbejdsmilj\u00f8er. Designet tager h\u00f8jde for slidstyrke og korrosionsbestandighed, hvilket forl\u00e6nger levetiden.<\/li>\n<li>Effektiv hydraulisk drift: Ved at udnytte hydraulikolietrykket opn\u00e5r den j\u00e6vne ud- og indtr\u00e6ksbev\u00e6gelser, hvilket muligg\u00f8r hurtig reaktion p\u00e5 styrekommandoer og giver kraftige skubbe- og tr\u00e6kkr\u00e6fter, der er velegnede til h\u00e5ndtering af tunge belastninger og komplekse driftsopgaver.<\/li>\n<li>Forskellige typer: Skovlcylinderen kan v\u00e6lges som enkeltvirkende (hydraulisk kraft anvendes kun i \u00e9n retning) eller dobbeltvirkende (hydraulisk kraft anvendes i begge retninger) baseret p\u00e5 specifikke driftskrav. Nogle modeller er teleskopiske, hvilket muligg\u00f8r st\u00f8rre udtr\u00e6k uden at \u00f8ge de udvendige dimensioner og er velegnede til applikationer med begr\u00e6nset plads.<\/li>\n<li>Perfekt udskiftning: Vores produkter kan perfekt erstatte disse hydrauliske cylindre.<\/li>\n<\/ul>\n<p><img decoding=\"async\" src=\"https:\/\/www.hydraulic-cylinders.net\/wp-content\/uploads\/2025\/01\/songte-cylinder-head-with-all-kinds-excavator-models.webp\" alt=\"Produktbillede\"><\/p>\n<h2>Applikationer<\/h2>\n<p>Skovlcylinderen finder anvendelse i forskellige entrepren\u00f8r- og landbrugsmaskiner:<\/p>\n<ul>\n<li>Entrepren\u00f8rudstyr: De findes i gravemaskiner og er afg\u00f8rende for udgravning, lastning og flytning af jord eller affald. I rendegravere hj\u00e6lper skovlcylinderen med b\u00e5de gravning og l\u00f8ft.<\/li>\n<li>Landbrugsmaskiner: Bruges i frontl\u00e6ssere til at udgrave, l\u00f8fte og transportere jord, h\u00f8 og andre materialer.<\/li>\n<li>Gravemaskiner: Skovlcylinderen muligg\u00f8r gravehandlinger ved at lade skovlen tr\u00e6nge ned i jorden.<\/li>\n<li>Frontl\u00e6ssere: Frontl\u00e6ssere hj\u00e6lper med at l\u00f8fte og losse last effektivt.<\/li>\n<\/ul>\n<h2>Designovervejelser og udv\u00e6lgelseskriterier<\/h2>\n<p>Ved design af skovlcylinderen tages der hensyn til flere faktorer, herunder b\u00e6reevne, t\u00e6tning, holdbarhed, sikkerhed og vedligeholdelsesvenlighed:<\/p>\n<p><img decoding=\"async\" src=\"https:\/\/www.hydraulic-cylinders.net\/wp-content\/uploads\/2025\/01\/songte-oil-pipes-and-spare-parts.webp\" alt=\"Produktdesignbillede\"><\/p>\n<h2>T\u00e6tning og sm\u00f8ring<\/h2>\n<p>Skovlcylinderen anvender forskellige t\u00e6tninger, s\u00e5som stempelt\u00e6tninger og stangt\u00e6tninger, lavet af slidst\u00e6rke materialer som polyurethan og nitrilgummi. Cylinderhuset og gevindenderne gennemg\u00e5r pr\u00e6cise behandlinger for at forbedre slidstyrken. Regelm\u00e6ssig sm\u00f8ring med den passende m\u00e6ngde hydraulikolie er p\u00e5kr\u00e6vet.<\/p>\n<h2>Regelm\u00e6ssig inspektion og forebyggende vedligeholdelse<\/h2>\n<p>Regelm\u00e6ssige inspektioner og forebyggende vedligeholdelse er afg\u00f8rende for skovlcylinderens levetid og optimale ydeevne. F\u00f8lgende foranstaltninger b\u00f8r tr\u00e6ffes:<\/p>\n<h2>Vejledning til korrekt produktinstallation<\/h2>\n<p>Korrekt installation af skovlcylinderen er afg\u00f8rende for dens funktionalitet og sikkerhed. F\u00f8lgende retningslinjer skal f\u00f8lges:<\/p>\n<p><img decoding=\"async\" src=\"https:\/\/www.hydraulic-cylinders.net\/wp-content\/uploads\/2025\/01\/songte-chushion-collar.webp\" alt=\"Produktinstallationsbillede\"><\/p>\n<h2>Vedligeholdelsesopgaver<\/h2>\n<p>Almindelige vedligeholdelsesopgaver omfatter regelm\u00e6ssige inspektioner, korrekt sm\u00f8ring, udskiftning af pakninger og kalibreringskontroller. Vigtigheden af \u200b\u200bkorrekt installation, sm\u00f8ring og justering b\u00f8r understreges. Der b\u00f8r gives vejledning i korrekt justering under installation, brug af passende installationsbeslag til fastg\u00f8relse af cylinderen, anbefalede inspektions-, reparations- og udskiftningsprocedurer samt tips til at forl\u00e6nge produktets levetid.<\/p>\n<p><img decoding=\"async\" src=\"https:\/\/www.hydraulic-cylinders.net\/wp-content\/uploads\/2025\/01\/songte-bushings-with-all-kinds-of-excavator-models.webp\" alt=\"Billede af vedligeholdelsestips\"><\/p>\n<h2>Sikkerhedshensyn og milj\u00f8faktorer<\/h2>\n<p>Vigtigheden af \u200b\u200bsikkerhedsforanstaltninger ved brug af skovlcylinderen b\u00f8r understreges, n\u00e5r man diskuterer brugen af \u200b\u200bn\u00f8gleord. Milj\u00f8faktorer b\u00f8r ogs\u00e5 tages i betragtning.<\/p>\n<h2>Fejlfinding og almindelige problemer<\/h2>\n<p>Almindelige problemer og fejlfindingstips b\u00f8r gives for at hj\u00e6lpe l\u00e6serne med effektivt at diagnosticere og l\u00f8se problemer. Forebyggende foranstaltninger for at minimere potentielle problemer b\u00f8r foresl\u00e5s.<\/p>\n<p><img decoding=\"async\" src=\"https:\/\/hzpt.com\/wp-content\/uploads\/2024\/11\/songte-company-1.webp\" alt=\"Billede af tips til fejlfinding\"><\/p>\n<h2>Om vores virksomhed<\/h2>\n<p>Vi er en f\u00f8rende producent og engrosdistribut\u00f8r af hydrauliske udskiftningscylindre p\u00e5 det indenlandske og internationale marked. Vores virksomhed tilbyder en bred vifte af produkter og f\u00f8lger en produktionsstyringsstrategi, der l\u00e6gger v\u00e6gt p\u00e5 fremragende kvalitet. Ved hj\u00e6lp af avanceret produktionsudstyr og professionelle testsystemer forbedrer vi l\u00f8bende vores produktionsplatform, sikrer produktkvalitet i produktionsruter og besidder st\u00e6rke innovative evner. Vores motto er at im\u00f8dekomme forskellige kunders behov med h\u00f8j effektivitet, pr\u00e6cision og kvalitet.<\/p>\n<p><img decoding=\"async\" src=\"https:\/\/www.hydraulic-cylinders.net\/wp-content\/uploads\/2025\/01\/songte-company-3.webp\" alt=\"Virksomhedens image\"><\/p>\n<p>Yderligere udvidelse af vores virksomhed:<\/p>\n<ul>\n<li>Ekspertise og internationale certificeringer<\/li>\n<li>Tilpasningstjenester<\/li>\n<li>Produktionsudstyr<\/li>\n<li>Eftersalgsservice<\/li>\n<\/ul>\n<p>Forfatter: lyl<\/p>","protected":false},"excerpt":{"rendered":"<p>Bucket Cylinder For Volwa Cane Unloader DLS150-9A Introduction The bucket cylinder for Volwa Cane Unloader DLS150-9A is a specially designed hydraulic cylinder used to control the movement of the bucket in heavy machinery such as excavators, backhoe loaders, and front-end loaders. Its main function is to enable the lifting, lowering, and tilting of the bucket, [&hellip;]<\/p>","protected":false},"featured_media":14778,"comment_status":"open","ping_status":"closed","template":"","meta":{"_et_pb_use_builder":"","_et_pb_old_content":"","_et_gb_content_width":""},"product_brand":[],"product_cat":[1494],"product_tag":[1495,1496],"class_list":{"0":"post-15904","1":"product","2":"type-product","3":"status-publish","4":"has-post-thumbnail","6":"product_cat-bucket-cylinders","7":"product_tag-bucket-cylinders","8":"product_tag-hydraulic-cylinders","10":"first","11":"instock","12":"shipping-taxable","13":"product-type-simple"},"amp_enabled":true,"_links":{"self":[{"href":"https:\/\/www.hydraulic-cylinders.net\/da\/wp-json\/wp\/v2\/product\/15904","targetHints":{"allow":["GET"]}}],"collection":[{"href":"https:\/\/www.hydraulic-cylinders.net\/da\/wp-json\/wp\/v2\/product"}],"about":[{"href":"https:\/\/www.hydraulic-cylinders.net\/da\/wp-json\/wp\/v2\/types\/product"}],"replies":[{"embeddable":true,"href":"https:\/\/www.hydraulic-cylinders.net\/da\/wp-json\/wp\/v2\/comments?post=15904"}],"wp:featuredmedia":[{"embeddable":true,"href":"https:\/\/www.hydraulic-cylinders.net\/da\/wp-json\/wp\/v2\/media\/14778"}],"wp:attachment":[{"href":"https:\/\/www.hydraulic-cylinders.net\/da\/wp-json\/wp\/v2\/media?parent=15904"}],"wp:term":[{"taxonomy":"product_brand","embeddable":true,"href":"https:\/\/www.hydraulic-cylinders.net\/da\/wp-json\/wp\/v2\/product_brand?post=15904"},{"taxonomy":"product_cat","embeddable":true,"href":"https:\/\/www.hydraulic-cylinders.net\/da\/wp-json\/wp\/v2\/product_cat?post=15904"},{"taxonomy":"product_tag","embeddable":true,"href":"https:\/\/www.hydraulic-cylinders.net\/da\/wp-json\/wp\/v2\/product_tag?post=15904"}],"curies":[{"name":"wp","href":"https:\/\/api.w.org\/{rel}","templated":true}]}}