{"id":15927,"date":"2025-01-19T15:10:37","date_gmt":"2025-01-19T15:10:37","guid":{"rendered":"https:\/\/www.hydraulic-cylinders.net\/product\/bucket-cylinder-for-bonny-ce1000-7\/"},"modified":"2025-01-19T15:10:39","modified_gmt":"2025-01-19T15:10:39","slug":"bucket-cylinder-for-bonny-ce1000-7","status":"publish","type":"product","link":"https:\/\/www.hydraulic-cylinders.net\/da\/vare\/bucket-cylinder-for-bonny-ce1000-7\/","title":{"rendered":"Skovlcylinder til Bonny CE1000-7"},"content":{"rendered":"<h2>Skovlcylinder til Bonny CE1000-7<\/h2>\n<p>En skovlcylinder er en specialdesignet hydraulisk cylinder, der prim\u00e6rt bruges til at styre skovlens bev\u00e6gelse i tunge maskiner s\u00e5som gravemaskiner, rendegravere og frontl\u00e6ssere. Dens hovedfunktion er at muligg\u00f8re l\u00f8ft, s\u00e6nkning og vipning af skovlen, hvilket g\u00f8r den praktisk til forskellige materialeh\u00e5ndteringsopgaver. I et hydraulisk system opn\u00e5r skovlcylinderen pr\u00e6cis kontrol over skovlen gennem \u00e6ndringer i hydraulikolietrykket, hvilket giver operat\u00f8rerne mulighed for at h\u00e5ndtere tunge l\u00e6s effektivt og tilpasse sig komplekse arbejdsmilj\u00f8er og forskellige jobkrav.<\/p>\n<p><img decoding=\"async\" src=\"https:\/\/www.hydraulic-cylinders.net\/wp-content\/uploads\/2025\/01\/songte-company-2.webp\" alt=\"Billede af spandcylinder\"><\/p>\n<h3>Funktioner ved spandcylinder til Bonny CE1000-7:<\/h3>\n<ol>\n<li>H\u00f8j styrke og holdbarhed: Normalt fremstillet af h\u00f8jstyrkest\u00e5l eller aluminium, i stand til at modst\u00e5 h\u00f8jt tryk og tunge belastninger, egnet til barske arbejdsmilj\u00f8er. Designet med hensyntagen til slidstyrke og korrosionsbestandighed for at forl\u00e6nge levetiden.<\/li>\n<li>Effektiv hydraulisk betjening: Udnytter hydraulikolietrykket til at opn\u00e5 en j\u00e6vn teleskopfunktion, reagerer hurtigt p\u00e5 styrekommandoer og leverer kraftige skubbe- og tr\u00e6kkr\u00e6fter, er velegnet til h\u00e5ndtering af tunge belastninger og komplekse opgaver.<\/li>\n<li>Forskellige typer: Man kan v\u00e6lge mellem enkeltvirkende (hydraulisk kun anvendt i \u00e9n retning) eller dobbeltvirkende (hydraulisk anvendt i begge retninger) cylindre baseret p\u00e5 krav for at opfylde forskellige driftsbehov. Nogle modeller er teleskopiske, hvilket muligg\u00f8r st\u00f8rre udtr\u00e6k uden at \u00f8ge de ydre dimensioner, velegnede til applikationer med begr\u00e6nset plads.<\/li>\n<li>Perfekt udskiftning: Vores produkt kan perfekt erstatte disse hydrauliske cylindre.<\/li>\n<\/ol>\n<p><img decoding=\"async\" src=\"https:\/\/www.hydraulic-cylinders.net\/wp-content\/uploads\/2025\/01\/songte-cylinder-head-with-all-kinds-excavator-models.webp\" alt=\"Produktbillede\"><\/p>\n<h3>Anvendelser af spandcylinder:<\/h3>\n<p>Skovlcylinderen finder anvendelse i forskellige typer udstyr:<\/p>\n<ul>\n<li>Entrepren\u00f8rudstyr: De findes i gravemaskiner og er afg\u00f8rende for at grave, l\u00e6sse og flytte jord eller affald. I rendegravere hj\u00e6lper skovlcylinderen med b\u00e5de udgravning og l\u00f8ft.<\/li>\n<li>Landbrugsmaskiner: Bruges i frontl\u00e6ssere til at udgrave, l\u00f8fte og transportere jord, h\u00f8 og andre materialer.<\/li>\n<li>Gravemaskiner: Skovlcylinderen muligg\u00f8r gravehandlinger ved at lade skovlen tr\u00e6nge ned i jorden.<\/li>\n<li>Frontl\u00e6ssere: Frontl\u00e6ssere hj\u00e6lper med effektiv l\u00f8ft og t\u00f8mning af varer.<\/li>\n<\/ul>\n<h3>Designovervejelser og udv\u00e6lgelseskriterier:<\/h3>\n<p>N\u00e5r det kommer til designovervejelser og udv\u00e6lgelseskriterier for spandcylinder, skal flere faktorer diskuteres:<\/p>\n<ul>\n<li>B\u00e6reevne: Cylinderen skal v\u00e6re konstrueret til at h\u00e5ndtere den maksimale forventede belastning uden at svigte.<\/li>\n<li>T\u00e6tning: Forskellige t\u00e6tninger, s\u00e5som stempelt\u00e6tninger og stangt\u00e6tninger, bruges til at sikre korrekt t\u00e6tning og forhindre l\u00e6kage af hydraulikv\u00e6ske.<\/li>\n<li>Holdbarhed: Cylinderen skal v\u00e6re bygget til at modst\u00e5 slitage ved regelm\u00e6ssig brug og barske driftsforhold.<\/li>\n<li>Sikkerhed: Designfunktioner b\u00f8r indarbejdes for at sikre sikker drift af cylinderen.<\/li>\n<li>Vedligeholdelsesvenlighed: Nem vedligeholdelse og reparation b\u00f8r overvejes i designfasen.<\/li>\n<\/ul>\n<p><img decoding=\"async\" src=\"https:\/\/www.hydraulic-cylinders.net\/wp-content\/uploads\/2025\/01\/songte-oil-pipes-and-spare-parts.webp\" alt=\"Produktdele Billede\"><\/p>\n<h3>T\u00e6tning og sm\u00f8ring af cylinderen:<\/h3>\n<p>Skovlcylinderen anvender forskellige t\u00e6tningskomponenter, s\u00e5som stempelt\u00e6tninger og stangt\u00e6tninger, som er lavet af slidst\u00e6rke materialer som polyurethan og nitrilgummi. Cylinderhuset og gevindenderne er fint behandlet for at forbedre slidstyrken. Regelm\u00e6ssig sm\u00f8ring med den passende m\u00e6ngde hydraulikolie er n\u00f8dvendig for at sikre problemfri drift.<\/p>\n<h3>Regelm\u00e6ssig inspektion og forebyggende vedligeholdelse:<\/h3>\n<p>For at sikre spandcylinderens levetid og optimale ydeevne er regelm\u00e6ssig inspektion og forebyggende vedligeholdelse afg\u00f8rende. F\u00f8lgende foranstaltninger b\u00f8r implementeres:<\/p>\n<ul>\n<li>Regelm\u00e6ssige inspektioner for at identificere tegn p\u00e5 slid, skader eller l\u00e6kage.<\/li>\n<li>Korrekt sm\u00f8ring for at forhindre overdreven friktion og sikre problemfri drift.<\/li>\n<li>Udskiftning af pakning, n\u00e5r der registreres tegn p\u00e5 slid eller l\u00e6kage.<\/li>\n<li>Kalibreringskontroller for at opretholde n\u00f8jagtig drift.<\/li>\n<\/ul>\n<p><img decoding=\"async\" src=\"https:\/\/www.hydraulic-cylinders.net\/wp-content\/uploads\/2025\/01\/songte-chushion-collar.webp\" alt=\"Vedligeholdelsesbillede\"><\/p>\n<h3>Sikkerhedshensyn og milj\u00f8faktorer:<\/h3>\n<p>N\u00e5r man arbejder med spandcylinderen, er det vigtigt at overholde sikkerhedsforanstaltninger for at forhindre ulykker og tage hensyn til milj\u00f8faktorer. Sikkerhedsforanstaltninger omfatter:<\/p>\n<ul>\n<li>Korrekt tr\u00e6ning og certificering af operat\u00f8rer.<\/li>\n<li>F\u00f8lg sikkerhedsretningslinjer og forholdsregler fra producenten.<\/li>\n<li>Brug af passende personlige v\u00e6rnemidler.<\/li>\n<li>Overholdelse af milj\u00f8regler og minimering af milj\u00f8p\u00e5virkning.<\/li>\n<\/ul>\n<h3>Fejldiagnose og almindelige problemer:<\/h3>\n<p>N\u00e5r der opst\u00e5r fejl eller problemer med skovlcylinderen, kan f\u00f8lgende almindelige problemer opst\u00e5:<\/p>\n<ul>\n<li>L\u00e6kage af hydraulisk v\u00e6ske.<\/li>\n<li>Tab af kraft eller utilstr\u00e6kkelig kraft.<\/li>\n<li>For meget st\u00f8j eller vibrationer.<\/li>\n<li>Langsom eller uresponsiv drift.<\/li>\n<\/ul>\n<p>For at fejlfinde og l\u00f8se disse problemer b\u00f8r der tr\u00e6ffes hurtige foranstaltninger, og forebyggende foranstaltninger b\u00f8r implementeres for at minimere potentielle problemer.<\/p>\n<p><img decoding=\"async\" src=\"https:\/\/www.hydraulic-cylinders.net\/wp-content\/uploads\/2025\/01\/songte-bushings-with-all-kinds-of-excavator-models.webp\" alt=\"Fejlbillede\"><\/p>\n<p>Husk at organisere artiklen logisk, bruge underoverskrifter for nem navigation, inkorporere relevante billeder eller diagrammer for forbedret forst\u00e5else, og s\u00f8rg for, at indholdet er klart, pr\u00e6cist og egnet til l\u00e6sere med varierende niveauer af teknisk viden.<\/p>\n<h2>Om vores virksomhed<\/h2>\n<p>Vores virksomhed er producent af hydrauliske udskiftningscylindre. Vi tilbyder en bred vifte af produkter og er blevet en af \u200b\u200bde f\u00f8rende producenter og engrosdistribut\u00f8rer af hydrauliske cylindre p\u00e5 b\u00e5de indenlandske og internationale markeder. Vi overholder principperne om fremragende kvalitet og s\u00e6tter vores lid til den industrielle produktionsstyringsstrategi fra raffinerede produktionsv\u00e6rksteder. Med vores tekniske ekspertise, avancerede produktionsudstyr og professionelle testsystemer forbedrer vi l\u00f8bende vores produktionsplatform og produktkvalitetsproduktionsruter. Vi har en st\u00e6rk innovationskapacitet og str\u00e6ber efter at im\u00f8dekomme forskellige kundebehov med h\u00f8j effektivitet, pr\u00e6cision og kvalitet.<\/p>\n<p><img decoding=\"async\" src=\"https:\/\/www.hydraulic-cylinders.net\/wp-content\/uploads\/2025\/01\/songte-company-3.webp\" alt=\"Virksomhedens image\"><\/p>\n<h3>Vores virksomheds h\u00f8jdepunkter:<\/h3>\n<ul>\n<li>Professionalisme og ekspertise<\/li>\n<li>Internationale certificeringer<\/li>\n<li>Tilpasningstjenester<\/li>\n<li>Avanceret produktionsudstyr<\/li>\n<li>Eftersalgsservice<\/li>\n<\/ul>\n<p>Forfatter: lyl<\/p>","protected":false},"excerpt":{"rendered":"<p>Bucket Cylinder For Bonny CE1000-7 Bucket Cylinder is a specially designed hydraulic cylinder that is primarily used to control the movement of the bucket in heavy machinery such as excavators, backhoe loaders, and front-end loaders. Its main function is to enable the lifting, lowering, and tilting of the bucket, making it convenient for various material [&hellip;]<\/p>","protected":false},"featured_media":14789,"comment_status":"open","ping_status":"closed","template":"","meta":{"_et_pb_use_builder":"","_et_pb_old_content":"","_et_gb_content_width":""},"product_brand":[],"product_cat":[1494],"product_tag":[1495,1496],"class_list":{"0":"post-15927","1":"product","2":"type-product","3":"status-publish","4":"has-post-thumbnail","6":"product_cat-bucket-cylinders","7":"product_tag-bucket-cylinders","8":"product_tag-hydraulic-cylinders","10":"first","11":"instock","12":"shipping-taxable","13":"product-type-simple"},"amp_enabled":true,"_links":{"self":[{"href":"https:\/\/www.hydraulic-cylinders.net\/da\/wp-json\/wp\/v2\/product\/15927","targetHints":{"allow":["GET"]}}],"collection":[{"href":"https:\/\/www.hydraulic-cylinders.net\/da\/wp-json\/wp\/v2\/product"}],"about":[{"href":"https:\/\/www.hydraulic-cylinders.net\/da\/wp-json\/wp\/v2\/types\/product"}],"replies":[{"embeddable":true,"href":"https:\/\/www.hydraulic-cylinders.net\/da\/wp-json\/wp\/v2\/comments?post=15927"}],"wp:featuredmedia":[{"embeddable":true,"href":"https:\/\/www.hydraulic-cylinders.net\/da\/wp-json\/wp\/v2\/media\/14789"}],"wp:attachment":[{"href":"https:\/\/www.hydraulic-cylinders.net\/da\/wp-json\/wp\/v2\/media?parent=15927"}],"wp:term":[{"taxonomy":"product_brand","embeddable":true,"href":"https:\/\/www.hydraulic-cylinders.net\/da\/wp-json\/wp\/v2\/product_brand?post=15927"},{"taxonomy":"product_cat","embeddable":true,"href":"https:\/\/www.hydraulic-cylinders.net\/da\/wp-json\/wp\/v2\/product_cat?post=15927"},{"taxonomy":"product_tag","embeddable":true,"href":"https:\/\/www.hydraulic-cylinders.net\/da\/wp-json\/wp\/v2\/product_tag?post=15927"}],"curies":[{"name":"wp","href":"https:\/\/api.w.org\/{rel}","templated":true}]}}