{"id":15937,"date":"2025-01-19T15:11:26","date_gmt":"2025-01-19T15:11:26","guid":{"rendered":"https:\/\/www.hydraulic-cylinders.net\/product\/bucket-cylinder-for-bonny-ctd460-6\/"},"modified":"2025-01-19T15:11:28","modified_gmt":"2025-01-19T15:11:28","slug":"bucket-cylinder-for-bonny-ctd460-6","status":"publish","type":"product","link":"https:\/\/www.hydraulic-cylinders.net\/da\/vare\/bucket-cylinder-for-bonny-ctd460-6\/","title":{"rendered":"Skovlcylinder til Bonny CTD460-6"},"content":{"rendered":"<h1>Skovlcylinder til Bonny CTD460-6<\/h1>\n<h2>Indledning<\/h2>\n<p>En skovlcylinder er en specialdesignet hydraulisk cylinder, der prim\u00e6rt bruges til at styre bev\u00e6gelsen af \u200b\u200bskovle i tunge maskiner s\u00e5som gravemaskiner, rendegravere og frontl\u00e6ssere. Dens hovedfunktion er at g\u00f8re det muligt for skovlen at l\u00f8fte, s\u00e6nke og vippe, hvilket g\u00f8r det lettere at h\u00e5ndtere forskellige materialer.<\/p>\n<p><img decoding=\"async\" src=\"https:\/\/www.hydraulic-cylinders.net\/wp-content\/uploads\/2025\/01\/songte-company-2.webp\"><\/p>\n<h3>Definition og forklaring<\/h3>\n<p>I et hydraulisk system bruger en skovlcylinder \u00e6ndringer i hydraulikolietrykket til at opn\u00e5 pr\u00e6cis kontrol over skovlen, hvilket g\u00f8r det muligt for f\u00f8reren effektivt at h\u00e5ndtere tunge l\u00e6s og tilpasse sig komplekse arbejdsmilj\u00f8er og forskellige jobkrav.<\/p>\n<h2>Funktioner<\/h2>\n<ul>\n<li>\n<h3>H\u00f8j styrke og holdbarhed<\/h3>\n<\/li>\n<p>Skovlcylindre er typisk lavet af h\u00f8jstyrkest\u00e5l eller aluminium og kan modst\u00e5 h\u00f8jt tryk og tunge belastninger, hvilket g\u00f8r dem velegnede til barske arbejdsmilj\u00f8er. Designet tager h\u00f8jde for slidstyrke og korrosionsbestandighed, hvilket forl\u00e6nger levetiden.<\/p>\n<li>\n<h3>Effektiv hydraulisk drift<\/h3>\n<\/li>\n<p>Skovlcylindre bruger trykket fra hydraulikolien til at opn\u00e5 j\u00e6vn forl\u00e6ngelse og sammentr\u00e6kning, hvilket giver st\u00e6rke skubbe- og tr\u00e6kkr\u00e6fter og reagerer hurtigt p\u00e5 driftskommandoer. De er velegnede til h\u00e5ndtering af tunge belastninger og komplekse arbejdsopgaver.<\/p>\n<li>\n<h3>Forskellige typer<\/h3>\n<\/li>\n<p>Skovlcylindre kan v\u00e6lges efter behov, herunder enkeltvirkende (hydraulisk anvendt i kun \u00e9n retning) eller dobbeltvirkende (hydraulisk anvendt i to retninger) cylindre for at opfylde forskellige driftskrav. Nogle modeller er teleskopiske, hvilket giver mulighed for st\u00f8rre udtr\u00e6k uden at \u00f8ge de udvendige dimensioner, hvilket g\u00f8r dem velegnede til applikationer med begr\u00e6nset plads.<\/p>\n<li>\n<h3>Perfekt erstatning<\/h3>\n<\/li>\n<p>Vores produkter kan perfekt erstatte disse hydrauliske cylindre.<\/p>\n<\/ul>\n<p><img decoding=\"async\" src=\"https:\/\/www.hydraulic-cylinders.net\/wp-content\/uploads\/2025\/01\/songte-cylinder-head-with-all-kinds-excavator-models.webp\"><\/p>\n<h2>Applikationer<\/h2>\n<ul>\n<li>\n<h3>Entrepren\u00f8rudstyr<\/h3>\n<\/li>\n<p>I gravemaskiner er skovlcylindre afg\u00f8rende for udgravning, l\u00e6sning og flytning af jord eller affald. I rendegravere hj\u00e6lper skovlcylindre med b\u00e5de udgravning og l\u00f8ft. Skovlcylindre bruges til frontl\u00e6ssere til at udgrave, l\u00f8fte og transportere jord, h\u00f8 og andre materialer.<\/p>\n<li>\n<h3>Gravemaskiner<\/h3>\n<\/li>\n<p>Skovlcylindere i gravemaskiner tillader skovlen at tr\u00e6nge ned i jorden under udgravning.<\/p>\n<li>\n<h3>L\u00e6ssere<\/h3>\n<\/li>\n<p>Skovlcylindere i frontl\u00e6ssere hj\u00e6lper med at l\u00f8fte og t\u00f8mme gods effektivt.<\/p>\n<\/ul>\n<h2>Designovervejelser og udv\u00e6lgelseskriterier<\/h2>\n<p>Skovlcylindre er underlagt forskellige designhensyn og udv\u00e6lgelseskriterier. Disse omfatter:<\/p>\n<ul>\n<li>\n<h3>B\u00e6reevne<\/h3>\n<\/li>\n<p>B\u00e6reevne er en vigtig faktor i design af spandcylindere. En cylinder skal kunne modst\u00e5 de belastninger, den vil blive udsat for under drift.<\/p>\n<li>\n<h3>Forsegling<\/h3>\n<\/li>\n<p>Forskellige t\u00e6tningskomponenter, herunder stempelt\u00e6tninger og stangt\u00e6tninger, bruges til at forhindre v\u00e6skel\u00e6kage fra cylinderen. T\u00e6tninger er typisk lavet af slidst\u00e6rke materialer s\u00e5som polyurethan og nitrilgummi.<\/p>\n<li>\n<h3>Holdbarhed<\/h3>\n<\/li>\n<p>Skovlcylindre skal v\u00e6re holdbare nok til at modst\u00e5 de barske forhold i driftsmilj\u00f8et. Cylinderhuset og gevindfladerne skal forfines for at forbedre slidstyrken.<\/p>\n<li>\n<h3>Sikkerhed<\/h3>\n<\/li>\n<p>Sikkerhed er en prim\u00e6r bekymring, n\u00e5r man arbejder med hydrauliske systemer. Korrekt installation og vedligeholdelse kan hj\u00e6lpe med at forhindre ulykker.<\/p>\n<li>\n<h3>Opretholdelse<\/h3>\n<\/li>\n<p>Korrekt vedligeholdelse er afg\u00f8rende for at sikre spandcylindrenes levetid og sikkerhed. Rutinem\u00e6ssige vedligeholdelsesopgaver omfatter inspektion og udskiftning af pakninger, kontrol for l\u00e6kager og kalibrering af cylinderen.<\/p>\n<\/ul>\n<p><img decoding=\"async\" src=\"https:\/\/www.hydraulic-cylinders.net\/wp-content\/uploads\/2025\/01\/songte-oil-pipes-and-spare-parts.webp\"><\/p>\n<h2>T\u00e6tning og sm\u00f8ring<\/h2>\n<p>Skovlcylindre bruger en r\u00e6kke forskellige t\u00e6tningskomponenter, herunder stempelt\u00e6tninger og stangt\u00e6tninger, for at forhindre v\u00e6skel\u00e6kage. T\u00e6tninger er typisk lavet af slidst\u00e6rke materialer s\u00e5som polyurethan og nitrilgummi. Cylinderhuset og gevindsk\u00e5rne endeflader er raffineret for at forbedre slidstyrken. Regelm\u00e6ssig tils\u00e6tning af den rigtige m\u00e6ngde hydraulikolie er afg\u00f8rende for at holde skovlcylindrene smurt og i drift problemfrit.<\/p>\n<h2>Inspektion og forebyggende vedligeholdelsesforanstaltninger<\/h2>\n<p>Rutinem\u00e6ssig inspektion og forebyggende vedligeholdelse kan bidrage til at sikre, at skovlcylindre fungerer effektivt og sikkert. Vedligeholdelsesopgaver omfatter:<\/p>\n<ul>\n<li>\n<h3>Korrekt installation<\/h3>\n<\/li>\n<p>Korrekt installation er n\u00f8glen til at sikre, at skovlcylindre fungerer sikkert og effektivt. Korrekt justering af cylinderen, brug af korrekte monteringsbeslag til at fastg\u00f8re cylinderen og overholdelse af anbefalede inspektions-, reparations- og udskiftningsprocedurer kan forl\u00e6nge cylinderens levetid.<\/p>\n<li>\n<h3>Sm\u00f8ring<\/h3>\n<\/li>\n<p>Regelm\u00e6ssig sm\u00f8ring er afg\u00f8rende for at skovlcylindrene fungerer problemfrit. Tils\u00e6tning af den rigtige m\u00e6ngde hydraulikolie med de anbefalede intervaller hj\u00e6lper med at holde pakningerne smurte og reducerer friktion.<\/p>\n<li>\n<h3>Udskiftning af pakning og kalibreringskontrol<\/h3>\n<\/li>\n<p>Regelm\u00e6ssig inspektion og udskiftning af slidte pakninger kan hj\u00e6lpe med at forhindre v\u00e6skel\u00e6kager. Kalibreringskontroller sikrer, at cylinderens ydeevne opfylder de angivne standarder.<\/p>\n<\/ul>\n<p><img decoding=\"async\" src=\"https:\/\/www.hydraulic-cylinders.net\/wp-content\/uploads\/2025\/01\/songte-chushion-collar.webp\"><\/p>\n<h2>Sikkerhedshensyn og milj\u00f8faktorer<\/h2>\n<p>Skovlcylindre arbejder under h\u00f8jt tryk, s\u00e5 passende sikkerhedsforanstaltninger er afg\u00f8rende. Arbejdere b\u00f8r b\u00e6re passende personlige v\u00e6rnemidler og f\u00f8lge de anbefalede sikkerhedsretningslinjer, n\u00e5r de arbejder med hydrauliske systemer. Milj\u00f8hensyn omfatter korrekt bortskaffelse af hydraulikv\u00e6ske og andre farlige materialer.<\/p>\n<h2>Fejlfinding og almindelige problemer<\/h2>\n<p>Almindelige problemer med skovlcylinderen omfatter v\u00e6skel\u00e6kager, utilstr\u00e6kkelig drift og forkert justering. Fejlfindingstips omfatter kontrol for l\u00e6kager, kontrol af pakninger for slid og kontrol af korrekt justering. Forebyggende foranstaltninger omfatter korrekt installation, regelm\u00e6ssig inspektion og vedligeholdelse.<\/p>\n<p><img decoding=\"async\" src=\"https:\/\/www.hydraulic-cylinders.net\/wp-content\/uploads\/2025\/01\/songte-bushings-with-all-kinds-of-excavator-models.webp\"><\/p>\n<h2>Om vores virksomhed<\/h2>\n<p>Vi er en producent af udskiftninger til hydrauliske cylindre med et komplet produktsortiment og er blevet en af \u200b\u200bde f\u00f8rende producenter og engrosdistribut\u00f8rer af hydrauliske cylindre p\u00e5 det indenlandske og internationale marked. Vi f\u00f8lger princippet om fremragende kvalitet og bruger industrialiserede produktionsstyringsstrategier i raffinerede produktionsv\u00e6rksteder. Vi forbedrer l\u00f8bende vores produktionsplatforme ved hj\u00e6lp af teknologisk talent, digitalt avanceret produktionsudstyr og professionelle testsystemer, hvilket g\u00f8r os i stand til at producere produkter af h\u00f8j kvalitet med h\u00f8j effektivitet, h\u00f8j pr\u00e6cision og h\u00f8j kvalitet for at im\u00f8dekomme kundernes forskellige behov.<\/p>\n<ul>\n<li>\n<h3>Professionalitet<\/h3>\n<\/li>\n<p>Vi har et team af erfarne fagfolk, der er dedikeret til at levere de bedste l\u00f8sninger til vores kunders behov.<\/p>\n<li>\n<h3>International certificering<\/h3>\n<\/li>\n<p>Vores produkter er certificeret til at opfylde internationale standarder for kvalitet og sikkerhed.<\/p>\n<li>\n<h3>Tilpasningstjenester<\/h3>\n<\/li>\n<p>Vi tilbyder skr\u00e6ddersyede hydrauliske cylinderl\u00f8sninger, der er skr\u00e6ddersyet til vores kunders unikke behov.<\/p>\n<li>\n<h3>Produktionsudstyr<\/h3>\n<\/li>\n<p>Vi bruger avanceret produktionsudstyr til at producere hydrauliske cylindre af h\u00f8j kvalitet.<\/p>\n<li>\n<h3>Eftersalgsservice<\/h3>\n<\/li>\n<p>Vi tilbyder eftersalgssupport til alle vores kunder gennem hele vores produkters livscyklus.<\/p>\n<\/ul>\n<p><img decoding=\"async\" src=\"https:\/\/hzpt.com\/wp-content\/uploads\/2024\/11\/songte-company-1.webp\"><\/p>\n<p>Forfatter: lyl<\/p>","protected":false},"excerpt":{"rendered":"<p>Bucket Cylinder For Bonny CTD460-6 Introduction A bucket cylinder is a specially designed hydraulic cylinder used primarily to control the movement of buckets in heavy machinery such as excavators, backhoes, and front loaders. Its main function is to enable the bucket to lift, lower, and tilt, making it easier to handle various materials. Definition and [&hellip;]<\/p>","protected":false},"featured_media":14771,"comment_status":"open","ping_status":"closed","template":"","meta":{"_et_pb_use_builder":"","_et_pb_old_content":"","_et_gb_content_width":""},"product_brand":[],"product_cat":[1494],"product_tag":[1495,1496],"class_list":{"0":"post-15937","1":"product","2":"type-product","3":"status-publish","4":"has-post-thumbnail","6":"product_cat-bucket-cylinders","7":"product_tag-bucket-cylinders","8":"product_tag-hydraulic-cylinders","10":"first","11":"instock","12":"shipping-taxable","13":"product-type-simple"},"amp_enabled":true,"_links":{"self":[{"href":"https:\/\/www.hydraulic-cylinders.net\/da\/wp-json\/wp\/v2\/product\/15937","targetHints":{"allow":["GET"]}}],"collection":[{"href":"https:\/\/www.hydraulic-cylinders.net\/da\/wp-json\/wp\/v2\/product"}],"about":[{"href":"https:\/\/www.hydraulic-cylinders.net\/da\/wp-json\/wp\/v2\/types\/product"}],"replies":[{"embeddable":true,"href":"https:\/\/www.hydraulic-cylinders.net\/da\/wp-json\/wp\/v2\/comments?post=15937"}],"wp:featuredmedia":[{"embeddable":true,"href":"https:\/\/www.hydraulic-cylinders.net\/da\/wp-json\/wp\/v2\/media\/14771"}],"wp:attachment":[{"href":"https:\/\/www.hydraulic-cylinders.net\/da\/wp-json\/wp\/v2\/media?parent=15937"}],"wp:term":[{"taxonomy":"product_brand","embeddable":true,"href":"https:\/\/www.hydraulic-cylinders.net\/da\/wp-json\/wp\/v2\/product_brand?post=15937"},{"taxonomy":"product_cat","embeddable":true,"href":"https:\/\/www.hydraulic-cylinders.net\/da\/wp-json\/wp\/v2\/product_cat?post=15937"},{"taxonomy":"product_tag","embeddable":true,"href":"https:\/\/www.hydraulic-cylinders.net\/da\/wp-json\/wp\/v2\/product_tag?post=15937"}],"curies":[{"name":"wp","href":"https:\/\/api.w.org\/{rel}","templated":true}]}}