{"id":15944,"date":"2025-01-19T15:11:55","date_gmt":"2025-01-19T15:11:55","guid":{"rendered":"https:\/\/www.hydraulic-cylinders.net\/product\/bucket-cylinder-for-nhig-bf6m2012c\/"},"modified":"2025-01-19T15:11:59","modified_gmt":"2025-01-19T15:11:59","slug":"bucket-cylinder-for-nhig-bf6m2012c","status":"publish","type":"product","link":"https:\/\/www.hydraulic-cylinders.net\/da\/vare\/bucket-cylinder-for-nhig-bf6m2012c\/","title":{"rendered":"Skovlcylinder til NHIG BF6m2012C"},"content":{"rendered":"<h1>Skovlcylinder til NHIG BF6m2012C<\/h1>\n<h2>Indledning<\/h2>\n<p>Skovlcylinderen, ogs\u00e5 kendt som den hydrauliske cylinder, er en specialdesignet hydraulisk aktuator, der prim\u00e6rt bruges til at styre skovlens bev\u00e6gelse i tunge maskiner s\u00e5som gravemaskiner, rendegravere og frontl\u00e6ssere. Dens hovedfunktion er at g\u00f8re det muligt for skovlen at l\u00f8fte, s\u00e6nke og vippe, hvilket letter forskellige materialeh\u00e5ndteringsopgaver. I det hydrauliske system opn\u00e5r skovlcylinderen pr\u00e6cis kontrol over skovlen ved at variere trykket i hydraulikolien, hvilket g\u00f8r det muligt for operat\u00f8rer effektivt at h\u00e5ndtere tunge belastninger og tilpasse sig komplekse arbejdsmilj\u00f8er og forskellige driftskrav.<\/p>\n<p><img decoding=\"async\" src=\"https:\/\/www.hydraulic-cylinders.net\/wp-content\/uploads\/2025\/01\/songte-company-2.webp\"\/><\/p>\n<h2>Funktioner<\/h2>\n<ul>\n<li>H\u00f8j styrke og holdbarhed: Typisk lavet af h\u00f8jstyrkest\u00e5l eller aluminium, kan den modst\u00e5 h\u00f8jt tryk og tunge belastninger, tilpasse sig barske arbejdsmilj\u00f8er, og dens design tager h\u00f8jde for slidstyrke og korrosionsbestandighed, hvilket forl\u00e6nger dens levetid.<\/li>\n<li>Effektiv hydraulisk betjening: J\u00e6vn ud- og indtr\u00e6ksfunktion opn\u00e5s ved at udnytte hydraulikolietrykket, hvilket muligg\u00f8r hurtig reaktion p\u00e5 styrekommandoer og giver en kraftig skubbe- og tr\u00e6kkraft, der er egnet til h\u00e5ndtering af tunge belastninger og komplekse driftsopgaver.<\/li>\n<li>Forskellige typer: Enkeltvirkende (hydraulisk i kun \u00e9n retning) eller dobbeltvirkende (hydraulisk i to retninger) cylindre kan v\u00e6lges i henhold til driftskravene, og nogle modeller er teleskopiske, hvilket giver mulighed for st\u00f8rre udtr\u00e6k uden at \u00f8ge de ydre dimensioner, og er velegnede til applikationer med begr\u00e6nset plads.<\/li>\n<li>Udskiftelig: Vores produkt kan perfekt erstatte disse hydrauliske cylindre.<\/li>\n<\/ul>\n<p><img decoding=\"async\" src=\"https:\/\/www.hydraulic-cylinders.net\/wp-content\/uploads\/2025\/01\/songte-cylinder-head-with-all-kinds-excavator-models.webp\"\/><\/p>\n<h2>Applikationer<\/h2>\n<p>Skovlcylinderen bruges i vid udstr\u00e6kning inden for forskellige omr\u00e5der, s\u00e5som:<\/p>\n<ul>\n<li>Entrepren\u00f8rudstyr: Entrepren\u00f8rudstyr som gravemaskiner er afh\u00e6ngige af dem til at grave, l\u00e6sse og flytte jord eller affald, og i rendegravere hj\u00e6lper skovlcylinderen b\u00e5de med at grave og l\u00f8fte.<\/li>\n<li>Landbrugsmaskiner: Bruges i frontl\u00e6ssere til at udgrave, l\u00f8fte og transportere jord, h\u00f8 og andre materialer, og i gravemaskiner muligg\u00f8r skovlcylinderen gravning ved at lade skovlen tr\u00e6nge ned i jorden.<\/li>\n<li>L\u00e6ssere: I frontl\u00e6ssere hj\u00e6lper de med at l\u00f8fte og losse gods effektivt.<\/li>\n<\/ul>\n<p>Nedenfor er de detaljerede anvendelser af spandcylinderen:<\/p>\n<ul>\n<li>Entrepren\u00f8rudstyr: Skovlcylinderen er afg\u00f8rende for gravemaskiner til at grave, l\u00e6sse og flytte jord eller affald. I rendegravere hj\u00e6lper skovlcylinderen b\u00e5de med gravning og l\u00f8ft. Skovlcylinderen spiller ogs\u00e5 en vigtig rolle i bulldozere, minil\u00e6ssere og andet entrepren\u00f8rudstyr.<\/li>\n<li>Landbrugsmaskiner: Skovlcylindre er afg\u00f8rende for frontl\u00e6ssere til opgravning, l\u00f8ft og transport af jord, h\u00f8 og andre materialer. De spiller ogs\u00e5 en vigtig rolle i landbrugstraktorer og andet landbrugsudstyr.<\/li>\n<li>L\u00e6ssemaskiner: Skovlcylinderen er afg\u00f8rende for, at frontl\u00e6ssere kan l\u00f8fte og losse gods effektivt. De bruges ogs\u00e5 i andre l\u00e6ssemaskiner, s\u00e5som minil\u00e6ssere og kompakte hjull\u00e6ssere.<\/li>\n<\/ul>\n<h2>Designovervejelser og udv\u00e6lgelseskriterier<\/h2>\n<p>Ved design af skovlcylindre tages der h\u00f8jde for flere faktorer, herunder:<\/p>\n<ul>\n<li>B\u00e6reevne: Skovlcylinderen skal kunne modst\u00e5 den belastning, den vil blive udsat for, inklusive dynamiske belastninger.<\/li>\n<li>T\u00e6tning: Skovlcylinderen skal kunne opretholde en t\u00e6t forsegling for at forhindre l\u00e6kage af hydraulikolie.<\/li>\n<li>Holdbarhed: Skovlcylinderen skal v\u00e6re konstrueret til at modst\u00e5 slid og korrosion i barske driftsmilj\u00f8er.<\/li>\n<li>Sikkerhed: Skovlcylinderen skal v\u00e6re konstrueret til at minimere risikoen for ulykker og skader for operat\u00f8rer og andet personale, der arbejder i n\u00e6rheden.<\/li>\n<li>Vedligeholdelse: Skovlcylinderen skal v\u00e6re konstrueret til nem vedligeholdelse og reparation, herunder udskiftning af slidte eller beskadigede komponenter.<\/li>\n<\/ul>\n<p><img decoding=\"async\" src=\"https:\/\/www.hydraulic-cylinders.net\/wp-content\/uploads\/2025\/01\/songte-oil-pipes-and-spare-parts.webp\"\/><\/p>\n<h2>T\u00e6tning og sm\u00f8ring<\/h2>\n<p>Forskellige t\u00e6tningskomponenter anvendes i skovlcylindre, herunder stempelt\u00e6tninger, stangt\u00e6tninger osv. T\u00e6tningerne er lavet af slidst\u00e6rke materialer som polyurethan og nitrilgummi. Cylinderhuset og gevindenden er fint forarbejdet for at forbedre slidstyrken. Regelm\u00e6ssig sm\u00f8ring er ogs\u00e5 n\u00f8dvendig for at sikre problemfri drift og forl\u00e6nge levetiden.<\/p>\n<h2>Vedligeholdelse og reparation<\/h2>\n<p>For at sikre at skovlcylinderen fungerer effektivt, er regelm\u00e6ssig vedligeholdelse n\u00f8dvendig. Typiske vedligeholdelsesopgaver omfatter:<\/p>\n<ul>\n<li>Regelm\u00e6ssige inspektioner: Inspicer den hydrauliske cylinder for slid, skader eller l\u00e6kager.<\/li>\n<li>Sm\u00f8ring: Sm\u00f8r cylinderen for at sikre problemfri drift.<\/li>\n<li>Udskiftning af pakninger: Udskift slidte eller beskadigede pakninger for at forhindre l\u00e6kage af hydraulikv\u00e6ske.<\/li>\n<li>Kalibreringstjek: Kontroller cylinderens kalibrering for at sikre, at den fungerer inden for acceptable gr\u00e6nser.<\/li>\n<\/ul>\n<p>Korrekt installation er ogs\u00e5 afg\u00f8rende for skovlcylinderens ydeevne og levetid. Det anbefales at justere cylinderen korrekt og bruge passende monteringsbeslag til at fastg\u00f8re den. Anbefalede inspektions-, reparations- og udskiftningsprocedurer er tilg\u00e6ngelige for at forl\u00e6nge skovlcylinderens levetid.<\/p>\n<p><img decoding=\"async\" src=\"https:\/\/www.hydraulic-cylinders.net\/wp-content\/uploads\/2025\/01\/songte-chushion-collar.webp\"\/><\/p>\n<h2>Sikkerhedshensyn og milj\u00f8faktorer<\/h2>\n<p>Der skal tr\u00e6ffes sikkerhedsforanstaltninger ved betjening af skovlcylinderen. Operat\u00f8ren skal v\u00e6re opl\u00e6rt i sikker brug af udstyret og skal b\u00e6re passende personlige v\u00e6rnemidler. Milj\u00f8faktorer som temperatur og luftfugtighed skal ogs\u00e5 tages i betragtning.<\/p>\n<h2>Fejlfinding og almindelige problemer<\/h2>\n<p>Almindelige problemer med skovlcylinderen omfatter l\u00e6kager, utilstr\u00e6kkelig effekt og unormal st\u00f8j. Korrekt diagnose og probleml\u00f8sningsstrategier kan hj\u00e6lpe med at reducere nedetid og reparationsomkostninger. Regelm\u00e6ssig vedligeholdelse kan ogs\u00e5 hj\u00e6lpe med at undg\u00e5 problemer, f\u00f8r de opst\u00e5r.<\/p>\n<p><img decoding=\"async\" src=\"https:\/\/www.hydraulic-cylinders.net\/wp-content\/uploads\/2025\/01\/songte-bushings-with-all-kinds-of-excavator-models.webp\"\/><\/p>\n<h2>Om vores virksomhed<\/h2>\n<p>Vi er en producent af hydrauliske udskiftningscylindre. Vores virksomhed producerer et komplet sortiment af produkter og er blevet en af \u200b\u200bde f\u00f8rende producenter og engrosdistribut\u00f8rer af hydrauliske cylindre p\u00e5 det indenlandske og internationale marked. Vi overholder princippet om fremragende kvalitet, bygger p\u00e5 den industrialiserede produktionsstyringsstrategi fra fine produktionsv\u00e6rksteder, forbedrer l\u00f8bende v\u00e6rkstedets produktionsplatform, perfektionerer produktionslinjens produktkvalitet og besidder st\u00e6rke kreative evner for at im\u00f8dekomme kundernes forskellige behov med produkter af h\u00f8j effektivitet, h\u00f8j pr\u00e6cision og h\u00f8j kvalitet. <\/p>\n<p>Vores virksomhed tilbyder professionelle, internationalt certificerede, tilpassede tjenester, avanceret produktionsudstyr og eftersalgsservice mv. <\/p>\n<p><img decoding=\"async\" src=\"https:\/\/hzpt.com\/wp-content\/uploads\/2024\/11\/songte-company-1.webp\"\/> <\/p>\n<p>Forfatter: lyl<\/p>","protected":false},"excerpt":{"rendered":"<p>Bucket Cylinder For NHIG BF6m2012C Introduction The bucket cylinder, also known as the hydraulic cylinder, is a specially designed hydraulic actuator that is primarily used to control the movement of the bucket in heavy machinery such as excavators, backhoe loaders, and front-end loaders. Its main function is to enable the bucket to lift, lower, and [&hellip;]<\/p>","protected":false},"featured_media":14787,"comment_status":"open","ping_status":"closed","template":"","meta":{"_et_pb_use_builder":"","_et_pb_old_content":"","_et_gb_content_width":""},"product_brand":[],"product_cat":[1494],"product_tag":[1495,1496],"class_list":{"0":"post-15944","1":"product","2":"type-product","3":"status-publish","4":"has-post-thumbnail","6":"product_cat-bucket-cylinders","7":"product_tag-bucket-cylinders","8":"product_tag-hydraulic-cylinders","10":"first","11":"instock","12":"shipping-taxable","13":"product-type-simple"},"amp_enabled":true,"_links":{"self":[{"href":"https:\/\/www.hydraulic-cylinders.net\/da\/wp-json\/wp\/v2\/product\/15944","targetHints":{"allow":["GET"]}}],"collection":[{"href":"https:\/\/www.hydraulic-cylinders.net\/da\/wp-json\/wp\/v2\/product"}],"about":[{"href":"https:\/\/www.hydraulic-cylinders.net\/da\/wp-json\/wp\/v2\/types\/product"}],"replies":[{"embeddable":true,"href":"https:\/\/www.hydraulic-cylinders.net\/da\/wp-json\/wp\/v2\/comments?post=15944"}],"wp:featuredmedia":[{"embeddable":true,"href":"https:\/\/www.hydraulic-cylinders.net\/da\/wp-json\/wp\/v2\/media\/14787"}],"wp:attachment":[{"href":"https:\/\/www.hydraulic-cylinders.net\/da\/wp-json\/wp\/v2\/media?parent=15944"}],"wp:term":[{"taxonomy":"product_brand","embeddable":true,"href":"https:\/\/www.hydraulic-cylinders.net\/da\/wp-json\/wp\/v2\/product_brand?post=15944"},{"taxonomy":"product_cat","embeddable":true,"href":"https:\/\/www.hydraulic-cylinders.net\/da\/wp-json\/wp\/v2\/product_cat?post=15944"},{"taxonomy":"product_tag","embeddable":true,"href":"https:\/\/www.hydraulic-cylinders.net\/da\/wp-json\/wp\/v2\/product_tag?post=15944"}],"curies":[{"name":"wp","href":"https:\/\/api.w.org\/{rel}","templated":true}]}}