{"id":15948,"date":"2025-01-19T15:12:19","date_gmt":"2025-01-19T15:12:19","guid":{"rendered":"https:\/\/www.hydraulic-cylinders.net\/product\/bucket-cylinder-for-bada-wysbd500c-s\/"},"modified":"2025-01-19T15:12:21","modified_gmt":"2025-01-19T15:12:21","slug":"bucket-cylinder-for-bada-wysbd500c-s","status":"publish","type":"product","link":"https:\/\/www.hydraulic-cylinders.net\/da\/vare\/bucket-cylinder-for-bada-wysbd500c-s\/","title":{"rendered":"Skovlcylinder til Bada WYSBD500C-S"},"content":{"rendered":"<p><!DOCTYPE html><br \/>\n<html><br \/>\n<head><br \/>\n<title>Skovlcylinder til Bada WYSBD500C-S<\/title><br \/>\n<\/head><br \/>\n<body><\/p>\n<h1>Skovlcylinder til Bada WYSBD500C-S<\/h1>\n<h2>Indledning<\/h2>\n<p>Skovlcylinderen er en specialdesignet hydraulisk cylinder, der bruges til at styre skovlens bev\u00e6gelse i tunge maskiner s\u00e5som gravemaskiner, rendegravere og frontl\u00e6ssere. Dens hovedfunktion er at muligg\u00f8re l\u00f8ft, s\u00e6nkning og vipning af skovlen, hvilket letter forskellige materialeh\u00e5ndteringsopgaver. I et hydraulisk system opn\u00e5r skovlcylinderen pr\u00e6cis kontrol over skovlen ved at variere trykket i hydraulikolien, hvilket giver operat\u00f8rerne mulighed for effektivt at h\u00e5ndtere tunge belastninger og tilpasse sig komplekse arbejdsmilj\u00f8er og forskellige jobkrav.<\/p>\n<p><img decoding=\"async\" src=\"https:\/\/www.hydraulic-cylinders.net\/wp-content\/uploads\/2025\/01\/songte-company-2.webp\" alt=\"Billede af spandcylinder\"><\/p>\n<h2>Funktioner<\/h2>\n<ul>\n<li><strong>H\u00f8j styrke og holdbarhed:<\/strong> Skovlcylinderen, der typisk er lavet af h\u00f8jstyrkest\u00e5l eller aluminium, kan modst\u00e5 h\u00f8jt tryk og tunge belastninger og tilpasse sig barske arbejdsmilj\u00f8er. Dens design tager h\u00f8jde for slidstyrke og korrosionsbestandighed, hvilket forl\u00e6nger dens levetid.<\/li>\n<li><strong>Effektiv hydraulisk drift:<\/strong> Ved at udnytte trykket fra hydraulikolien opn\u00e5r skovlcylinderen j\u00e6vne ud- og indtr\u00e6ksbev\u00e6gelser, i stand til hurtigt at reagere p\u00e5 styrekommandoer og levere kraftige skubbe- og tr\u00e6kkr\u00e6fter, der er velegnede til h\u00e5ndtering af tunge belastninger og komplekse arbejdsopgaver.<\/li>\n<li><strong>Alsidige typer:<\/strong> Skovlcylinderen kan v\u00e6lges som enkeltvirkende (hydraulisk kraft kun p\u00e5f\u00f8rt i \u00e9n retning) eller dobbeltvirkende (hydraulisk kraft p\u00e5f\u00f8rt i begge retninger) baseret p\u00e5 specifikke driftsbehov. Nogle modeller er teleskopiske, hvilket muligg\u00f8r st\u00f8rre udtr\u00e6k uden at \u00f8ge de udvendige dimensioner og er velegnede til applikationer med begr\u00e6nset plads.<\/li>\n<li><strong>Perfekt erstatning:<\/strong> Vores produkter kan perfekt erstatte disse hydrauliske cylindre. <\/li>\n<\/ul>\n<p><img decoding=\"async\" src=\"https:\/\/www.hydraulic-cylinders.net\/wp-content\/uploads\/2025\/01\/songte-cylinder-head-with-all-kinds-excavator-models.webp\" alt=\"Produktbillede\"><\/p>\n<h2>Applikationer<\/h2>\n<ul>\n<li><strong>Entrepren\u00f8rudstyr:<\/strong> Skovlcylindre er afg\u00f8rende i gravemaskiner til gravning, lastning og flytning af jord eller affald. I rendegravere hj\u00e6lper skovlcylinderen med b\u00e5de gravning og l\u00f8ft.<\/li>\n<li><strong>Landbrugsmaskiner:<\/strong> Anvendes i frontl\u00e6ssere til at opgrave, l\u00f8fte og transportere jord, h\u00f8 og andre materialer.<\/li>\n<li><strong>Gravemaskiner:<\/strong> Skovlcylinderen muligg\u00f8r gravehandlinger ved at lade skovlen tr\u00e6nge ned i jorden.<\/li>\n<li><strong>L\u00e6ssere:<\/strong> I frontl\u00e6ssere hj\u00e6lper de med effektiv l\u00f8ft og t\u00f8mning af gods.<\/li>\n<\/ul>\n<h2>Designovervejelser og udv\u00e6lgelseskriterier<\/h2>\n<ul>\n<li><strong>B\u00e6reevne:<\/strong> Skovlcylinderen skal v\u00e6re konstrueret til at opfylde den kr\u00e6vede b\u00e6reevne, hvilket sikrer sikker og effektiv drift.<\/li>\n<li><strong>Forsegling:<\/strong> Tilstr\u00e6kkelig t\u00e6tning er afg\u00f8rende for at forhindre oliel\u00e6kage og sikre cylinderens levetid. Der anvendes stempel- og stangt\u00e6tninger af h\u00f8j kvalitet, fremstillet af slidst\u00e6rke materialer som polyurethan og nitrilgummi.<\/li>\n<li><strong>Holdbarhed:<\/strong> Cylinderhuset og gevindenderne gennemg\u00e5r en omhyggelig overfladebehandling for at forbedre slidstyrken.<\/li>\n<li><strong>Sikkerhed:<\/strong> Sikkerhedsfunktioner s\u00e5som trykaflastningsventiler og lastholdeventiler b\u00f8r indbygges for at forhindre ulykker og sikre operat\u00f8rens sikkerhed.<\/li>\n<li><strong>Opretholdelse:<\/strong> Cylinderens design skal muligg\u00f8re nem vedligeholdelse og reparation, med tilg\u00e6ngelige komponenter og klare instruktioner.<\/li>\n<\/ul>\n<p><img decoding=\"async\" src=\"https:\/\/www.hydraulic-cylinders.net\/wp-content\/uploads\/2025\/01\/songte-oil-pipes-and-spare-parts.webp\" alt=\"Produktbillede\"><\/p>\n<h2>T\u00e6tning og sm\u00f8ring<\/h2>\n<p>Skovlcylinderen anvender forskellige t\u00e6tningskomponenter s\u00e5som stempelt\u00e6tninger og stangt\u00e6tninger. Disse t\u00e6tninger er lavet af slidst\u00e6rke materialer som polyurethan og nitrilgummi. Cylinderhuset og gevindenderne er fint behandlet for at forbedre slidstyrken. Regelm\u00e6ssig sm\u00f8ring med en passende m\u00e6ngde hydraulikolie er n\u00f8dvendig for at sikre problemfri drift og forl\u00e6nge cylinderens levetid.<\/p>\n<h2>Vedligeholdelses- og forebyggende foranstaltninger<\/h2>\n<ul>\n<li>Inspicer regelm\u00e6ssigt cylinderen for tegn p\u00e5 slid, skader eller l\u00e6kage.<\/li>\n<li>Korrekt sm\u00f8ring af cylinderen og dens bev\u00e6gelige dele er afg\u00f8rende for at opretholde optimal ydeevne.<\/li>\n<li>Udskift pakninger og andre slidte komponenter efter behov.<\/li>\n<li>Udf\u00f8r kalibreringskontroller for at sikre n\u00f8jagtig drift.<\/li>\n<\/ul>\n<p><img decoding=\"async\" src=\"https:\/\/www.hydraulic-cylinders.net\/wp-content\/uploads\/2025\/01\/songte-chushion-collar.webp\" alt=\"Produktbillede\"><\/p>\n<h2>Sikkerhedshensyn og milj\u00f8faktorer<\/h2>\n<p>N\u00e5r man bruger skovlcylinderen, er det afg\u00f8rende at f\u00f8lge sikkerhedsforanstaltninger for at forhindre ulykker og sikre operat\u00f8rernes velbefindende. Korrekt tr\u00e6ning, overholdelse af sikkerhedsretningslinjer og passende brug af personlige v\u00e6rnemidler er afg\u00f8rende. Derudover b\u00f8r milj\u00f8faktorer som temperatur, fugtighed og \u00e6tsende stoffer tages i betragtning ved valg af egnede materialer og t\u00e6tningsl\u00f8sninger.<\/p>\n<h2>Fejlfinding og almindelige problemer<\/h2>\n<p>Her er nogle almindelige tips til fejlfinding og l\u00f8sninger:<\/p>\n<ul>\n<li>Hvis cylinderen ikke kan forl\u00e6nges eller tr\u00e6kkes tilbage, skal du kontrollere for l\u00e6kager af hydraulikv\u00e6ske og sikre, at v\u00e6skeniveauet er korrekt.<\/li>\n<li>Hvis cylinderen k\u00f8rer langsomt eller uj\u00e6vnt, skal du kontrollere for tilstoppede filtre, utilstr\u00e6kkeligt hydraulisk tryk eller beskadigede pakninger.<\/li>\n<li>Hvis cylinderen afgiver unormale lyde, skal den kontrolleres for l\u00f8se forbindelser, slidte komponenter eller forkert justering.<\/li>\n<\/ul>\n<p><img decoding=\"async\" src=\"https:\/\/www.hydraulic-cylinders.net\/wp-content\/uploads\/2025\/01\/songte-bushings-with-all-kinds-of-excavator-models.webp\" alt=\"Produktbillede\"><\/p>\n<p>Forebyggende foranstaltninger kan hj\u00e6lpe med at minimere potentielle problemer:<\/p>\n<ul>\n<li>Inspicer og vedligehold cylinderen regelm\u00e6ssigt for at identificere og l\u00f8se problemer, f\u00f8r de eskalerer.<\/li>\n<li>F\u00f8lg korrekte installations-, sm\u00f8rings- og justeringsprocedurer for at sikre optimal ydeevne.<\/li>\n<li>Giv vejledning i korrekt justering af cylinderen under installationen.<\/li>\n<li>Det anbefales at bruge passende monteringsbeslag til at fastg\u00f8re cylinderen.<\/li>\n<li>R\u00e5dgiv om anbefalede inspektions-, reparations- og udskiftningsprocedurer for at forl\u00e6nge skovlcylinderens levetid.<\/li>\n<\/ul>\n<h2>Om vores virksomhed<\/h2>\n<p>Vi er en producent af hydrauliske udskiftningscylindre og tilbyder en bred vifte af produkter. Vi er blevet en af \u200b\u200bde f\u00f8rende producenter og engrosdistribut\u00f8rer af hydrauliske cylindre p\u00e5 b\u00e5de indenlandske og internationale markeder. Vores virksomhed f\u00f8lger en strategi for industrialiseret produktionsstyring baseret p\u00e5 fremragende kvalitet, hvor vi bruger talentfulde fagfolk, avanceret produktionsudstyr og professionelle testsystemer. Vi forbedrer l\u00f8bende vores produktionsplatform og produktionsruter af h\u00f8j kvalitet og giver kunderne effektive, pr\u00e6cise og h\u00f8jkvalitetsl\u00f8sninger, der opfylder forskellige behov.<\/p>\n<p><img decoding=\"async\" src=\"https:\/\/www.hydraulic-cylinders.net\/wp-content\/uploads\/2025\/01\/songte-company-3.webp\" alt=\"Virksomhedens image\"><\/p>\n<h3>N\u00f8glepunkter:<\/h3>\n<ul>\n<li>Professionalitet<\/li>\n<li>Internationale certificeringer<\/li>\n<li>Tilpasningstjenester<\/li>\n<li>Produktionsudstyr<\/li>\n<li>Eftersalgsservice<\/li>\n<\/ul>\n<p>Forfatter: lyl<\/p>\n<p><img decoding=\"async\" src=\"https:\/\/hzpt.com\/wp-content\/uploads\/2024\/11\/songte-company-1.webp\" alt=\"Virksomhedens image\"><\/p>\n<p><\/body><br \/>\n<\/html><\/p>","protected":false},"excerpt":{"rendered":"<p>Bucket Cylinder For Bada WYSBD500C-S Bucket Cylinder For Bada WYSBD500C-S Introduction The bucket cylinder is a specially designed hydraulic cylinder used to control the motion of the bucket in heavy machinery such as excavators, backhoe loaders, and front-end loaders. Its main function is to enable the lifting, lowering, and tilting of the bucket, facilitating various [&hellip;]<\/p>","protected":false},"featured_media":14780,"comment_status":"open","ping_status":"closed","template":"","meta":{"_et_pb_use_builder":"","_et_pb_old_content":"","_et_gb_content_width":""},"product_brand":[],"product_cat":[1494],"product_tag":[1495,1496],"class_list":{"0":"post-15948","1":"product","2":"type-product","3":"status-publish","4":"has-post-thumbnail","6":"product_cat-bucket-cylinders","7":"product_tag-bucket-cylinders","8":"product_tag-hydraulic-cylinders","10":"first","11":"instock","12":"shipping-taxable","13":"product-type-simple"},"amp_enabled":true,"_links":{"self":[{"href":"https:\/\/www.hydraulic-cylinders.net\/da\/wp-json\/wp\/v2\/product\/15948","targetHints":{"allow":["GET"]}}],"collection":[{"href":"https:\/\/www.hydraulic-cylinders.net\/da\/wp-json\/wp\/v2\/product"}],"about":[{"href":"https:\/\/www.hydraulic-cylinders.net\/da\/wp-json\/wp\/v2\/types\/product"}],"replies":[{"embeddable":true,"href":"https:\/\/www.hydraulic-cylinders.net\/da\/wp-json\/wp\/v2\/comments?post=15948"}],"wp:featuredmedia":[{"embeddable":true,"href":"https:\/\/www.hydraulic-cylinders.net\/da\/wp-json\/wp\/v2\/media\/14780"}],"wp:attachment":[{"href":"https:\/\/www.hydraulic-cylinders.net\/da\/wp-json\/wp\/v2\/media?parent=15948"}],"wp:term":[{"taxonomy":"product_brand","embeddable":true,"href":"https:\/\/www.hydraulic-cylinders.net\/da\/wp-json\/wp\/v2\/product_brand?post=15948"},{"taxonomy":"product_cat","embeddable":true,"href":"https:\/\/www.hydraulic-cylinders.net\/da\/wp-json\/wp\/v2\/product_cat?post=15948"},{"taxonomy":"product_tag","embeddable":true,"href":"https:\/\/www.hydraulic-cylinders.net\/da\/wp-json\/wp\/v2\/product_tag?post=15948"}],"curies":[{"name":"wp","href":"https:\/\/api.w.org\/{rel}","templated":true}]}}